{"id":4517,"date":"2020-12-01T17:16:37","date_gmt":"2020-12-01T16:16:37","guid":{"rendered":"https:\/\/findcargps.com\/producto\/subscricao-findcar\/"},"modified":"2025-12-29T14:16:35","modified_gmt":"2025-12-29T13:16:35","slug":"assinatura","status":"publish","type":"product","link":"https:\/\/findcargps.com\/pt-pt\/produto\/assinatura\/","title":{"rendered":"subscri\u00e7\u00e3o findCar"},"content":{"rendered":"","protected":false},"excerpt":{"rendered":"<p>Subscri\u00e7\u00e3o dos servi\u00e7os de localiza\u00e7\u00e3o findCar (1 dispositivo)<\/p>\n<ul class=\"elementskit-pricing-lists\">\n<li class=\"elementor-repeater-item-c974d3f\">  Localiza\u00e7\u00e3o GPS<\/li>\n<li class=\"elementor-repeater-item-bf19d48\"><i class=\"icon icon-tick\" aria-hidden=\"true\"><\/i>  Actualiza a cada 10 segundos<\/li>\n<li class=\"elementor-repeater-item-8f45c0a\"><i class=\"icon icon-tick\" aria-hidden=\"true\"><\/i>  Cobertura global<\/li>\n<li class=\"elementor-repeater-item-398b39d\"><i class=\"icon icon-tick\" aria-hidden=\"true\"><\/i>  Hist\u00f3rico de localiza\u00e7\u00e3o do ano passado<\/li>\n<li class=\"elementor-repeater-item-20eb3f2\"><i class=\"icon icon-tick\" aria-hidden=\"true\"><\/i>  Suporte b\u00e1sico ao cliente<\/li>\n<li class=\"elementor-repeater-item-4ab261e\"><i class=\"icon icon-tick\" aria-hidden=\"true\"><\/i>  Conversa com o servi\u00e7o de apoio ao cliente WhatsApp<\/li>\n<\/ul>\n","protected":false},"featured_media":99231,"template":"","meta":{"_elementor_edit_mode":"","_elementor_template_type":"product-post","_elementor_data":"[{\"id\":\"b7499f7\",\"elType\":\"section\",\"settings\":[],\"elements\":[{\"id\":\"574e794\",\"elType\":\"column\",\"settings\":{\"_column_size\":100,\"_inline_size\":null},\"elements\":[{\"id\":\"7bda60e\",\"elType\":\"widget\",\"settings\":{\"element\":\"product_page\",\"product_id\":\"11\"},\"elements\":[],\"widgetType\":\"wc-elements\"}],\"isInner\":false}],\"isInner\":false}]","_elementor_page_settings":[],"_elementor_conditions":[]},"product_brand":[101],"product_cat":[63],"product_tag":[],"class_list":{"0":"post-4517","1":"product","2":"type-product","3":"status-publish","4":"has-post-thumbnail","6":"product_brand-findcar","7":"product_cat-assinaturas","9":"first","10":"instock","11":"taxable","12":"shipping-taxable","13":"purchasable","14":"product-type-variable-subscription"},"bundled_by":[],"bundle_stock_status":"instock","bundle_stock_quantity":null,"bundle_virtual":false,"bundle_layout":"","bundle_add_to_cart_form_location":"","bundle_editable_in_cart":false,"bundle_sold_individually_context":"","bundle_item_grouping":"","bundle_min_size":"","bundle_max_size":"","bundle_price":[],"bundled_items":[],"bundle_sell_ids":[],"exclude_global_add_ons":true,"addons":[{"name":"dispositivo GPS seguro","type":"multiple_choice","position":0,"required":false,"title_format":"label","description_enable":true,"description":"inclui, opcionalmente, a substitui\u00e7\u00e3o do teu aparelho de forma ilimitada","placeholder_enable":false,"placeholder":null,"display":"select","restrictions_type":"any_text","adjust_price":false,"price":"","price_type":"flat_fee","restrictions":false,"min":0,"max":0,"options":[{"label":"garante a substitui\u00e7\u00e3o ilimitada do dispositivo GPS","price":"15","price_type":"percentage_based","image":0}],"id":1736791729}],"yoast_head":"<!-- This site is optimized with the Yoast SEO plugin v27.4 - https:\/\/yoast.com\/product\/yoast-seo-wordpress\/ -->\n<title>subscri\u00e7\u00e3o findCar - findCarGPS.com<\/title>\n<meta name=\"robots\" content=\"index, follow, max-snippet:-1, max-image-preview:large, max-video-preview:-1\" \/>\n<link rel=\"canonical\" href=\"https:\/\/findcargps.com\/pt-pt\/produto\/assinatura\/\" \/>\n<meta property=\"og:locale\" content=\"pt_PT\" \/>\n<meta property=\"og:type\" content=\"article\" \/>\n<meta property=\"og:title\" content=\"subscri\u00e7\u00e3o findCar - findCarGPS.com\" \/>\n<meta property=\"og:description\" content=\"Subscri\u00e7\u00e3o dos servi\u00e7os de localiza\u00e7\u00e3o findCar (1 dispositivo)   Localiza\u00e7\u00e3o GPS   Actualiza a cada 10 segundos   Cobertura global   Hist\u00f3rico de localiza\u00e7\u00e3o do ano passado   Suporte b\u00e1sico ao cliente   Conversa com o servi\u00e7o de apoio ao cliente WhatsApp\" \/>\n<meta property=\"og:url\" content=\"https:\/\/findcargps.com\/pt-pt\/produto\/assinatura\/\" \/>\n<meta property=\"og:site_name\" content=\"findCarGPS.com\" \/>\n<meta property=\"article:modified_time\" content=\"2025-12-29T13:16:35+00:00\" \/>\n<meta property=\"og:image\" content=\"http:\/\/findcargps.com\/wp-content\/uploads\/sites\/4\/2023\/02\/FindCar-OBD4G-08es.png\" \/>\n\t<meta property=\"og:image:width\" content=\"1080\" \/>\n\t<meta property=\"og:image:height\" content=\"1080\" \/>\n\t<meta property=\"og:image:type\" content=\"image\/png\" \/>\n<meta name=\"twitter:card\" content=\"summary_large_image\" \/>\n<meta name=\"twitter:label1\" content=\"Tempo estimado de leitura\" \/>\n\t<meta name=\"twitter:data1\" content=\"1 minuto\" \/>\n<script type=\"application\/ld+json\" class=\"yoast-schema-graph\">{\"@context\":\"https:\\\/\\\/schema.org\",\"@graph\":[{\"@type\":\"WebPage\",\"@id\":\"https:\\\/\\\/findcargps.com\\\/pt-pt\\\/produto\\\/assinatura\\\/\",\"url\":\"https:\\\/\\\/findcargps.com\\\/pt-pt\\\/produto\\\/assinatura\\\/\",\"name\":\"subscri\u00e7\u00e3o findCar - findCarGPS.com\",\"isPartOf\":{\"@id\":\"https:\\\/\\\/findcargps.com\\\/pt-pt\\\/#website\"},\"primaryImageOfPage\":{\"@id\":\"https:\\\/\\\/findcargps.com\\\/pt-pt\\\/produto\\\/assinatura\\\/#primaryimage\"},\"image\":{\"@id\":\"https:\\\/\\\/findcargps.com\\\/pt-pt\\\/produto\\\/assinatura\\\/#primaryimage\"},\"thumbnailUrl\":\"https:\\\/\\\/findcargps.com\\\/wp-content\\\/uploads\\\/sites\\\/4\\\/2023\\\/02\\\/FindCar-OBD4G-08es.png\",\"datePublished\":\"2020-12-01T16:16:37+00:00\",\"dateModified\":\"2025-12-29T13:16:35+00:00\",\"breadcrumb\":{\"@id\":\"https:\\\/\\\/findcargps.com\\\/pt-pt\\\/produto\\\/assinatura\\\/#breadcrumb\"},\"inLanguage\":\"pt-PT\",\"potentialAction\":[{\"@type\":\"ReadAction\",\"target\":[\"https:\\\/\\\/findcargps.com\\\/pt-pt\\\/produto\\\/assinatura\\\/\"]}]},{\"@type\":\"ImageObject\",\"inLanguage\":\"pt-PT\",\"@id\":\"https:\\\/\\\/findcargps.com\\\/pt-pt\\\/produto\\\/assinatura\\\/#primaryimage\",\"url\":\"https:\\\/\\\/findcargps.com\\\/wp-content\\\/uploads\\\/sites\\\/4\\\/2023\\\/02\\\/FindCar-OBD4G-08es.png\",\"contentUrl\":\"https:\\\/\\\/findcargps.com\\\/wp-content\\\/uploads\\\/sites\\\/4\\\/2023\\\/02\\\/FindCar-OBD4G-08es.png\",\"width\":1080,\"height\":1080},{\"@type\":\"BreadcrumbList\",\"@id\":\"https:\\\/\\\/findcargps.com\\\/pt-pt\\\/produto\\\/assinatura\\\/#breadcrumb\",\"itemListElement\":[{\"@type\":\"ListItem\",\"position\":1,\"name\":\"Portada\",\"item\":\"https:\\\/\\\/findcargps.com\\\/pt-pt\\\/\"},{\"@type\":\"ListItem\",\"position\":2,\"name\":\"Loja\",\"item\":\"https:\\\/\\\/findcargps.com\\\/pt-pt\\\/loja\\\/\"},{\"@type\":\"ListItem\",\"position\":3,\"name\":\"subscri\u00e7\u00e3o findCar\"}]},{\"@type\":\"WebSite\",\"@id\":\"https:\\\/\\\/findcargps.com\\\/pt-pt\\\/#website\",\"url\":\"https:\\\/\\\/findcargps.com\\\/pt-pt\\\/\",\"name\":\"findCarGPS.com\",\"description\":\"Localizadores GPS para coches\",\"publisher\":{\"@id\":\"https:\\\/\\\/findcargps.com\\\/pt-pt\\\/#organization\"},\"potentialAction\":[{\"@type\":\"SearchAction\",\"target\":{\"@type\":\"EntryPoint\",\"urlTemplate\":\"https:\\\/\\\/findcargps.com\\\/pt-pt\\\/?s={search_term_string}\"},\"query-input\":{\"@type\":\"PropertyValueSpecification\",\"valueRequired\":true,\"valueName\":\"search_term_string\"}}],\"inLanguage\":\"pt-PT\"},{\"@type\":\"Organization\",\"@id\":\"https:\\\/\\\/findcargps.com\\\/pt-pt\\\/#organization\",\"name\":\"findCarGPS\",\"url\":\"https:\\\/\\\/findcargps.com\\\/pt-pt\\\/\",\"logo\":{\"@type\":\"ImageObject\",\"inLanguage\":\"pt-PT\",\"@id\":\"https:\\\/\\\/findcargps.com\\\/pt-pt\\\/#\\\/schema\\\/logo\\\/image\\\/\",\"url\":\"https:\\\/\\\/findcargps.com\\\/wp-content\\\/uploads\\\/sites\\\/4\\\/2020\\\/12\\\/2.png\",\"contentUrl\":\"https:\\\/\\\/findcargps.com\\\/wp-content\\\/uploads\\\/sites\\\/4\\\/2020\\\/12\\\/2.png\",\"width\":2000,\"height\":1995,\"caption\":\"findCarGPS\"},\"image\":{\"@id\":\"https:\\\/\\\/findcargps.com\\\/pt-pt\\\/#\\\/schema\\\/logo\\\/image\\\/\"}}]}<\/script>\n<!-- \/ Yoast SEO plugin. -->","yoast_head_json":{"title":"subscri\u00e7\u00e3o findCar - findCarGPS.com","robots":{"index":"index","follow":"follow","max-snippet":"max-snippet:-1","max-image-preview":"max-image-preview:large","max-video-preview":"max-video-preview:-1"},"canonical":"https:\/\/findcargps.com\/pt-pt\/produto\/assinatura\/","og_locale":"pt_PT","og_type":"article","og_title":"subscri\u00e7\u00e3o findCar - findCarGPS.com","og_description":"Subscri\u00e7\u00e3o dos servi\u00e7os de localiza\u00e7\u00e3o findCar (1 dispositivo)   Localiza\u00e7\u00e3o GPS   Actualiza a cada 10 segundos   Cobertura global   Hist\u00f3rico de localiza\u00e7\u00e3o do ano passado   Suporte b\u00e1sico ao cliente   Conversa com o servi\u00e7o de apoio ao cliente WhatsApp","og_url":"https:\/\/findcargps.com\/pt-pt\/produto\/assinatura\/","og_site_name":"findCarGPS.com","article_modified_time":"2025-12-29T13:16:35+00:00","og_image":[{"width":1080,"height":1080,"url":"http:\/\/findcargps.com\/wp-content\/uploads\/sites\/4\/2023\/02\/FindCar-OBD4G-08es.png","type":"image\/png"}],"twitter_card":"summary_large_image","twitter_misc":{"Tempo estimado de leitura":"1 minuto"},"schema":{"@context":"https:\/\/schema.org","@graph":[{"@type":"WebPage","@id":"https:\/\/findcargps.com\/pt-pt\/produto\/assinatura\/","url":"https:\/\/findcargps.com\/pt-pt\/produto\/assinatura\/","name":"subscri\u00e7\u00e3o findCar - findCarGPS.com","isPartOf":{"@id":"https:\/\/findcargps.com\/pt-pt\/#website"},"primaryImageOfPage":{"@id":"https:\/\/findcargps.com\/pt-pt\/produto\/assinatura\/#primaryimage"},"image":{"@id":"https:\/\/findcargps.com\/pt-pt\/produto\/assinatura\/#primaryimage"},"thumbnailUrl":"https:\/\/findcargps.com\/wp-content\/uploads\/sites\/4\/2023\/02\/FindCar-OBD4G-08es.png","datePublished":"2020-12-01T16:16:37+00:00","dateModified":"2025-12-29T13:16:35+00:00","breadcrumb":{"@id":"https:\/\/findcargps.com\/pt-pt\/produto\/assinatura\/#breadcrumb"},"inLanguage":"pt-PT","potentialAction":[{"@type":"ReadAction","target":["https:\/\/findcargps.com\/pt-pt\/produto\/assinatura\/"]}]},{"@type":"ImageObject","inLanguage":"pt-PT","@id":"https:\/\/findcargps.com\/pt-pt\/produto\/assinatura\/#primaryimage","url":"https:\/\/findcargps.com\/wp-content\/uploads\/sites\/4\/2023\/02\/FindCar-OBD4G-08es.png","contentUrl":"https:\/\/findcargps.com\/wp-content\/uploads\/sites\/4\/2023\/02\/FindCar-OBD4G-08es.png","width":1080,"height":1080},{"@type":"BreadcrumbList","@id":"https:\/\/findcargps.com\/pt-pt\/produto\/assinatura\/#breadcrumb","itemListElement":[{"@type":"ListItem","position":1,"name":"Portada","item":"https:\/\/findcargps.com\/pt-pt\/"},{"@type":"ListItem","position":2,"name":"Loja","item":"https:\/\/findcargps.com\/pt-pt\/loja\/"},{"@type":"ListItem","position":3,"name":"subscri\u00e7\u00e3o findCar"}]},{"@type":"WebSite","@id":"https:\/\/findcargps.com\/pt-pt\/#website","url":"https:\/\/findcargps.com\/pt-pt\/","name":"findCarGPS.com","description":"Localizadores GPS para coches","publisher":{"@id":"https:\/\/findcargps.com\/pt-pt\/#organization"},"potentialAction":[{"@type":"SearchAction","target":{"@type":"EntryPoint","urlTemplate":"https:\/\/findcargps.com\/pt-pt\/?s={search_term_string}"},"query-input":{"@type":"PropertyValueSpecification","valueRequired":true,"valueName":"search_term_string"}}],"inLanguage":"pt-PT"},{"@type":"Organization","@id":"https:\/\/findcargps.com\/pt-pt\/#organization","name":"findCarGPS","url":"https:\/\/findcargps.com\/pt-pt\/","logo":{"@type":"ImageObject","inLanguage":"pt-PT","@id":"https:\/\/findcargps.com\/pt-pt\/#\/schema\/logo\/image\/","url":"https:\/\/findcargps.com\/wp-content\/uploads\/sites\/4\/2020\/12\/2.png","contentUrl":"https:\/\/findcargps.com\/wp-content\/uploads\/sites\/4\/2020\/12\/2.png","width":2000,"height":1995,"caption":"findCarGPS"},"image":{"@id":"https:\/\/findcargps.com\/pt-pt\/#\/schema\/logo\/image\/"}}]}},"_links":{"self":[{"href":"https:\/\/findcargps.com\/pt-pt\/wp-json\/wp\/v2\/product\/4517","targetHints":{"allow":["GET"]}}],"collection":[{"href":"https:\/\/findcargps.com\/pt-pt\/wp-json\/wp\/v2\/product"}],"about":[{"href":"https:\/\/findcargps.com\/pt-pt\/wp-json\/wp\/v2\/types\/product"}],"version-history":[{"count":3,"href":"https:\/\/findcargps.com\/pt-pt\/wp-json\/wp\/v2\/product\/4517\/revisions"}],"predecessor-version":[{"id":99655,"href":"https:\/\/findcargps.com\/pt-pt\/wp-json\/wp\/v2\/product\/4517\/revisions\/99655"}],"wp:featuredmedia":[{"embeddable":true,"href":"https:\/\/findcargps.com\/pt-pt\/wp-json\/wp\/v2\/media\/99231"}],"wp:attachment":[{"href":"https:\/\/findcargps.com\/pt-pt\/wp-json\/wp\/v2\/media?parent=4517"}],"wp:term":[{"taxonomy":"product_brand","embeddable":true,"href":"https:\/\/findcargps.com\/pt-pt\/wp-json\/wp\/v2\/product_brand?post=4517"},{"taxonomy":"product_cat","embeddable":true,"href":"https:\/\/findcargps.com\/pt-pt\/wp-json\/wp\/v2\/product_cat?post=4517"},{"taxonomy":"product_tag","embeddable":true,"href":"https:\/\/findcargps.com\/pt-pt\/wp-json\/wp\/v2\/product_tag?post=4517"}],"curies":[{"name":"wp","href":"https:\/\/api.w.org\/{rel}","templated":true}]}}