{"id":4434,"date":"2020-12-09T20:53:02","date_gmt":"2020-12-09T19:53:02","guid":{"rendered":"https:\/\/findcargps.com\/ativar-o-seu-gps-findcar\/"},"modified":"2022-08-21T01:46:05","modified_gmt":"2022-08-20T23:46:05","slug":"ativar-old","status":"publish","type":"page","link":"https:\/\/findcargps.com\/pt-pt\/ativar-old\/","title":{"rendered":"Ativar o seu GPS FindCar"},"content":{"rendered":"&#13;\n<p>Ol\u00e1. Se chegou a esta p\u00e1gina \u00e9 porque comprou um dispositivo GPS para encontrar carros, recebeu-o corretamente e ir\u00e1 ativ\u00e1-lo.<\/p>&#13;\n&#13;\n<p>Nenhuma subscri\u00e7\u00e3o deve ser contratada se n\u00e3o tiver o dispositivo \u00e0 sua frente, uma vez que \u00e9 essencial atribuir a subscri\u00e7\u00e3o ao dispositivo recebido utilizando o ID na parte de tr\u00e1s do dispositivo.<\/p>&#13;\n\r\n<div class=\"wp-block-spacer\" style=\"height: 60px;\" aria-hidden=\"true\">\u00a0<\/div>\r\n<p>[go_pricing id=&#8221;suscripciones_es&#8221;]<\/p>\n\r\n<div class=\"wp-block-spacer\" style=\"height: 40px;\" aria-hidden=\"true\">\u00a0<\/div>\r\n<hr class=\"wp-block-separator\" \/>&#13;\n<h3 class=\"wp-block-heading\">Preciso de uma assinatura para o meu GPS FindCar?<\/h3>&#13;\n&#13;\n<p>Os localizadores de GPS findCar usam as redes m\u00f3veis do seu pa\u00eds para enviar a localiza\u00e7\u00e3o gps do seu ve\u00edculo para os servidores do FinCart, da\u00ed o seu smartphone ou telefone web. Existe, portanto, um custo para a transmiss\u00e3o de dados pelas empresas de telem\u00f3veis do seu pa\u00eds. Dessa forma, o seu ve\u00edculo estar\u00e1 sempre localizado com cobertura mundial.<\/p>&#13;\n<hr class=\"wp-block-separator\" \/>&#13;\n<h3 class=\"wp-block-heading\">Como \u00e9 que funciona?<\/h3>&#13;\n&#13;\n<p>Assim que receber o seu dispositivo FindCart GPS, tem de escolher o seu plano de subscri\u00e7\u00e3o entre os que est\u00e3o nesta p\u00e1gina, podendo depois ativar o seu GPS FindCar. Pode escolher entre as op\u00e7\u00f5es dispon\u00edveis para o per\u00edodo de cobertura com o seu intervalo de pagamento preferido. A subscri\u00e7\u00e3o ser\u00e1 renovada nos per\u00edodos indicados.<\/p>&#13;\n<hr class=\"wp-block-separator\" \/>&#13;\n<h3 class=\"wp-block-heading\">Posso cancelar a minha assinatura?<\/h3>&#13;\n&#13;\n<p>Por supuesto. Puede cancelar su plan de suscripci\u00f3n en cualquier momento. Como la suscripci\u00f3n se paga por adelantado, podr\u00e1 cancelarla en cualquier momento antes de su vencimiento para que no se le renueve. Puede hacerlo accediendo a su cuenta, o por el formulario de contacto. M\u00e1s informaci\u00f3n en nuestras <a href=\"https:\/\/findcargps.com\/pt-pt\/aviso-legal\/termos-e-condicoes\/\">condiciones de venta<\/a>.<\/p>&#13;\n","protected":false},"excerpt":{"rendered":"<p>&#13; Ol\u00e1. Se chegou a esta p\u00e1gina \u00e9 porque comprou um dispositivo GPS para encontrar carros, recebeu-o corretamente e ir\u00e1 ativ\u00e1-lo. &#13; &#13; Nenhuma subscri\u00e7\u00e3o deve ser contratada se n\u00e3o tiver o dispositivo \u00e0 sua frente, uma vez que \u00e9 essencial atribuir a subscri\u00e7\u00e3o ao dispositivo recebido utilizando o ID na parte de tr\u00e1s do [&hellip;]<\/p>\n","protected":false},"author":1,"featured_media":0,"parent":0,"menu_order":0,"comment_status":"closed","ping_status":"closed","template":"","meta":{"footnotes":"","_elementor_edit_mode":"","_elementor_template_type":"","_elementor_data":"","_elementor_page_settings":null,"_elementor_conditions":[]},"class_list":["post-4434","page","type-page","status-publish","hentry"],"yoast_head":"<!-- This site is optimized with the Yoast SEO plugin v27.1.1 - https:\/\/yoast.com\/product\/yoast-seo-wordpress\/ -->\n<title>Ativar o seu GPS FindCar - findCarGPS.com<\/title>\n<meta name=\"robots\" content=\"index, follow, max-snippet:-1, max-image-preview:large, max-video-preview:-1\" \/>\n<link rel=\"canonical\" href=\"https:\/\/findcargps.com\/pt-pt\/ativar-old\/\" \/>\n<meta property=\"og:locale\" content=\"pt_PT\" \/>\n<meta property=\"og:type\" content=\"article\" \/>\n<meta property=\"og:title\" content=\"Ativar o seu GPS FindCar - findCarGPS.com\" \/>\n<meta property=\"og:description\" content=\"&#013; Ol\u00e1. Se chegou a esta p\u00e1gina \u00e9 porque comprou um dispositivo GPS para encontrar carros, recebeu-o corretamente e ir\u00e1 ativ\u00e1-lo. &#013; &#013; Nenhuma subscri\u00e7\u00e3o deve ser contratada se n\u00e3o tiver o dispositivo \u00e0 sua frente, uma vez que \u00e9 essencial atribuir a subscri\u00e7\u00e3o ao dispositivo recebido utilizando o ID na parte de tr\u00e1s do [&hellip;]\" \/>\n<meta property=\"og:url\" content=\"https:\/\/findcargps.com\/pt-pt\/ativar-old\/\" \/>\n<meta property=\"og:site_name\" content=\"findCarGPS.com\" \/>\n<meta property=\"article:modified_time\" content=\"2022-08-20T23:46:05+00:00\" \/>\n<meta name=\"twitter:card\" content=\"summary_large_image\" \/>\n<meta name=\"twitter:label1\" content=\"Tempo estimado de leitura\" \/>\n\t<meta name=\"twitter:data1\" content=\"2 minutos\" \/>\n<script type=\"application\/ld+json\" class=\"yoast-schema-graph\">{\"@context\":\"https:\/\/schema.org\",\"@graph\":[{\"@type\":\"WebPage\",\"@id\":\"https:\/\/findcargps.com\/pt-pt\/ativar-old\/\",\"url\":\"https:\/\/findcargps.com\/pt-pt\/ativar-old\/\",\"name\":\"Ativar o seu GPS FindCar - findCarGPS.com\",\"isPartOf\":{\"@id\":\"https:\/\/findcargps.com\/pt-pt\/#website\"},\"datePublished\":\"2020-12-09T19:53:02+00:00\",\"dateModified\":\"2022-08-20T23:46:05+00:00\",\"breadcrumb\":{\"@id\":\"https:\/\/findcargps.com\/pt-pt\/ativar-old\/#breadcrumb\"},\"inLanguage\":\"pt-PT\",\"potentialAction\":[{\"@type\":\"ReadAction\",\"target\":[\"https:\/\/findcargps.com\/pt-pt\/ativar-old\/\"]}]},{\"@type\":\"BreadcrumbList\",\"@id\":\"https:\/\/findcargps.com\/pt-pt\/ativar-old\/#breadcrumb\",\"itemListElement\":[{\"@type\":\"ListItem\",\"position\":1,\"name\":\"Portada\",\"item\":\"https:\/\/findcargps.com\/pt-pt\/\"},{\"@type\":\"ListItem\",\"position\":2,\"name\":\"Ativar o seu GPS FindCar\"}]},{\"@type\":\"WebSite\",\"@id\":\"https:\/\/findcargps.com\/pt-pt\/#website\",\"url\":\"https:\/\/findcargps.com\/pt-pt\/\",\"name\":\"findCarGPS.com\",\"description\":\"Localizadores GPS para coches\",\"publisher\":{\"@id\":\"https:\/\/findcargps.com\/pt-pt\/#organization\"},\"potentialAction\":[{\"@type\":\"SearchAction\",\"target\":{\"@type\":\"EntryPoint\",\"urlTemplate\":\"https:\/\/findcargps.com\/pt-pt\/?s={search_term_string}\"},\"query-input\":{\"@type\":\"PropertyValueSpecification\",\"valueRequired\":true,\"valueName\":\"search_term_string\"}}],\"inLanguage\":\"pt-PT\"},{\"@type\":\"Organization\",\"@id\":\"https:\/\/findcargps.com\/pt-pt\/#organization\",\"name\":\"findCarGPS\",\"url\":\"https:\/\/findcargps.com\/pt-pt\/\",\"logo\":{\"@type\":\"ImageObject\",\"inLanguage\":\"pt-PT\",\"@id\":\"https:\/\/findcargps.com\/pt-pt\/#\/schema\/logo\/image\/\",\"url\":\"https:\/\/findcargps.com\/wp-content\/uploads\/sites\/4\/2020\/12\/2.png\",\"contentUrl\":\"https:\/\/findcargps.com\/wp-content\/uploads\/sites\/4\/2020\/12\/2.png\",\"width\":2000,\"height\":1995,\"caption\":\"findCarGPS\"},\"image\":{\"@id\":\"https:\/\/findcargps.com\/pt-pt\/#\/schema\/logo\/image\/\"}}]}<\/script>\n<!-- \/ Yoast SEO plugin. -->","yoast_head_json":{"title":"Ativar o seu GPS FindCar - findCarGPS.com","robots":{"index":"index","follow":"follow","max-snippet":"max-snippet:-1","max-image-preview":"max-image-preview:large","max-video-preview":"max-video-preview:-1"},"canonical":"https:\/\/findcargps.com\/pt-pt\/ativar-old\/","og_locale":"pt_PT","og_type":"article","og_title":"Ativar o seu GPS FindCar - findCarGPS.com","og_description":"&#13; Ol\u00e1. Se chegou a esta p\u00e1gina \u00e9 porque comprou um dispositivo GPS para encontrar carros, recebeu-o corretamente e ir\u00e1 ativ\u00e1-lo. &#13; &#13; Nenhuma subscri\u00e7\u00e3o deve ser contratada se n\u00e3o tiver o dispositivo \u00e0 sua frente, uma vez que \u00e9 essencial atribuir a subscri\u00e7\u00e3o ao dispositivo recebido utilizando o ID na parte de tr\u00e1s do [&hellip;]","og_url":"https:\/\/findcargps.com\/pt-pt\/ativar-old\/","og_site_name":"findCarGPS.com","article_modified_time":"2022-08-20T23:46:05+00:00","twitter_card":"summary_large_image","twitter_misc":{"Tempo estimado de leitura":"2 minutos"},"schema":{"@context":"https:\/\/schema.org","@graph":[{"@type":"WebPage","@id":"https:\/\/findcargps.com\/pt-pt\/ativar-old\/","url":"https:\/\/findcargps.com\/pt-pt\/ativar-old\/","name":"Ativar o seu GPS FindCar - findCarGPS.com","isPartOf":{"@id":"https:\/\/findcargps.com\/pt-pt\/#website"},"datePublished":"2020-12-09T19:53:02+00:00","dateModified":"2022-08-20T23:46:05+00:00","breadcrumb":{"@id":"https:\/\/findcargps.com\/pt-pt\/ativar-old\/#breadcrumb"},"inLanguage":"pt-PT","potentialAction":[{"@type":"ReadAction","target":["https:\/\/findcargps.com\/pt-pt\/ativar-old\/"]}]},{"@type":"BreadcrumbList","@id":"https:\/\/findcargps.com\/pt-pt\/ativar-old\/#breadcrumb","itemListElement":[{"@type":"ListItem","position":1,"name":"Portada","item":"https:\/\/findcargps.com\/pt-pt\/"},{"@type":"ListItem","position":2,"name":"Ativar o seu GPS FindCar"}]},{"@type":"WebSite","@id":"https:\/\/findcargps.com\/pt-pt\/#website","url":"https:\/\/findcargps.com\/pt-pt\/","name":"findCarGPS.com","description":"Localizadores GPS para coches","publisher":{"@id":"https:\/\/findcargps.com\/pt-pt\/#organization"},"potentialAction":[{"@type":"SearchAction","target":{"@type":"EntryPoint","urlTemplate":"https:\/\/findcargps.com\/pt-pt\/?s={search_term_string}"},"query-input":{"@type":"PropertyValueSpecification","valueRequired":true,"valueName":"search_term_string"}}],"inLanguage":"pt-PT"},{"@type":"Organization","@id":"https:\/\/findcargps.com\/pt-pt\/#organization","name":"findCarGPS","url":"https:\/\/findcargps.com\/pt-pt\/","logo":{"@type":"ImageObject","inLanguage":"pt-PT","@id":"https:\/\/findcargps.com\/pt-pt\/#\/schema\/logo\/image\/","url":"https:\/\/findcargps.com\/wp-content\/uploads\/sites\/4\/2020\/12\/2.png","contentUrl":"https:\/\/findcargps.com\/wp-content\/uploads\/sites\/4\/2020\/12\/2.png","width":2000,"height":1995,"caption":"findCarGPS"},"image":{"@id":"https:\/\/findcargps.com\/pt-pt\/#\/schema\/logo\/image\/"}}]}},"_links":{"self":[{"href":"https:\/\/findcargps.com\/pt-pt\/wp-json\/wp\/v2\/pages\/4434","targetHints":{"allow":["GET"]}}],"collection":[{"href":"https:\/\/findcargps.com\/pt-pt\/wp-json\/wp\/v2\/pages"}],"about":[{"href":"https:\/\/findcargps.com\/pt-pt\/wp-json\/wp\/v2\/types\/page"}],"author":[{"embeddable":true,"href":"https:\/\/findcargps.com\/pt-pt\/wp-json\/wp\/v2\/users\/1"}],"replies":[{"embeddable":true,"href":"https:\/\/findcargps.com\/pt-pt\/wp-json\/wp\/v2\/comments?post=4434"}],"version-history":[{"count":10,"href":"https:\/\/findcargps.com\/pt-pt\/wp-json\/wp\/v2\/pages\/4434\/revisions"}],"predecessor-version":[{"id":7198,"href":"https:\/\/findcargps.com\/pt-pt\/wp-json\/wp\/v2\/pages\/4434\/revisions\/7198"}],"wp:attachment":[{"href":"https:\/\/findcargps.com\/pt-pt\/wp-json\/wp\/v2\/media?parent=4434"}],"curies":[{"name":"wp","href":"https:\/\/api.w.org\/{rel}","templated":true}]}}