{"id":4396,"date":"2020-12-09T20:46:11","date_gmt":"2020-12-09T19:46:11","guid":{"rendered":"https:\/\/findcargps.com\/localizador-gps-para-carros\/"},"modified":"2022-02-22T13:14:33","modified_gmt":"2022-02-22T12:14:33","slug":"localizador-gps-para-carros","status":"publish","type":"page","link":"https:\/\/findcargps.com\/pt-pt\/localizador-gps-para-carros\/","title":{"rendered":"Localizador GPS para carros"},"content":{"rendered":"\n<h1><strong>encontrar localizador GPS de carro<\/strong><\/h1>\n<p>Os localizadores de carros findCar GPS informam-no da localiza\u00e7\u00e3o do seu ve\u00edculo a qualquer momento, bem como veja a hist\u00f3ria das rotas, locais, paragens e muito mais!. Eles s\u00e3o a melhor maneira de ter a paz total de esp\u00edrito para ter sempre o seu carro localizado.<\/p>\n<p>Poder\u00e1 saber a sua localiza\u00e7\u00e3o atrav\u00e9s do seu sistema de localiza\u00e7\u00e3o GPS, e tamb\u00e9m lhe fornecer\u00e1 muitas informa\u00e7\u00f5es adicionais, como as suas rotas e paragens, hist\u00f3rico de localiza\u00e7\u00f5es em mapas, localiza\u00e7\u00e3o ao vivo e muito mais. Com localizadores OBD finCar GPS para carros voc\u00ea sempre ter\u00e1 a paz de esp\u00edrito de saber onde e como voc\u00ea \u00e9.<\/p>\n<p>Os localizadores GPS para encontrar carros de carro tamb\u00e9m s\u00e3o muito f\u00e1ceis de instalar, eles v\u00eam totalmente pr\u00e9-configurados. Basta lig\u00e1-los ao conector OBD2 do seu carro (eles t\u00eam 99% dos carros que nunca viu!). O conector OBD encontra-se geralmente na \u00e1rea abaixo do volante, pelo que o localizador est\u00e1 escondido.<\/p>\n\t<h2>Ter o seu carro sempre localizado, \u00e9 muito f\u00e1cil!<\/h2>\n<p>Concebemos o localizador DE GPS do Car OBD para carros para que possa ser facilmente utilizado por qualquer pessoa. A instala\u00e7\u00e3o \u00e9 extremamente simples, vem pr\u00e9-configurada da f\u00e1brica e a app foi desenhada com o objetivo de ser muito intuitiva. Poder\u00e1 ver em tempo real os movimentos do seu carro, ver hist\u00f3ria, receber alertas se sair da \u00e1rea marcada, e muito mais!<\/p>\n<h3>\n\t\tcaracter\u00edsticas do gps obded de findcar\n\t<\/h3>\n\t\t\t\t<img fetchpriority=\"high\" decoding=\"async\" src=\"https:\/\/findpetgps.com\/wp-content\/uploads\/2020\/11\/entrega-urgente.png\" alt=\"entrega-urgente\" itemprop=\"image\" height=\"512\" width=\"512\" title=\"entrega-urgente\" onerror=\"this.style.display='none'\">\n<h4>\n\t\tenv\u00edos gratuitos\n\t<\/h4>\n\t<p>envios gratuitos en toda Europa continental<\/p>\n\t\t\t\t<img decoding=\"async\" src=\"https:\/\/findpetgps.com\/wp-content\/uploads\/2020\/11\/garantia-1.png\" alt=\"garantia (1)\" itemprop=\"image\" height=\"512\" width=\"512\" title=\"garantia (1)\" onerror=\"this.style.display='none'\">\n<h4>\n\t\t2 a\u00f1os de garant\u00eda\n\t<\/h4>\n\t<p>2 a\u00f1os de garant\u00eda v\u00e1lida en toda Europa<\/p>\n\t\t\t\t<img decoding=\"async\" src=\"https:\/\/findpetgps.com\/wp-content\/uploads\/2020\/11\/devolucion-de-dinero-1.png\" alt=\"reembolso\" itemprop=\"image\" height=\"512\" width=\"512\" title=\"devolucion-de-dinero (1)\" onerror=\"this.style.display='none'\">\n<h4>\n\t\tdevoluciones\n\t<\/h4>\n\t<p>dispones de 20 d\u00edas para devolver el producto sin explicaciones<\/p>\n\t\t\t\t<img loading=\"lazy\" decoding=\"async\" src=\"https:\/\/findpetgps.com\/wp-content\/uploads\/2020\/11\/pago-seguro.png\" alt=\"pago-seguro\" itemprop=\"image\" height=\"512\" width=\"512\" title=\"pago-seguro\" onerror=\"this.style.display='none'\">\n<h4>\n\t\tpago seguro\n\t<\/h4>\n\t<p>pasarela de pagos segura VISA, maestro, mastercard<\/p>\n","protected":false},"excerpt":{"rendered":"","protected":false},"author":1,"featured_media":0,"parent":0,"menu_order":0,"comment_status":"closed","ping_status":"closed","template":"","meta":{"footnotes":"","_elementor_edit_mode":"","_elementor_template_type":"","_elementor_data":"","_elementor_page_settings":null,"_elementor_conditions":[]},"class_list":["post-4396","page","type-page","status-publish","hentry"],"yoast_head":"<!-- This site is optimized with the Yoast SEO plugin v27.4 - https:\/\/yoast.com\/product\/yoast-seo-wordpress\/ -->\n<title>FindCarGPS - LOCALIZADOR GPS para carros!<\/title>\n<meta name=\"description\" content=\"Localizzatore GPS - Obtiens le meilleur traceur gps voiture &#039; des prix abordables, Nous fournissons le meilleur localisateur gps de voiture sans installation, contactez-nous.\" \/>\n<meta name=\"robots\" content=\"index, follow, max-snippet:-1, max-image-preview:large, max-video-preview:-1\" \/>\n<link rel=\"canonical\" href=\"https:\/\/findcargps.com\/pt-pt\/localizador-gps-para-carros\/\" \/>\n<meta property=\"og:locale\" content=\"pt_PT\" \/>\n<meta property=\"og:type\" content=\"article\" \/>\n<meta property=\"og:title\" content=\"FindCarGPS - LOCALIZADOR GPS para carros!\" \/>\n<meta property=\"og:description\" content=\"Localizzatore GPS - Obtiens le meilleur traceur gps voiture &#039; des prix abordables, Nous fournissons le meilleur localisateur gps de voiture sans installation, contactez-nous.\" \/>\n<meta property=\"og:url\" content=\"https:\/\/findcargps.com\/pt-pt\/localizador-gps-para-carros\/\" \/>\n<meta property=\"og:site_name\" content=\"findCarGPS.com\" \/>\n<meta property=\"article:modified_time\" content=\"2022-02-22T12:14:33+00:00\" \/>\n<meta property=\"og:image\" content=\"https:\/\/findpetgps.com\/wp-content\/uploads\/2020\/11\/entrega-urgente.png\" \/>\n<meta name=\"twitter:card\" content=\"summary_large_image\" \/>\n<meta name=\"twitter:label1\" content=\"Tempo estimado de leitura\" \/>\n\t<meta name=\"twitter:data1\" content=\"3 minutos\" \/>\n<script type=\"application\/ld+json\" class=\"yoast-schema-graph\">{\"@context\":\"https:\\\/\\\/schema.org\",\"@graph\":[{\"@type\":\"WebPage\",\"@id\":\"https:\\\/\\\/findcargps.com\\\/pt-pt\\\/localizador-gps-para-carros\\\/\",\"url\":\"https:\\\/\\\/findcargps.com\\\/pt-pt\\\/localizador-gps-para-carros\\\/\",\"name\":\"FindCarGPS - LOCALIZADOR GPS para carros!\",\"isPartOf\":{\"@id\":\"https:\\\/\\\/findcargps.com\\\/pt-pt\\\/#website\"},\"primaryImageOfPage\":{\"@id\":\"https:\\\/\\\/findcargps.com\\\/pt-pt\\\/localizador-gps-para-carros\\\/#primaryimage\"},\"image\":{\"@id\":\"https:\\\/\\\/findcargps.com\\\/pt-pt\\\/localizador-gps-para-carros\\\/#primaryimage\"},\"thumbnailUrl\":\"https:\\\/\\\/findpetgps.com\\\/wp-content\\\/uploads\\\/2020\\\/11\\\/entrega-urgente.png\",\"datePublished\":\"2020-12-09T19:46:11+00:00\",\"dateModified\":\"2022-02-22T12:14:33+00:00\",\"description\":\"Localizzatore GPS - Obtiens le meilleur traceur gps voiture ' des prix abordables, Nous fournissons le meilleur localisateur gps de voiture sans installation, contactez-nous.\",\"breadcrumb\":{\"@id\":\"https:\\\/\\\/findcargps.com\\\/pt-pt\\\/localizador-gps-para-carros\\\/#breadcrumb\"},\"inLanguage\":\"pt-PT\",\"potentialAction\":[{\"@type\":\"ReadAction\",\"target\":[\"https:\\\/\\\/findcargps.com\\\/pt-pt\\\/localizador-gps-para-carros\\\/\"]}]},{\"@type\":\"ImageObject\",\"inLanguage\":\"pt-PT\",\"@id\":\"https:\\\/\\\/findcargps.com\\\/pt-pt\\\/localizador-gps-para-carros\\\/#primaryimage\",\"url\":\"https:\\\/\\\/findpetgps.com\\\/wp-content\\\/uploads\\\/2020\\\/11\\\/entrega-urgente.png\",\"contentUrl\":\"https:\\\/\\\/findpetgps.com\\\/wp-content\\\/uploads\\\/2020\\\/11\\\/entrega-urgente.png\"},{\"@type\":\"BreadcrumbList\",\"@id\":\"https:\\\/\\\/findcargps.com\\\/pt-pt\\\/localizador-gps-para-carros\\\/#breadcrumb\",\"itemListElement\":[{\"@type\":\"ListItem\",\"position\":1,\"name\":\"Portada\",\"item\":\"https:\\\/\\\/findcargps.com\\\/pt-pt\\\/\"},{\"@type\":\"ListItem\",\"position\":2,\"name\":\"Localizador GPS para carros\"}]},{\"@type\":\"WebSite\",\"@id\":\"https:\\\/\\\/findcargps.com\\\/pt-pt\\\/#website\",\"url\":\"https:\\\/\\\/findcargps.com\\\/pt-pt\\\/\",\"name\":\"findCarGPS.com\",\"description\":\"Localizadores GPS para coches\",\"publisher\":{\"@id\":\"https:\\\/\\\/findcargps.com\\\/pt-pt\\\/#organization\"},\"potentialAction\":[{\"@type\":\"SearchAction\",\"target\":{\"@type\":\"EntryPoint\",\"urlTemplate\":\"https:\\\/\\\/findcargps.com\\\/pt-pt\\\/?s={search_term_string}\"},\"query-input\":{\"@type\":\"PropertyValueSpecification\",\"valueRequired\":true,\"valueName\":\"search_term_string\"}}],\"inLanguage\":\"pt-PT\"},{\"@type\":\"Organization\",\"@id\":\"https:\\\/\\\/findcargps.com\\\/pt-pt\\\/#organization\",\"name\":\"findCarGPS\",\"url\":\"https:\\\/\\\/findcargps.com\\\/pt-pt\\\/\",\"logo\":{\"@type\":\"ImageObject\",\"inLanguage\":\"pt-PT\",\"@id\":\"https:\\\/\\\/findcargps.com\\\/pt-pt\\\/#\\\/schema\\\/logo\\\/image\\\/\",\"url\":\"https:\\\/\\\/findcargps.com\\\/wp-content\\\/uploads\\\/sites\\\/4\\\/2020\\\/12\\\/2.png\",\"contentUrl\":\"https:\\\/\\\/findcargps.com\\\/wp-content\\\/uploads\\\/sites\\\/4\\\/2020\\\/12\\\/2.png\",\"width\":2000,\"height\":1995,\"caption\":\"findCarGPS\"},\"image\":{\"@id\":\"https:\\\/\\\/findcargps.com\\\/pt-pt\\\/#\\\/schema\\\/logo\\\/image\\\/\"}}]}<\/script>\n<!-- \/ Yoast SEO plugin. -->","yoast_head_json":{"title":"FindCarGPS - LOCALIZADOR GPS para carros!","description":"Localizzatore GPS - Obtiens le meilleur traceur gps voiture ' des prix abordables, Nous fournissons le meilleur localisateur gps de voiture sans installation, contactez-nous.","robots":{"index":"index","follow":"follow","max-snippet":"max-snippet:-1","max-image-preview":"max-image-preview:large","max-video-preview":"max-video-preview:-1"},"canonical":"https:\/\/findcargps.com\/pt-pt\/localizador-gps-para-carros\/","og_locale":"pt_PT","og_type":"article","og_title":"FindCarGPS - LOCALIZADOR GPS para carros!","og_description":"Localizzatore GPS - Obtiens le meilleur traceur gps voiture ' des prix abordables, Nous fournissons le meilleur localisateur gps de voiture sans installation, contactez-nous.","og_url":"https:\/\/findcargps.com\/pt-pt\/localizador-gps-para-carros\/","og_site_name":"findCarGPS.com","article_modified_time":"2022-02-22T12:14:33+00:00","og_image":[{"url":"https:\/\/findpetgps.com\/wp-content\/uploads\/2020\/11\/entrega-urgente.png","type":"","width":"","height":""}],"twitter_card":"summary_large_image","twitter_misc":{"Tempo estimado de leitura":"3 minutos"},"schema":{"@context":"https:\/\/schema.org","@graph":[{"@type":"WebPage","@id":"https:\/\/findcargps.com\/pt-pt\/localizador-gps-para-carros\/","url":"https:\/\/findcargps.com\/pt-pt\/localizador-gps-para-carros\/","name":"FindCarGPS - LOCALIZADOR GPS para carros!","isPartOf":{"@id":"https:\/\/findcargps.com\/pt-pt\/#website"},"primaryImageOfPage":{"@id":"https:\/\/findcargps.com\/pt-pt\/localizador-gps-para-carros\/#primaryimage"},"image":{"@id":"https:\/\/findcargps.com\/pt-pt\/localizador-gps-para-carros\/#primaryimage"},"thumbnailUrl":"https:\/\/findpetgps.com\/wp-content\/uploads\/2020\/11\/entrega-urgente.png","datePublished":"2020-12-09T19:46:11+00:00","dateModified":"2022-02-22T12:14:33+00:00","description":"Localizzatore GPS - Obtiens le meilleur traceur gps voiture ' des prix abordables, Nous fournissons le meilleur localisateur gps de voiture sans installation, contactez-nous.","breadcrumb":{"@id":"https:\/\/findcargps.com\/pt-pt\/localizador-gps-para-carros\/#breadcrumb"},"inLanguage":"pt-PT","potentialAction":[{"@type":"ReadAction","target":["https:\/\/findcargps.com\/pt-pt\/localizador-gps-para-carros\/"]}]},{"@type":"ImageObject","inLanguage":"pt-PT","@id":"https:\/\/findcargps.com\/pt-pt\/localizador-gps-para-carros\/#primaryimage","url":"https:\/\/findpetgps.com\/wp-content\/uploads\/2020\/11\/entrega-urgente.png","contentUrl":"https:\/\/findpetgps.com\/wp-content\/uploads\/2020\/11\/entrega-urgente.png"},{"@type":"BreadcrumbList","@id":"https:\/\/findcargps.com\/pt-pt\/localizador-gps-para-carros\/#breadcrumb","itemListElement":[{"@type":"ListItem","position":1,"name":"Portada","item":"https:\/\/findcargps.com\/pt-pt\/"},{"@type":"ListItem","position":2,"name":"Localizador GPS para carros"}]},{"@type":"WebSite","@id":"https:\/\/findcargps.com\/pt-pt\/#website","url":"https:\/\/findcargps.com\/pt-pt\/","name":"findCarGPS.com","description":"Localizadores GPS para coches","publisher":{"@id":"https:\/\/findcargps.com\/pt-pt\/#organization"},"potentialAction":[{"@type":"SearchAction","target":{"@type":"EntryPoint","urlTemplate":"https:\/\/findcargps.com\/pt-pt\/?s={search_term_string}"},"query-input":{"@type":"PropertyValueSpecification","valueRequired":true,"valueName":"search_term_string"}}],"inLanguage":"pt-PT"},{"@type":"Organization","@id":"https:\/\/findcargps.com\/pt-pt\/#organization","name":"findCarGPS","url":"https:\/\/findcargps.com\/pt-pt\/","logo":{"@type":"ImageObject","inLanguage":"pt-PT","@id":"https:\/\/findcargps.com\/pt-pt\/#\/schema\/logo\/image\/","url":"https:\/\/findcargps.com\/wp-content\/uploads\/sites\/4\/2020\/12\/2.png","contentUrl":"https:\/\/findcargps.com\/wp-content\/uploads\/sites\/4\/2020\/12\/2.png","width":2000,"height":1995,"caption":"findCarGPS"},"image":{"@id":"https:\/\/findcargps.com\/pt-pt\/#\/schema\/logo\/image\/"}}]}},"_links":{"self":[{"href":"https:\/\/findcargps.com\/pt-pt\/wp-json\/wp\/v2\/pages\/4396","targetHints":{"allow":["GET"]}}],"collection":[{"href":"https:\/\/findcargps.com\/pt-pt\/wp-json\/wp\/v2\/pages"}],"about":[{"href":"https:\/\/findcargps.com\/pt-pt\/wp-json\/wp\/v2\/types\/page"}],"author":[{"embeddable":true,"href":"https:\/\/findcargps.com\/pt-pt\/wp-json\/wp\/v2\/users\/1"}],"replies":[{"embeddable":true,"href":"https:\/\/findcargps.com\/pt-pt\/wp-json\/wp\/v2\/comments?post=4396"}],"version-history":[{"count":3,"href":"https:\/\/findcargps.com\/pt-pt\/wp-json\/wp\/v2\/pages\/4396\/revisions"}],"predecessor-version":[{"id":5140,"href":"https:\/\/findcargps.com\/pt-pt\/wp-json\/wp\/v2\/pages\/4396\/revisions\/5140"}],"wp:attachment":[{"href":"https:\/\/findcargps.com\/pt-pt\/wp-json\/wp\/v2\/media?parent=4396"}],"curies":[{"name":"wp","href":"https:\/\/api.w.org\/{rel}","templated":true}]}}