{"id":14725,"date":"2023-03-21T18:18:56","date_gmt":"2023-03-21T17:18:56","guid":{"rendered":"https:\/\/findcargps.com\/promocao-3-meses-gratis-instrucoes-de-utilizacao\/"},"modified":"2024-03-01T19:02:05","modified_gmt":"2024-03-01T18:02:05","slug":"promocao-3-meses-gratis-instrucoes-de-utilizacao","status":"publish","type":"page","link":"https:\/\/findcargps.com\/pt-pt\/promocao-3-meses-gratis-instrucoes-de-utilizacao\/","title":{"rendered":"Promo\u00e7\u00e3o 3 meses gr\u00e1tis &#8211; Instru\u00e7\u00f5es de utiliza\u00e7\u00e3o"},"content":{"rendered":"<h2>Instru\u00e7\u00f5es de promo\u00e7\u00e3o 3 meses gr\u00e1tis<\/h2>\n<p>Os passos necess\u00e1rios para montar o dispositivo com 3 meses gratuitos s\u00e3o os seguintes:<\/p>\n<h4>1- Registe-se <a href=\"https:\/\/findcargps.com\/carrito\/?add-to-cart=11&amp;variation_id=13&amp;attribute_pa_periodo=trimestral&amp;coupon_code=promo3dwh\" target=\"_blank\" rel=\"noopener\">nesta p\u00e1gina<\/a><\/h4>\n<p>Precisamos de ouvir de si:  <\/p>\n<ul>\n<li>o seu e-mail, palavra-passe, nome, apelido(s) e pa\u00eds<\/li>\n<li>ID ou IMEI do seu dispositivo GPS FindCar, normalmente encontrado numa etiqueta na parte de tr\u00e1s do dispositivo. Desta forma, certificamo-nos de que ativamos o seu dispositivo e n\u00e3o outro.<\/li>\n<\/ul>\n<p>Deve aceitar as condi\u00e7\u00f5es do site e clicar no bot\u00e3o &#8220;SUBSCRIBE&#8221;, de modo a ter 3 meses de servi\u00e7o GPS gratuito . <\/p>\n<p>N\u00e3o lhe ser\u00e3o solicitados detalhes do cart\u00e3o para qualquer tipo de pagamento. Se desejar prolongar o servi\u00e7o ap\u00f3s os tr\u00eas meses, pode faz\u00ea-lo sem qualquer problema.<\/p>\n<h4>2.-Descarregue e instale a aplica\u00e7\u00e3o <a href=\"https:\/\/findcargps.com\/download\/\" target=\"_blank\" rel=\"noopener\">&#8220;findCar&#8221;<\/a> no seu telem\u00f3vel Android ou iOS <a href=\"https:\/\/findcargps.com\/download\/\" target=\"_blank\" rel=\"noopener\">neste link<\/a>.<\/h4>\n<h4>3.- Aceder \u00e0 aplica\u00e7\u00e3o<\/h4>\n<p>Na aplica\u00e7\u00e3o, ap\u00f3s iniciar sess\u00e3o com o seu nome de utilizador e palavra-passe, clique em &#8220;Adicionar dispositivo&#8221; na primeira vez que iniciar sess\u00e3o.<\/p>\n<p>Introduzir os dados solicitados, entre os quais o ID \u00e9 novamente solicitado. O aplicativo pode ler o c\u00f3digo de barras para tornar o seu trabalho mais f\u00e1cil.<\/p>\n<h5>4a.- Apenas dispositivos BX a pilhas<\/h5>\n<p>Ligue o dispositivo com o interrutor de alimenta\u00e7\u00e3o ou premindo o bot\u00e3o de alimenta\u00e7\u00e3o durante 3 segundos (consoante o modelo), at\u00e9 as luzes azul e laranja come\u00e7arem a piscar.<\/p>\n<h5>4b.- Apenas dispositivos OBD<\/h5>\n<p>Instale o dispositivo na porta OBD do seu ve\u00edculo. \u00c9 geralmente escondido sob o volante, ou em um dos locais mostrados abaixo. Se n\u00e3o o conseguir encontrar, consulte o manual do seu ve\u00edculo ou encontre a localiza\u00e7\u00e3o do . Pode aceder a este website para que todos os ve\u00edculos a partir do ano 2000 tenham o mesmo.<\/p>\n<p><a href=\"https:\/\/findcargps.com\/wp-content\/uploads\/sites\/4\/2022\/03\/Possible-locations-of-OBD2-port-300x169.png\"><img fetchpriority=\"high\" decoding=\"async\" src=\"https:\/\/findcargps.com\/wp-content\/uploads\/sites\/4\/2022\/03\/Possible-locations-of-OBD2-port-300x169.png\" alt=\"\" width=\"300\" height=\"169\"><\/a><\/p>\n<h5 style=\"font-family: var( --e-global-typography-f68401c-font-family ), Sans-serif; font-weight: var( --e-global-typography-f68401c-font-weight ); line-height: var( --e-global-typography-f68401c-line-height ); font-size: var( --e-global-typography-f68401c-font-size ); letter-spacing: var( --e-global-typography-f68401c-letter-spacing ); word-spacing: var( --e-global-typography-f68401c-word-spacing );\">4c.- Apenas dispositivos &#8220;Tracker&#8221; ligados \u00e0 bateria do ve\u00edculo<\/h5>\n<p>Instale o dispositivo junto \u00e0 bateria do ve\u00edculo seguindo as instru\u00e7\u00f5es detalhadas inclu\u00eddas no GPS. Ligar as fichas aos p\u00f3los positivo e negativo de acordo com o esquema de cores fornecido,  <\/p>\n<h4>5.- Aproveite o seu GPS!  <\/h4>\n<p>O processo de activa\u00e7\u00e3o do dispositivo em redes m\u00f3veis no seu pa\u00eds demora geralmente n\u00e3o mais de 20-30 minutos, mas em alguns casos, dependendo das redes m\u00f3veis e do pa\u00eds, pode demorar at\u00e9 2 horas. N\u00e3o te preocupes. Para tornar o processo mais r\u00e1pido, \u00e9 conveniente que o ve\u00edculo esteja do lado de fora de qualquer edif\u00edcio. At\u00e9 que a primeira localiza\u00e7\u00e3o seja obtida, ser\u00e1 mostrado &#8220;\u00e0 espera de sinal DE GPS&#8221; na App.<\/p>\n<\/p>\n<p>Instru\u00e7\u00f5es completas sobre como utilizar o dispositivo GPS est\u00e3o dispon\u00edveis <a href=\"https:\/\/findcargps.com\/instrucciones\/\">aqui<\/a><\/p>\n<\/p>\n<p>\t\t\t\t\t\t\t\t\t\t\t\t\t<img decoding=\"async\" width=\"800\" height=\"664\" src=\"https:\/\/findcargps.com\/wp-content\/uploads\/sites\/4\/2022\/08\/Asset-1-1.png\" alt=\"\" srcset=\"https:\/\/findcargps.com\/wp-content\/uploads\/sites\/4\/2022\/08\/Asset-1-1.png 940w, https:\/\/findcargps.com\/wp-content\/uploads\/sites\/4\/2022\/08\/Asset-1-1-300x249.png 300w, https:\/\/findcargps.com\/wp-content\/uploads\/sites\/4\/2022\/08\/Asset-1-1-768x637.png 768w, https:\/\/findcargps.com\/wp-content\/uploads\/sites\/4\/2022\/08\/Asset-1-1-160x133.png 160w, https:\/\/findcargps.com\/wp-content\/uploads\/sites\/4\/2022\/08\/Asset-1-1-220x183.png 220w, https:\/\/findcargps.com\/wp-content\/uploads\/sites\/4\/2022\/08\/Asset-1-1-640x531.png 640w, https:\/\/findcargps.com\/wp-content\/uploads\/sites\/4\/2022\/08\/Asset-1-1-600x498.png 600w\" sizes=\"(max-width: 800px) 100vw, 800px\"><br \/>\n\t\t\t\t\t\t\t\t\t\t\t\t\t<img decoding=\"async\" width=\"257\" height=\"313\" src=\"https:\/\/findcargps.com\/wp-content\/uploads\/sites\/4\/2022\/08\/Asset-2-1-1.png\" alt=\"\" srcset=\"https:\/\/findcargps.com\/wp-content\/uploads\/sites\/4\/2022\/08\/Asset-2-1-1.png 257w, https:\/\/findcargps.com\/wp-content\/uploads\/sites\/4\/2022\/08\/Asset-2-1-1-246x300.png 246w, https:\/\/findcargps.com\/wp-content\/uploads\/sites\/4\/2022\/08\/Asset-2-1-1-160x195.png 160w, https:\/\/findcargps.com\/wp-content\/uploads\/sites\/4\/2022\/08\/Asset-2-1-1-220x268.png 220w\" sizes=\"(max-width: 257px) 100vw, 257px\"><\/p>\n","protected":false},"excerpt":{"rendered":"<p>Instru\u00e7\u00f5es de promo\u00e7\u00e3o 3 meses gr\u00e1tis Os passos necess\u00e1rios para montar o dispositivo com 3 meses gratuitos s\u00e3o os seguintes: 1- Registe-se nesta p\u00e1gina Precisamos de ouvir de si: o seu e-mail, palavra-passe, nome, apelido(s) e pa\u00eds ID ou IMEI do seu dispositivo GPS FindCar, normalmente encontrado numa etiqueta na parte de tr\u00e1s do dispositivo. [&hellip;]<\/p>\n","protected":false},"author":1,"featured_media":0,"parent":0,"menu_order":0,"comment_status":"closed","ping_status":"closed","template":"elementor_header_footer","meta":{"footnotes":"","_elementor_edit_mode":"","_elementor_template_type":"wp-page","_elementor_data":"[{\"id\":\"55e1d9f7\",\"elType\":\"section\",\"settings\":[],\"elements\":[{\"id\":\"71f873bf\",\"elType\":\"column\",\"settings\":{\"_column_size\":100},\"elements\":[{\"id\":\"d0b4fc9\",\"elType\":\"widget\",\"settings\":{\"editor\":\"<h2>Instru\\u00e7\\u00f5es de promo\\u00e7\\u00e3o 3 meses gr\\u00e1tis<\\\/h2>\\n<p>Os passos necess\\u00e1rios para montar o dispositivo com 3 meses gratuitos s\\u00e3o os seguintes:<\\\/p>\\n<h4>1- Registe-se <a href=\\\"https:\\\/\\\/findcargps.com\\\/pt-pt\\\/carrinho\\\/?add-to-cart=11&variation_id=13&attribute_pa_periodo=trimestral&coupon_code=promo3dwh\\\" target=\\\"_blank\\\" rel=\\\"noopener\\\">nesta p\\u00e1gina<\\\/a><\\\/h4>\\n<p>Precisamos de ouvir de si:  <\\\/p>\\n<ul>\\n<li>o seu e-mail, palavra-passe, nome, apelido(s) e pa\\u00eds<\\\/li>\\n<li>ID ou IMEI do seu dispositivo GPS findCar,  <span style=\\\"color: var( --e-global-color-text ); font-family: var( --e-global-typography-text-font-family ), Sans-serif; font-size: var( --e-global-typography-text-font-size ); font-weight: var( --e-global-typography-text-font-weight );\\\">que normalmente se encontra numa etiqueta na parte de tr\\u00e1s do mesmo. Desta forma, certificamo-nos de que ativamos o seu dispositivo e n\\u00e3o outro.<\\\/span><\\\/li>\\n<\\\/ul>\\n<p>Deve aceitar as condi\\u00e7\\u00f5es do site e clicar no bot\\u00e3o \\\"SUBSCRIBE\\\", <span style=\\\"color: var( --e-global-color-text ); font-family: var( --e-global-typography-text-font-family ), Sans-serif; font-size: var( --e-global-typography-text-font-size ); font-weight: var( --e-global-typography-text-font-weight );\\\"> de modo a ter 3 meses de servi\\u00e7o GPS gratuito <\\\/span>.  <\\\/p>\\n<p><span style=\\\"color: var( --e-global-color-text ); font-family: var( --e-global-typography-text-font-family ), Sans-serif; font-size: var( --e-global-typography-text-font-size ); font-weight: var( --e-global-typography-text-font-weight );\\\">N\\u00e3o lhe ser\\u00e3o solicitados detalhes do cart\\u00e3o para qualquer tipo de pagamento. Se desejar prolongar o servi\\u00e7o ap\\u00f3s os tr\\u00eas meses, pode faz\\u00ea-lo sem qualquer problema.<\\\/span><\\\/p>\\n<h4>2.-Descarregue e instale a aplica\\u00e7\\u00e3o <a href=\\\"https:\\\/\\\/findcargps.com\\\/download\\\/\\\" target=\\\"_blank\\\" rel=\\\"noopener\\\">\\\"findCar\\\"<\\\/a> no seu telem\\u00f3vel Android ou iOS <a href=\\\"https:\\\/\\\/findcargps.com\\\/download\\\/\\\" target=\\\"_blank\\\" rel=\\\"noopener\\\">neste link<\\\/a>.<\\\/h4>\\n<h4>3.- Aceder \\u00e0 aplica\\u00e7\\u00e3o<\\\/h4>\\n<p>Na aplica\\u00e7\\u00e3o, ap\\u00f3s iniciar sess\\u00e3o com o seu nome de utilizador e palavra-passe, clique em \\\"Adicionar dispositivo\\\" na primeira vez que iniciar sess\\u00e3o.<\\\/p>\\n<p>Introduzir os dados solicitados, entre os quais o ID \\u00e9 novamente solicitado. O aplicativo pode ler o c\\u00f3digo de barras para tornar o seu trabalho mais f\\u00e1cil.<\\\/p>\\n<h5>4a.- Apenas dispositivos BX6 operados a bateria<\\\/h5>\\n<p>Ligar o dispositivo premindo e mantendo premido o bot\\u00e3o de alimenta\\u00e7\\u00e3o durante 3 segundos, at\\u00e9 que as luzes azul e laranja comecem a piscar.<\\\/p>\\n<div>\\n<h5>4b.- Apenas dispositivos OBD<\\\/h5>\\n<p>Instale o dispositivo na porta OBD do seu ve\\u00edculo. \\u00c9 geralmente escondido sob o volante, ou em um dos locais mostrados abaixo. Se n\\u00e3o o conseguir encontrar, consulte o manual do seu ve\\u00edculo ou encontre a localiza\\u00e7\\u00e3o do . Pode aceder a este website para que todos os ve\\u00edculos a partir do ano 2000 tenham o mesmo.<\\\/p>\\n<\\\/div>\\n<p><a href=\\\"https:\\\/\\\/findcargps.com\\\/wp-content\\\/uploads\\\/sites\\\/4\\\/2022\\\/03\\\/Possible-locations-of-OBD2-port.png\\\"><img src=\\\"https:\\\/\\\/findcargps.com\\\/wp-content\\\/uploads\\\/sites\\\/4\\\/2022\\\/03\\\/Possible-locations-of-OBD2-port-300x169.png\\\" alt=\\\"\\\" width=\\\"300\\\" height=\\\"169\\\"><\\\/a><\\\/p>\\n<h4>5.- Aproveite o seu GPS!  <\\\/h4>\\n<p><span style=\\\"color: var( --e-global-color-text ); font-family: var( --e-global-typography-text-font-family ), Sans-serif; font-size: var( --e-global-typography-text-font-size ); font-weight: var( --e-global-typography-text-font-weight );\\\">O processo de activa\\u00e7\\u00e3o do dispositivo em redes m\\u00f3veis no seu pa\\u00eds demora geralmente n\\u00e3o mais de 20-30 minutos, mas em alguns casos, dependendo das redes m\\u00f3veis e do pa\\u00eds, pode demorar at\\u00e9 2 horas. N\\u00e3o te preocupes.<\\\/span><span style=\\\"color: var( --e-global-color-text ); font-family: var( --e-global-typography-text-font-family ), Sans-serif; font-size: var( --e-global-typography-text-font-size ); font-weight: var( --e-global-typography-text-font-weight );\\\"> Para tornar o processo mais r\\u00e1pido, \\u00e9 conveniente que o ve\\u00edculo esteja do lado de fora de qualquer edif\\u00edcio. At\\u00e9 que a primeira localiza\\u00e7\\u00e3o seja obtida, ser\\u00e1 mostrado \\\"\\u00e0 espera de sinal DE GPS\\\" na App.<\\\/span><\\\/p>\\n<p><span style=\\\"color: var( --e-global-color-text ); font-family: var( --e-global-typography-text-font-family ), Sans-serif; font-size: var( --e-global-typography-text-font-size ); font-weight: var( --e-global-typography-text-font-weight );\\\"> <\\\/span><\\\/p>\\n<p><span style=\\\"color: var( --e-global-color-text ); font-family: var( --e-global-typography-text-font-family ), Sans-serif; font-size: var( --e-global-typography-text-font-size ); font-weight: var( --e-global-typography-text-font-weight );\\\">Instru\\u00e7\\u00f5es completas sobre como utilizar o dispositivo GPS est\\u00e3o dispon\\u00edveis <a href=\\\"https:\\\/\\\/findcargps.com\\\/pt-pt\\\/instrucoes\\\/\\\">aqui<\\\/a><\\\/span><\\\/p>\\n<p><span style=\\\"color: var( --e-global-color-text ); font-family: var( --e-global-typography-text-font-family ), Sans-serif; font-size: var( --e-global-typography-text-font-size ); font-weight: var( --e-global-typography-text-font-weight );\\\"> <\\\/span><\\\/p>\\n\"},\"elements\":[],\"widgetType\":\"text-editor\"}],\"isInner\":false}],\"isInner\":false},{\"id\":\"32500746\",\"elType\":\"section\",\"settings\":{\"margin\":{\"unit\":\"px\",\"top\":\"50\",\"right\":0,\"bottom\":\"-150\",\"left\":0,\"isLinked\":false},\"padding_tablet\":{\"unit\":\"px\",\"top\":\"0\",\"right\":\"30\",\"bottom\":\"0\",\"left\":\"30\",\"isLinked\":false},\"padding_mobile\":{\"unit\":\"px\",\"top\":\"0\",\"right\":\"20\",\"bottom\":\"0\",\"left\":\"20\",\"isLinked\":false},\"z_index\":5,\"animation\":\"fadeInUp\"},\"elements\":[{\"id\":\"64d5b37\",\"elType\":\"column\",\"settings\":{\"_column_size\":100,\"_inline_size\":null,\"background_background\":\"classic\",\"border_border\":\"solid\",\"border_width\":{\"unit\":\"px\",\"top\":\"0\",\"right\":\"0\",\"bottom\":\"0\",\"left\":\"0\",\"isLinked\":false},\"border_radius\":{\"unit\":\"px\",\"top\":\"30\",\"right\":\"0\",\"bottom\":\"30\",\"left\":\"0\",\"isLinked\":false},\"padding\":{\"unit\":\"px\",\"top\":\"50\",\"right\":\"50\",\"bottom\":\"50\",\"left\":\"50\",\"isLinked\":true},\"padding_mobile\":{\"unit\":\"px\",\"top\":\"50\",\"right\":\"30\",\"bottom\":\"50\",\"left\":\"30\",\"isLinked\":false},\"__globals__\":{\"background_color\":\"\"},\"background_color\":\"#34343400\"},\"elements\":[{\"id\":\"257f5820\",\"elType\":\"widget\",\"settings\":{\"image\":{\"id\":6614,\"url\":\"https:\\\/\\\/findcargps.com\\\/wp-content\\\/uploads\\\/sites\\\/4\\\/2022\\\/08\\\/Asset-1-1.png\"},\"align\":\"left\",\"width\":{\"unit\":\"%\",\"size\":17,\"sizes\":[]},\"width_tablet\":{\"unit\":\"%\",\"size\":20,\"sizes\":[]},\"width_mobile\":{\"unit\":\"%\",\"size\":37,\"sizes\":[]},\"_animation\":\"fadeIn\",\"_animation_delay\":400,\"_position\":\"absolute\",\"_offset_x\":{\"size\":-0.648,\"unit\":\"%\"},\"_offset_x_tablet\":{\"unit\":\"%\",\"size\":-4,\"sizes\":[]},\"_offset_x_mobile\":{\"unit\":\"%\",\"size\":-6,\"sizes\":[]},\"_offset_y\":{\"size\":-90,\"unit\":\"px\"},\"_offset_y_tablet\":{\"unit\":\"%\",\"size\":-15,\"sizes\":[]},\"_offset_y_mobile\":{\"unit\":\"%\",\"size\":\"\",\"sizes\":[]},\"image_border_radius\":{\"unit\":\"px\",\"top\":\"0\",\"right\":\"0\",\"bottom\":\"0\",\"left\":\"0\",\"isLinked\":false},\"caption\":\"\"},\"elements\":[],\"widgetType\":\"image\"},{\"id\":\"c24198e\",\"elType\":\"widget\",\"settings\":{\"image\":{\"id\":6621,\"url\":\"https:\\\/\\\/findcargps.com\\\/wp-content\\\/uploads\\\/sites\\\/4\\\/2022\\\/08\\\/Asset-2-1-1.png\"},\"align\":\"right\",\"width\":{\"unit\":\"%\",\"size\":7,\"sizes\":[]},\"width_tablet\":{\"unit\":\"%\",\"size\":9,\"sizes\":[]},\"width_mobile\":{\"unit\":\"%\",\"size\":18,\"sizes\":[]},\"_animation\":\"fadeIn\",\"_animation_delay\":600,\"_position\":\"absolute\",\"_offset_x\":{\"size\":2.462,\"unit\":\"%\"},\"_offset_x_tablet\":{\"unit\":\"%\",\"size\":3,\"sizes\":[]},\"_offset_x_mobile\":{\"unit\":\"%\",\"size\":4,\"sizes\":[]},\"_offset_y\":{\"size\":-7.502,\"unit\":\"%\"},\"_offset_y_tablet\":{\"unit\":\"%\",\"size\":80,\"sizes\":[]},\"_offset_y_mobile\":{\"unit\":\"%\",\"size\":86,\"sizes\":[]},\"image_border_radius\":{\"unit\":\"px\",\"top\":\"0\",\"right\":\"0\",\"bottom\":\"0\",\"left\":\"0\",\"isLinked\":false},\"caption\":\"\"},\"elements\":[],\"widgetType\":\"image\"}],\"isInner\":false}],\"isInner\":false}]","_elementor_page_settings":null,"_elementor_conditions":[]},"class_list":["post-14725","page","type-page","status-publish","hentry"],"yoast_head":"<!-- This site is optimized with the Yoast SEO plugin v27.4 - https:\/\/yoast.com\/product\/yoast-seo-wordpress\/ -->\n<title>Promo\u00e7\u00e3o 3 meses gr\u00e1tis - Instru\u00e7\u00f5es de utiliza\u00e7\u00e3o - findCarGPS.com<\/title>\n<meta name=\"robots\" content=\"noindex, follow\" \/>\n<meta property=\"og:locale\" content=\"pt_PT\" \/>\n<meta property=\"og:type\" content=\"article\" \/>\n<meta property=\"og:title\" content=\"Promo\u00e7\u00e3o 3 meses gr\u00e1tis - Instru\u00e7\u00f5es de utiliza\u00e7\u00e3o - findCarGPS.com\" \/>\n<meta property=\"og:description\" content=\"Instru\u00e7\u00f5es de promo\u00e7\u00e3o 3 meses gr\u00e1tis Os passos necess\u00e1rios para montar o dispositivo com 3 meses gratuitos s\u00e3o os seguintes: 1- Registe-se nesta p\u00e1gina Precisamos de ouvir de si: o seu e-mail, palavra-passe, nome, apelido(s) e pa\u00eds ID ou IMEI do seu dispositivo GPS FindCar, normalmente encontrado numa etiqueta na parte de tr\u00e1s do dispositivo. [&hellip;]\" \/>\n<meta property=\"og:url\" content=\"https:\/\/findcargps.com\/pt-pt\/promocao-3-meses-gratis-instrucoes-de-utilizacao\/\" \/>\n<meta property=\"og:site_name\" content=\"findCarGPS.com\" \/>\n<meta property=\"article:modified_time\" content=\"2024-03-01T18:02:05+00:00\" \/>\n<meta property=\"og:image\" content=\"https:\/\/findcargps.com\/wp-content\/uploads\/sites\/4\/2022\/03\/Possible-locations-of-OBD2-port-300x169.png\" \/>\n<meta name=\"twitter:card\" content=\"summary_large_image\" \/>\n<meta name=\"twitter:label1\" content=\"Tempo estimado de leitura\" \/>\n\t<meta name=\"twitter:data1\" content=\"2 minutos\" \/>\n<script type=\"application\/ld+json\" class=\"yoast-schema-graph\">{\"@context\":\"https:\\\/\\\/schema.org\",\"@graph\":[{\"@type\":\"WebPage\",\"@id\":\"https:\\\/\\\/findcargps.com\\\/pt-pt\\\/promocao-3-meses-gratis-instrucoes-de-utilizacao\\\/\",\"url\":\"https:\\\/\\\/findcargps.com\\\/pt-pt\\\/promocao-3-meses-gratis-instrucoes-de-utilizacao\\\/\",\"name\":\"Promo\u00e7\u00e3o 3 meses gr\u00e1tis - Instru\u00e7\u00f5es de utiliza\u00e7\u00e3o - findCarGPS.com\",\"isPartOf\":{\"@id\":\"https:\\\/\\\/findcargps.com\\\/pt-pt\\\/#website\"},\"primaryImageOfPage\":{\"@id\":\"https:\\\/\\\/findcargps.com\\\/pt-pt\\\/promocao-3-meses-gratis-instrucoes-de-utilizacao\\\/#primaryimage\"},\"image\":{\"@id\":\"https:\\\/\\\/findcargps.com\\\/pt-pt\\\/promocao-3-meses-gratis-instrucoes-de-utilizacao\\\/#primaryimage\"},\"thumbnailUrl\":\"https:\\\/\\\/findcargps.com\\\/wp-content\\\/uploads\\\/sites\\\/4\\\/2022\\\/03\\\/Possible-locations-of-OBD2-port-300x169.png\",\"datePublished\":\"2023-03-21T17:18:56+00:00\",\"dateModified\":\"2024-03-01T18:02:05+00:00\",\"breadcrumb\":{\"@id\":\"https:\\\/\\\/findcargps.com\\\/pt-pt\\\/promocao-3-meses-gratis-instrucoes-de-utilizacao\\\/#breadcrumb\"},\"inLanguage\":\"pt-PT\",\"potentialAction\":[{\"@type\":\"ReadAction\",\"target\":[\"https:\\\/\\\/findcargps.com\\\/pt-pt\\\/promocao-3-meses-gratis-instrucoes-de-utilizacao\\\/\"]}]},{\"@type\":\"ImageObject\",\"inLanguage\":\"pt-PT\",\"@id\":\"https:\\\/\\\/findcargps.com\\\/pt-pt\\\/promocao-3-meses-gratis-instrucoes-de-utilizacao\\\/#primaryimage\",\"url\":\"https:\\\/\\\/findcargps.com\\\/wp-content\\\/uploads\\\/sites\\\/4\\\/2022\\\/03\\\/Possible-locations-of-OBD2-port-300x169.png\",\"contentUrl\":\"https:\\\/\\\/findcargps.com\\\/wp-content\\\/uploads\\\/sites\\\/4\\\/2022\\\/03\\\/Possible-locations-of-OBD2-port-300x169.png\"},{\"@type\":\"BreadcrumbList\",\"@id\":\"https:\\\/\\\/findcargps.com\\\/pt-pt\\\/promocao-3-meses-gratis-instrucoes-de-utilizacao\\\/#breadcrumb\",\"itemListElement\":[{\"@type\":\"ListItem\",\"position\":1,\"name\":\"Portada\",\"item\":\"https:\\\/\\\/findcargps.com\\\/pt-pt\\\/\"},{\"@type\":\"ListItem\",\"position\":2,\"name\":\"Promo\u00e7\u00e3o 3 meses gr\u00e1tis &#8211; Instru\u00e7\u00f5es de utiliza\u00e7\u00e3o\"}]},{\"@type\":\"WebSite\",\"@id\":\"https:\\\/\\\/findcargps.com\\\/pt-pt\\\/#website\",\"url\":\"https:\\\/\\\/findcargps.com\\\/pt-pt\\\/\",\"name\":\"findCarGPS.com\",\"description\":\"Localizadores GPS para coches\",\"publisher\":{\"@id\":\"https:\\\/\\\/findcargps.com\\\/pt-pt\\\/#organization\"},\"potentialAction\":[{\"@type\":\"SearchAction\",\"target\":{\"@type\":\"EntryPoint\",\"urlTemplate\":\"https:\\\/\\\/findcargps.com\\\/pt-pt\\\/?s={search_term_string}\"},\"query-input\":{\"@type\":\"PropertyValueSpecification\",\"valueRequired\":true,\"valueName\":\"search_term_string\"}}],\"inLanguage\":\"pt-PT\"},{\"@type\":\"Organization\",\"@id\":\"https:\\\/\\\/findcargps.com\\\/pt-pt\\\/#organization\",\"name\":\"findCarGPS\",\"url\":\"https:\\\/\\\/findcargps.com\\\/pt-pt\\\/\",\"logo\":{\"@type\":\"ImageObject\",\"inLanguage\":\"pt-PT\",\"@id\":\"https:\\\/\\\/findcargps.com\\\/pt-pt\\\/#\\\/schema\\\/logo\\\/image\\\/\",\"url\":\"https:\\\/\\\/findcargps.com\\\/wp-content\\\/uploads\\\/sites\\\/4\\\/2020\\\/12\\\/2.png\",\"contentUrl\":\"https:\\\/\\\/findcargps.com\\\/wp-content\\\/uploads\\\/sites\\\/4\\\/2020\\\/12\\\/2.png\",\"width\":2000,\"height\":1995,\"caption\":\"findCarGPS\"},\"image\":{\"@id\":\"https:\\\/\\\/findcargps.com\\\/pt-pt\\\/#\\\/schema\\\/logo\\\/image\\\/\"}}]}<\/script>\n<!-- \/ Yoast SEO plugin. -->","yoast_head_json":{"title":"Promo\u00e7\u00e3o 3 meses gr\u00e1tis - Instru\u00e7\u00f5es de utiliza\u00e7\u00e3o - findCarGPS.com","robots":{"index":"noindex","follow":"follow"},"og_locale":"pt_PT","og_type":"article","og_title":"Promo\u00e7\u00e3o 3 meses gr\u00e1tis - Instru\u00e7\u00f5es de utiliza\u00e7\u00e3o - findCarGPS.com","og_description":"Instru\u00e7\u00f5es de promo\u00e7\u00e3o 3 meses gr\u00e1tis Os passos necess\u00e1rios para montar o dispositivo com 3 meses gratuitos s\u00e3o os seguintes: 1- Registe-se nesta p\u00e1gina Precisamos de ouvir de si: o seu e-mail, palavra-passe, nome, apelido(s) e pa\u00eds ID ou IMEI do seu dispositivo GPS FindCar, normalmente encontrado numa etiqueta na parte de tr\u00e1s do dispositivo. [&hellip;]","og_url":"https:\/\/findcargps.com\/pt-pt\/promocao-3-meses-gratis-instrucoes-de-utilizacao\/","og_site_name":"findCarGPS.com","article_modified_time":"2024-03-01T18:02:05+00:00","og_image":[{"url":"https:\/\/findcargps.com\/wp-content\/uploads\/sites\/4\/2022\/03\/Possible-locations-of-OBD2-port-300x169.png","type":"","width":"","height":""}],"twitter_card":"summary_large_image","twitter_misc":{"Tempo estimado de leitura":"2 minutos"},"schema":{"@context":"https:\/\/schema.org","@graph":[{"@type":"WebPage","@id":"https:\/\/findcargps.com\/pt-pt\/promocao-3-meses-gratis-instrucoes-de-utilizacao\/","url":"https:\/\/findcargps.com\/pt-pt\/promocao-3-meses-gratis-instrucoes-de-utilizacao\/","name":"Promo\u00e7\u00e3o 3 meses gr\u00e1tis - Instru\u00e7\u00f5es de utiliza\u00e7\u00e3o - findCarGPS.com","isPartOf":{"@id":"https:\/\/findcargps.com\/pt-pt\/#website"},"primaryImageOfPage":{"@id":"https:\/\/findcargps.com\/pt-pt\/promocao-3-meses-gratis-instrucoes-de-utilizacao\/#primaryimage"},"image":{"@id":"https:\/\/findcargps.com\/pt-pt\/promocao-3-meses-gratis-instrucoes-de-utilizacao\/#primaryimage"},"thumbnailUrl":"https:\/\/findcargps.com\/wp-content\/uploads\/sites\/4\/2022\/03\/Possible-locations-of-OBD2-port-300x169.png","datePublished":"2023-03-21T17:18:56+00:00","dateModified":"2024-03-01T18:02:05+00:00","breadcrumb":{"@id":"https:\/\/findcargps.com\/pt-pt\/promocao-3-meses-gratis-instrucoes-de-utilizacao\/#breadcrumb"},"inLanguage":"pt-PT","potentialAction":[{"@type":"ReadAction","target":["https:\/\/findcargps.com\/pt-pt\/promocao-3-meses-gratis-instrucoes-de-utilizacao\/"]}]},{"@type":"ImageObject","inLanguage":"pt-PT","@id":"https:\/\/findcargps.com\/pt-pt\/promocao-3-meses-gratis-instrucoes-de-utilizacao\/#primaryimage","url":"https:\/\/findcargps.com\/wp-content\/uploads\/sites\/4\/2022\/03\/Possible-locations-of-OBD2-port-300x169.png","contentUrl":"https:\/\/findcargps.com\/wp-content\/uploads\/sites\/4\/2022\/03\/Possible-locations-of-OBD2-port-300x169.png"},{"@type":"BreadcrumbList","@id":"https:\/\/findcargps.com\/pt-pt\/promocao-3-meses-gratis-instrucoes-de-utilizacao\/#breadcrumb","itemListElement":[{"@type":"ListItem","position":1,"name":"Portada","item":"https:\/\/findcargps.com\/pt-pt\/"},{"@type":"ListItem","position":2,"name":"Promo\u00e7\u00e3o 3 meses gr\u00e1tis &#8211; Instru\u00e7\u00f5es de utiliza\u00e7\u00e3o"}]},{"@type":"WebSite","@id":"https:\/\/findcargps.com\/pt-pt\/#website","url":"https:\/\/findcargps.com\/pt-pt\/","name":"findCarGPS.com","description":"Localizadores GPS para coches","publisher":{"@id":"https:\/\/findcargps.com\/pt-pt\/#organization"},"potentialAction":[{"@type":"SearchAction","target":{"@type":"EntryPoint","urlTemplate":"https:\/\/findcargps.com\/pt-pt\/?s={search_term_string}"},"query-input":{"@type":"PropertyValueSpecification","valueRequired":true,"valueName":"search_term_string"}}],"inLanguage":"pt-PT"},{"@type":"Organization","@id":"https:\/\/findcargps.com\/pt-pt\/#organization","name":"findCarGPS","url":"https:\/\/findcargps.com\/pt-pt\/","logo":{"@type":"ImageObject","inLanguage":"pt-PT","@id":"https:\/\/findcargps.com\/pt-pt\/#\/schema\/logo\/image\/","url":"https:\/\/findcargps.com\/wp-content\/uploads\/sites\/4\/2020\/12\/2.png","contentUrl":"https:\/\/findcargps.com\/wp-content\/uploads\/sites\/4\/2020\/12\/2.png","width":2000,"height":1995,"caption":"findCarGPS"},"image":{"@id":"https:\/\/findcargps.com\/pt-pt\/#\/schema\/logo\/image\/"}}]}},"_links":{"self":[{"href":"https:\/\/findcargps.com\/pt-pt\/wp-json\/wp\/v2\/pages\/14725","targetHints":{"allow":["GET"]}}],"collection":[{"href":"https:\/\/findcargps.com\/pt-pt\/wp-json\/wp\/v2\/pages"}],"about":[{"href":"https:\/\/findcargps.com\/pt-pt\/wp-json\/wp\/v2\/types\/page"}],"author":[{"embeddable":true,"href":"https:\/\/findcargps.com\/pt-pt\/wp-json\/wp\/v2\/users\/1"}],"replies":[{"embeddable":true,"href":"https:\/\/findcargps.com\/pt-pt\/wp-json\/wp\/v2\/comments?post=14725"}],"version-history":[{"count":5,"href":"https:\/\/findcargps.com\/pt-pt\/wp-json\/wp\/v2\/pages\/14725\/revisions"}],"predecessor-version":[{"id":41037,"href":"https:\/\/findcargps.com\/pt-pt\/wp-json\/wp\/v2\/pages\/14725\/revisions\/41037"}],"wp:attachment":[{"href":"https:\/\/findcargps.com\/pt-pt\/wp-json\/wp\/v2\/media?parent=14725"}],"curies":[{"name":"wp","href":"https:\/\/api.w.org\/{rel}","templated":true}]}}