{"id":4382,"date":"2020-12-09T20:44:46","date_gmt":"2020-12-09T19:44:46","guid":{"rendered":"https:\/\/findcargps.com\/attivazione-del-gps-findcar\/"},"modified":"2022-08-21T01:46:05","modified_gmt":"2022-08-20T23:46:05","slug":"attivazione-old","status":"publish","type":"page","link":"https:\/\/findcargps.com\/it\/attivazione-old\/","title":{"rendered":"Attivazione del GPS FindCar"},"content":{"rendered":"&#13;\n<p>Ciao. Se sei arrivato a questa pagina \u00e8 perch\u00e9 hai acquistato un GPS per auto findCar, l&#8217;hai ricevuto correttamente e lo stai per attivare.<\/p>&#13;\n&#13;\n<p>Nessun abbonamento deve essere contratto se il dispositivo non \u00e8 di fronte a te, poich\u00e9 \u00e8 fondamentale assegnare l&#8217;abbonamento al dispositivo ricevuto tramite l&#8217;ID che compare sul retro dello stesso.<\/p>&#13;\n\r\n<div class=\"wp-block-spacer\" style=\"height: 60px;\" aria-hidden=\"true\">\u00a0<\/div>\r\n<p>[go_pricing id=&#8221;suscripciones_es&#8221;]<\/p>\n\r\n<div class=\"wp-block-spacer\" style=\"height: 40px;\" aria-hidden=\"true\">\u00a0<\/div>\r\n<hr class=\"wp-block-separator\" \/>&#13;\n<h3 class=\"wp-block-heading\">Ho bisogno di un abbonamento per il mio GPS FindCar?<\/h3>&#13;\n&#13;\n<p>I localizzatori GPS FindCar utilizzano le reti mobili del tuo paese per inviare la posizione GPS del tuo veicolo ai server di FinCart e da l\u00ec al tuo smartphone mobile o tramite il web. Pertanto, c&#8217;\u00e8 un costo per la trasmissione dei dati da parte delle compagnie di telefonia mobile nel tuo paese. In questo modo il tuo veicolo sar\u00e0 sempre localizzato con copertura mondiale.<\/p>&#13;\n<hr class=\"wp-block-separator\" \/>&#13;\n<h3 class=\"wp-block-heading\">Come funziona?<\/h3>&#13;\n&#13;\n<p>Una volta ricevuto il tuo dispositivo GPS FindCart, devi scegliere il tuo piano di abbonamento da quelli in questa pagina, quindi puoi attivare il tuo GPS FindCar. Puoi scegliere tra le opzioni disponibili per il periodo di copertura con l&#8217;intervallo di pagamento che preferisci. L&#8217;abbonamento verr\u00e0 rinnovato nei periodi indicati.<\/p>&#13;\n<hr class=\"wp-block-separator\" \/>&#13;\n<h3 class=\"wp-block-heading\">Posso cancellare il mio abbonamento?<\/h3>&#13;\n&#13;\n<p>Por supuesto. Puede cancelar su plan de suscripci\u00f3n en cualquier momento. Como la suscripci\u00f3n se paga por adelantado, podr\u00e1 cancelarla en cualquier momento antes de su vencimiento para que no se le renueve. Puede hacerlo accediendo a su cuenta, o por el formulario de contacto. M\u00e1s informaci\u00f3n en nuestras <a href=\"https:\/\/findcargps.com\/it\/avviso-legale\/termini-e-condizioni\/\">condiciones de venta<\/a>.<\/p>&#13;\n","protected":false},"excerpt":{"rendered":"<p>&#13; Ciao. Se sei arrivato a questa pagina \u00e8 perch\u00e9 hai acquistato un GPS per auto findCar, l&#8217;hai ricevuto correttamente e lo stai per attivare. &#13; &#13; Nessun abbonamento deve essere contratto se il dispositivo non \u00e8 di fronte a te, poich\u00e9 \u00e8 fondamentale assegnare l&#8217;abbonamento al dispositivo ricevuto tramite l&#8217;ID che compare sul retro [&hellip;]<\/p>\n","protected":false},"author":1,"featured_media":0,"parent":0,"menu_order":0,"comment_status":"closed","ping_status":"closed","template":"","meta":{"footnotes":"","_elementor_edit_mode":"","_elementor_template_type":"","_elementor_data":"","_elementor_page_settings":null,"_elementor_conditions":[]},"class_list":["post-4382","page","type-page","status-publish","hentry"],"yoast_head":"<!-- This site is optimized with the Yoast SEO plugin v27.1.1 - https:\/\/yoast.com\/product\/yoast-seo-wordpress\/ -->\n<title>Attivazione del GPS FindCar - findCarGPS.com<\/title>\n<meta name=\"robots\" content=\"index, follow, max-snippet:-1, max-image-preview:large, max-video-preview:-1\" \/>\n<link rel=\"canonical\" href=\"https:\/\/findcargps.com\/it\/attivazione-old\/\" \/>\n<meta property=\"og:locale\" content=\"it_IT\" \/>\n<meta property=\"og:type\" content=\"article\" \/>\n<meta property=\"og:title\" content=\"Attivazione del GPS FindCar - findCarGPS.com\" \/>\n<meta property=\"og:description\" content=\"&#013; Ciao. Se sei arrivato a questa pagina \u00e8 perch\u00e9 hai acquistato un GPS per auto findCar, l&#8217;hai ricevuto correttamente e lo stai per attivare. &#013; &#013; Nessun abbonamento deve essere contratto se il dispositivo non \u00e8 di fronte a te, poich\u00e9 \u00e8 fondamentale assegnare l&#8217;abbonamento al dispositivo ricevuto tramite l&#8217;ID che compare sul retro [&hellip;]\" \/>\n<meta property=\"og:url\" content=\"https:\/\/findcargps.com\/it\/attivazione-old\/\" \/>\n<meta property=\"og:site_name\" content=\"findCarGPS.com\" \/>\n<meta property=\"article:modified_time\" content=\"2022-08-20T23:46:05+00:00\" \/>\n<meta name=\"twitter:card\" content=\"summary_large_image\" \/>\n<meta name=\"twitter:label1\" content=\"Tempo di lettura stimato\" \/>\n\t<meta name=\"twitter:data1\" content=\"2 minuti\" \/>\n<script type=\"application\/ld+json\" class=\"yoast-schema-graph\">{\"@context\":\"https:\/\/schema.org\",\"@graph\":[{\"@type\":\"WebPage\",\"@id\":\"https:\/\/findcargps.com\/it\/attivazione-old\/\",\"url\":\"https:\/\/findcargps.com\/it\/attivazione-old\/\",\"name\":\"Attivazione del GPS FindCar - findCarGPS.com\",\"isPartOf\":{\"@id\":\"https:\/\/findcargps.com\/it\/#website\"},\"datePublished\":\"2020-12-09T19:44:46+00:00\",\"dateModified\":\"2022-08-20T23:46:05+00:00\",\"breadcrumb\":{\"@id\":\"https:\/\/findcargps.com\/it\/attivazione-old\/#breadcrumb\"},\"inLanguage\":\"it-IT\",\"potentialAction\":[{\"@type\":\"ReadAction\",\"target\":[\"https:\/\/findcargps.com\/it\/attivazione-old\/\"]}]},{\"@type\":\"BreadcrumbList\",\"@id\":\"https:\/\/findcargps.com\/it\/attivazione-old\/#breadcrumb\",\"itemListElement\":[{\"@type\":\"ListItem\",\"position\":1,\"name\":\"Portada\",\"item\":\"https:\/\/findcargps.com\/it\/\"},{\"@type\":\"ListItem\",\"position\":2,\"name\":\"Attivazione del GPS FindCar\"}]},{\"@type\":\"WebSite\",\"@id\":\"https:\/\/findcargps.com\/it\/#website\",\"url\":\"https:\/\/findcargps.com\/it\/\",\"name\":\"findCarGPS.com\",\"description\":\"Localizadores GPS para coches\",\"publisher\":{\"@id\":\"https:\/\/findcargps.com\/it\/#organization\"},\"potentialAction\":[{\"@type\":\"SearchAction\",\"target\":{\"@type\":\"EntryPoint\",\"urlTemplate\":\"https:\/\/findcargps.com\/it\/?s={search_term_string}\"},\"query-input\":{\"@type\":\"PropertyValueSpecification\",\"valueRequired\":true,\"valueName\":\"search_term_string\"}}],\"inLanguage\":\"it-IT\"},{\"@type\":\"Organization\",\"@id\":\"https:\/\/findcargps.com\/it\/#organization\",\"name\":\"findCarGPS\",\"url\":\"https:\/\/findcargps.com\/it\/\",\"logo\":{\"@type\":\"ImageObject\",\"inLanguage\":\"it-IT\",\"@id\":\"https:\/\/findcargps.com\/it\/#\/schema\/logo\/image\/\",\"url\":\"https:\/\/findcargps.com\/wp-content\/uploads\/sites\/4\/2020\/12\/2.png\",\"contentUrl\":\"https:\/\/findcargps.com\/wp-content\/uploads\/sites\/4\/2020\/12\/2.png\",\"width\":2000,\"height\":1995,\"caption\":\"findCarGPS\"},\"image\":{\"@id\":\"https:\/\/findcargps.com\/it\/#\/schema\/logo\/image\/\"}}]}<\/script>\n<!-- \/ Yoast SEO plugin. -->","yoast_head_json":{"title":"Attivazione del GPS FindCar - findCarGPS.com","robots":{"index":"index","follow":"follow","max-snippet":"max-snippet:-1","max-image-preview":"max-image-preview:large","max-video-preview":"max-video-preview:-1"},"canonical":"https:\/\/findcargps.com\/it\/attivazione-old\/","og_locale":"it_IT","og_type":"article","og_title":"Attivazione del GPS FindCar - findCarGPS.com","og_description":"&#13; Ciao. Se sei arrivato a questa pagina \u00e8 perch\u00e9 hai acquistato un GPS per auto findCar, l&#8217;hai ricevuto correttamente e lo stai per attivare. &#13; &#13; Nessun abbonamento deve essere contratto se il dispositivo non \u00e8 di fronte a te, poich\u00e9 \u00e8 fondamentale assegnare l&#8217;abbonamento al dispositivo ricevuto tramite l&#8217;ID che compare sul retro [&hellip;]","og_url":"https:\/\/findcargps.com\/it\/attivazione-old\/","og_site_name":"findCarGPS.com","article_modified_time":"2022-08-20T23:46:05+00:00","twitter_card":"summary_large_image","twitter_misc":{"Tempo di lettura stimato":"2 minuti"},"schema":{"@context":"https:\/\/schema.org","@graph":[{"@type":"WebPage","@id":"https:\/\/findcargps.com\/it\/attivazione-old\/","url":"https:\/\/findcargps.com\/it\/attivazione-old\/","name":"Attivazione del GPS FindCar - findCarGPS.com","isPartOf":{"@id":"https:\/\/findcargps.com\/it\/#website"},"datePublished":"2020-12-09T19:44:46+00:00","dateModified":"2022-08-20T23:46:05+00:00","breadcrumb":{"@id":"https:\/\/findcargps.com\/it\/attivazione-old\/#breadcrumb"},"inLanguage":"it-IT","potentialAction":[{"@type":"ReadAction","target":["https:\/\/findcargps.com\/it\/attivazione-old\/"]}]},{"@type":"BreadcrumbList","@id":"https:\/\/findcargps.com\/it\/attivazione-old\/#breadcrumb","itemListElement":[{"@type":"ListItem","position":1,"name":"Portada","item":"https:\/\/findcargps.com\/it\/"},{"@type":"ListItem","position":2,"name":"Attivazione del GPS FindCar"}]},{"@type":"WebSite","@id":"https:\/\/findcargps.com\/it\/#website","url":"https:\/\/findcargps.com\/it\/","name":"findCarGPS.com","description":"Localizadores GPS para coches","publisher":{"@id":"https:\/\/findcargps.com\/it\/#organization"},"potentialAction":[{"@type":"SearchAction","target":{"@type":"EntryPoint","urlTemplate":"https:\/\/findcargps.com\/it\/?s={search_term_string}"},"query-input":{"@type":"PropertyValueSpecification","valueRequired":true,"valueName":"search_term_string"}}],"inLanguage":"it-IT"},{"@type":"Organization","@id":"https:\/\/findcargps.com\/it\/#organization","name":"findCarGPS","url":"https:\/\/findcargps.com\/it\/","logo":{"@type":"ImageObject","inLanguage":"it-IT","@id":"https:\/\/findcargps.com\/it\/#\/schema\/logo\/image\/","url":"https:\/\/findcargps.com\/wp-content\/uploads\/sites\/4\/2020\/12\/2.png","contentUrl":"https:\/\/findcargps.com\/wp-content\/uploads\/sites\/4\/2020\/12\/2.png","width":2000,"height":1995,"caption":"findCarGPS"},"image":{"@id":"https:\/\/findcargps.com\/it\/#\/schema\/logo\/image\/"}}]}},"_links":{"self":[{"href":"https:\/\/findcargps.com\/it\/wp-json\/wp\/v2\/pages\/4382","targetHints":{"allow":["GET"]}}],"collection":[{"href":"https:\/\/findcargps.com\/it\/wp-json\/wp\/v2\/pages"}],"about":[{"href":"https:\/\/findcargps.com\/it\/wp-json\/wp\/v2\/types\/page"}],"author":[{"embeddable":true,"href":"https:\/\/findcargps.com\/it\/wp-json\/wp\/v2\/users\/1"}],"replies":[{"embeddable":true,"href":"https:\/\/findcargps.com\/it\/wp-json\/wp\/v2\/comments?post=4382"}],"version-history":[{"count":9,"href":"https:\/\/findcargps.com\/it\/wp-json\/wp\/v2\/pages\/4382\/revisions"}],"predecessor-version":[{"id":7197,"href":"https:\/\/findcargps.com\/it\/wp-json\/wp\/v2\/pages\/4382\/revisions\/7197"}],"wp:attachment":[{"href":"https:\/\/findcargps.com\/it\/wp-json\/wp\/v2\/media?parent=4382"}],"curies":[{"name":"wp","href":"https:\/\/api.w.org\/{rel}","templated":true}]}}