{"id":4324,"date":"2020-12-09T19:44:05","date_gmt":"2020-12-09T18:44:05","guid":{"rendered":"https:\/\/findcargps.com\/avviso-legale\/"},"modified":"2024-08-15T09:57:43","modified_gmt":"2024-08-15T07:57:43","slug":"avviso-legale","status":"publish","type":"page","link":"https:\/\/findcargps.com\/it\/avviso-legale\/","title":{"rendered":"Avviso legale"},"content":{"rendered":"\t\t<div data-elementor-type=\"wp-page\" data-elementor-id=\"4324\" class=\"elementor elementor-4324 elementor-30\" data-elementor-post-type=\"page\">\n\t\t\t\t\t\t<section class=\"elementor-section elementor-top-section elementor-element elementor-element-52a0b8d6 elementor-section-boxed elementor-section-height-default elementor-section-height-default\" data-id=\"52a0b8d6\" data-element_type=\"section\" data-e-type=\"section\">\n\t\t\t\t\t\t<div class=\"elementor-container elementor-column-gap-default\">\n\t\t\t\t\t<div class=\"elementor-column elementor-col-100 elementor-top-column elementor-element elementor-element-5fd139b5\" data-id=\"5fd139b5\" data-element_type=\"column\" data-e-type=\"column\">\n\t\t\t<div class=\"elementor-widget-wrap elementor-element-populated\">\n\t\t\t\t\t\t<div class=\"elementor-element elementor-element-4f2c7434 de_scroll_animation_no elementor-widget elementor-widget-text-editor\" data-id=\"4f2c7434\" data-element_type=\"widget\" data-e-type=\"widget\" data-widget_type=\"text-editor.default\">\n\t\t\t\t<div class=\"elementor-widget-container\">\n\t\t\t\t\t\t\t\t\t<h2>Avviso legale<\/h2>\n<h6 id=\"h-1-condiciones-de-uso\">1. Termini di utilizzo.<\/h6>\n<p>I termini e le condizioni di cui sopra si applicano a tutte le transazioni effettuate su findcargpps.com, di seguito denominato findCar.<\/p>\n<p>findCar fornisce un servizio ai propri clienti con questo sito web. Si prega di consultare i termini e le condizioni di vendita che regolano il nostro sito web. L&#8217;utilizzo da parte del cliente di findCar costituisce un accordo con le seguenti condizioni generali e termini di vendita. Se non si accettano questi termini, si prega di astenersi dall&#8217;utilizzare il sito web.<\/p>\n<p>findCar pu\u00f2 modificare o aggiornare, in tutto o in parte, le presenti condizioni di vendita e condizioni generali, tenendo conto di eventuali modifiche della legislazione e dei regolamenti vigenti. Le nuove condizioni di vendita saranno efficaci dalla data di pubblicazione sul sito findCar. Si consiglia di rivedere frequentemente questi termini e condizioni. Se non sei d&#8217;accordo con le modifiche apportate, ti preghiamo di astenersi dall&#8217;utilizzare il sito web.<\/p>\n<h6 id=\"h-2-contenido-de-la-p-gina-web\">2. Contenuto del sito web.<\/h6>\n<p>findCar cerca sempre che i suoi contenuti siano controllati e non contengano informazioni errate. In caso di errore di questo tipo al di fuori del nostro controllo, procederemo a correggerlo immediatamente.<\/p>\n<p>Ci riserviamo il diritto di correggere eventuali errori, omissioni o imprecisioni e di modificare o aggiornare le informazioni in qualsiasi momento senza preavviso. Ci riserviamo il diritto di modificare l&#8217;offerta commerciale del nostro sito web quando lo riterremo opportuno. Tali modifiche non influenzeranno in nessun caso gli acquisti gi\u00e0 effettuati.<\/p>\n<p>findCar non pu\u00f2 essere ritenuta responsabile per qualsiasi utilizzo del Web o dei suoi contenuti da parte di ciascuno degli utenti che non rispetti la legislazione e le normative in vigore. L&#8217;utente \u00e8 l&#8217;unico ed esclusivo responsabile della comunicazione di informazioni e dati errati, falsi o relativi a terzi (qualora non abbiano espresso il consenso in tal senso), nonch\u00e9 del loro uso improprio.<\/p>\n<p>findCars si \u00e8 impegnata a visualizzare nel modo pi\u00f9 accurato possibile i colori dei prodotti che appaiono sul Web. In ogni caso, i colori che l&#8217;utente vedr\u00e0 dipenderanno anche dal monitor che sta utilizzando, pertanto findCar non pu\u00f2 garantire l&#8217;accuratezza del colore che tale monitor visualizza.<\/p>\n<h6 id=\"h-3-derechos-de-propiedad-intelectual\">3. Diritti di propriet\u00e0 intellettuale.<\/h6>\n<p>L&#8217;utente riconosce e ammette che tutti i diritti d&#8217;autore, i disegni, le fotografie inclusi i diritti di immagine, la grafica, i suoni, la musica, i video, l&#8217;audio, il testo, i marchi e tutti gli altri contenuti e diritti intellettuali e materiali Per quanto riguarda i contenuti qui descritti, sono protetti dal copyright e da altri diritti di propriet\u00e0 intellettuale di findCar e di altri titolari di diritti.<\/p>\n<p>Questo sito web \u00e8 per uso personale e non commerciale dell&#8217;utente. \u00c8 vietato copiare, modificare, distribuire, trasmettere, pubblicare o sfruttare commercialmente qualsiasi contenuto, prodotto o servizio su questo sito web.<\/p>\n<h6 id=\"h-4-comentarios-de-usuarios\">4. Commenti degli utenti.<\/h6>\n<p>Tutti i commenti, idee, opinioni, critiche ecc. offerto a findAuto deve rimanere di propriet\u00e0 della societ\u00e0. L&#8217;utilizzo di tali commenti, opinioni e altri da parte di FindCar non deve essere limitato in alcun modo per scopi commerciali o di altro tipo.<\/p>\n<p>L&#8217;utente si impegna a non fare commenti che possano violare i diritti di terzi. L&#8217;utente si impegna inoltre a non rilasciare commenti che possano contenere connotazioni oscene, illegali o abusive. L&#8217;utente sar\u00e0 l&#8217;unico responsabile del contenuto dei commenti effettuati.<\/p>\n<h6 id=\"h-5-enlaces-con-otros-sitios-web\">5. Collegamenti ad altri siti web.<\/h6>\n<p>findCar pu\u00f2 includere nel Sito Web collegamenti a siti web di terzi. findCar non effettua revisioni su tutti i siti web di terze parti n\u00e9 effettua controlli sugli stessi, pertanto findCar non pu\u00f2 essere ritenuta in alcun modo responsabile per il contenuto di tali siti o per le misure da essi adottate in materia di privacy o trattamento dei dati personali dell&#8217;utente. .<\/p>\n<h6 id=\"h-6-enlaces-con-findpetgps-com\">6. Collegamenti con findCar<\/h6>\n<p>Nel caso in cui tu sia interessato ad attivare un link a questo sito, contatta GPS findCar via e-mail: info@findcargps.com.<\/p>\n<h6 id=\"h-7-legislaci-n-aplicable-y-jurisdicci-n-competente\">7. Legislazione applicabile e giurisdizione competente.<\/h6>\n<p>Gli acquisti effettuati con findCar sono soggetti alla legge spagnola. Le parti si sottopongono, a loro scelta, per la risoluzione dei conflitti e rinunciando a qualsiasi altra giurisdizione, alle corti e ai tribunali del domicilio dell&#8217;utente.<\/p>\n<h6 id=\"h-8-uso-de-cookies\">8. Utilizzo dei cookie.<\/h6>\n<p>Questo sito web utilizza i cookie. Se lo desideri, puoi rifiutare il trattamento dei dati o delle informazioni rifiutando l&#8217;uso dei cookie attraverso l&#8217;apposita configurazione del tuo browser Internet, tuttavia, devi tenere presente che, se lo fai, potresti non essere in grado di utilizzare tutti la funzionalit\u00e0 di questo sito web.<\/p>\n\t\t\t\t\t\t\t\t<\/div>\n\t\t\t\t<\/div>\n\t\t\t\t\t<\/div>\n\t\t<\/div>\n\t\t\t\t\t<\/div>\n\t\t<\/section>\n\t\t\t\t<\/div>\n\t\t","protected":false},"excerpt":{"rendered":"<p>Avviso legale 1. Termini di utilizzo. I termini e le condizioni di cui sopra si applicano a tutte le transazioni effettuate su findcargpps.com, di seguito denominato findCar. findCar fornisce un servizio ai propri clienti con questo sito web. Si prega di consultare i termini e le condizioni di vendita che regolano il nostro sito web. [&hellip;]<\/p>\n","protected":false},"author":1,"featured_media":0,"parent":0,"menu_order":0,"comment_status":"closed","ping_status":"closed","template":"elementor_header_footer","meta":{"footnotes":"","_elementor_edit_mode":"builder","_elementor_template_type":"wp-page","_elementor_data":"[{\"id\":\"52a0b8d6\",\"elType\":\"section\",\"settings\":[],\"elements\":[{\"id\":\"5fd139b5\",\"elType\":\"column\",\"settings\":{\"_column_size\":100},\"elements\":[{\"id\":\"4f2c7434\",\"elType\":\"widget\",\"settings\":{\"editor\":\"<h2>Avviso legale<\\\/h2>\\n<h6 id=\\\"h-1-condiciones-de-uso\\\">1. Termini di utilizzo.<\\\/h6>\\n<p>I termini e le condizioni di cui sopra si applicano a tutte le transazioni effettuate su findcargpps.com, di seguito denominato findCar.<\\\/p>\\n<p>findCar fornisce un servizio ai propri clienti con questo sito web. Si prega di consultare i termini e le condizioni di vendita che regolano il nostro sito web. L'utilizzo da parte del cliente di findCar costituisce un accordo con le seguenti condizioni generali e termini di vendita. Se non si accettano questi termini, si prega di astenersi dall'utilizzare il sito web.<\\\/p>\\n<p>findCar pu\\u00f2 modificare o aggiornare, in tutto o in parte, le presenti condizioni di vendita e condizioni generali, tenendo conto di eventuali modifiche della legislazione e dei regolamenti vigenti. Le nuove condizioni di vendita saranno efficaci dalla data di pubblicazione sul sito findCar. Si consiglia di rivedere frequentemente questi termini e condizioni. Se non sei d'accordo con le modifiche apportate, ti preghiamo di astenersi dall'utilizzare il sito web.<\\\/p>\\n<h6 id=\\\"h-2-contenido-de-la-p-gina-web\\\">2. Contenuto del sito web.<\\\/h6>\\n<p>findCar cerca sempre che i suoi contenuti siano controllati e non contengano informazioni errate. In caso di errore di questo tipo al di fuori del nostro controllo, procederemo a correggerlo immediatamente.<\\\/p>\\n<p>Ci riserviamo il diritto di correggere eventuali errori, omissioni o imprecisioni e di modificare o aggiornare le informazioni in qualsiasi momento senza preavviso. Ci riserviamo il diritto di modificare l'offerta commerciale del nostro sito web quando lo riterremo opportuno. Tali modifiche non influenzeranno in nessun caso gli acquisti gi\\u00e0 effettuati.<\\\/p>\\n<p>findCar non pu\\u00f2 essere ritenuta responsabile per qualsiasi utilizzo del Web o dei suoi contenuti da parte di ciascuno degli utenti che non rispetti la legislazione e le normative in vigore. L'utente \\u00e8 l'unico ed esclusivo responsabile della comunicazione di informazioni e dati errati, falsi o relativi a terzi (qualora non abbiano espresso il consenso in tal senso), nonch\\u00e9 del loro uso improprio.<\\\/p>\\n<p>findCars si \\u00e8 impegnata a visualizzare nel modo pi\\u00f9 accurato possibile i colori dei prodotti che appaiono sul Web. In ogni caso, i colori che l'utente vedr\\u00e0 dipenderanno anche dal monitor che sta utilizzando, pertanto findCar non pu\\u00f2 garantire l'accuratezza del colore che tale monitor visualizza.<\\\/p>\\n<h6 id=\\\"h-3-derechos-de-propiedad-intelectual\\\">3. Diritti di propriet\\u00e0 intellettuale.<\\\/h6>\\n<p>L'utente riconosce e ammette che tutti i diritti d'autore, i disegni, le fotografie inclusi i diritti di immagine, la grafica, i suoni, la musica, i video, l'audio, il testo, i marchi e tutti gli altri contenuti e diritti intellettuali e materiali Per quanto riguarda i contenuti qui descritti, sono protetti dal copyright e da altri diritti di propriet\\u00e0 intellettuale di findCar e di altri titolari di diritti.<\\\/p>\\n<p>Questo sito web \\u00e8 per uso personale e non commerciale dell'utente. \\u00c8 vietato copiare, modificare, distribuire, trasmettere, pubblicare o sfruttare commercialmente qualsiasi contenuto, prodotto o servizio su questo sito web.<\\\/p>\\n<h6 id=\\\"h-4-comentarios-de-usuarios\\\">4. Commenti degli utenti.<\\\/h6>\\n<p>Tutti i commenti, idee, opinioni, critiche ecc. offerto a findAuto deve rimanere di propriet\\u00e0 della societ\\u00e0. L'utilizzo di tali commenti, opinioni e altri da parte di FindCar non deve essere limitato in alcun modo per scopi commerciali o di altro tipo.<\\\/p>\\n<p>L'utente si impegna a non fare commenti che possano violare i diritti di terzi. L'utente si impegna inoltre a non rilasciare commenti che possano contenere connotazioni oscene, illegali o abusive. L'utente sar\\u00e0 l'unico responsabile del contenuto dei commenti effettuati.<\\\/p>\\n<h6 id=\\\"h-5-enlaces-con-otros-sitios-web\\\">5. Collegamenti ad altri siti web.<\\\/h6>\\n<p>findCar pu\\u00f2 includere nel Sito Web collegamenti a siti web di terzi. findCar non effettua revisioni su tutti i siti web di terze parti n\\u00e9 effettua controlli sugli stessi, pertanto findCar non pu\\u00f2 essere ritenuta in alcun modo responsabile per il contenuto di tali siti o per le misure da essi adottate in materia di privacy o trattamento dei dati personali dell'utente. .<\\\/p>\\n<h6 id=\\\"h-6-enlaces-con-findpetgps-com\\\">6. Collegamenti con findCar<\\\/h6>\\n<p>Nel caso in cui tu sia interessato ad attivare un link a questo sito, contatta GPS findCar via e-mail: info@findcargps.com.<\\\/p>\\n<h6 id=\\\"h-7-legislaci-n-aplicable-y-jurisdicci-n-competente\\\">7. Legislazione applicabile e giurisdizione competente.<\\\/h6>\\n<p>Gli acquisti effettuati con findCar sono soggetti alla legge spagnola. Le parti si sottopongono, a loro scelta, per la risoluzione dei conflitti e rinunciando a qualsiasi altra giurisdizione, alle corti e ai tribunali del domicilio dell'utente.<\\\/p>\\n<h6 id=\\\"h-8-uso-de-cookies\\\">8. Utilizzo dei cookie.<\\\/h6>\\n<p>Questo sito web utilizza i cookie. Se lo desideri, puoi rifiutare il trattamento dei dati o delle informazioni rifiutando l'uso dei cookie attraverso l'apposita configurazione del tuo browser Internet, tuttavia, devi tenere presente che, se lo fai, potresti non essere in grado di utilizzare tutti la funzionalit\\u00e0 di questo sito web.<\\\/p>\\n\"},\"elements\":[],\"widgetType\":\"text-editor\"}],\"isInner\":false}],\"isInner\":false}]","_elementor_page_settings":null,"_elementor_conditions":[]},"class_list":["post-4324","page","type-page","status-publish","hentry"],"yoast_head":"<!-- This site is optimized with the Yoast SEO plugin v27.4 - https:\/\/yoast.com\/product\/yoast-seo-wordpress\/ -->\n<title>Avviso legale - findCarGPS.com<\/title>\n<meta name=\"robots\" content=\"index, follow, max-snippet:-1, max-image-preview:large, max-video-preview:-1\" \/>\n<link rel=\"canonical\" href=\"https:\/\/findcargps.com\/it\/avviso-legale\/\" \/>\n<meta property=\"og:locale\" content=\"it_IT\" \/>\n<meta property=\"og:type\" content=\"article\" \/>\n<meta property=\"og:title\" content=\"Avviso legale - findCarGPS.com\" \/>\n<meta property=\"og:description\" content=\"Avviso legale 1. Termini di utilizzo. I termini e le condizioni di cui sopra si applicano a tutte le transazioni effettuate su findcargpps.com, di seguito denominato findCar. findCar fornisce un servizio ai propri clienti con questo sito web. Si prega di consultare i termini e le condizioni di vendita che regolano il nostro sito web. [&hellip;]\" \/>\n<meta property=\"og:url\" content=\"https:\/\/findcargps.com\/it\/avviso-legale\/\" \/>\n<meta property=\"og:site_name\" content=\"findCarGPS.com\" \/>\n<meta property=\"article:modified_time\" content=\"2024-08-15T07:57:43+00:00\" \/>\n<meta name=\"twitter:card\" content=\"summary_large_image\" \/>\n<meta name=\"twitter:label1\" content=\"Tempo di lettura stimato\" \/>\n\t<meta name=\"twitter:data1\" content=\"4 minuti\" \/>\n<script type=\"application\/ld+json\" class=\"yoast-schema-graph\">{\"@context\":\"https:\\\/\\\/schema.org\",\"@graph\":[{\"@type\":\"WebPage\",\"@id\":\"https:\\\/\\\/findcargps.com\\\/it\\\/avviso-legale\\\/\",\"url\":\"https:\\\/\\\/findcargps.com\\\/it\\\/avviso-legale\\\/\",\"name\":\"Avviso legale - findCarGPS.com\",\"isPartOf\":{\"@id\":\"https:\\\/\\\/findcargps.com\\\/it\\\/#website\"},\"datePublished\":\"2020-12-09T18:44:05+00:00\",\"dateModified\":\"2024-08-15T07:57:43+00:00\",\"breadcrumb\":{\"@id\":\"https:\\\/\\\/findcargps.com\\\/it\\\/avviso-legale\\\/#breadcrumb\"},\"inLanguage\":\"it-IT\",\"potentialAction\":[{\"@type\":\"ReadAction\",\"target\":[\"https:\\\/\\\/findcargps.com\\\/it\\\/avviso-legale\\\/\"]}]},{\"@type\":\"BreadcrumbList\",\"@id\":\"https:\\\/\\\/findcargps.com\\\/it\\\/avviso-legale\\\/#breadcrumb\",\"itemListElement\":[{\"@type\":\"ListItem\",\"position\":1,\"name\":\"Portada\",\"item\":\"https:\\\/\\\/findcargps.com\\\/it\\\/\"},{\"@type\":\"ListItem\",\"position\":2,\"name\":\"Avviso legale\"}]},{\"@type\":\"WebSite\",\"@id\":\"https:\\\/\\\/findcargps.com\\\/it\\\/#website\",\"url\":\"https:\\\/\\\/findcargps.com\\\/it\\\/\",\"name\":\"findCarGPS.com\",\"description\":\"Localizadores GPS para coches\",\"publisher\":{\"@id\":\"https:\\\/\\\/findcargps.com\\\/it\\\/#organization\"},\"potentialAction\":[{\"@type\":\"SearchAction\",\"target\":{\"@type\":\"EntryPoint\",\"urlTemplate\":\"https:\\\/\\\/findcargps.com\\\/it\\\/?s={search_term_string}\"},\"query-input\":{\"@type\":\"PropertyValueSpecification\",\"valueRequired\":true,\"valueName\":\"search_term_string\"}}],\"inLanguage\":\"it-IT\"},{\"@type\":\"Organization\",\"@id\":\"https:\\\/\\\/findcargps.com\\\/it\\\/#organization\",\"name\":\"findCarGPS\",\"url\":\"https:\\\/\\\/findcargps.com\\\/it\\\/\",\"logo\":{\"@type\":\"ImageObject\",\"inLanguage\":\"it-IT\",\"@id\":\"https:\\\/\\\/findcargps.com\\\/it\\\/#\\\/schema\\\/logo\\\/image\\\/\",\"url\":\"https:\\\/\\\/findcargps.com\\\/wp-content\\\/uploads\\\/sites\\\/4\\\/2020\\\/12\\\/2.png\",\"contentUrl\":\"https:\\\/\\\/findcargps.com\\\/wp-content\\\/uploads\\\/sites\\\/4\\\/2020\\\/12\\\/2.png\",\"width\":2000,\"height\":1995,\"caption\":\"findCarGPS\"},\"image\":{\"@id\":\"https:\\\/\\\/findcargps.com\\\/it\\\/#\\\/schema\\\/logo\\\/image\\\/\"}}]}<\/script>\n<!-- \/ Yoast SEO plugin. -->","yoast_head_json":{"title":"Avviso legale - findCarGPS.com","robots":{"index":"index","follow":"follow","max-snippet":"max-snippet:-1","max-image-preview":"max-image-preview:large","max-video-preview":"max-video-preview:-1"},"canonical":"https:\/\/findcargps.com\/it\/avviso-legale\/","og_locale":"it_IT","og_type":"article","og_title":"Avviso legale - findCarGPS.com","og_description":"Avviso legale 1. Termini di utilizzo. I termini e le condizioni di cui sopra si applicano a tutte le transazioni effettuate su findcargpps.com, di seguito denominato findCar. findCar fornisce un servizio ai propri clienti con questo sito web. Si prega di consultare i termini e le condizioni di vendita che regolano il nostro sito web. [&hellip;]","og_url":"https:\/\/findcargps.com\/it\/avviso-legale\/","og_site_name":"findCarGPS.com","article_modified_time":"2024-08-15T07:57:43+00:00","twitter_card":"summary_large_image","twitter_misc":{"Tempo di lettura stimato":"4 minuti"},"schema":{"@context":"https:\/\/schema.org","@graph":[{"@type":"WebPage","@id":"https:\/\/findcargps.com\/it\/avviso-legale\/","url":"https:\/\/findcargps.com\/it\/avviso-legale\/","name":"Avviso legale - findCarGPS.com","isPartOf":{"@id":"https:\/\/findcargps.com\/it\/#website"},"datePublished":"2020-12-09T18:44:05+00:00","dateModified":"2024-08-15T07:57:43+00:00","breadcrumb":{"@id":"https:\/\/findcargps.com\/it\/avviso-legale\/#breadcrumb"},"inLanguage":"it-IT","potentialAction":[{"@type":"ReadAction","target":["https:\/\/findcargps.com\/it\/avviso-legale\/"]}]},{"@type":"BreadcrumbList","@id":"https:\/\/findcargps.com\/it\/avviso-legale\/#breadcrumb","itemListElement":[{"@type":"ListItem","position":1,"name":"Portada","item":"https:\/\/findcargps.com\/it\/"},{"@type":"ListItem","position":2,"name":"Avviso legale"}]},{"@type":"WebSite","@id":"https:\/\/findcargps.com\/it\/#website","url":"https:\/\/findcargps.com\/it\/","name":"findCarGPS.com","description":"Localizadores GPS para coches","publisher":{"@id":"https:\/\/findcargps.com\/it\/#organization"},"potentialAction":[{"@type":"SearchAction","target":{"@type":"EntryPoint","urlTemplate":"https:\/\/findcargps.com\/it\/?s={search_term_string}"},"query-input":{"@type":"PropertyValueSpecification","valueRequired":true,"valueName":"search_term_string"}}],"inLanguage":"it-IT"},{"@type":"Organization","@id":"https:\/\/findcargps.com\/it\/#organization","name":"findCarGPS","url":"https:\/\/findcargps.com\/it\/","logo":{"@type":"ImageObject","inLanguage":"it-IT","@id":"https:\/\/findcargps.com\/it\/#\/schema\/logo\/image\/","url":"https:\/\/findcargps.com\/wp-content\/uploads\/sites\/4\/2020\/12\/2.png","contentUrl":"https:\/\/findcargps.com\/wp-content\/uploads\/sites\/4\/2020\/12\/2.png","width":2000,"height":1995,"caption":"findCarGPS"},"image":{"@id":"https:\/\/findcargps.com\/it\/#\/schema\/logo\/image\/"}}]}},"_links":{"self":[{"href":"https:\/\/findcargps.com\/it\/wp-json\/wp\/v2\/pages\/4324","targetHints":{"allow":["GET"]}}],"collection":[{"href":"https:\/\/findcargps.com\/it\/wp-json\/wp\/v2\/pages"}],"about":[{"href":"https:\/\/findcargps.com\/it\/wp-json\/wp\/v2\/types\/page"}],"author":[{"embeddable":true,"href":"https:\/\/findcargps.com\/it\/wp-json\/wp\/v2\/users\/1"}],"replies":[{"embeddable":true,"href":"https:\/\/findcargps.com\/it\/wp-json\/wp\/v2\/comments?post=4324"}],"version-history":[{"count":5,"href":"https:\/\/findcargps.com\/it\/wp-json\/wp\/v2\/pages\/4324\/revisions"}],"predecessor-version":[{"id":54990,"href":"https:\/\/findcargps.com\/it\/wp-json\/wp\/v2\/pages\/4324\/revisions\/54990"}],"wp:attachment":[{"href":"https:\/\/findcargps.com\/it\/wp-json\/wp\/v2\/media?parent=4324"}],"curies":[{"name":"wp","href":"https:\/\/api.w.org\/{rel}","templated":true}]}}