{"id":4481,"date":"2020-12-01T17:16:37","date_gmt":"2020-12-01T16:16:37","guid":{"rendered":"https:\/\/findcargps.com\/producto\/abonnement-findcar\/"},"modified":"2025-12-29T14:24:54","modified_gmt":"2025-12-29T13:24:54","slug":"abonnement","status":"publish","type":"product","link":"https:\/\/findcargps.com\/fr\/produit\/abonnement\/","title":{"rendered":"Abonnement findCar"},"content":{"rendered":"","protected":false},"excerpt":{"rendered":"<p>Abonnement aux services de localisation findCar (1 appareil)<\/p>\n<ul class=\"elementskit-pricing-lists\">\n<li class=\"elementor-repeater-item-c974d3f\">Suivi par GPS<\/li>\n<li class=\"elementor-repeater-item-bf19d48\"><i class=\"icon icon-tick\" aria-hidden=\"true\"><\/i> Mise \u00e0 jour toutes les 10 secondes<\/li>\n<li class=\"elementor-repeater-item-8f45c0a\"><i class=\"icon icon-tick\" aria-hidden=\"true\"><\/i> Couverture mondiale<\/li>\n<li class=\"elementor-repeater-item-398b39d\"><i class=\"icon icon-tick\" aria-hidden=\"true\"><\/i> Historique de localisation pour l&rsquo;ann\u00e9e \u00e9coul\u00e9e<\/li>\n<li class=\"elementor-repeater-item-20eb3f2\"><i class=\"icon icon-tick\" aria-hidden=\"true\"><\/i> Service client de base<\/li>\n<li class=\"elementor-repeater-item-4ab261e\"><i class=\"icon icon-tick\" aria-hidden=\"true\"><\/i> Service client chat WhatsApp<\/li>\n<\/ul>\n","protected":false},"featured_media":99610,"template":"","meta":{"_elementor_edit_mode":"","_elementor_template_type":"product-post","_elementor_data":"[{\"id\":\"b7499f7\",\"elType\":\"section\",\"settings\":[],\"elements\":[{\"id\":\"574e794\",\"elType\":\"column\",\"settings\":{\"_column_size\":100,\"_inline_size\":null},\"elements\":[{\"id\":\"7bda60e\",\"elType\":\"widget\",\"settings\":{\"element\":\"product_page\",\"product_id\":\"11\"},\"elements\":[],\"widgetType\":\"wc-elements\"}],\"isInner\":false}],\"isInner\":false}]","_elementor_page_settings":[],"_elementor_conditions":[]},"product_brand":[101],"product_cat":[60],"product_tag":[],"class_list":{"0":"post-4481","1":"product","2":"type-product","3":"status-publish","4":"has-post-thumbnail","6":"product_brand-findcar","7":"product_cat-abonnements","9":"first","10":"instock","11":"taxable","12":"shipping-taxable","13":"purchasable","14":"product-type-variable-subscription"},"bundled_by":[],"bundle_stock_status":"instock","bundle_stock_quantity":null,"bundle_virtual":false,"bundle_layout":"","bundle_add_to_cart_form_location":"","bundle_editable_in_cart":false,"bundle_sold_individually_context":"","bundle_item_grouping":"","bundle_min_size":"","bundle_max_size":"","bundle_price":[],"bundled_items":[],"bundle_sell_ids":[],"exclude_global_add_ons":true,"addons":[{"name":"dispositif GPS s\u00e9curis\u00e9","type":"multiple_choice","position":0,"required":false,"title_format":"label","description_enable":true,"description":"inclut en option le remplacement de votre appareil sur une base illimit\u00e9e","placeholder_enable":false,"placeholder":"","display":"select","restrictions_type":"any_text","adjust_price":false,"price":"","price_type":"flat_fee","restrictions":false,"min":0,"max":0,"options":[{"label":"garantir le remplacement illimit\u00e9 de l'appareil GPS","price":"15","price_type":"percentage_based","image":0}],"id":1736791729}],"yoast_head":"<!-- This site is optimized with the Yoast SEO plugin v27.4 - https:\/\/yoast.com\/product\/yoast-seo-wordpress\/ -->\n<title>Abonnement findCar - findCarGPS.com<\/title>\n<meta name=\"robots\" content=\"index, follow, max-snippet:-1, max-image-preview:large, max-video-preview:-1\" \/>\n<link rel=\"canonical\" href=\"https:\/\/findcargps.com\/fr\/produit\/abonnement\/\" \/>\n<meta property=\"og:locale\" content=\"fr_FR\" \/>\n<meta property=\"og:type\" content=\"article\" \/>\n<meta property=\"og:title\" content=\"Abonnement findCar - findCarGPS.com\" \/>\n<meta property=\"og:description\" content=\"Abonnement aux services de localisation findCar (1 appareil)   Suivi par GPS   Mise \u00e0 jour toutes les 10 secondes   Couverture mondiale   Historique de localisation pour l&#039;ann\u00e9e \u00e9coul\u00e9e   Service client de base   Service client chat WhatsApp\" \/>\n<meta property=\"og:url\" content=\"https:\/\/findcargps.com\/fr\/produit\/abonnement\/\" \/>\n<meta property=\"og:site_name\" content=\"findCarGPS.com\" \/>\n<meta property=\"article:modified_time\" content=\"2025-12-29T13:24:54+00:00\" \/>\n<meta property=\"og:image\" content=\"http:\/\/findcargps.com\/wp-content\/uploads\/sites\/4\/2025\/04\/FindCarGPS-08fr.png\" \/>\n\t<meta property=\"og:image:width\" content=\"1080\" \/>\n\t<meta property=\"og:image:height\" content=\"1080\" \/>\n\t<meta property=\"og:image:type\" content=\"image\/png\" \/>\n<meta name=\"twitter:card\" content=\"summary_large_image\" \/>\n<meta name=\"twitter:label1\" content=\"Dur\u00e9e de lecture estim\u00e9e\" \/>\n\t<meta name=\"twitter:data1\" content=\"1 minute\" \/>\n<script type=\"application\/ld+json\" class=\"yoast-schema-graph\">{\"@context\":\"https:\\\/\\\/schema.org\",\"@graph\":[{\"@type\":\"WebPage\",\"@id\":\"https:\\\/\\\/findcargps.com\\\/fr\\\/produit\\\/abonnement\\\/\",\"url\":\"https:\\\/\\\/findcargps.com\\\/fr\\\/produit\\\/abonnement\\\/\",\"name\":\"Abonnement findCar - findCarGPS.com\",\"isPartOf\":{\"@id\":\"https:\\\/\\\/findcargps.com\\\/fr\\\/#website\"},\"primaryImageOfPage\":{\"@id\":\"https:\\\/\\\/findcargps.com\\\/fr\\\/produit\\\/abonnement\\\/#primaryimage\"},\"image\":{\"@id\":\"https:\\\/\\\/findcargps.com\\\/fr\\\/produit\\\/abonnement\\\/#primaryimage\"},\"thumbnailUrl\":\"https:\\\/\\\/findcargps.com\\\/wp-content\\\/uploads\\\/sites\\\/4\\\/2025\\\/04\\\/FindCarGPS-08fr.png\",\"datePublished\":\"2020-12-01T16:16:37+00:00\",\"dateModified\":\"2025-12-29T13:24:54+00:00\",\"breadcrumb\":{\"@id\":\"https:\\\/\\\/findcargps.com\\\/fr\\\/produit\\\/abonnement\\\/#breadcrumb\"},\"inLanguage\":\"fr-FR\",\"potentialAction\":[{\"@type\":\"ReadAction\",\"target\":[\"https:\\\/\\\/findcargps.com\\\/fr\\\/produit\\\/abonnement\\\/\"]}]},{\"@type\":\"ImageObject\",\"inLanguage\":\"fr-FR\",\"@id\":\"https:\\\/\\\/findcargps.com\\\/fr\\\/produit\\\/abonnement\\\/#primaryimage\",\"url\":\"https:\\\/\\\/findcargps.com\\\/wp-content\\\/uploads\\\/sites\\\/4\\\/2025\\\/04\\\/FindCarGPS-08fr.png\",\"contentUrl\":\"https:\\\/\\\/findcargps.com\\\/wp-content\\\/uploads\\\/sites\\\/4\\\/2025\\\/04\\\/FindCarGPS-08fr.png\",\"width\":1080,\"height\":1080},{\"@type\":\"BreadcrumbList\",\"@id\":\"https:\\\/\\\/findcargps.com\\\/fr\\\/produit\\\/abonnement\\\/#breadcrumb\",\"itemListElement\":[{\"@type\":\"ListItem\",\"position\":1,\"name\":\"Portada\",\"item\":\"https:\\\/\\\/findcargps.com\\\/fr\\\/\"},{\"@type\":\"ListItem\",\"position\":2,\"name\":\"boutique\",\"item\":\"https:\\\/\\\/findcargps.com\\\/fr\\\/boutique\\\/\"},{\"@type\":\"ListItem\",\"position\":3,\"name\":\"Abonnement findCar\"}]},{\"@type\":\"WebSite\",\"@id\":\"https:\\\/\\\/findcargps.com\\\/fr\\\/#website\",\"url\":\"https:\\\/\\\/findcargps.com\\\/fr\\\/\",\"name\":\"findCarGPS.com\",\"description\":\"Localizadores GPS para coches\",\"publisher\":{\"@id\":\"https:\\\/\\\/findcargps.com\\\/fr\\\/#organization\"},\"potentialAction\":[{\"@type\":\"SearchAction\",\"target\":{\"@type\":\"EntryPoint\",\"urlTemplate\":\"https:\\\/\\\/findcargps.com\\\/fr\\\/?s={search_term_string}\"},\"query-input\":{\"@type\":\"PropertyValueSpecification\",\"valueRequired\":true,\"valueName\":\"search_term_string\"}}],\"inLanguage\":\"fr-FR\"},{\"@type\":\"Organization\",\"@id\":\"https:\\\/\\\/findcargps.com\\\/fr\\\/#organization\",\"name\":\"findCarGPS\",\"url\":\"https:\\\/\\\/findcargps.com\\\/fr\\\/\",\"logo\":{\"@type\":\"ImageObject\",\"inLanguage\":\"fr-FR\",\"@id\":\"https:\\\/\\\/findcargps.com\\\/fr\\\/#\\\/schema\\\/logo\\\/image\\\/\",\"url\":\"https:\\\/\\\/findcargps.com\\\/wp-content\\\/uploads\\\/sites\\\/4\\\/2020\\\/12\\\/2.png\",\"contentUrl\":\"https:\\\/\\\/findcargps.com\\\/wp-content\\\/uploads\\\/sites\\\/4\\\/2020\\\/12\\\/2.png\",\"width\":2000,\"height\":1995,\"caption\":\"findCarGPS\"},\"image\":{\"@id\":\"https:\\\/\\\/findcargps.com\\\/fr\\\/#\\\/schema\\\/logo\\\/image\\\/\"}}]}<\/script>\n<!-- \/ Yoast SEO plugin. -->","yoast_head_json":{"title":"Abonnement findCar - findCarGPS.com","robots":{"index":"index","follow":"follow","max-snippet":"max-snippet:-1","max-image-preview":"max-image-preview:large","max-video-preview":"max-video-preview:-1"},"canonical":"https:\/\/findcargps.com\/fr\/produit\/abonnement\/","og_locale":"fr_FR","og_type":"article","og_title":"Abonnement findCar - findCarGPS.com","og_description":"Abonnement aux services de localisation findCar (1 appareil)   Suivi par GPS   Mise \u00e0 jour toutes les 10 secondes   Couverture mondiale   Historique de localisation pour l'ann\u00e9e \u00e9coul\u00e9e   Service client de base   Service client chat WhatsApp","og_url":"https:\/\/findcargps.com\/fr\/produit\/abonnement\/","og_site_name":"findCarGPS.com","article_modified_time":"2025-12-29T13:24:54+00:00","og_image":[{"width":1080,"height":1080,"url":"http:\/\/findcargps.com\/wp-content\/uploads\/sites\/4\/2025\/04\/FindCarGPS-08fr.png","type":"image\/png"}],"twitter_card":"summary_large_image","twitter_misc":{"Dur\u00e9e de lecture estim\u00e9e":"1 minute"},"schema":{"@context":"https:\/\/schema.org","@graph":[{"@type":"WebPage","@id":"https:\/\/findcargps.com\/fr\/produit\/abonnement\/","url":"https:\/\/findcargps.com\/fr\/produit\/abonnement\/","name":"Abonnement findCar - findCarGPS.com","isPartOf":{"@id":"https:\/\/findcargps.com\/fr\/#website"},"primaryImageOfPage":{"@id":"https:\/\/findcargps.com\/fr\/produit\/abonnement\/#primaryimage"},"image":{"@id":"https:\/\/findcargps.com\/fr\/produit\/abonnement\/#primaryimage"},"thumbnailUrl":"https:\/\/findcargps.com\/wp-content\/uploads\/sites\/4\/2025\/04\/FindCarGPS-08fr.png","datePublished":"2020-12-01T16:16:37+00:00","dateModified":"2025-12-29T13:24:54+00:00","breadcrumb":{"@id":"https:\/\/findcargps.com\/fr\/produit\/abonnement\/#breadcrumb"},"inLanguage":"fr-FR","potentialAction":[{"@type":"ReadAction","target":["https:\/\/findcargps.com\/fr\/produit\/abonnement\/"]}]},{"@type":"ImageObject","inLanguage":"fr-FR","@id":"https:\/\/findcargps.com\/fr\/produit\/abonnement\/#primaryimage","url":"https:\/\/findcargps.com\/wp-content\/uploads\/sites\/4\/2025\/04\/FindCarGPS-08fr.png","contentUrl":"https:\/\/findcargps.com\/wp-content\/uploads\/sites\/4\/2025\/04\/FindCarGPS-08fr.png","width":1080,"height":1080},{"@type":"BreadcrumbList","@id":"https:\/\/findcargps.com\/fr\/produit\/abonnement\/#breadcrumb","itemListElement":[{"@type":"ListItem","position":1,"name":"Portada","item":"https:\/\/findcargps.com\/fr\/"},{"@type":"ListItem","position":2,"name":"boutique","item":"https:\/\/findcargps.com\/fr\/boutique\/"},{"@type":"ListItem","position":3,"name":"Abonnement findCar"}]},{"@type":"WebSite","@id":"https:\/\/findcargps.com\/fr\/#website","url":"https:\/\/findcargps.com\/fr\/","name":"findCarGPS.com","description":"Localizadores GPS para coches","publisher":{"@id":"https:\/\/findcargps.com\/fr\/#organization"},"potentialAction":[{"@type":"SearchAction","target":{"@type":"EntryPoint","urlTemplate":"https:\/\/findcargps.com\/fr\/?s={search_term_string}"},"query-input":{"@type":"PropertyValueSpecification","valueRequired":true,"valueName":"search_term_string"}}],"inLanguage":"fr-FR"},{"@type":"Organization","@id":"https:\/\/findcargps.com\/fr\/#organization","name":"findCarGPS","url":"https:\/\/findcargps.com\/fr\/","logo":{"@type":"ImageObject","inLanguage":"fr-FR","@id":"https:\/\/findcargps.com\/fr\/#\/schema\/logo\/image\/","url":"https:\/\/findcargps.com\/wp-content\/uploads\/sites\/4\/2020\/12\/2.png","contentUrl":"https:\/\/findcargps.com\/wp-content\/uploads\/sites\/4\/2020\/12\/2.png","width":2000,"height":1995,"caption":"findCarGPS"},"image":{"@id":"https:\/\/findcargps.com\/fr\/#\/schema\/logo\/image\/"}}]}},"_links":{"self":[{"href":"https:\/\/findcargps.com\/fr\/wp-json\/wp\/v2\/product\/4481","targetHints":{"allow":["GET"]}}],"collection":[{"href":"https:\/\/findcargps.com\/fr\/wp-json\/wp\/v2\/product"}],"about":[{"href":"https:\/\/findcargps.com\/fr\/wp-json\/wp\/v2\/types\/product"}],"version-history":[{"count":4,"href":"https:\/\/findcargps.com\/fr\/wp-json\/wp\/v2\/product\/4481\/revisions"}],"predecessor-version":[{"id":99657,"href":"https:\/\/findcargps.com\/fr\/wp-json\/wp\/v2\/product\/4481\/revisions\/99657"}],"wp:featuredmedia":[{"embeddable":true,"href":"https:\/\/findcargps.com\/fr\/wp-json\/wp\/v2\/media\/99610"}],"wp:attachment":[{"href":"https:\/\/findcargps.com\/fr\/wp-json\/wp\/v2\/media?parent=4481"}],"wp:term":[{"taxonomy":"product_brand","embeddable":true,"href":"https:\/\/findcargps.com\/fr\/wp-json\/wp\/v2\/product_brand?post=4481"},{"taxonomy":"product_cat","embeddable":true,"href":"https:\/\/findcargps.com\/fr\/wp-json\/wp\/v2\/product_cat?post=4481"},{"taxonomy":"product_tag","embeddable":true,"href":"https:\/\/findcargps.com\/fr\/wp-json\/wp\/v2\/product_tag?post=4481"}],"curies":[{"name":"wp","href":"https:\/\/api.w.org\/{rel}","templated":true}]}}