{"id":4390,"date":"2020-12-09T20:45:20","date_gmt":"2020-12-09T19:45:20","guid":{"rendered":"https:\/\/findcargps.com\/localisateur-gps-pour-voitures\/"},"modified":"2022-02-22T13:14:16","modified_gmt":"2022-02-22T12:14:16","slug":"localisateur-gps-pour-voitures","status":"publish","type":"page","link":"https:\/\/findcargps.com\/fr\/localisateur-gps-pour-voitures\/","title":{"rendered":"Localisateur GPS pour voitures"},"content":{"rendered":"\n<h1><strong>GPS findCar<\/strong> localisateur de voiture<\/h1>\n<p>Les localisateurs GPS findCar pour voitures vous permettent de conna\u00eetre \u00e0 tout moment l&#8217;emplacement de votre v\u00e9hicule, ainsi que de consulter l&rsquo;historique des itin\u00e9raires, des emplacements, des arr\u00eats et bien plus encore! Ils sont le meilleur moyen d&rsquo;avoir la tranquillit\u00e9 d&rsquo;esprit de toujours avoir votre voiture localis\u00e9e.<\/p>\n<p>Vous serez en mesure de conna\u00eetre sa position gr\u00e2ce \u00e0 son syst\u00e8me de localisation GPS, et il vous fournira \u00e9galement une grande quantit\u00e9 d&rsquo;informations suppl\u00e9mentaires telles que ses itin\u00e9raires et arr\u00eats, ses emplacements historiques sur les cartes, sa localisation en direct et bien plus encore. Avec les localisateurs GPS OBD finCar pour voitures, vous aurez toujours la tranquillit\u00e9 d&rsquo;esprit de savoir o\u00f9 et comment vous \u00eates.<\/p>\n<p>Les localisateurs GPS findCar pour voitures sont \u00e9galement tr\u00e8s faciles \u00e0 installer, ils sont enti\u00e8rement pr\u00e9configur\u00e9s. Il vous suffit de les connecter au connecteur OBD2 de votre voiture (99% des voitures l&rsquo;ont, m\u00eame si vous ne l&rsquo;avez jamais vu!). Le connecteur OBD se trouve g\u00e9n\u00e9ralement dans la zone sous le volant, le localisateur est donc cach\u00e9.<\/p>\n\t<h2>La localisation de votre voiture \u00e0 tout moment est tr\u00e8s simple!<\/h2>\n<p>Nous avons con\u00e7u le localisateur GPS findCar OBD pour les voitures afin qu&rsquo;il puisse \u00eatre utilis\u00e9 facilement par n&rsquo;importe qui. L&rsquo;installation est extr\u00eamement simple, elle est pr\u00e9configur\u00e9e en usine et l&rsquo;application est con\u00e7ue dans le but d&rsquo;\u00eatre tr\u00e8s intuitive. Vous pourrez voir en temps r\u00e9el les mouvements de votre voiture, voir l&rsquo;historique, recevoir des alertes si vous quittez la zone marqu\u00e9e, et bien plus encore!<\/p>\n<h3>\n\t\tfindcar obd gps fonctionnalit\u00e9s\n\t<\/h3>\n\t\t\t\t<img fetchpriority=\"high\" decoding=\"async\" src=\"https:\/\/findpetgps.com\/wp-content\/uploads\/2020\/11\/entrega-urgente.png\" alt=\"entrega-urgente\" itemprop=\"image\" height=\"512\" width=\"512\" title=\"entrega-urgente\" onerror=\"this.style.display='none'\">\n<h4>\n\t\tenv\u00edos gratuitos\n\t<\/h4>\n\t<p>envios gratuitos en toda Europa continental<\/p>\n\t\t\t\t<img decoding=\"async\" src=\"https:\/\/findpetgps.com\/wp-content\/uploads\/2020\/11\/garantia-1.png\" alt=\"garantia (1)\" itemprop=\"image\" height=\"512\" width=\"512\" title=\"garantia (1)\" onerror=\"this.style.display='none'\">\n<h4>\n\t\t2 a\u00f1os de garant\u00eda\n\t<\/h4>\n\t<p>2 a\u00f1os de garant\u00eda v\u00e1lida en toda Europa<\/p>\n\t\t\t\t<img decoding=\"async\" src=\"https:\/\/findpetgps.com\/wp-content\/uploads\/2020\/11\/devolucion-de-dinero-1.png\" alt=\"reembolso\" itemprop=\"image\" height=\"512\" width=\"512\" title=\"devolucion-de-dinero (1)\" onerror=\"this.style.display='none'\">\n<h4>\n\t\tdevoluciones\n\t<\/h4>\n\t<p>dispones de 20 d\u00edas para devolver el producto sin explicaciones<\/p>\n\t\t\t\t<img loading=\"lazy\" decoding=\"async\" src=\"https:\/\/findpetgps.com\/wp-content\/uploads\/2020\/11\/pago-seguro.png\" alt=\"pago-seguro\" itemprop=\"image\" height=\"512\" width=\"512\" title=\"pago-seguro\" onerror=\"this.style.display='none'\">\n<h4>\n\t\tpago seguro\n\t<\/h4>\n\t<p>pasarela de pagos segura VISA, maestro, mastercard<\/p>\n","protected":false},"excerpt":{"rendered":"","protected":false},"author":1,"featured_media":0,"parent":0,"menu_order":0,"comment_status":"closed","ping_status":"closed","template":"","meta":{"footnotes":"","_elementor_edit_mode":"","_elementor_template_type":"","_elementor_data":"","_elementor_page_settings":null,"_elementor_conditions":[]},"class_list":["post-4390","page","type-page","status-publish","hentry"],"yoast_head":"<!-- This site is optimized with the Yoast SEO plugin v27.4 - https:\/\/yoast.com\/product\/yoast-seo-wordpress\/ -->\n<title>FindCarGPS - Localisateur GPS pour les voitures!<\/title>\n<meta name=\"description\" content=\"Localisateur GPS - Obtient le meilleur traceur gps voiture \u00e0 des prix accessible, Nous fournissons le meilleur localisateur gps de voiture sans installation, contactez-nous.\" \/>\n<meta name=\"robots\" content=\"index, follow, max-snippet:-1, max-image-preview:large, max-video-preview:-1\" \/>\n<link rel=\"canonical\" href=\"https:\/\/findcargps.com\/fr\/localisateur-gps-pour-voitures\/\" \/>\n<meta property=\"og:locale\" content=\"fr_FR\" \/>\n<meta property=\"og:type\" content=\"article\" \/>\n<meta property=\"og:title\" content=\"FindCarGPS - Localisateur GPS pour les voitures!\" \/>\n<meta property=\"og:description\" content=\"Localisateur GPS - Obtient le meilleur traceur gps voiture \u00e0 des prix accessible, Nous fournissons le meilleur localisateur gps de voiture sans installation, contactez-nous.\" \/>\n<meta property=\"og:url\" content=\"https:\/\/findcargps.com\/fr\/localisateur-gps-pour-voitures\/\" \/>\n<meta property=\"og:site_name\" content=\"findCarGPS.com\" \/>\n<meta property=\"article:modified_time\" content=\"2022-02-22T12:14:16+00:00\" \/>\n<meta property=\"og:image\" content=\"https:\/\/findpetgps.com\/wp-content\/uploads\/2020\/11\/entrega-urgente.png\" \/>\n<meta name=\"twitter:card\" content=\"summary_large_image\" \/>\n<meta name=\"twitter:label1\" content=\"Dur\u00e9e de lecture estim\u00e9e\" \/>\n\t<meta name=\"twitter:data1\" content=\"3 minutes\" \/>\n<script type=\"application\/ld+json\" class=\"yoast-schema-graph\">{\"@context\":\"https:\\\/\\\/schema.org\",\"@graph\":[{\"@type\":\"WebPage\",\"@id\":\"https:\\\/\\\/findcargps.com\\\/fr\\\/localisateur-gps-pour-voitures\\\/\",\"url\":\"https:\\\/\\\/findcargps.com\\\/fr\\\/localisateur-gps-pour-voitures\\\/\",\"name\":\"FindCarGPS - Localisateur GPS pour les voitures!\",\"isPartOf\":{\"@id\":\"https:\\\/\\\/findcargps.com\\\/fr\\\/#website\"},\"primaryImageOfPage\":{\"@id\":\"https:\\\/\\\/findcargps.com\\\/fr\\\/localisateur-gps-pour-voitures\\\/#primaryimage\"},\"image\":{\"@id\":\"https:\\\/\\\/findcargps.com\\\/fr\\\/localisateur-gps-pour-voitures\\\/#primaryimage\"},\"thumbnailUrl\":\"https:\\\/\\\/findpetgps.com\\\/wp-content\\\/uploads\\\/2020\\\/11\\\/entrega-urgente.png\",\"datePublished\":\"2020-12-09T19:45:20+00:00\",\"dateModified\":\"2022-02-22T12:14:16+00:00\",\"description\":\"Localisateur GPS - Obtient le meilleur traceur gps voiture \u00e0 des prix accessible, Nous fournissons le meilleur localisateur gps de voiture sans installation, contactez-nous.\",\"breadcrumb\":{\"@id\":\"https:\\\/\\\/findcargps.com\\\/fr\\\/localisateur-gps-pour-voitures\\\/#breadcrumb\"},\"inLanguage\":\"fr-FR\",\"potentialAction\":[{\"@type\":\"ReadAction\",\"target\":[\"https:\\\/\\\/findcargps.com\\\/fr\\\/localisateur-gps-pour-voitures\\\/\"]}]},{\"@type\":\"ImageObject\",\"inLanguage\":\"fr-FR\",\"@id\":\"https:\\\/\\\/findcargps.com\\\/fr\\\/localisateur-gps-pour-voitures\\\/#primaryimage\",\"url\":\"https:\\\/\\\/findpetgps.com\\\/wp-content\\\/uploads\\\/2020\\\/11\\\/entrega-urgente.png\",\"contentUrl\":\"https:\\\/\\\/findpetgps.com\\\/wp-content\\\/uploads\\\/2020\\\/11\\\/entrega-urgente.png\"},{\"@type\":\"BreadcrumbList\",\"@id\":\"https:\\\/\\\/findcargps.com\\\/fr\\\/localisateur-gps-pour-voitures\\\/#breadcrumb\",\"itemListElement\":[{\"@type\":\"ListItem\",\"position\":1,\"name\":\"Portada\",\"item\":\"https:\\\/\\\/findcargps.com\\\/fr\\\/\"},{\"@type\":\"ListItem\",\"position\":2,\"name\":\"Localisateur GPS pour voitures\"}]},{\"@type\":\"WebSite\",\"@id\":\"https:\\\/\\\/findcargps.com\\\/fr\\\/#website\",\"url\":\"https:\\\/\\\/findcargps.com\\\/fr\\\/\",\"name\":\"findCarGPS.com\",\"description\":\"Localizadores GPS para coches\",\"publisher\":{\"@id\":\"https:\\\/\\\/findcargps.com\\\/fr\\\/#organization\"},\"potentialAction\":[{\"@type\":\"SearchAction\",\"target\":{\"@type\":\"EntryPoint\",\"urlTemplate\":\"https:\\\/\\\/findcargps.com\\\/fr\\\/?s={search_term_string}\"},\"query-input\":{\"@type\":\"PropertyValueSpecification\",\"valueRequired\":true,\"valueName\":\"search_term_string\"}}],\"inLanguage\":\"fr-FR\"},{\"@type\":\"Organization\",\"@id\":\"https:\\\/\\\/findcargps.com\\\/fr\\\/#organization\",\"name\":\"findCarGPS\",\"url\":\"https:\\\/\\\/findcargps.com\\\/fr\\\/\",\"logo\":{\"@type\":\"ImageObject\",\"inLanguage\":\"fr-FR\",\"@id\":\"https:\\\/\\\/findcargps.com\\\/fr\\\/#\\\/schema\\\/logo\\\/image\\\/\",\"url\":\"https:\\\/\\\/findcargps.com\\\/wp-content\\\/uploads\\\/sites\\\/4\\\/2020\\\/12\\\/2.png\",\"contentUrl\":\"https:\\\/\\\/findcargps.com\\\/wp-content\\\/uploads\\\/sites\\\/4\\\/2020\\\/12\\\/2.png\",\"width\":2000,\"height\":1995,\"caption\":\"findCarGPS\"},\"image\":{\"@id\":\"https:\\\/\\\/findcargps.com\\\/fr\\\/#\\\/schema\\\/logo\\\/image\\\/\"}}]}<\/script>\n<!-- \/ Yoast SEO plugin. -->","yoast_head_json":{"title":"FindCarGPS - Localisateur GPS pour les voitures!","description":"Localisateur GPS - Obtient le meilleur traceur gps voiture \u00e0 des prix accessible, Nous fournissons le meilleur localisateur gps de voiture sans installation, contactez-nous.","robots":{"index":"index","follow":"follow","max-snippet":"max-snippet:-1","max-image-preview":"max-image-preview:large","max-video-preview":"max-video-preview:-1"},"canonical":"https:\/\/findcargps.com\/fr\/localisateur-gps-pour-voitures\/","og_locale":"fr_FR","og_type":"article","og_title":"FindCarGPS - Localisateur GPS pour les voitures!","og_description":"Localisateur GPS - Obtient le meilleur traceur gps voiture \u00e0 des prix accessible, Nous fournissons le meilleur localisateur gps de voiture sans installation, contactez-nous.","og_url":"https:\/\/findcargps.com\/fr\/localisateur-gps-pour-voitures\/","og_site_name":"findCarGPS.com","article_modified_time":"2022-02-22T12:14:16+00:00","og_image":[{"url":"https:\/\/findpetgps.com\/wp-content\/uploads\/2020\/11\/entrega-urgente.png","type":"","width":"","height":""}],"twitter_card":"summary_large_image","twitter_misc":{"Dur\u00e9e de lecture estim\u00e9e":"3 minutes"},"schema":{"@context":"https:\/\/schema.org","@graph":[{"@type":"WebPage","@id":"https:\/\/findcargps.com\/fr\/localisateur-gps-pour-voitures\/","url":"https:\/\/findcargps.com\/fr\/localisateur-gps-pour-voitures\/","name":"FindCarGPS - Localisateur GPS pour les voitures!","isPartOf":{"@id":"https:\/\/findcargps.com\/fr\/#website"},"primaryImageOfPage":{"@id":"https:\/\/findcargps.com\/fr\/localisateur-gps-pour-voitures\/#primaryimage"},"image":{"@id":"https:\/\/findcargps.com\/fr\/localisateur-gps-pour-voitures\/#primaryimage"},"thumbnailUrl":"https:\/\/findpetgps.com\/wp-content\/uploads\/2020\/11\/entrega-urgente.png","datePublished":"2020-12-09T19:45:20+00:00","dateModified":"2022-02-22T12:14:16+00:00","description":"Localisateur GPS - Obtient le meilleur traceur gps voiture \u00e0 des prix accessible, Nous fournissons le meilleur localisateur gps de voiture sans installation, contactez-nous.","breadcrumb":{"@id":"https:\/\/findcargps.com\/fr\/localisateur-gps-pour-voitures\/#breadcrumb"},"inLanguage":"fr-FR","potentialAction":[{"@type":"ReadAction","target":["https:\/\/findcargps.com\/fr\/localisateur-gps-pour-voitures\/"]}]},{"@type":"ImageObject","inLanguage":"fr-FR","@id":"https:\/\/findcargps.com\/fr\/localisateur-gps-pour-voitures\/#primaryimage","url":"https:\/\/findpetgps.com\/wp-content\/uploads\/2020\/11\/entrega-urgente.png","contentUrl":"https:\/\/findpetgps.com\/wp-content\/uploads\/2020\/11\/entrega-urgente.png"},{"@type":"BreadcrumbList","@id":"https:\/\/findcargps.com\/fr\/localisateur-gps-pour-voitures\/#breadcrumb","itemListElement":[{"@type":"ListItem","position":1,"name":"Portada","item":"https:\/\/findcargps.com\/fr\/"},{"@type":"ListItem","position":2,"name":"Localisateur GPS pour voitures"}]},{"@type":"WebSite","@id":"https:\/\/findcargps.com\/fr\/#website","url":"https:\/\/findcargps.com\/fr\/","name":"findCarGPS.com","description":"Localizadores GPS para coches","publisher":{"@id":"https:\/\/findcargps.com\/fr\/#organization"},"potentialAction":[{"@type":"SearchAction","target":{"@type":"EntryPoint","urlTemplate":"https:\/\/findcargps.com\/fr\/?s={search_term_string}"},"query-input":{"@type":"PropertyValueSpecification","valueRequired":true,"valueName":"search_term_string"}}],"inLanguage":"fr-FR"},{"@type":"Organization","@id":"https:\/\/findcargps.com\/fr\/#organization","name":"findCarGPS","url":"https:\/\/findcargps.com\/fr\/","logo":{"@type":"ImageObject","inLanguage":"fr-FR","@id":"https:\/\/findcargps.com\/fr\/#\/schema\/logo\/image\/","url":"https:\/\/findcargps.com\/wp-content\/uploads\/sites\/4\/2020\/12\/2.png","contentUrl":"https:\/\/findcargps.com\/wp-content\/uploads\/sites\/4\/2020\/12\/2.png","width":2000,"height":1995,"caption":"findCarGPS"},"image":{"@id":"https:\/\/findcargps.com\/fr\/#\/schema\/logo\/image\/"}}]}},"_links":{"self":[{"href":"https:\/\/findcargps.com\/fr\/wp-json\/wp\/v2\/pages\/4390","targetHints":{"allow":["GET"]}}],"collection":[{"href":"https:\/\/findcargps.com\/fr\/wp-json\/wp\/v2\/pages"}],"about":[{"href":"https:\/\/findcargps.com\/fr\/wp-json\/wp\/v2\/types\/page"}],"author":[{"embeddable":true,"href":"https:\/\/findcargps.com\/fr\/wp-json\/wp\/v2\/users\/1"}],"replies":[{"embeddable":true,"href":"https:\/\/findcargps.com\/fr\/wp-json\/wp\/v2\/comments?post=4390"}],"version-history":[{"count":3,"href":"https:\/\/findcargps.com\/fr\/wp-json\/wp\/v2\/pages\/4390\/revisions"}],"predecessor-version":[{"id":5139,"href":"https:\/\/findcargps.com\/fr\/wp-json\/wp\/v2\/pages\/4390\/revisions\/5139"}],"wp:attachment":[{"href":"https:\/\/findcargps.com\/fr\/wp-json\/wp\/v2\/media?parent=4390"}],"curies":[{"name":"wp","href":"https:\/\/api.w.org\/{rel}","templated":true}]}}