{"id":4344,"date":"2020-12-09T19:59:41","date_gmt":"2020-12-09T18:59:41","guid":{"rendered":"https:\/\/findcargps.com\/avis-juridique\/politique-de-confidentialite\/"},"modified":"2024-08-14T17:03:36","modified_gmt":"2024-08-14T15:03:36","slug":"politique-de-confidentialite","status":"publish","type":"page","link":"https:\/\/findcargps.com\/fr\/avis-juridique\/politique-de-confidentialite\/","title":{"rendered":"Politique de confidentialit\u00e9"},"content":{"rendered":"\t\t<div data-elementor-type=\"wp-page\" data-elementor-id=\"4344\" class=\"elementor elementor-4344 elementor-49\" data-elementor-post-type=\"page\">\n\t\t\t\t\t\t<section class=\"elementor-section elementor-top-section elementor-element elementor-element-77366509 elementor-section-boxed elementor-section-height-default elementor-section-height-default\" data-id=\"77366509\" data-element_type=\"section\" data-e-type=\"section\">\n\t\t\t\t\t\t<div class=\"elementor-container elementor-column-gap-default\">\n\t\t\t\t\t<div class=\"elementor-column elementor-col-100 elementor-top-column elementor-element elementor-element-2a72012e\" data-id=\"2a72012e\" data-element_type=\"column\" data-e-type=\"column\">\n\t\t\t<div class=\"elementor-widget-wrap elementor-element-populated\">\n\t\t\t\t\t\t<div class=\"elementor-element elementor-element-70bd9fd0 de_scroll_animation_no elementor-widget elementor-widget-text-editor\" data-id=\"70bd9fd0\" data-element_type=\"widget\" data-e-type=\"widget\" data-widget_type=\"text-editor.default\">\n\t\t\t\t<div class=\"elementor-widget-container\">\n\t\t\t\t\t\t\t\t\t<h2>Politique de confidentialit\u00e9<\/h2>\n<p>Lisez la politique de confidentialit\u00e9 concernant le magasin, les appareils et les services GPS de findCar.<\/p>\n<p><strong>  1. COLLECTE ET TRAITEMENT DES DONN\u00c9ES PERSONNELLES.<\/strong><\/p>\n<p>Qui est responsable du traitement de vos donn\u00e9es?<\/p>\n<p>Le propri\u00e9taire et le contr\u00f4leur du fichier automatis\u00e9 est findCar, propri\u00e9taire GPS Consulting SL avec CIF B16677783 et si\u00e8ge social \u00e0 Boadilla del Monte (Madrid, Espagne).<\/p>\n<p>Dans quel but traitons-nous vos donn\u00e9es personnelles?<\/p>\n<p>Chez findCar, nous n&rsquo;utilisons vos donn\u00e9es personnelles qu&rsquo;aux fins suivantes :<\/p>\n<p><strong>ACHAT \/ INSCRIPTION:<\/strong><\/p>\n<ul>\n<li>G\u00e9rez vos commandes.<\/li>\n<li>Garantir le bon fonctionnement de la boutique en ligne, pour laquelle nous r\u00e9pondrons \u00e0 toutes vos questions, vous guiderons \u00e0 travers les processus et nous pourrons vous contacter en cas de d\u00e9tection d&rsquo;une anomalie dans le processus d&rsquo;achat.<\/li>\n<li>R\u00e9pondez aux doutes et demandes que vous pouvez nous envoyer.<\/li>\n<li>Tenez-vous inform\u00e9 des offres et promotions.<\/li>\n<li>Cr\u00e9ez un profil sur notre site Web en saisissant vos donn\u00e9es de base dans un formulaire afin que vous puissiez personnaliser vos achats et acc\u00e9der \u00e0 tous les produits et promotions de la boutique.<\/li>\n<\/ul>\n<p><strong>CONTACT et ASSISTANCE:<\/strong><\/p>\n<ul>\n<li>R\u00e9pondez aux doutes et aux demandes que vous pouvez nous envoyer et fournissez un service technique sur demande.<\/li>\n<\/ul>\n<p><strong>BULLETIN:<\/strong><\/p>\n<ul>\n<li>Envoyez des informations sur les nouvelles, les offres et les promotions.<\/li>\n<\/ul>\n<p>Dans tous les cas, lorsque vous naviguez sur notre site Web, vous pouvez suivre vos actions pour nous aider \u00e0 l&rsquo;am\u00e9liorer, le rendre plus convivial et plus s\u00fbr, ainsi que pouvoir vous offrir un meilleur service et une meilleure exp\u00e9rience.<\/p>\n<p><strong>Quelle est la l\u00e9gitimit\u00e9 du traitement de vos donn\u00e9es?<\/strong><\/p>\n<p>La base juridique du traitement de vos donn\u00e9es est le consentement \u00e9clair\u00e9 pour r\u00e9pondre aux questions pos\u00e9es via le site Web, ce qui implique l&rsquo;acceptation de ces conditions par l&rsquo;int\u00e9ress\u00e9.<\/p>\n<p><strong>\u00c0 quels destinataires vos donn\u00e9es seront-elles communiqu\u00e9es?<\/strong><\/p>\n<p>Les donn\u00e9es personnelles ne seront pas fournies \u00e0 des tiers sauf obligation l\u00e9gale ou dans le cadre de la finalit\u00e9 d\u00e9crite ci-dessus, par exemple, aux administrations publiques ou \u00e0 d&rsquo;autres organismes, si n\u00e9cessaire pour se conformer aux obligations de l&rsquo;organisation.<\/p>\n<p><strong>Quels sont vos droits lorsque vous nous fournissez vos donn\u00e9es?<\/strong><\/p>\n<p>Vous avez le droit d&rsquo;obtenir la confirmation que findCar traite ou non des donn\u00e9es personnelles vous concernant. Vous avez \u00e9galement le droit d&rsquo;acc\u00e9der \u00e0 vos donn\u00e9es personnelles, ainsi que de demander la rectification de donn\u00e9es inexactes ou, le cas \u00e9ch\u00e9ant, de demander leur suppression lorsque, entre autres raisons, les donn\u00e9es ne sont plus n\u00e9cessaires aux fins pour lesquelles elles ont \u00e9t\u00e9 collect\u00e9es.<\/p>\n<p>Dans certaines circonstances, vous pouvez demander la limitation du traitement de vos donn\u00e9es, auquel cas nous ne les conserverons que pour l&rsquo;exercice ou la d\u00e9fense de r\u00e9clamations. Pour des raisons li\u00e9es \u00e0 votre situation particuli\u00e8re, vous pouvez \u00e9galement vous opposer au traitement de vos donn\u00e9es.<\/p>\n<p><span style=\"color: var( --e-global-color-text ); font-family: var( --e-global-typography-text-font-family ), Sans-serif; font-size: var( --e-global-typography-text-font-size ); font-weight: var( --e-global-typography-text-font-weight );\">Trouver une voiture<\/span><span style=\"color: var( --e-global-color-text ); font-family: var( --e-global-typography-text-font-family ), Sans-serif; font-size: var( --e-global-typography-text-font-size ); font-weight: var( --e-global-typography-text-font-weight );\"> <\/span>cesser de traiter les donn\u00e9es, sauf pour des raisons l\u00e9gitimes imp\u00e9rieuses, ou pour l&rsquo;exercice ou la d\u00e9fense d&rsquo;\u00e9ventuelles r\u00e9clamations. N&rsquo;oubliez pas qu&rsquo;\u00e0 tout moment, vous pouvez d\u00e9poser une r\u00e9clamation aupr\u00e8s de l&rsquo;autorit\u00e9 de contr\u00f4le.<\/p>\n<p>Pour toute clarification ou demande d&rsquo;exercice de l&rsquo;un de ces droits, vous pouvez nous adresser une demande \u00e0 info@localizadorgpscoche.com<\/p>\n<p><strong>Comment avons-nous obtenu vos donn\u00e9es?<\/strong><\/p>\n<p>Toutes les informations confidentielles envoy\u00e9es via notre site Web sont crypt\u00e9es et donc prot\u00e9g\u00e9es contre les tiers. L&rsquo;envoi de ces informations se fait via le protocole de s\u00e9curit\u00e9 SSL (Secure Socket Layer), qui crypte les informations que vous nous envoyez avant qu&rsquo;elles ne nous parviennent afin de les prot\u00e9ger des tiers. En aucun cas, les donn\u00e9es pouvant relier l&rsquo;identification du moyen de paiement \u00e0 l&rsquo;identit\u00e9 de son propri\u00e9taire ne sont stock\u00e9es.<\/p>\n<p>Les donn\u00e9es personnelles que nous traitons ont \u00e9t\u00e9 fournies directement par vous via les diff\u00e9rents formulaires disponibles sur le site, seules les donn\u00e9es d&rsquo;identification et de contact fournies seront trait\u00e9es.<\/p>\n<hr>\n<p><strong>2. PASSERELLE DE PAIEMENT.<\/strong><\/p>\n<p>Tout paiement ou transaction financi\u00e8re effectu\u00e9 par l&rsquo;interm\u00e9diaire du site web et n\u00e9cessitant que l&rsquo;utilisateur fournisse les donn\u00e9es de sa carte de cr\u00e9dit ou de d\u00e9bit sera effectu\u00e9 par l&rsquo;interm\u00e9diaire d&rsquo;un syst\u00e8me de passerelle de paiement g\u00e9r\u00e9 directement et exclusivement par Stripe ou Paypal (entit\u00e9s avec lesquelles findCar a convenu de sa mise en \u0153uvre). Dans ce cas, ce sera la banque qui acc\u00e9dera et traitera lesdites donn\u00e9es dans le v\u00e9ritable but de payer les sommes dues. findCar n&rsquo;a pas acc\u00e8s \u00e0 ces donn\u00e9es.<\/p>\n<p><strong>IMPORTANT<\/strong>: Les donn\u00e9es de la carte de cr\u00e9dit sont introduites directement sur le site s\u00e9curis\u00e9 de la banque, findCar ne transmet pas ces donn\u00e9es et ne les conserve pas sur ses serveurs.<\/p>\n<hr>\n<p><strong>3. DROIT D&rsquo;ACC\u00c8S, D&rsquo;OPPOSITION, DE RECTIFICATION ET D&rsquo;ANNULATION.<\/strong><\/p>\n<p>Les utilisateurs qui introduisent leurs donn\u00e9es personnelles dans les formulaires de notre site web pourront \u00e0 tout moment exercer leurs droits d&rsquo;acc\u00e8s, d&rsquo;opposition, de rectification et d&rsquo;annulation en le demandant \u00e0 <a href=\"mailto:info@savefamilygps.com\">info@findcargps.com, en<\/a> accompagnant toujours la demande d&rsquo;une copie du NIF du titulaire des donn\u00e9es. Dans tous les cas, gps.com s&rsquo;engage \u00e0 annuler les donn\u00e9es personnelles collect\u00e9es lorsqu&rsquo;elles ne sont plus n\u00e9cessaires ou pertinentes aux fins pour lesquelles elles ont \u00e9t\u00e9 collect\u00e9es.<\/p>\n<hr>\n<p><strong>4.<\/strong><br \/>C<strong>HANGEMENT DE REGLEMENTATION SUR LA POLITIQUE DE CONFIDENTIALITE.<\/strong> findCar peut \u00e0 tout moment modifier ou mettre \u00e0 jour la politique de confidentialit\u00e9 conform\u00e9ment aux modifications apport\u00e9es \u00e0 la l\u00e9gislation et \u00e0 la r\u00e9glementation qui r\u00e9gissent cette mati\u00e8re et prot\u00e8gent les droits de l&rsquo;utilisateur, et elles seront contraignantes d\u00e8s qu&rsquo;elles seront publi\u00e9es dans cette section du site web. Si l&rsquo;utilisateur n&rsquo;est pas d&rsquo;accord avec les modifications qui peuvent \u00eatre apport\u00e9es \u00e0 la politique de confidentialit\u00e9, nous lui recommandons d&rsquo;arr\u00eater d&rsquo;utiliser ce site Web.<\/p>\n\t\t\t\t\t\t\t\t<\/div>\n\t\t\t\t<\/div>\n\t\t\t\t\t<\/div>\n\t\t<\/div>\n\t\t\t\t\t<\/div>\n\t\t<\/section>\n\t\t\t\t<\/div>\n\t\t","protected":false},"excerpt":{"rendered":"<p>Politique de confidentialit\u00e9 Lisez la politique de confidentialit\u00e9 concernant le magasin, les appareils et les services GPS de findCar. 1. COLLECTE ET TRAITEMENT DES DONN\u00c9ES PERSONNELLES. Qui est responsable du traitement de vos donn\u00e9es? Le propri\u00e9taire et le contr\u00f4leur du fichier automatis\u00e9 est findCar, propri\u00e9taire GPS Consulting SL avec CIF B16677783 et si\u00e8ge social \u00e0 [&hellip;]<\/p>\n","protected":false},"author":1,"featured_media":0,"parent":4328,"menu_order":0,"comment_status":"closed","ping_status":"closed","template":"elementor_header_footer","meta":{"footnotes":"","_elementor_edit_mode":"builder","_elementor_template_type":"wp-page","_elementor_data":"[{\"id\":\"77366509\",\"elType\":\"section\",\"settings\":[],\"elements\":[{\"id\":\"2a72012e\",\"elType\":\"column\",\"settings\":{\"_column_size\":100},\"elements\":[{\"id\":\"70bd9fd0\",\"elType\":\"widget\",\"settings\":{\"editor\":\"<h2>Politique de confidentialit\\u00e9<\\\/h2>\\n<p>Lisez la politique de confidentialit\\u00e9 concernant le magasin, les appareils et les services GPS de findCar.<\\\/p>\\n<p><strong>  1. COLLECTE ET TRAITEMENT DES DONN\\u00c9ES PERSONNELLES.<\\\/strong><\\\/p>\\n<p>Qui est responsable du traitement de vos donn\\u00e9es?<\\\/p>\\n<p>Le propri\\u00e9taire et le contr\\u00f4leur du fichier automatis\\u00e9 est findCar, propri\\u00e9taire GPS Consulting SL avec CIF B16677783 et si\\u00e8ge social \\u00e0 Boadilla del Monte (Madrid, Espagne).<\\\/p>\\n<p>Dans quel but traitons-nous vos donn\\u00e9es personnelles?<\\\/p>\\n<p>Chez findCar, nous n'utilisons vos donn\\u00e9es personnelles qu'aux fins suivantes :<\\\/p>\\n<p><strong>ACHAT \\\/ INSCRIPTION:<\\\/strong><\\\/p>\\n<ul>\\n<li>G\\u00e9rez vos commandes.<\\\/li>\\n<li>Garantir le bon fonctionnement de la boutique en ligne, pour laquelle nous r\\u00e9pondrons \\u00e0 toutes vos questions, vous guiderons \\u00e0 travers les processus et nous pourrons vous contacter en cas de d\\u00e9tection d'une anomalie dans le processus d'achat.<\\\/li>\\n<li>R\\u00e9pondez aux doutes et demandes que vous pouvez nous envoyer.<\\\/li>\\n<li>Tenez-vous inform\\u00e9 des offres et promotions.<\\\/li>\\n<li>Cr\\u00e9ez un profil sur notre site Web en saisissant vos donn\\u00e9es de base dans un formulaire afin que vous puissiez personnaliser vos achats et acc\\u00e9der \\u00e0 tous les produits et promotions de la boutique.<\\\/li>\\n<\\\/ul>\\n<p><strong>CONTACT et ASSISTANCE:<\\\/strong><\\\/p>\\n<ul>\\n<li>R\\u00e9pondez aux doutes et aux demandes que vous pouvez nous envoyer et fournissez un service technique sur demande.<\\\/li>\\n<\\\/ul>\\n<p><strong>BULLETIN:<\\\/strong><\\\/p>\\n<ul>\\n<li>Envoyez des informations sur les nouvelles, les offres et les promotions.<\\\/li>\\n<\\\/ul>\\n<p>Dans tous les cas, lorsque vous naviguez sur notre site Web, vous pouvez suivre vos actions pour nous aider \\u00e0 l'am\\u00e9liorer, le rendre plus convivial et plus s\\u00fbr, ainsi que pouvoir vous offrir un meilleur service et une meilleure exp\\u00e9rience.<\\\/p>\\n<p><strong>Quelle est la l\\u00e9gitimit\\u00e9 du traitement de vos donn\\u00e9es?<\\\/strong><\\\/p>\\n<p>La base juridique du traitement de vos donn\\u00e9es est le consentement \\u00e9clair\\u00e9 pour r\\u00e9pondre aux questions pos\\u00e9es via le site Web, ce qui implique l'acceptation de ces conditions par l'int\\u00e9ress\\u00e9.<\\\/p>\\n<p><strong>\\u00c0 quels destinataires vos donn\\u00e9es seront-elles communiqu\\u00e9es?<\\\/strong><\\\/p>\\n<p>Les donn\\u00e9es personnelles ne seront pas fournies \\u00e0 des tiers sauf obligation l\\u00e9gale ou dans le cadre de la finalit\\u00e9 d\\u00e9crite ci-dessus, par exemple, aux administrations publiques ou \\u00e0 d'autres organismes, si n\\u00e9cessaire pour se conformer aux obligations de l'organisation.<\\\/p>\\n<p><strong>Quels sont vos droits lorsque vous nous fournissez vos donn\\u00e9es?<\\\/strong><\\\/p>\\n<p>Vous avez le droit d'obtenir la confirmation que findCar traite ou non des donn\\u00e9es personnelles vous concernant. Vous avez \\u00e9galement le droit d'acc\\u00e9der \\u00e0 vos donn\\u00e9es personnelles, ainsi que de demander la rectification de donn\\u00e9es inexactes ou, le cas \\u00e9ch\\u00e9ant, de demander leur suppression lorsque, entre autres raisons, les donn\\u00e9es ne sont plus n\\u00e9cessaires aux fins pour lesquelles elles ont \\u00e9t\\u00e9 collect\\u00e9es.<\\\/p>\\n<p>Dans certaines circonstances, vous pouvez demander la limitation du traitement de vos donn\\u00e9es, auquel cas nous ne les conserverons que pour l'exercice ou la d\\u00e9fense de r\\u00e9clamations. Pour des raisons li\\u00e9es \\u00e0 votre situation particuli\\u00e8re, vous pouvez \\u00e9galement vous opposer au traitement de vos donn\\u00e9es.<\\\/p>\\n<p><span style=\\\"color: var( --e-global-color-text ); font-family: var( --e-global-typography-text-font-family ), Sans-serif; font-size: var( --e-global-typography-text-font-size ); font-weight: var( --e-global-typography-text-font-weight );\\\">Trouver une voiture<\\\/span><span style=\\\"color: var( --e-global-color-text ); font-family: var( --e-global-typography-text-font-family ), Sans-serif; font-size: var( --e-global-typography-text-font-size ); font-weight: var( --e-global-typography-text-font-weight );\\\"> <\\\/span>cesser de traiter les donn\\u00e9es, sauf pour des raisons l\\u00e9gitimes imp\\u00e9rieuses, ou pour l'exercice ou la d\\u00e9fense d'\\u00e9ventuelles r\\u00e9clamations. N'oubliez pas qu'\\u00e0 tout moment, vous pouvez d\\u00e9poser une r\\u00e9clamation aupr\\u00e8s de l'autorit\\u00e9 de contr\\u00f4le.<\\\/p>\\n<p>Pour toute clarification ou demande d'exercice de l'un de ces droits, vous pouvez nous adresser une demande \\u00e0 info@localizadorgpscoche.com<\\\/p>\\n<p><strong>Comment avons-nous obtenu vos donn\\u00e9es?<\\\/strong><\\\/p>\\n<p>Toutes les informations confidentielles envoy\\u00e9es via notre site Web sont crypt\\u00e9es et donc prot\\u00e9g\\u00e9es contre les tiers. L'envoi de ces informations se fait via le protocole de s\\u00e9curit\\u00e9 SSL (Secure Socket Layer), qui crypte les informations que vous nous envoyez avant qu'elles ne nous parviennent afin de les prot\\u00e9ger des tiers. En aucun cas, les donn\\u00e9es pouvant relier l'identification du moyen de paiement \\u00e0 l'identit\\u00e9 de son propri\\u00e9taire ne sont stock\\u00e9es.<\\\/p>\\n<p>Les donn\\u00e9es personnelles que nous traitons ont \\u00e9t\\u00e9 fournies directement par vous via les diff\\u00e9rents formulaires disponibles sur le site, seules les donn\\u00e9es d'identification et de contact fournies seront trait\\u00e9es.<\\\/p>\\n<hr>\\n<p><strong>2. PASSERELLE DE PAIEMENT.<\\\/strong><\\\/p>\\n<p>Tout paiement ou transaction financi\\u00e8re effectu\\u00e9 par l'interm\\u00e9diaire du site web et n\\u00e9cessitant que l'utilisateur fournisse les donn\\u00e9es de sa carte de cr\\u00e9dit ou de d\\u00e9bit sera effectu\\u00e9 par l'interm\\u00e9diaire d'un syst\\u00e8me de passerelle de paiement g\\u00e9r\\u00e9 directement et exclusivement par Stripe ou Paypal (entit\\u00e9s avec lesquelles findCar a convenu de sa mise en \\u0153uvre). Dans ce cas, ce sera la banque qui acc\\u00e9dera et traitera lesdites donn\\u00e9es dans le v\\u00e9ritable but de payer les sommes dues. findCar n'a pas acc\\u00e8s \\u00e0 ces donn\\u00e9es.<\\\/p>\\n<p><strong>IMPORTANT<\\\/strong>: Les donn\\u00e9es de la carte de cr\\u00e9dit sont introduites directement sur le site s\\u00e9curis\\u00e9 de la banque, findCar ne transmet pas ces donn\\u00e9es et ne les conserve pas sur ses serveurs.<\\\/p>\\n<hr>\\n<p><strong>3. DROIT D'ACC\\u00c8S, D'OPPOSITION, DE RECTIFICATION ET D'ANNULATION.<\\\/strong><\\\/p>\\n<p>Les utilisateurs qui introduisent leurs donn\\u00e9es personnelles dans les formulaires de notre site web pourront \\u00e0 tout moment exercer leurs droits d'acc\\u00e8s, d'opposition, de rectification et d'annulation en le demandant \\u00e0 <a href=\\\"mailto:info@savefamilygps.com\\\">info@findcargps.com, en<\\\/a> accompagnant toujours la demande d'une copie du NIF du titulaire des donn\\u00e9es. Dans tous les cas, gps.com s'engage \\u00e0 annuler les donn\\u00e9es personnelles collect\\u00e9es lorsqu'elles ne sont plus n\\u00e9cessaires ou pertinentes aux fins pour lesquelles elles ont \\u00e9t\\u00e9 collect\\u00e9es.<\\\/p>\\n<hr>\\n<p><strong>4.<\\\/strong><br \\\/>C<strong>HANGEMENT DE REGLEMENTATION SUR LA POLITIQUE DE CONFIDENTIALITE.<\\\/strong> findCar peut \\u00e0 tout moment modifier ou mettre \\u00e0 jour la politique de confidentialit\\u00e9 conform\\u00e9ment aux modifications apport\\u00e9es \\u00e0 la l\\u00e9gislation et \\u00e0 la r\\u00e9glementation qui r\\u00e9gissent cette mati\\u00e8re et prot\\u00e8gent les droits de l'utilisateur, et elles seront contraignantes d\\u00e8s qu'elles seront publi\\u00e9es dans cette section du site web. Si l'utilisateur n'est pas d'accord avec les modifications qui peuvent \\u00eatre apport\\u00e9es \\u00e0 la politique de confidentialit\\u00e9, nous lui recommandons d'arr\\u00eater d'utiliser ce site Web.<\\\/p>\\n\"},\"elements\":[],\"widgetType\":\"text-editor\"}],\"isInner\":false}],\"isInner\":false}]","_elementor_page_settings":null,"_elementor_conditions":[]},"class_list":["post-4344","page","type-page","status-publish","hentry"],"yoast_head":"<!-- This site is optimized with the Yoast SEO plugin v27.1.1 - https:\/\/yoast.com\/product\/yoast-seo-wordpress\/ -->\n<title>Politique de confidentialit\u00e9 - findCarGPS.com<\/title>\n<meta name=\"robots\" content=\"index, follow, max-snippet:-1, max-image-preview:large, max-video-preview:-1\" \/>\n<link rel=\"canonical\" href=\"https:\/\/findcargps.com\/fr\/avis-juridique\/politique-de-confidentialite\/\" \/>\n<meta property=\"og:locale\" content=\"fr_FR\" \/>\n<meta property=\"og:type\" content=\"article\" \/>\n<meta property=\"og:title\" content=\"Politique de confidentialit\u00e9 - findCarGPS.com\" \/>\n<meta property=\"og:description\" content=\"Politique de confidentialit\u00e9 Lisez la politique de confidentialit\u00e9 concernant le magasin, les appareils et les services GPS de findCar. 1. COLLECTE ET TRAITEMENT DES DONN\u00c9ES PERSONNELLES. Qui est responsable du traitement de vos donn\u00e9es? Le propri\u00e9taire et le contr\u00f4leur du fichier automatis\u00e9 est findCar, propri\u00e9taire GPS Consulting SL avec CIF B16677783 et si\u00e8ge social \u00e0 [&hellip;]\" \/>\n<meta property=\"og:url\" content=\"https:\/\/findcargps.com\/fr\/avis-juridique\/politique-de-confidentialite\/\" \/>\n<meta property=\"og:site_name\" content=\"findCarGPS.com\" \/>\n<meta property=\"article:modified_time\" content=\"2024-08-14T15:03:36+00:00\" \/>\n<meta name=\"twitter:card\" content=\"summary_large_image\" \/>\n<meta name=\"twitter:label1\" content=\"Dur\u00e9e de lecture estim\u00e9e\" \/>\n\t<meta name=\"twitter:data1\" content=\"5 minutes\" \/>\n<script type=\"application\/ld+json\" class=\"yoast-schema-graph\">{\"@context\":\"https:\/\/schema.org\",\"@graph\":[{\"@type\":\"WebPage\",\"@id\":\"https:\/\/findcargps.com\/fr\/avis-juridique\/politique-de-confidentialite\/\",\"url\":\"https:\/\/findcargps.com\/fr\/avis-juridique\/politique-de-confidentialite\/\",\"name\":\"Politique de confidentialit\u00e9 - findCarGPS.com\",\"isPartOf\":{\"@id\":\"https:\/\/findcargps.com\/fr\/#website\"},\"datePublished\":\"2020-12-09T18:59:41+00:00\",\"dateModified\":\"2024-08-14T15:03:36+00:00\",\"breadcrumb\":{\"@id\":\"https:\/\/findcargps.com\/fr\/avis-juridique\/politique-de-confidentialite\/#breadcrumb\"},\"inLanguage\":\"fr-FR\",\"potentialAction\":[{\"@type\":\"ReadAction\",\"target\":[\"https:\/\/findcargps.com\/fr\/avis-juridique\/politique-de-confidentialite\/\"]}]},{\"@type\":\"BreadcrumbList\",\"@id\":\"https:\/\/findcargps.com\/fr\/avis-juridique\/politique-de-confidentialite\/#breadcrumb\",\"itemListElement\":[{\"@type\":\"ListItem\",\"position\":1,\"name\":\"Portada\",\"item\":\"https:\/\/findcargps.com\/fr\/\"},{\"@type\":\"ListItem\",\"position\":2,\"name\":\"Avis juridique\",\"item\":\"https:\/\/findcargps.com\/fr\/avis-juridique\/\"},{\"@type\":\"ListItem\",\"position\":3,\"name\":\"Politique de confidentialit\u00e9\"}]},{\"@type\":\"WebSite\",\"@id\":\"https:\/\/findcargps.com\/fr\/#website\",\"url\":\"https:\/\/findcargps.com\/fr\/\",\"name\":\"findCarGPS.com\",\"description\":\"Localizadores GPS para coches\",\"publisher\":{\"@id\":\"https:\/\/findcargps.com\/fr\/#organization\"},\"potentialAction\":[{\"@type\":\"SearchAction\",\"target\":{\"@type\":\"EntryPoint\",\"urlTemplate\":\"https:\/\/findcargps.com\/fr\/?s={search_term_string}\"},\"query-input\":{\"@type\":\"PropertyValueSpecification\",\"valueRequired\":true,\"valueName\":\"search_term_string\"}}],\"inLanguage\":\"fr-FR\"},{\"@type\":\"Organization\",\"@id\":\"https:\/\/findcargps.com\/fr\/#organization\",\"name\":\"findCarGPS\",\"url\":\"https:\/\/findcargps.com\/fr\/\",\"logo\":{\"@type\":\"ImageObject\",\"inLanguage\":\"fr-FR\",\"@id\":\"https:\/\/findcargps.com\/fr\/#\/schema\/logo\/image\/\",\"url\":\"https:\/\/findcargps.com\/wp-content\/uploads\/sites\/4\/2020\/12\/2.png\",\"contentUrl\":\"https:\/\/findcargps.com\/wp-content\/uploads\/sites\/4\/2020\/12\/2.png\",\"width\":2000,\"height\":1995,\"caption\":\"findCarGPS\"},\"image\":{\"@id\":\"https:\/\/findcargps.com\/fr\/#\/schema\/logo\/image\/\"}}]}<\/script>\n<!-- \/ Yoast SEO plugin. -->","yoast_head_json":{"title":"Politique de confidentialit\u00e9 - findCarGPS.com","robots":{"index":"index","follow":"follow","max-snippet":"max-snippet:-1","max-image-preview":"max-image-preview:large","max-video-preview":"max-video-preview:-1"},"canonical":"https:\/\/findcargps.com\/fr\/avis-juridique\/politique-de-confidentialite\/","og_locale":"fr_FR","og_type":"article","og_title":"Politique de confidentialit\u00e9 - findCarGPS.com","og_description":"Politique de confidentialit\u00e9 Lisez la politique de confidentialit\u00e9 concernant le magasin, les appareils et les services GPS de findCar. 1. COLLECTE ET TRAITEMENT DES DONN\u00c9ES PERSONNELLES. Qui est responsable du traitement de vos donn\u00e9es? Le propri\u00e9taire et le contr\u00f4leur du fichier automatis\u00e9 est findCar, propri\u00e9taire GPS Consulting SL avec CIF B16677783 et si\u00e8ge social \u00e0 [&hellip;]","og_url":"https:\/\/findcargps.com\/fr\/avis-juridique\/politique-de-confidentialite\/","og_site_name":"findCarGPS.com","article_modified_time":"2024-08-14T15:03:36+00:00","twitter_card":"summary_large_image","twitter_misc":{"Dur\u00e9e de lecture estim\u00e9e":"5 minutes"},"schema":{"@context":"https:\/\/schema.org","@graph":[{"@type":"WebPage","@id":"https:\/\/findcargps.com\/fr\/avis-juridique\/politique-de-confidentialite\/","url":"https:\/\/findcargps.com\/fr\/avis-juridique\/politique-de-confidentialite\/","name":"Politique de confidentialit\u00e9 - findCarGPS.com","isPartOf":{"@id":"https:\/\/findcargps.com\/fr\/#website"},"datePublished":"2020-12-09T18:59:41+00:00","dateModified":"2024-08-14T15:03:36+00:00","breadcrumb":{"@id":"https:\/\/findcargps.com\/fr\/avis-juridique\/politique-de-confidentialite\/#breadcrumb"},"inLanguage":"fr-FR","potentialAction":[{"@type":"ReadAction","target":["https:\/\/findcargps.com\/fr\/avis-juridique\/politique-de-confidentialite\/"]}]},{"@type":"BreadcrumbList","@id":"https:\/\/findcargps.com\/fr\/avis-juridique\/politique-de-confidentialite\/#breadcrumb","itemListElement":[{"@type":"ListItem","position":1,"name":"Portada","item":"https:\/\/findcargps.com\/fr\/"},{"@type":"ListItem","position":2,"name":"Avis juridique","item":"https:\/\/findcargps.com\/fr\/avis-juridique\/"},{"@type":"ListItem","position":3,"name":"Politique de confidentialit\u00e9"}]},{"@type":"WebSite","@id":"https:\/\/findcargps.com\/fr\/#website","url":"https:\/\/findcargps.com\/fr\/","name":"findCarGPS.com","description":"Localizadores GPS para coches","publisher":{"@id":"https:\/\/findcargps.com\/fr\/#organization"},"potentialAction":[{"@type":"SearchAction","target":{"@type":"EntryPoint","urlTemplate":"https:\/\/findcargps.com\/fr\/?s={search_term_string}"},"query-input":{"@type":"PropertyValueSpecification","valueRequired":true,"valueName":"search_term_string"}}],"inLanguage":"fr-FR"},{"@type":"Organization","@id":"https:\/\/findcargps.com\/fr\/#organization","name":"findCarGPS","url":"https:\/\/findcargps.com\/fr\/","logo":{"@type":"ImageObject","inLanguage":"fr-FR","@id":"https:\/\/findcargps.com\/fr\/#\/schema\/logo\/image\/","url":"https:\/\/findcargps.com\/wp-content\/uploads\/sites\/4\/2020\/12\/2.png","contentUrl":"https:\/\/findcargps.com\/wp-content\/uploads\/sites\/4\/2020\/12\/2.png","width":2000,"height":1995,"caption":"findCarGPS"},"image":{"@id":"https:\/\/findcargps.com\/fr\/#\/schema\/logo\/image\/"}}]}},"_links":{"self":[{"href":"https:\/\/findcargps.com\/fr\/wp-json\/wp\/v2\/pages\/4344","targetHints":{"allow":["GET"]}}],"collection":[{"href":"https:\/\/findcargps.com\/fr\/wp-json\/wp\/v2\/pages"}],"about":[{"href":"https:\/\/findcargps.com\/fr\/wp-json\/wp\/v2\/types\/page"}],"author":[{"embeddable":true,"href":"https:\/\/findcargps.com\/fr\/wp-json\/wp\/v2\/users\/1"}],"replies":[{"embeddable":true,"href":"https:\/\/findcargps.com\/fr\/wp-json\/wp\/v2\/comments?post=4344"}],"version-history":[{"count":10,"href":"https:\/\/findcargps.com\/fr\/wp-json\/wp\/v2\/pages\/4344\/revisions"}],"predecessor-version":[{"id":54935,"href":"https:\/\/findcargps.com\/fr\/wp-json\/wp\/v2\/pages\/4344\/revisions\/54935"}],"up":[{"embeddable":true,"href":"https:\/\/findcargps.com\/fr\/wp-json\/wp\/v2\/pages\/4328"}],"wp:attachment":[{"href":"https:\/\/findcargps.com\/fr\/wp-json\/wp\/v2\/media?parent=4344"}],"curies":[{"name":"wp","href":"https:\/\/api.w.org\/{rel}","templated":true}]}}