{"id":4328,"date":"2020-12-09T19:48:52","date_gmt":"2020-12-09T18:48:52","guid":{"rendered":"https:\/\/findcargps.com\/avis-juridique\/"},"modified":"2024-08-14T16:57:08","modified_gmt":"2024-08-14T14:57:08","slug":"avis-juridique","status":"publish","type":"page","link":"https:\/\/findcargps.com\/fr\/avis-juridique\/","title":{"rendered":"Avis juridique"},"content":{"rendered":"\t\t<div data-elementor-type=\"wp-page\" data-elementor-id=\"4328\" class=\"elementor elementor-4328 elementor-30\" data-elementor-post-type=\"page\">\n\t\t\t\t\t\t<section class=\"elementor-section elementor-top-section elementor-element elementor-element-52a0b8d6 elementor-section-boxed elementor-section-height-default elementor-section-height-default\" data-id=\"52a0b8d6\" data-element_type=\"section\" data-e-type=\"section\">\n\t\t\t\t\t\t<div class=\"elementor-container elementor-column-gap-default\">\n\t\t\t\t\t<div class=\"elementor-column elementor-col-100 elementor-top-column elementor-element elementor-element-5fd139b5\" data-id=\"5fd139b5\" data-element_type=\"column\" data-e-type=\"column\">\n\t\t\t<div class=\"elementor-widget-wrap elementor-element-populated\">\n\t\t\t\t\t\t<div class=\"elementor-element elementor-element-4f2c7434 de_scroll_animation_no elementor-widget elementor-widget-text-editor\" data-id=\"4f2c7434\" data-element_type=\"widget\" data-e-type=\"widget\" data-widget_type=\"text-editor.default\">\n\t\t\t\t<div class=\"elementor-widget-container\">\n\t\t\t\t\t\t\t\t\t<h2>Avis juridique<\/h2>\n<h6 id=\"h-1-condiciones-de-uso\">1. Conditions d&rsquo;utilisation.<\/h6>\n<p>Les conditions ci-dessus s&rsquo;appliquent \u00e0 toutes les transactions effectu\u00e9es sur findcargpps.com, ci-apr\u00e8s d\u00e9nomm\u00e9 findCar.<\/p>\n<p>findCar fournit un service \u00e0 ses clients avec ce site Web. Veuillez consulter les conditions g\u00e9n\u00e9rales de vente qui r\u00e9gissent notre site Web. L&rsquo;utilisation par le client de findCar constitue un accord avec les conditions g\u00e9n\u00e9rales et conditions de vente suivantes. Si vous n&rsquo;acceptez pas ces conditions, veuillez ne pas utiliser le site Web.<\/p>\n<p>findCar peut modifier ou mettre \u00e0 jour en tout ou en partie les pr\u00e9sentes conditions g\u00e9n\u00e9rales de vente et conditions g\u00e9n\u00e9rales, en tenant compte d&rsquo;\u00e9ventuelles modifications de la l\u00e9gislation et de la r\u00e9glementation en vigueur. Les nouvelles conditions de vente entreront en vigueur \u00e0 compter de la date de leur publication sur le site findCar. Nous recommandons que ces termes et conditions soient revus fr\u00e9quemment. Si vous n&rsquo;\u00eates pas d&rsquo;accord avec les modifications apport\u00e9es, veuillez ne pas utiliser le site Web.<\/p>\n<h6 id=\"h-2-contenido-de-la-p-gina-web\">2. Contenu du site Web.<\/h6>\n<p>findCar essaie toujours que son contenu soit v\u00e9rifi\u00e9 et ne contienne pas d&rsquo;informations incorrectes. En cas d&rsquo;erreur de ce type ind\u00e9pendante de notre volont\u00e9, nous proc\u00e9derons \u00e0 sa correction imm\u00e9diatement.<\/p>\n<p>Nous nous r\u00e9servons le droit de corriger toute erreur, omission ou inexactitude, ainsi que de modifier ou de mettre \u00e0 jour les informations \u00e0 tout moment sans pr\u00e9avis. Nous nous r\u00e9servons le droit de modifier l&rsquo;offre commerciale de notre site Internet lorsque nous le jugeons opportun. Ces modifications n&rsquo;affecteront en aucun cas les achats d\u00e9j\u00e0 effectu\u00e9s.<\/p>\n<p>findCar ne peut \u00eatre tenu responsable de toute utilisation du Web ou de son contenu par chacun des utilisateurs qui ne respecterait pas la l\u00e9gislation et la r\u00e9glementation en vigueur. L&rsquo;utilisateur est seul et exclusivement responsable de la communication d&rsquo;informations et de donn\u00e9es incorrectes, fausses ou connexes \u00e0 des tiers (dans le cas o\u00f9 ils n&rsquo;ont pas exprim\u00e9 leur consentement \u00e0 cet \u00e9gard), ainsi que de leur utilisation incorrecte.<\/p>\n<p>findCars s&rsquo;est efforc\u00e9 d&rsquo;afficher le plus fid\u00e8lement possible les couleurs des produits qui apparaissent sur le Web. Dans tous les cas, les couleurs que l&rsquo;utilisateur verra d\u00e9pendront \u00e9galement du moniteur qu&rsquo;il utilise, par cons\u00e9quent findCar ne peut pas garantir la pr\u00e9cision de la couleur que ledit moniteur affiche.<\/p>\n<h6 id=\"h-3-derechos-de-propiedad-intelectual\">3. Droits de propri\u00e9t\u00e9 intellectuelle.<\/h6>\n<p>L&rsquo;utilisateur reconna\u00eet et admet que tous les droits d&rsquo;auteur, conceptions, photographies, y compris les droits d&rsquo;image, graphiques, sons, musique, vid\u00e9o, audio, texte, marques d\u00e9pos\u00e9es et tout autre contenu et droits intellectuels et mat\u00e9riels En ce qui concerne le contenu d\u00e9crit ici, ils sont prot\u00e9g\u00e9s par le droit d&rsquo;auteur et autres droits de propri\u00e9t\u00e9 intellectuelle de findCar et d&rsquo;autres titulaires de droits.<\/p>\n<p>Ce site Web est destin\u00e9 \u00e0 un usage personnel et non commercial de l&rsquo;utilisateur. Il est interdit de copier, modifier, distribuer, transmettre, publier ou exploiter commercialement tout contenu, produit ou service sur ce site Web.<\/p>\n<h6 id=\"h-4-comentarios-de-usuarios\">4. Commentaires des utilisateurs.<\/h6>\n<p>Tous les commentaires, id\u00e9es, opinions, critiques, etc. propos\u00e9 \u00e0 findCar doit rester la propri\u00e9t\u00e9 de l&rsquo;entreprise. L&rsquo;utilisation par FindCar de ces commentaires, opinions et autres ne sera en aucun cas limit\u00e9e \u00e0 des fins commerciales ou autres.<\/p>\n<p>L&rsquo;utilisateur s&rsquo;engage \u00e0 ne pas faire de commentaires susceptibles de violer les droits de tiers. L&rsquo;utilisateur s&rsquo;engage \u00e9galement \u00e0 ne pas \u00e9mettre de commentaires pouvant contenir des connotations obsc\u00e8nes, ill\u00e9gales ou abusives. L&rsquo;utilisateur sera seul responsable du contenu des commentaires \u00e9mis.<\/p>\n<h6 id=\"h-5-enlaces-con-otros-sitios-web\">5. Liens vers d&rsquo;autres sites Web.<\/h6>\n<p>findCar peut inclure des liens sur le site Web vers des sites Web de tiers. findCar n&rsquo;examine pas tous les sites Web de tiers et n&rsquo;effectue pas de contr\u00f4le sur ceux-ci, par cons\u00e9quent, findCar ne peut en aucun cas \u00eatre tenu responsable du contenu de ces sites Web ou des mesures qu&rsquo;ils adoptent en mati\u00e8re de confidentialit\u00e9 ou de traitement des donn\u00e9es personnelles de l&rsquo;utilisateur. .<\/p>\n<h6 id=\"h-6-enlaces-con-findpetgps-com\">6. Liens avec findCar<\/h6>\n<p>Si vous souhaitez activer un lien vers ce site web, veuillez contacter GPS findCar par e-mail : info@findcargps.com.<\/p>\n<h6 id=\"h-7-legislaci-n-aplicable-y-jurisdicci-n-competente\">7. L\u00e9gislation applicable et juridiction comp\u00e9tente.<\/h6>\n<p>Les achats effectu\u00e9s avec findCar sont soumis \u00e0 la loi espagnole. Les parties se soumettent, \u00e0 leur choix, pour la r\u00e9solution des conflits et renoncement \u00e0 toute autre juridiction, aux cours et tribunaux du domicile de l&rsquo;utilisateur.<\/p>\n<h6 id=\"h-8-uso-de-cookies\">8. Utilisation des cookies.<\/h6>\n<p>Ce site web utilise des cookies. Si vous le souhaitez, vous pouvez refuser le traitement de donn\u00e9es ou d&rsquo;informations en refusant l&rsquo;utilisation de cookies via la configuration appropri\u00e9e de votre navigateur Internet, mais vous devez garder \u00e0 l&rsquo;esprit que, si vous le faites, vous ne pourrez peut-\u00eatre pas utiliser tous la fonctionnalit\u00e9 de ce site Web.<\/p>\n\t\t\t\t\t\t\t\t<\/div>\n\t\t\t\t<\/div>\n\t\t\t\t\t<\/div>\n\t\t<\/div>\n\t\t\t\t\t<\/div>\n\t\t<\/section>\n\t\t\t\t<\/div>\n\t\t","protected":false},"excerpt":{"rendered":"<p>Avis juridique 1. Conditions d&rsquo;utilisation. Les conditions ci-dessus s&rsquo;appliquent \u00e0 toutes les transactions effectu\u00e9es sur findcargpps.com, ci-apr\u00e8s d\u00e9nomm\u00e9 findCar. findCar fournit un service \u00e0 ses clients avec ce site Web. Veuillez consulter les conditions g\u00e9n\u00e9rales de vente qui r\u00e9gissent notre site Web. L&rsquo;utilisation par le client de findCar constitue un accord avec les conditions g\u00e9n\u00e9rales [&hellip;]<\/p>\n","protected":false},"author":1,"featured_media":0,"parent":0,"menu_order":0,"comment_status":"closed","ping_status":"closed","template":"elementor_header_footer","meta":{"footnotes":"","_elementor_edit_mode":"builder","_elementor_template_type":"wp-page","_elementor_data":"[{\"id\":\"52a0b8d6\",\"elType\":\"section\",\"settings\":[],\"elements\":[{\"id\":\"5fd139b5\",\"elType\":\"column\",\"settings\":{\"_column_size\":100},\"elements\":[{\"id\":\"4f2c7434\",\"elType\":\"widget\",\"settings\":{\"editor\":\"<h2>Avis juridique<\\\/h2>\\n<h6 id=\\\"h-1-condiciones-de-uso\\\">1. Conditions d'utilisation.<\\\/h6>\\n<p>Les conditions ci-dessus s'appliquent \\u00e0 toutes les transactions effectu\\u00e9es sur findcargpps.com, ci-apr\\u00e8s d\\u00e9nomm\\u00e9 findCar.<\\\/p>\\n<p>findCar fournit un service \\u00e0 ses clients avec ce site Web. Veuillez consulter les conditions g\\u00e9n\\u00e9rales de vente qui r\\u00e9gissent notre site Web. L'utilisation par le client de findCar constitue un accord avec les conditions g\\u00e9n\\u00e9rales et conditions de vente suivantes. Si vous n'acceptez pas ces conditions, veuillez ne pas utiliser le site Web.<\\\/p>\\n<p>findCar peut modifier ou mettre \\u00e0 jour en tout ou en partie les pr\\u00e9sentes conditions g\\u00e9n\\u00e9rales de vente et conditions g\\u00e9n\\u00e9rales, en tenant compte d'\\u00e9ventuelles modifications de la l\\u00e9gislation et de la r\\u00e9glementation en vigueur. Les nouvelles conditions de vente entreront en vigueur \\u00e0 compter de la date de leur publication sur le site findCar. Nous recommandons que ces termes et conditions soient revus fr\\u00e9quemment. Si vous n'\\u00eates pas d'accord avec les modifications apport\\u00e9es, veuillez ne pas utiliser le site Web.<\\\/p>\\n<h6 id=\\\"h-2-contenido-de-la-p-gina-web\\\">2. Contenu du site Web.<\\\/h6>\\n<p>findCar essaie toujours que son contenu soit v\\u00e9rifi\\u00e9 et ne contienne pas d'informations incorrectes. En cas d'erreur de ce type ind\\u00e9pendante de notre volont\\u00e9, nous proc\\u00e9derons \\u00e0 sa correction imm\\u00e9diatement.<\\\/p>\\n<p>Nous nous r\\u00e9servons le droit de corriger toute erreur, omission ou inexactitude, ainsi que de modifier ou de mettre \\u00e0 jour les informations \\u00e0 tout moment sans pr\\u00e9avis. Nous nous r\\u00e9servons le droit de modifier l'offre commerciale de notre site Internet lorsque nous le jugeons opportun. Ces modifications n'affecteront en aucun cas les achats d\\u00e9j\\u00e0 effectu\\u00e9s.<\\\/p>\\n<p>findCar ne peut \\u00eatre tenu responsable de toute utilisation du Web ou de son contenu par chacun des utilisateurs qui ne respecterait pas la l\\u00e9gislation et la r\\u00e9glementation en vigueur. L'utilisateur est seul et exclusivement responsable de la communication d'informations et de donn\\u00e9es incorrectes, fausses ou connexes \\u00e0 des tiers (dans le cas o\\u00f9 ils n'ont pas exprim\\u00e9 leur consentement \\u00e0 cet \\u00e9gard), ainsi que de leur utilisation incorrecte.<\\\/p>\\n<p>findCars s'est efforc\\u00e9 d'afficher le plus fid\\u00e8lement possible les couleurs des produits qui apparaissent sur le Web. Dans tous les cas, les couleurs que l'utilisateur verra d\\u00e9pendront \\u00e9galement du moniteur qu'il utilise, par cons\\u00e9quent findCar ne peut pas garantir la pr\\u00e9cision de la couleur que ledit moniteur affiche.<\\\/p>\\n<h6 id=\\\"h-3-derechos-de-propiedad-intelectual\\\">3. Droits de propri\\u00e9t\\u00e9 intellectuelle.<\\\/h6>\\n<p>L'utilisateur reconna\\u00eet et admet que tous les droits d'auteur, conceptions, photographies, y compris les droits d'image, graphiques, sons, musique, vid\\u00e9o, audio, texte, marques d\\u00e9pos\\u00e9es et tout autre contenu et droits intellectuels et mat\\u00e9riels En ce qui concerne le contenu d\\u00e9crit ici, ils sont prot\\u00e9g\\u00e9s par le droit d'auteur et autres droits de propri\\u00e9t\\u00e9 intellectuelle de findCar et d'autres titulaires de droits.<\\\/p>\\n<p>Ce site Web est destin\\u00e9 \\u00e0 un usage personnel et non commercial de l'utilisateur. Il est interdit de copier, modifier, distribuer, transmettre, publier ou exploiter commercialement tout contenu, produit ou service sur ce site Web.<\\\/p>\\n<h6 id=\\\"h-4-comentarios-de-usuarios\\\">4. Commentaires des utilisateurs.<\\\/h6>\\n<p>Tous les commentaires, id\\u00e9es, opinions, critiques, etc. propos\\u00e9 \\u00e0 findCar doit rester la propri\\u00e9t\\u00e9 de l'entreprise. L'utilisation par FindCar de ces commentaires, opinions et autres ne sera en aucun cas limit\\u00e9e \\u00e0 des fins commerciales ou autres.<\\\/p>\\n<p>L'utilisateur s'engage \\u00e0 ne pas faire de commentaires susceptibles de violer les droits de tiers. L'utilisateur s'engage \\u00e9galement \\u00e0 ne pas \\u00e9mettre de commentaires pouvant contenir des connotations obsc\\u00e8nes, ill\\u00e9gales ou abusives. L'utilisateur sera seul responsable du contenu des commentaires \\u00e9mis.<\\\/p>\\n<h6 id=\\\"h-5-enlaces-con-otros-sitios-web\\\">5. Liens vers d'autres sites Web.<\\\/h6>\\n<p>findCar peut inclure des liens sur le site Web vers des sites Web de tiers. findCar n'examine pas tous les sites Web de tiers et n'effectue pas de contr\\u00f4le sur ceux-ci, par cons\\u00e9quent, findCar ne peut en aucun cas \\u00eatre tenu responsable du contenu de ces sites Web ou des mesures qu'ils adoptent en mati\\u00e8re de confidentialit\\u00e9 ou de traitement des donn\\u00e9es personnelles de l'utilisateur. .<\\\/p>\\n<h6 id=\\\"h-6-enlaces-con-findpetgps-com\\\">6. Liens avec findCar<\\\/h6>\\n<p>Si vous souhaitez activer un lien vers ce site web, veuillez contacter GPS findCar par e-mail : info@findcargps.com.<\\\/p>\\n<h6 id=\\\"h-7-legislaci-n-aplicable-y-jurisdicci-n-competente\\\">7. L\\u00e9gislation applicable et juridiction comp\\u00e9tente.<\\\/h6>\\n<p>Les achats effectu\\u00e9s avec findCar sont soumis \\u00e0 la loi espagnole. Les parties se soumettent, \\u00e0 leur choix, pour la r\\u00e9solution des conflits et renoncement \\u00e0 toute autre juridiction, aux cours et tribunaux du domicile de l'utilisateur.<\\\/p>\\n<h6 id=\\\"h-8-uso-de-cookies\\\">8. Utilisation des cookies.<\\\/h6>\\n<p>Ce site web utilise des cookies. Si vous le souhaitez, vous pouvez refuser le traitement de donn\\u00e9es ou d'informations en refusant l'utilisation de cookies via la configuration appropri\\u00e9e de votre navigateur Internet, mais vous devez garder \\u00e0 l'esprit que, si vous le faites, vous ne pourrez peut-\\u00eatre pas utiliser tous la fonctionnalit\\u00e9 de ce site Web.<\\\/p>\\n\"},\"elements\":[],\"widgetType\":\"text-editor\"}],\"isInner\":false}],\"isInner\":false}]","_elementor_page_settings":null,"_elementor_conditions":[]},"class_list":["post-4328","page","type-page","status-publish","hentry"],"yoast_head":"<!-- This site is optimized with the Yoast SEO plugin v27.1.1 - https:\/\/yoast.com\/product\/yoast-seo-wordpress\/ -->\n<title>Avis juridique - findCarGPS.com<\/title>\n<meta name=\"robots\" content=\"index, follow, max-snippet:-1, max-image-preview:large, max-video-preview:-1\" \/>\n<link rel=\"canonical\" href=\"https:\/\/findcargps.com\/fr\/avis-juridique\/\" \/>\n<meta property=\"og:locale\" content=\"fr_FR\" \/>\n<meta property=\"og:type\" content=\"article\" \/>\n<meta property=\"og:title\" content=\"Avis juridique - findCarGPS.com\" \/>\n<meta property=\"og:description\" content=\"Avis juridique 1. Conditions d&rsquo;utilisation. Les conditions ci-dessus s&rsquo;appliquent \u00e0 toutes les transactions effectu\u00e9es sur findcargpps.com, ci-apr\u00e8s d\u00e9nomm\u00e9 findCar. findCar fournit un service \u00e0 ses clients avec ce site Web. Veuillez consulter les conditions g\u00e9n\u00e9rales de vente qui r\u00e9gissent notre site Web. L&rsquo;utilisation par le client de findCar constitue un accord avec les conditions g\u00e9n\u00e9rales [&hellip;]\" \/>\n<meta property=\"og:url\" content=\"https:\/\/findcargps.com\/fr\/avis-juridique\/\" \/>\n<meta property=\"og:site_name\" content=\"findCarGPS.com\" \/>\n<meta property=\"article:modified_time\" content=\"2024-08-14T14:57:08+00:00\" \/>\n<meta name=\"twitter:card\" content=\"summary_large_image\" \/>\n<meta name=\"twitter:label1\" content=\"Dur\u00e9e de lecture estim\u00e9e\" \/>\n\t<meta name=\"twitter:data1\" content=\"4 minutes\" \/>\n<script type=\"application\/ld+json\" class=\"yoast-schema-graph\">{\"@context\":\"https:\/\/schema.org\",\"@graph\":[{\"@type\":\"WebPage\",\"@id\":\"https:\/\/findcargps.com\/fr\/avis-juridique\/\",\"url\":\"https:\/\/findcargps.com\/fr\/avis-juridique\/\",\"name\":\"Avis juridique - findCarGPS.com\",\"isPartOf\":{\"@id\":\"https:\/\/findcargps.com\/fr\/#website\"},\"datePublished\":\"2020-12-09T18:48:52+00:00\",\"dateModified\":\"2024-08-14T14:57:08+00:00\",\"breadcrumb\":{\"@id\":\"https:\/\/findcargps.com\/fr\/avis-juridique\/#breadcrumb\"},\"inLanguage\":\"fr-FR\",\"potentialAction\":[{\"@type\":\"ReadAction\",\"target\":[\"https:\/\/findcargps.com\/fr\/avis-juridique\/\"]}]},{\"@type\":\"BreadcrumbList\",\"@id\":\"https:\/\/findcargps.com\/fr\/avis-juridique\/#breadcrumb\",\"itemListElement\":[{\"@type\":\"ListItem\",\"position\":1,\"name\":\"Portada\",\"item\":\"https:\/\/findcargps.com\/fr\/\"},{\"@type\":\"ListItem\",\"position\":2,\"name\":\"Avis juridique\"}]},{\"@type\":\"WebSite\",\"@id\":\"https:\/\/findcargps.com\/fr\/#website\",\"url\":\"https:\/\/findcargps.com\/fr\/\",\"name\":\"findCarGPS.com\",\"description\":\"Localizadores GPS para coches\",\"publisher\":{\"@id\":\"https:\/\/findcargps.com\/fr\/#organization\"},\"potentialAction\":[{\"@type\":\"SearchAction\",\"target\":{\"@type\":\"EntryPoint\",\"urlTemplate\":\"https:\/\/findcargps.com\/fr\/?s={search_term_string}\"},\"query-input\":{\"@type\":\"PropertyValueSpecification\",\"valueRequired\":true,\"valueName\":\"search_term_string\"}}],\"inLanguage\":\"fr-FR\"},{\"@type\":\"Organization\",\"@id\":\"https:\/\/findcargps.com\/fr\/#organization\",\"name\":\"findCarGPS\",\"url\":\"https:\/\/findcargps.com\/fr\/\",\"logo\":{\"@type\":\"ImageObject\",\"inLanguage\":\"fr-FR\",\"@id\":\"https:\/\/findcargps.com\/fr\/#\/schema\/logo\/image\/\",\"url\":\"https:\/\/findcargps.com\/wp-content\/uploads\/sites\/4\/2020\/12\/2.png\",\"contentUrl\":\"https:\/\/findcargps.com\/wp-content\/uploads\/sites\/4\/2020\/12\/2.png\",\"width\":2000,\"height\":1995,\"caption\":\"findCarGPS\"},\"image\":{\"@id\":\"https:\/\/findcargps.com\/fr\/#\/schema\/logo\/image\/\"}}]}<\/script>\n<!-- \/ Yoast SEO plugin. -->","yoast_head_json":{"title":"Avis juridique - findCarGPS.com","robots":{"index":"index","follow":"follow","max-snippet":"max-snippet:-1","max-image-preview":"max-image-preview:large","max-video-preview":"max-video-preview:-1"},"canonical":"https:\/\/findcargps.com\/fr\/avis-juridique\/","og_locale":"fr_FR","og_type":"article","og_title":"Avis juridique - findCarGPS.com","og_description":"Avis juridique 1. Conditions d&rsquo;utilisation. Les conditions ci-dessus s&rsquo;appliquent \u00e0 toutes les transactions effectu\u00e9es sur findcargpps.com, ci-apr\u00e8s d\u00e9nomm\u00e9 findCar. findCar fournit un service \u00e0 ses clients avec ce site Web. Veuillez consulter les conditions g\u00e9n\u00e9rales de vente qui r\u00e9gissent notre site Web. L&rsquo;utilisation par le client de findCar constitue un accord avec les conditions g\u00e9n\u00e9rales [&hellip;]","og_url":"https:\/\/findcargps.com\/fr\/avis-juridique\/","og_site_name":"findCarGPS.com","article_modified_time":"2024-08-14T14:57:08+00:00","twitter_card":"summary_large_image","twitter_misc":{"Dur\u00e9e de lecture estim\u00e9e":"4 minutes"},"schema":{"@context":"https:\/\/schema.org","@graph":[{"@type":"WebPage","@id":"https:\/\/findcargps.com\/fr\/avis-juridique\/","url":"https:\/\/findcargps.com\/fr\/avis-juridique\/","name":"Avis juridique - findCarGPS.com","isPartOf":{"@id":"https:\/\/findcargps.com\/fr\/#website"},"datePublished":"2020-12-09T18:48:52+00:00","dateModified":"2024-08-14T14:57:08+00:00","breadcrumb":{"@id":"https:\/\/findcargps.com\/fr\/avis-juridique\/#breadcrumb"},"inLanguage":"fr-FR","potentialAction":[{"@type":"ReadAction","target":["https:\/\/findcargps.com\/fr\/avis-juridique\/"]}]},{"@type":"BreadcrumbList","@id":"https:\/\/findcargps.com\/fr\/avis-juridique\/#breadcrumb","itemListElement":[{"@type":"ListItem","position":1,"name":"Portada","item":"https:\/\/findcargps.com\/fr\/"},{"@type":"ListItem","position":2,"name":"Avis juridique"}]},{"@type":"WebSite","@id":"https:\/\/findcargps.com\/fr\/#website","url":"https:\/\/findcargps.com\/fr\/","name":"findCarGPS.com","description":"Localizadores GPS para coches","publisher":{"@id":"https:\/\/findcargps.com\/fr\/#organization"},"potentialAction":[{"@type":"SearchAction","target":{"@type":"EntryPoint","urlTemplate":"https:\/\/findcargps.com\/fr\/?s={search_term_string}"},"query-input":{"@type":"PropertyValueSpecification","valueRequired":true,"valueName":"search_term_string"}}],"inLanguage":"fr-FR"},{"@type":"Organization","@id":"https:\/\/findcargps.com\/fr\/#organization","name":"findCarGPS","url":"https:\/\/findcargps.com\/fr\/","logo":{"@type":"ImageObject","inLanguage":"fr-FR","@id":"https:\/\/findcargps.com\/fr\/#\/schema\/logo\/image\/","url":"https:\/\/findcargps.com\/wp-content\/uploads\/sites\/4\/2020\/12\/2.png","contentUrl":"https:\/\/findcargps.com\/wp-content\/uploads\/sites\/4\/2020\/12\/2.png","width":2000,"height":1995,"caption":"findCarGPS"},"image":{"@id":"https:\/\/findcargps.com\/fr\/#\/schema\/logo\/image\/"}}]}},"_links":{"self":[{"href":"https:\/\/findcargps.com\/fr\/wp-json\/wp\/v2\/pages\/4328","targetHints":{"allow":["GET"]}}],"collection":[{"href":"https:\/\/findcargps.com\/fr\/wp-json\/wp\/v2\/pages"}],"about":[{"href":"https:\/\/findcargps.com\/fr\/wp-json\/wp\/v2\/types\/page"}],"author":[{"embeddable":true,"href":"https:\/\/findcargps.com\/fr\/wp-json\/wp\/v2\/users\/1"}],"replies":[{"embeddable":true,"href":"https:\/\/findcargps.com\/fr\/wp-json\/wp\/v2\/comments?post=4328"}],"version-history":[{"count":7,"href":"https:\/\/findcargps.com\/fr\/wp-json\/wp\/v2\/pages\/4328\/revisions"}],"predecessor-version":[{"id":54933,"href":"https:\/\/findcargps.com\/fr\/wp-json\/wp\/v2\/pages\/4328\/revisions\/54933"}],"wp:attachment":[{"href":"https:\/\/findcargps.com\/fr\/wp-json\/wp\/v2\/media?parent=4328"}],"curies":[{"name":"wp","href":"https:\/\/api.w.org\/{rel}","templated":true}]}}