{"id":4311,"date":"2020-12-09T19:39:49","date_gmt":"2020-12-09T18:39:49","guid":{"rendered":"https:\/\/findcargps.com\/politique-de-cookies\/"},"modified":"2022-08-21T17:14:52","modified_gmt":"2022-08-21T15:14:52","slug":"politique-de-cookies","status":"publish","type":"page","link":"https:\/\/findcargps.com\/fr\/avis-juridique\/politique-de-cookies\/","title":{"rendered":"Politique de cookies"},"content":{"rendered":"\t\t<div data-elementor-type=\"wp-page\" data-elementor-id=\"4311\" class=\"elementor elementor-4311 elementor-47\" data-elementor-post-type=\"page\">\n\t\t\t\t\t\t<section class=\"elementor-section elementor-top-section elementor-element elementor-element-5ca50f95 elementor-section-boxed elementor-section-height-default elementor-section-height-default\" data-id=\"5ca50f95\" data-element_type=\"section\" data-e-type=\"section\">\n\t\t\t\t\t\t<div class=\"elementor-container elementor-column-gap-default\">\n\t\t\t\t\t<div class=\"elementor-column elementor-col-100 elementor-top-column elementor-element elementor-element-1b211117\" data-id=\"1b211117\" data-element_type=\"column\" data-e-type=\"column\">\n\t\t\t<div class=\"elementor-widget-wrap elementor-element-populated\">\n\t\t\t\t\t\t<div class=\"elementor-element elementor-element-69b989b9 de_scroll_animation_no elementor-widget elementor-widget-text-editor\" data-id=\"69b989b9\" data-element_type=\"widget\" data-e-type=\"widget\" data-widget_type=\"text-editor.default\">\n\t\t\t\t<div class=\"elementor-widget-container\">\n\t\t\t\t\t\t\t\t\t<h2 id=\"block-6a38a1a1-59ea-4e53-9b78-2a86f6b1952a\">biscuits<\/h2><p id=\"block-5eb41a80-5860-4cad-a3cb-c261b846a8a6\">Ongle<em> biscuit<\/em> c&rsquo;est un petit fichier texte qui est stock\u00e9 dans votre navigateur lorsque vous visitez presque n&rsquo;importe quelle page Web. Son utilit\u00e9 est que le Web peut se souvenir de votre visite lorsque vous revenez sur cette page. le <em>cookie<\/em> Ils stockent g\u00e9n\u00e9ralement des informations techniques, des pr\u00e9f\u00e9rences personnelles, la personnalisation du contenu, des statistiques d&rsquo;utilisation, des liens vers les r\u00e9seaux sociaux, l&rsquo;acc\u00e8s aux comptes utilisateurs, etc. Le but de la <em>cookiet<\/em> est d&rsquo;adapter le contenu du web \u00e0 votre profil et vos besoins, sans<em> cookie<\/em> les services offerts par n&rsquo;importe quelle page seraient consid\u00e9rablement r\u00e9duits.<\/p><p id=\"block-882f2adf-61d9-41b3-816d-af4d96dd1a48\">Si vous laissez un commentaire sur notre site, vous pouvez choisir d&rsquo;enregistrer votre nom, votre adresse e-mail et votre site Web dans des cookies. Ceci est pour votre commodit\u00e9, vous n&rsquo;avez donc pas \u00e0 remplir \u00e0 nouveau vos coordonn\u00e9es lorsque vous laissez un autre commentaire. Ces cookies dureront un an.<\/p><p id=\"block-965c0be3-2c10-4df2-ae02-eb8fd0e7bbdc\">Si vous avez un compte et que vous vous connectez \u00e0 ce site, nous installerons un cookie temporaire pour d\u00e9terminer si votre navigateur accepte les cookies. Ce cookie ne contient pas de donn\u00e9es personnelles et est supprim\u00e9 lorsque le navigateur est ferm\u00e9.<\/p><p id=\"block-fb4973f3-53f2-42f6-8d4b-671e2c4474e1\">Lorsque vous vous connectez, nous installerons \u00e9galement plusieurs cookies pour enregistrer vos informations de connexion et vos options d&rsquo;affichage \u00e0 l&rsquo;\u00e9cran. Les cookies d&rsquo;acc\u00e8s durent deux jours et les cookies d&rsquo;options d&rsquo;\u00e9cran durent un an. Si vous s\u00e9lectionnez \u00ab\u00a0Se souvenir de moi\u00a0\u00bb, votre acc\u00e8s durera deux semaines. Si vous vous d\u00e9connectez de votre compte, les cookies d&rsquo;acc\u00e8s seront supprim\u00e9s.<\/p><p id=\"block-207d26d7-6f80-4a6e-a5b5-76d129725297\">Si vous modifiez ou publiez un article, un cookie suppl\u00e9mentaire sera enregistr\u00e9 dans votre navigateur. Ce cookie n&rsquo;inclut pas de donn\u00e9es personnelles et indique simplement l&rsquo;ID de l&rsquo;article que vous venez de modifier. Il expire apr\u00e8s 1 jour.<\/p><p id=\"block-a013be69-0919-4fd0-8a14-c7210fa2f8e4\">En suivant les directives de l&rsquo;Agence espagnole de protection des donn\u00e9es, nous d\u00e9taillons l&rsquo;utilisation de<em> biscuits<\/em> que ce site Web fait afin de vous informer le plus pr\u00e9cis\u00e9ment possible<\/p><p id=\"block-82eb210b-9b94-4774-a937-84f000755734\">Ce site Web utilise les \u00e9l\u00e9ments suivants<strong> propres cookies<\/strong> :<\/p><ul id=\"block-9416bf24-7ec4-44b2-bfba-e04e8989123e\"><li>Cookies de session, pour garantir que les utilisateurs qui r\u00e9digent des commentaires et remplissent des commandes et des formulaires sur le blog sont des applications humaines et non automatis\u00e9es. De cette fa\u00e7on, le<em> Spam<\/em> .<\/li><\/ul><p id=\"block-a5ec650a-79fb-4568-8232-89f48808db2f\">Ce site Web utilise les \u00e9l\u00e9ments suivants<strong> cookies tiers<\/strong> :<\/p><ul id=\"block-d0392775-4925-4014-949c-86802ff6ae43\"><li>Google Analytics: magasins<em> biscuits<\/em> afin de compiler des statistiques sur le trafic et le volume de visites sur ce site. En utilisant ce site Web, vous consentez au traitement des informations vous concernant par Google. Par cons\u00e9quent, l&rsquo;exercice de tout droit \u00e0 cet \u00e9gard doit se faire en communiquant directement avec Google.<\/li><li>R\u00e9seaux sociaux: chaque r\u00e9seau social utilise le sien<em> biscuits<\/em> pour vous de cliquer sur des boutons comme<em> J&rsquo;aime<\/em> ou<em> Partager<\/em> .<\/li><\/ul>\t\t\t\t\t\t\t\t<\/div>\n\t\t\t\t<\/div>\n\t\t\t\t\t<\/div>\n\t\t<\/div>\n\t\t\t\t\t<\/div>\n\t\t<\/section>\n\t\t\t\t<section class=\"elementor-section elementor-top-section elementor-element elementor-element-601b118d elementor-section-boxed elementor-section-height-default elementor-section-height-default elementor-invisible\" data-id=\"601b118d\" data-element_type=\"section\" data-e-type=\"section\" data-settings=\"{&quot;animation&quot;:&quot;fadeInUp&quot;}\">\n\t\t\t\t\t\t<div class=\"elementor-container elementor-column-gap-default\">\n\t\t\t\t\t<div class=\"elementor-column elementor-col-100 elementor-top-column elementor-element elementor-element-fcf2409\" data-id=\"fcf2409\" data-element_type=\"column\" data-e-type=\"column\" data-settings=\"{&quot;background_background&quot;:&quot;classic&quot;}\">\n\t\t\t<div class=\"elementor-widget-wrap elementor-element-populated\">\n\t\t\t\t\t\t<div class=\"elementor-element elementor-element-bf1355f elementor-absolute de_scroll_animation_no elementor-invisible elementor-widget elementor-widget-image\" data-id=\"bf1355f\" data-element_type=\"widget\" data-e-type=\"widget\" data-settings=\"{&quot;_animation&quot;:&quot;fadeIn&quot;,&quot;_animation_delay&quot;:400,&quot;_position&quot;:&quot;absolute&quot;}\" data-widget_type=\"image.default\">\n\t\t\t\t<div class=\"elementor-widget-container\">\n\t\t\t\t\t\t\t\t\t\t\t\t\t\t\t<img fetchpriority=\"high\" decoding=\"async\" width=\"800\" height=\"664\" src=\"https:\/\/findcargps.com\/wp-content\/uploads\/sites\/4\/2022\/08\/Asset-1-1.png\" class=\"attachment-large size-large wp-image-6611\" alt=\"\" srcset=\"https:\/\/findcargps.com\/wp-content\/uploads\/sites\/4\/2022\/08\/Asset-1-1.png 940w, https:\/\/findcargps.com\/wp-content\/uploads\/sites\/4\/2022\/08\/Asset-1-1-300x249.png 300w, https:\/\/findcargps.com\/wp-content\/uploads\/sites\/4\/2022\/08\/Asset-1-1-768x637.png 768w, https:\/\/findcargps.com\/wp-content\/uploads\/sites\/4\/2022\/08\/Asset-1-1-160x133.png 160w, https:\/\/findcargps.com\/wp-content\/uploads\/sites\/4\/2022\/08\/Asset-1-1-220x183.png 220w, https:\/\/findcargps.com\/wp-content\/uploads\/sites\/4\/2022\/08\/Asset-1-1-640x531.png 640w, https:\/\/findcargps.com\/wp-content\/uploads\/sites\/4\/2022\/08\/Asset-1-1-600x498.png 600w\" sizes=\"(max-width: 800px) 100vw, 800px\" \/>\t\t\t\t\t\t\t\t\t\t\t\t\t\t\t<\/div>\n\t\t\t\t<\/div>\n\t\t\t\t<div class=\"elementor-element elementor-element-db51523 elementor-absolute de_scroll_animation_no elementor-invisible elementor-widget elementor-widget-image\" data-id=\"db51523\" data-element_type=\"widget\" data-e-type=\"widget\" data-settings=\"{&quot;_animation&quot;:&quot;fadeIn&quot;,&quot;_animation_delay&quot;:600,&quot;_position&quot;:&quot;absolute&quot;}\" data-widget_type=\"image.default\">\n\t\t\t\t<div class=\"elementor-widget-container\">\n\t\t\t\t\t\t\t\t\t\t\t\t\t\t\t<img decoding=\"async\" width=\"257\" height=\"313\" src=\"https:\/\/findcargps.com\/wp-content\/uploads\/sites\/4\/2022\/08\/Asset-2-1-1.png\" class=\"attachment-large size-large wp-image-6618\" alt=\"\" srcset=\"https:\/\/findcargps.com\/wp-content\/uploads\/sites\/4\/2022\/08\/Asset-2-1-1.png 257w, https:\/\/findcargps.com\/wp-content\/uploads\/sites\/4\/2022\/08\/Asset-2-1-1-246x300.png 246w, https:\/\/findcargps.com\/wp-content\/uploads\/sites\/4\/2022\/08\/Asset-2-1-1-160x195.png 160w, https:\/\/findcargps.com\/wp-content\/uploads\/sites\/4\/2022\/08\/Asset-2-1-1-220x268.png 220w\" sizes=\"(max-width: 257px) 100vw, 257px\" \/>\t\t\t\t\t\t\t\t\t\t\t\t\t\t\t<\/div>\n\t\t\t\t<\/div>\n\t\t\t\t\t<\/div>\n\t\t<\/div>\n\t\t\t\t\t<\/div>\n\t\t<\/section>\n\t\t\t\t<\/div>\n\t\t","protected":false},"excerpt":{"rendered":"<p>biscuits Ongle biscuit c&rsquo;est un petit fichier texte qui est stock\u00e9 dans votre navigateur lorsque vous visitez presque n&rsquo;importe quelle page Web. Son utilit\u00e9 est que le Web peut se souvenir de votre visite lorsque vous revenez sur cette page. le cookie Ils stockent g\u00e9n\u00e9ralement des informations techniques, des pr\u00e9f\u00e9rences personnelles, la personnalisation du contenu, [&hellip;]<\/p>\n","protected":false},"author":1,"featured_media":0,"parent":4328,"menu_order":0,"comment_status":"closed","ping_status":"closed","template":"elementor_header_footer","meta":{"footnotes":"","_elementor_edit_mode":"builder","_elementor_template_type":"wp-page","_elementor_data":"[{\"id\":\"5ca50f95\",\"elType\":\"section\",\"settings\":[],\"elements\":[{\"id\":\"1b211117\",\"elType\":\"column\",\"settings\":{\"_column_size\":100},\"elements\":[{\"id\":\"69b989b9\",\"elType\":\"widget\",\"settings\":{\"editor\":\"<h2 id=\\\"block-6a38a1a1-59ea-4e53-9b78-2a86f6b1952a\\\">biscuits<\\\/h2><p id=\\\"block-5eb41a80-5860-4cad-a3cb-c261b846a8a6\\\">Ongle<em> biscuit<\\\/em> c'est un petit fichier texte qui est stock\\u00e9 dans votre navigateur lorsque vous visitez presque n'importe quelle page Web. Son utilit\\u00e9 est que le Web peut se souvenir de votre visite lorsque vous revenez sur cette page. le <em>cookie<\\\/em> Ils stockent g\\u00e9n\\u00e9ralement des informations techniques, des pr\\u00e9f\\u00e9rences personnelles, la personnalisation du contenu, des statistiques d'utilisation, des liens vers les r\\u00e9seaux sociaux, l'acc\\u00e8s aux comptes utilisateurs, etc. Le but de la <em>cookiet<\\\/em> est d'adapter le contenu du web \\u00e0 votre profil et vos besoins, sans<em> cookie<\\\/em> les services offerts par n'importe quelle page seraient consid\\u00e9rablement r\\u00e9duits.<\\\/p><p id=\\\"block-882f2adf-61d9-41b3-816d-af4d96dd1a48\\\">Si vous laissez un commentaire sur notre site, vous pouvez choisir d'enregistrer votre nom, votre adresse e-mail et votre site Web dans des cookies. Ceci est pour votre commodit\\u00e9, vous n'avez donc pas \\u00e0 remplir \\u00e0 nouveau vos coordonn\\u00e9es lorsque vous laissez un autre commentaire. Ces cookies dureront un an.<\\\/p><p id=\\\"block-965c0be3-2c10-4df2-ae02-eb8fd0e7bbdc\\\">Si vous avez un compte et que vous vous connectez \\u00e0 ce site, nous installerons un cookie temporaire pour d\\u00e9terminer si votre navigateur accepte les cookies. Ce cookie ne contient pas de donn\\u00e9es personnelles et est supprim\\u00e9 lorsque le navigateur est ferm\\u00e9.<\\\/p><p id=\\\"block-fb4973f3-53f2-42f6-8d4b-671e2c4474e1\\\">Lorsque vous vous connectez, nous installerons \\u00e9galement plusieurs cookies pour enregistrer vos informations de connexion et vos options d'affichage \\u00e0 l'\\u00e9cran. Les cookies d'acc\\u00e8s durent deux jours et les cookies d'options d'\\u00e9cran durent un an. Si vous s\\u00e9lectionnez \\\"Se souvenir de moi\\\", votre acc\\u00e8s durera deux semaines. Si vous vous d\\u00e9connectez de votre compte, les cookies d'acc\\u00e8s seront supprim\\u00e9s.<\\\/p><p id=\\\"block-207d26d7-6f80-4a6e-a5b5-76d129725297\\\">Si vous modifiez ou publiez un article, un cookie suppl\\u00e9mentaire sera enregistr\\u00e9 dans votre navigateur. Ce cookie n'inclut pas de donn\\u00e9es personnelles et indique simplement l'ID de l'article que vous venez de modifier. Il expire apr\\u00e8s 1 jour.<\\\/p><p id=\\\"block-a013be69-0919-4fd0-8a14-c7210fa2f8e4\\\">En suivant les directives de l'Agence espagnole de protection des donn\\u00e9es, nous d\\u00e9taillons l'utilisation de<em> biscuits<\\\/em> que ce site Web fait afin de vous informer le plus pr\\u00e9cis\\u00e9ment possible<\\\/p><p id=\\\"block-82eb210b-9b94-4774-a937-84f000755734\\\">Ce site Web utilise les \\u00e9l\\u00e9ments suivants<strong> propres cookies<\\\/strong> :<\\\/p><ul id=\\\"block-9416bf24-7ec4-44b2-bfba-e04e8989123e\\\"><li>Cookies de session, pour garantir que les utilisateurs qui r\\u00e9digent des commentaires et remplissent des commandes et des formulaires sur le blog sont des applications humaines et non automatis\\u00e9es. De cette fa\\u00e7on, le<em> Spam<\\\/em> .<\\\/li><\\\/ul><p id=\\\"block-a5ec650a-79fb-4568-8232-89f48808db2f\\\">Ce site Web utilise les \\u00e9l\\u00e9ments suivants<strong> cookies tiers<\\\/strong> :<\\\/p><ul id=\\\"block-d0392775-4925-4014-949c-86802ff6ae43\\\"><li>Google Analytics: magasins<em> biscuits<\\\/em> afin de compiler des statistiques sur le trafic et le volume de visites sur ce site. En utilisant ce site Web, vous consentez au traitement des informations vous concernant par Google. Par cons\\u00e9quent, l'exercice de tout droit \\u00e0 cet \\u00e9gard doit se faire en communiquant directement avec Google.<\\\/li><li>R\\u00e9seaux sociaux: chaque r\\u00e9seau social utilise le sien<em> biscuits<\\\/em> pour vous de cliquer sur des boutons comme<em> J'aime<\\\/em> ou<em> Partager<\\\/em> .<\\\/li><\\\/ul>\"},\"elements\":[],\"widgetType\":\"text-editor\"}],\"isInner\":false}],\"isInner\":false},{\"id\":\"601b118d\",\"elType\":\"section\",\"settings\":{\"margin\":{\"unit\":\"px\",\"top\":\"50\",\"right\":0,\"bottom\":\"-150\",\"left\":0,\"isLinked\":false},\"padding_tablet\":{\"unit\":\"px\",\"top\":\"0\",\"right\":\"30\",\"bottom\":\"0\",\"left\":\"30\",\"isLinked\":false},\"padding_mobile\":{\"unit\":\"px\",\"top\":\"0\",\"right\":\"20\",\"bottom\":\"0\",\"left\":\"20\",\"isLinked\":false},\"z_index\":5,\"animation\":\"fadeInUp\"},\"elements\":[{\"id\":\"fcf2409\",\"elType\":\"column\",\"settings\":{\"_column_size\":100,\"_inline_size\":null,\"background_background\":\"classic\",\"border_border\":\"solid\",\"border_width\":{\"unit\":\"px\",\"top\":\"0\",\"right\":\"0\",\"bottom\":\"0\",\"left\":\"0\",\"isLinked\":false},\"border_radius\":{\"unit\":\"px\",\"top\":\"30\",\"right\":\"0\",\"bottom\":\"30\",\"left\":\"0\",\"isLinked\":false},\"padding\":{\"unit\":\"px\",\"top\":\"50\",\"right\":\"50\",\"bottom\":\"50\",\"left\":\"50\",\"isLinked\":true},\"padding_mobile\":{\"unit\":\"px\",\"top\":\"50\",\"right\":\"30\",\"bottom\":\"50\",\"left\":\"30\",\"isLinked\":false},\"__globals__\":{\"background_color\":\"\"},\"background_color\":\"#34343400\"},\"elements\":[{\"id\":\"bf1355f\",\"elType\":\"widget\",\"settings\":{\"image\":{\"id\":6611,\"url\":\"https:\\\/\\\/findcargps.com\\\/wp-content\\\/uploads\\\/sites\\\/4\\\/2022\\\/08\\\/Asset-1-1.png\"},\"align\":\"left\",\"width\":{\"unit\":\"%\",\"size\":17,\"sizes\":[]},\"width_tablet\":{\"unit\":\"%\",\"size\":20,\"sizes\":[]},\"width_mobile\":{\"unit\":\"%\",\"size\":37,\"sizes\":[]},\"_animation\":\"fadeIn\",\"_animation_delay\":400,\"_position\":\"absolute\",\"_offset_x\":{\"size\":-0.648,\"unit\":\"%\"},\"_offset_x_tablet\":{\"unit\":\"%\",\"size\":-4,\"sizes\":[]},\"_offset_x_mobile\":{\"unit\":\"%\",\"size\":-6,\"sizes\":[]},\"_offset_y\":{\"size\":-90,\"unit\":\"px\"},\"_offset_y_tablet\":{\"unit\":\"%\",\"size\":-15,\"sizes\":[]},\"_offset_y_mobile\":{\"unit\":\"%\",\"size\":\"\",\"sizes\":[]},\"image_border_radius\":{\"unit\":\"px\",\"top\":\"0\",\"right\":\"0\",\"bottom\":\"0\",\"left\":\"0\",\"isLinked\":false},\"caption\":\"\"},\"elements\":[],\"widgetType\":\"image\"},{\"id\":\"db51523\",\"elType\":\"widget\",\"settings\":{\"image\":{\"id\":6618,\"url\":\"https:\\\/\\\/findcargps.com\\\/wp-content\\\/uploads\\\/sites\\\/4\\\/2022\\\/08\\\/Asset-2-1-1.png\"},\"align\":\"right\",\"width\":{\"unit\":\"%\",\"size\":7,\"sizes\":[]},\"width_tablet\":{\"unit\":\"%\",\"size\":9,\"sizes\":[]},\"width_mobile\":{\"unit\":\"%\",\"size\":18,\"sizes\":[]},\"_animation\":\"fadeIn\",\"_animation_delay\":600,\"_position\":\"absolute\",\"_offset_x\":{\"size\":2.462,\"unit\":\"%\"},\"_offset_x_tablet\":{\"unit\":\"%\",\"size\":3,\"sizes\":[]},\"_offset_x_mobile\":{\"unit\":\"%\",\"size\":4,\"sizes\":[]},\"_offset_y\":{\"size\":-7.502,\"unit\":\"%\"},\"_offset_y_tablet\":{\"unit\":\"%\",\"size\":80,\"sizes\":[]},\"_offset_y_mobile\":{\"unit\":\"%\",\"size\":86,\"sizes\":[]},\"image_border_radius\":{\"unit\":\"px\",\"top\":\"0\",\"right\":\"0\",\"bottom\":\"0\",\"left\":\"0\",\"isLinked\":false},\"caption\":\"\"},\"elements\":[],\"widgetType\":\"image\"}],\"isInner\":false}],\"isInner\":false}]","_elementor_page_settings":null,"_elementor_conditions":[]},"class_list":["post-4311","page","type-page","status-publish","hentry"],"yoast_head":"<!-- This site is optimized with the Yoast SEO plugin v27.1.1 - https:\/\/yoast.com\/product\/yoast-seo-wordpress\/ -->\n<title>Politique de cookies - findCarGPS.com<\/title>\n<meta name=\"robots\" content=\"index, follow, max-snippet:-1, max-image-preview:large, max-video-preview:-1\" \/>\n<link rel=\"canonical\" href=\"https:\/\/findcargps.com\/fr\/avis-juridique\/politique-de-cookies\/\" \/>\n<meta property=\"og:locale\" content=\"fr_FR\" \/>\n<meta property=\"og:type\" content=\"article\" \/>\n<meta property=\"og:title\" content=\"Politique de cookies - findCarGPS.com\" \/>\n<meta property=\"og:description\" content=\"biscuits Ongle biscuit c&rsquo;est un petit fichier texte qui est stock\u00e9 dans votre navigateur lorsque vous visitez presque n&rsquo;importe quelle page Web. Son utilit\u00e9 est que le Web peut se souvenir de votre visite lorsque vous revenez sur cette page. le cookie Ils stockent g\u00e9n\u00e9ralement des informations techniques, des pr\u00e9f\u00e9rences personnelles, la personnalisation du contenu, [&hellip;]\" \/>\n<meta property=\"og:url\" content=\"https:\/\/findcargps.com\/fr\/avis-juridique\/politique-de-cookies\/\" \/>\n<meta property=\"og:site_name\" content=\"findCarGPS.com\" \/>\n<meta property=\"article:modified_time\" content=\"2022-08-21T15:14:52+00:00\" \/>\n<meta property=\"og:image\" content=\"https:\/\/findcargps.com\/wp-content\/uploads\/sites\/4\/2022\/08\/Asset-1-1.png\" \/>\n<meta name=\"twitter:card\" content=\"summary_large_image\" \/>\n<meta name=\"twitter:label1\" content=\"Dur\u00e9e de lecture estim\u00e9e\" \/>\n\t<meta name=\"twitter:data1\" content=\"2 minutes\" \/>\n<script type=\"application\/ld+json\" class=\"yoast-schema-graph\">{\"@context\":\"https:\/\/schema.org\",\"@graph\":[{\"@type\":\"WebPage\",\"@id\":\"https:\/\/findcargps.com\/fr\/avis-juridique\/politique-de-cookies\/\",\"url\":\"https:\/\/findcargps.com\/fr\/avis-juridique\/politique-de-cookies\/\",\"name\":\"Politique de cookies - findCarGPS.com\",\"isPartOf\":{\"@id\":\"https:\/\/findcargps.com\/fr\/#website\"},\"primaryImageOfPage\":{\"@id\":\"https:\/\/findcargps.com\/fr\/avis-juridique\/politique-de-cookies\/#primaryimage\"},\"image\":{\"@id\":\"https:\/\/findcargps.com\/fr\/avis-juridique\/politique-de-cookies\/#primaryimage\"},\"thumbnailUrl\":\"https:\/\/findcargps.com\/wp-content\/uploads\/sites\/4\/2022\/08\/Asset-1-1.png\",\"datePublished\":\"2020-12-09T18:39:49+00:00\",\"dateModified\":\"2022-08-21T15:14:52+00:00\",\"breadcrumb\":{\"@id\":\"https:\/\/findcargps.com\/fr\/avis-juridique\/politique-de-cookies\/#breadcrumb\"},\"inLanguage\":\"fr-FR\",\"potentialAction\":[{\"@type\":\"ReadAction\",\"target\":[\"https:\/\/findcargps.com\/fr\/avis-juridique\/politique-de-cookies\/\"]}]},{\"@type\":\"ImageObject\",\"inLanguage\":\"fr-FR\",\"@id\":\"https:\/\/findcargps.com\/fr\/avis-juridique\/politique-de-cookies\/#primaryimage\",\"url\":\"https:\/\/findcargps.com\/wp-content\/uploads\/sites\/4\/2022\/08\/Asset-1-1.png\",\"contentUrl\":\"https:\/\/findcargps.com\/wp-content\/uploads\/sites\/4\/2022\/08\/Asset-1-1.png\"},{\"@type\":\"BreadcrumbList\",\"@id\":\"https:\/\/findcargps.com\/fr\/avis-juridique\/politique-de-cookies\/#breadcrumb\",\"itemListElement\":[{\"@type\":\"ListItem\",\"position\":1,\"name\":\"Portada\",\"item\":\"https:\/\/findcargps.com\/fr\/\"},{\"@type\":\"ListItem\",\"position\":2,\"name\":\"Avis juridique\",\"item\":\"https:\/\/findcargps.com\/fr\/avis-juridique\/\"},{\"@type\":\"ListItem\",\"position\":3,\"name\":\"Politique de cookies\"}]},{\"@type\":\"WebSite\",\"@id\":\"https:\/\/findcargps.com\/fr\/#website\",\"url\":\"https:\/\/findcargps.com\/fr\/\",\"name\":\"findCarGPS.com\",\"description\":\"Localizadores GPS para coches\",\"publisher\":{\"@id\":\"https:\/\/findcargps.com\/fr\/#organization\"},\"potentialAction\":[{\"@type\":\"SearchAction\",\"target\":{\"@type\":\"EntryPoint\",\"urlTemplate\":\"https:\/\/findcargps.com\/fr\/?s={search_term_string}\"},\"query-input\":{\"@type\":\"PropertyValueSpecification\",\"valueRequired\":true,\"valueName\":\"search_term_string\"}}],\"inLanguage\":\"fr-FR\"},{\"@type\":\"Organization\",\"@id\":\"https:\/\/findcargps.com\/fr\/#organization\",\"name\":\"findCarGPS\",\"url\":\"https:\/\/findcargps.com\/fr\/\",\"logo\":{\"@type\":\"ImageObject\",\"inLanguage\":\"fr-FR\",\"@id\":\"https:\/\/findcargps.com\/fr\/#\/schema\/logo\/image\/\",\"url\":\"https:\/\/findcargps.com\/wp-content\/uploads\/sites\/4\/2020\/12\/2.png\",\"contentUrl\":\"https:\/\/findcargps.com\/wp-content\/uploads\/sites\/4\/2020\/12\/2.png\",\"width\":2000,\"height\":1995,\"caption\":\"findCarGPS\"},\"image\":{\"@id\":\"https:\/\/findcargps.com\/fr\/#\/schema\/logo\/image\/\"}}]}<\/script>\n<!-- \/ Yoast SEO plugin. -->","yoast_head_json":{"title":"Politique de cookies - findCarGPS.com","robots":{"index":"index","follow":"follow","max-snippet":"max-snippet:-1","max-image-preview":"max-image-preview:large","max-video-preview":"max-video-preview:-1"},"canonical":"https:\/\/findcargps.com\/fr\/avis-juridique\/politique-de-cookies\/","og_locale":"fr_FR","og_type":"article","og_title":"Politique de cookies - findCarGPS.com","og_description":"biscuits Ongle biscuit c&rsquo;est un petit fichier texte qui est stock\u00e9 dans votre navigateur lorsque vous visitez presque n&rsquo;importe quelle page Web. Son utilit\u00e9 est que le Web peut se souvenir de votre visite lorsque vous revenez sur cette page. le cookie Ils stockent g\u00e9n\u00e9ralement des informations techniques, des pr\u00e9f\u00e9rences personnelles, la personnalisation du contenu, [&hellip;]","og_url":"https:\/\/findcargps.com\/fr\/avis-juridique\/politique-de-cookies\/","og_site_name":"findCarGPS.com","article_modified_time":"2022-08-21T15:14:52+00:00","og_image":[{"url":"https:\/\/findcargps.com\/wp-content\/uploads\/sites\/4\/2022\/08\/Asset-1-1.png","type":"","width":"","height":""}],"twitter_card":"summary_large_image","twitter_misc":{"Dur\u00e9e de lecture estim\u00e9e":"2 minutes"},"schema":{"@context":"https:\/\/schema.org","@graph":[{"@type":"WebPage","@id":"https:\/\/findcargps.com\/fr\/avis-juridique\/politique-de-cookies\/","url":"https:\/\/findcargps.com\/fr\/avis-juridique\/politique-de-cookies\/","name":"Politique de cookies - findCarGPS.com","isPartOf":{"@id":"https:\/\/findcargps.com\/fr\/#website"},"primaryImageOfPage":{"@id":"https:\/\/findcargps.com\/fr\/avis-juridique\/politique-de-cookies\/#primaryimage"},"image":{"@id":"https:\/\/findcargps.com\/fr\/avis-juridique\/politique-de-cookies\/#primaryimage"},"thumbnailUrl":"https:\/\/findcargps.com\/wp-content\/uploads\/sites\/4\/2022\/08\/Asset-1-1.png","datePublished":"2020-12-09T18:39:49+00:00","dateModified":"2022-08-21T15:14:52+00:00","breadcrumb":{"@id":"https:\/\/findcargps.com\/fr\/avis-juridique\/politique-de-cookies\/#breadcrumb"},"inLanguage":"fr-FR","potentialAction":[{"@type":"ReadAction","target":["https:\/\/findcargps.com\/fr\/avis-juridique\/politique-de-cookies\/"]}]},{"@type":"ImageObject","inLanguage":"fr-FR","@id":"https:\/\/findcargps.com\/fr\/avis-juridique\/politique-de-cookies\/#primaryimage","url":"https:\/\/findcargps.com\/wp-content\/uploads\/sites\/4\/2022\/08\/Asset-1-1.png","contentUrl":"https:\/\/findcargps.com\/wp-content\/uploads\/sites\/4\/2022\/08\/Asset-1-1.png"},{"@type":"BreadcrumbList","@id":"https:\/\/findcargps.com\/fr\/avis-juridique\/politique-de-cookies\/#breadcrumb","itemListElement":[{"@type":"ListItem","position":1,"name":"Portada","item":"https:\/\/findcargps.com\/fr\/"},{"@type":"ListItem","position":2,"name":"Avis juridique","item":"https:\/\/findcargps.com\/fr\/avis-juridique\/"},{"@type":"ListItem","position":3,"name":"Politique de cookies"}]},{"@type":"WebSite","@id":"https:\/\/findcargps.com\/fr\/#website","url":"https:\/\/findcargps.com\/fr\/","name":"findCarGPS.com","description":"Localizadores GPS para coches","publisher":{"@id":"https:\/\/findcargps.com\/fr\/#organization"},"potentialAction":[{"@type":"SearchAction","target":{"@type":"EntryPoint","urlTemplate":"https:\/\/findcargps.com\/fr\/?s={search_term_string}"},"query-input":{"@type":"PropertyValueSpecification","valueRequired":true,"valueName":"search_term_string"}}],"inLanguage":"fr-FR"},{"@type":"Organization","@id":"https:\/\/findcargps.com\/fr\/#organization","name":"findCarGPS","url":"https:\/\/findcargps.com\/fr\/","logo":{"@type":"ImageObject","inLanguage":"fr-FR","@id":"https:\/\/findcargps.com\/fr\/#\/schema\/logo\/image\/","url":"https:\/\/findcargps.com\/wp-content\/uploads\/sites\/4\/2020\/12\/2.png","contentUrl":"https:\/\/findcargps.com\/wp-content\/uploads\/sites\/4\/2020\/12\/2.png","width":2000,"height":1995,"caption":"findCarGPS"},"image":{"@id":"https:\/\/findcargps.com\/fr\/#\/schema\/logo\/image\/"}}]}},"_links":{"self":[{"href":"https:\/\/findcargps.com\/fr\/wp-json\/wp\/v2\/pages\/4311","targetHints":{"allow":["GET"]}}],"collection":[{"href":"https:\/\/findcargps.com\/fr\/wp-json\/wp\/v2\/pages"}],"about":[{"href":"https:\/\/findcargps.com\/fr\/wp-json\/wp\/v2\/types\/page"}],"author":[{"embeddable":true,"href":"https:\/\/findcargps.com\/fr\/wp-json\/wp\/v2\/users\/1"}],"replies":[{"embeddable":true,"href":"https:\/\/findcargps.com\/fr\/wp-json\/wp\/v2\/comments?post=4311"}],"version-history":[{"count":3,"href":"https:\/\/findcargps.com\/fr\/wp-json\/wp\/v2\/pages\/4311\/revisions"}],"predecessor-version":[{"id":7560,"href":"https:\/\/findcargps.com\/fr\/wp-json\/wp\/v2\/pages\/4311\/revisions\/7560"}],"up":[{"embeddable":true,"href":"https:\/\/findcargps.com\/fr\/wp-json\/wp\/v2\/pages\/4328"}],"wp:attachment":[{"href":"https:\/\/findcargps.com\/fr\/wp-json\/wp\/v2\/media?parent=4311"}],"curies":[{"name":"wp","href":"https:\/\/api.w.org\/{rel}","templated":true}]}}