{"id":14723,"date":"2023-03-21T18:18:10","date_gmt":"2023-03-21T17:18:10","guid":{"rendered":"https:\/\/findcargps.com\/promo-3-mois-gratuits-mode-demploi\/"},"modified":"2024-03-01T19:02:01","modified_gmt":"2024-03-01T18:02:01","slug":"promo-3-mois-gratuits-mode-demploi","status":"publish","type":"page","link":"https:\/\/findcargps.com\/fr\/promo-3-mois-gratuits-mode-demploi\/","title":{"rendered":"Promo 3 mois gratuits &#8211; Mode d&#8217;emploi"},"content":{"rendered":"<h2>Instructions de promotion 3 mois gratuits<\/h2>\n<p>Les \u00e9tapes \u00e0 suivre pour configurer l&rsquo;appareil avec 3 mois gratuits sont les suivantes :<\/p>\n<h4>1- S&rsquo;inscrire sur <a href=\"https:\/\/findcargps.com\/carrito\/?add-to-cart=11&amp;variation_id=13&amp;attribute_pa_periodo=trimestral&amp;coupon_code=promo3dwh\" target=\"_blank\" rel=\"noopener\">cette page<\/a><\/h4>\n<p>Nous avons besoin de vous :  <\/p>\n<ul>\n<li>votre adresse \u00e9lectronique, votre mot de passe, votre pr\u00e9nom, votre nom et votre pays<\/li>\n<li>ID ou IMEI de votre appareil GPS findCar, qui se trouve g\u00e9n\u00e9ralement sur une \u00e9tiquette au dos de l&rsquo;appareil. De cette fa\u00e7on, nous nous assurons d&rsquo;activer votre appareil et pas un autre.<\/li>\n<\/ul>\n<p>Vous devez accepter les conditions du site et cliquer sur le bouton \u00ab\u00a0S&rsquo;ABONNER\u00a0\u00bb, afin de b\u00e9n\u00e9ficier de 3 mois de service GPS gratuit . <\/p>\n<p>Aucun d\u00e9tail de carte ne vous sera demand\u00e9 pour quelque type de paiement que ce soit. Si vous souhaitez prolonger le service apr\u00e8s les trois mois, vous pouvez le faire sans probl\u00e8me.<\/p>\n<h4>2 -T\u00e9l\u00e9chargez et installez l&rsquo;application <a href=\"https:\/\/findcargps.com\/download\/\" target=\"_blank\" rel=\"noopener\">\u00ab\u00a0findCar\u00a0\u00bb<\/a> sur votre t\u00e9l\u00e9phone portable Android ou iOS en cliquant sur <a href=\"https:\/\/findcargps.com\/download\/\" target=\"_blank\" rel=\"noopener\">ce lien<\/a>.<\/h4>\n<h4>3 &#8211; Acc\u00e9der \u00e0 l&rsquo;application<\/h4>\n<p>Dans l&rsquo;application, apr\u00e8s vous \u00eatre connect\u00e9 avec votre nom d&rsquo;utilisateur et votre mot de passe, cliquez sur \u00ab\u00a0Ajouter un appareil\u00a0\u00bb la premi\u00e8re fois que vous vous connectez.<\/p>\n<p>Saisir les donn\u00e9es demand\u00e9es, parmi lesquelles l&rsquo;ID est redemand\u00e9. L&rsquo;application peut lire le code-barres pour vous faciliter la t\u00e2che.<\/p>\n<h5>4a.- Dispositifs BX fonctionnant sur piles uniquement<\/h5>\n<p>Allumez l&rsquo;appareil \u00e0 l&rsquo;aide de l&rsquo;interrupteur ou en appuyant sur le bouton d&rsquo;alimentation pendant 3 secondes (selon le mod\u00e8le), jusqu&rsquo;\u00e0 ce que les lumi\u00e8res bleue et orange commencent \u00e0 clignoter.<\/p>\n<h5>4b.- Dispositifs OBD uniquement<\/h5>\n<p>Installez l&rsquo;appareil dans le port OBD de votre v\u00e9hicule. Il est g\u00e9n\u00e9ralement cach\u00e9 sous le volant ou \u00e0 l&rsquo;un des endroits indiqu\u00e9s ci-dessous. Si vous ne le trouvez pas, consultez le manuel de votre v\u00e9hicule ou trouvez l&#8217;emplacement du . Vous pouvez acc\u00e9der \u00e0 ce site pour Tous les v\u00e9hicules \u00e0 partir de l&rsquo;ann\u00e9e 2000 ont la m\u00eame.<\/p>\n<p><a href=\"https:\/\/findcargps.com\/wp-content\/uploads\/sites\/4\/2022\/03\/Possible-locations-of-OBD2-port-300x169.png\"><img fetchpriority=\"high\" decoding=\"async\" src=\"https:\/\/findcargps.com\/wp-content\/uploads\/sites\/4\/2022\/03\/Possible-locations-of-OBD2-port-300x169.png\" alt=\"\" width=\"300\" height=\"169\"><\/a><\/p>\n<h5 style=\"font-family: var( --e-global-typography-f68401c-font-family ), Sans-serif; font-weight: var( --e-global-typography-f68401c-font-weight ); line-height: var( --e-global-typography-f68401c-line-height ); font-size: var( --e-global-typography-f68401c-font-size ); letter-spacing: var( --e-global-typography-f68401c-letter-spacing ); word-spacing: var( --e-global-typography-f68401c-word-spacing );\">4c.- Uniquement les dispositifs \u00ab\u00a0Tracker\u00a0\u00bb connect\u00e9s \u00e0 la batterie du v\u00e9hicule<\/h5>\n<p>Installez l&rsquo;appareil \u00e0 c\u00f4t\u00e9 de la batterie du v\u00e9hicule en suivant les instructions d\u00e9taill\u00e9es fournies avec le GPS. Branchez les fiches sur les p\u00f4les positifs et n\u00e9gatifs selon le sch\u00e9ma de couleurs fourni,  <\/p>\n<h4>5 &#8211; Profitez de votre GPS !  <\/h4>\n<p>Le processus d&rsquo;activation de l&rsquo;appareil sur les r\u00e9seaux mobiles de votre pays ne prend g\u00e9n\u00e9ralement pas plus de 20 \u00e0 30 minutes, mais dans certains cas, en fonction des r\u00e9seaux mobiles et du pays, il peut prendre jusqu&rsquo;\u00e0 2 heures. Ne vous inqui\u00e9tez pas. Pour acc\u00e9l\u00e9rer le processus, il est pratique que le v\u00e9hicule se trouve \u00e0 l&rsquo;ext\u00e9rieur de tout b\u00e2timent. Jusqu&rsquo;\u00e0 ce que le premier emplacement soit obtenu, \u00ab\u00a0en attente du signal GPS\u00a0\u00bb s&rsquo;affichera sur l&rsquo;application.<\/p>\n<\/p>\n<p>Des instructions compl\u00e8tes sur l&rsquo;utilisation du dispositif GPS sont disponibles <a href=\"https:\/\/findcargps.com\/instrucciones\/\">ici<\/a>.<\/p>\n<\/p>\n<p>\t\t\t\t\t\t\t\t\t\t\t\t\t<img decoding=\"async\" width=\"800\" height=\"664\" src=\"https:\/\/findcargps.com\/wp-content\/uploads\/sites\/4\/2022\/08\/Asset-1-1.png\" alt=\"\" srcset=\"https:\/\/findcargps.com\/wp-content\/uploads\/sites\/4\/2022\/08\/Asset-1-1.png 940w, https:\/\/findcargps.com\/wp-content\/uploads\/sites\/4\/2022\/08\/Asset-1-1-300x249.png 300w, https:\/\/findcargps.com\/wp-content\/uploads\/sites\/4\/2022\/08\/Asset-1-1-768x637.png 768w, https:\/\/findcargps.com\/wp-content\/uploads\/sites\/4\/2022\/08\/Asset-1-1-160x133.png 160w, https:\/\/findcargps.com\/wp-content\/uploads\/sites\/4\/2022\/08\/Asset-1-1-220x183.png 220w, https:\/\/findcargps.com\/wp-content\/uploads\/sites\/4\/2022\/08\/Asset-1-1-640x531.png 640w, https:\/\/findcargps.com\/wp-content\/uploads\/sites\/4\/2022\/08\/Asset-1-1-600x498.png 600w\" sizes=\"(max-width: 800px) 100vw, 800px\"><br \/>\n\t\t\t\t\t\t\t\t\t\t\t\t\t<img decoding=\"async\" width=\"257\" height=\"313\" src=\"https:\/\/findcargps.com\/wp-content\/uploads\/sites\/4\/2022\/08\/Asset-2-1-1.png\" alt=\"\" srcset=\"https:\/\/findcargps.com\/wp-content\/uploads\/sites\/4\/2022\/08\/Asset-2-1-1.png 257w, https:\/\/findcargps.com\/wp-content\/uploads\/sites\/4\/2022\/08\/Asset-2-1-1-246x300.png 246w, https:\/\/findcargps.com\/wp-content\/uploads\/sites\/4\/2022\/08\/Asset-2-1-1-160x195.png 160w, https:\/\/findcargps.com\/wp-content\/uploads\/sites\/4\/2022\/08\/Asset-2-1-1-220x268.png 220w\" sizes=\"(max-width: 257px) 100vw, 257px\"><\/p>\n","protected":false},"excerpt":{"rendered":"<p>Instructions de promotion 3 mois gratuits Les \u00e9tapes \u00e0 suivre pour configurer l&rsquo;appareil avec 3 mois gratuits sont les suivantes : 1- S&rsquo;inscrire sur cette page Nous avons besoin de vous : votre adresse \u00e9lectronique, votre mot de passe, votre pr\u00e9nom, votre nom et votre pays ID ou IMEI de votre appareil GPS findCar, qui [&hellip;]<\/p>\n","protected":false},"author":1,"featured_media":0,"parent":0,"menu_order":0,"comment_status":"closed","ping_status":"closed","template":"elementor_header_footer","meta":{"footnotes":"","_elementor_edit_mode":"","_elementor_template_type":"wp-page","_elementor_data":"[{\"id\":\"55e1d9f7\",\"elType\":\"section\",\"settings\":[],\"elements\":[{\"id\":\"71f873bf\",\"elType\":\"column\",\"settings\":{\"_column_size\":100},\"elements\":[{\"id\":\"d0b4fc9\",\"elType\":\"widget\",\"settings\":{\"editor\":\"<h2>Instructions de promotion 3 mois gratuits<\\\/h2>\\n<p>Les \\u00e9tapes \\u00e0 suivre pour configurer l'appareil avec 3 mois gratuits sont les suivantes :<\\\/p>\\n<h4>1- S'inscrire sur <a href=\\\"https:\\\/\\\/findcargps.com\\\/fr\\\/chariot\\\/?add-to-cart=11&variation_id=13&attribute_pa_periodo=trimestral&coupon_code=promo3dwh\\\" target=\\\"_blank\\\" rel=\\\"noopener\\\">cette page<\\\/a><\\\/h4>\\n<p>Nous avons besoin de vous :  <\\\/p>\\n<ul>\\n<li>votre adresse \\u00e9lectronique, votre mot de passe, votre pr\\u00e9nom, votre nom et votre pays<\\\/li>\\n<li>ID ou IMEI de votre appareil GPS findCar,  <span style=\\\"color: var( --e-global-color-text ); font-family: var( --e-global-typography-text-font-family ), Sans-serif; font-size: var( --e-global-typography-text-font-size ); font-weight: var( --e-global-typography-text-font-weight );\\\">qui se trouve normalement sur une \\u00e9tiquette au dos de l'appareil. De cette fa\\u00e7on, nous nous assurons d'activer votre appareil et pas un autre.<\\\/span><\\\/li>\\n<\\\/ul>\\n<p>Vous devez accepter les conditions du site et cliquer sur le bouton \\\"S'ABONNER\\\", afin de <span style=\\\"color: var( --e-global-color-text ); font-family: var( --e-global-typography-text-font-family ), Sans-serif; font-size: var( --e-global-typography-text-font-size ); font-weight: var( --e-global-typography-text-font-weight );\\\"> b\\u00e9n\\u00e9ficier de 3 mois de service GPS gratuit <\\\/span>.  <\\\/p>\\n<p><span style=\\\"color: var( --e-global-color-text ); font-family: var( --e-global-typography-text-font-family ), Sans-serif; font-size: var( --e-global-typography-text-font-size ); font-weight: var( --e-global-typography-text-font-weight );\\\">Aucun d\\u00e9tail de carte ne vous sera demand\\u00e9 pour quelque type de paiement que ce soit. Si vous souhaitez prolonger le service apr\\u00e8s les trois mois, vous pouvez le faire sans probl\\u00e8me.<\\\/span><\\\/p>\\n<h4>2 -T\\u00e9l\\u00e9chargez et installez l'application <a href=\\\"https:\\\/\\\/findcargps.com\\\/download\\\/\\\" target=\\\"_blank\\\" rel=\\\"noopener\\\">\\\"findCar\\\"<\\\/a> sur votre t\\u00e9l\\u00e9phone portable Android ou iOS en cliquant sur <a href=\\\"https:\\\/\\\/findcargps.com\\\/download\\\/\\\" target=\\\"_blank\\\" rel=\\\"noopener\\\">ce lien<\\\/a>.<\\\/h4>\\n<h4>3 - Acc\\u00e9der \\u00e0 l'application<\\\/h4>\\n<p>Dans l'application, apr\\u00e8s vous \\u00eatre connect\\u00e9 avec votre nom d'utilisateur et votre mot de passe, cliquez sur \\\"Ajouter un appareil\\\" la premi\\u00e8re fois que vous vous connectez.<\\\/p>\\n<p>Saisir les donn\\u00e9es demand\\u00e9es, parmi lesquelles l'ID est redemand\\u00e9. L'application peut lire le code-barres pour vous faciliter la t\\u00e2che.<\\\/p>\\n<h5>4a.- Dispositifs BX fonctionnant sur piles uniquement<\\\/h5>\\n<p>Allumez l'appareil \\u00e0 l'aide de l'interrupteur ou en appuyant sur le bouton d'alimentation pendant 3 secondes (selon le mod\\u00e8le), jusqu'\\u00e0 ce que les lumi\\u00e8res bleue et orange commencent \\u00e0 clignoter.<\\\/p>\\n<div>\\n<h5>4b.- Dispositifs OBD uniquement<\\\/h5>\\n<p>Installez l'appareil dans le port OBD de votre v\\u00e9hicule. Il est g\\u00e9n\\u00e9ralement cach\\u00e9 sous le volant ou \\u00e0 l'un des endroits indiqu\\u00e9s ci-dessous. Si vous ne le trouvez pas, consultez le manuel de votre v\\u00e9hicule ou trouvez l'emplacement du . Vous pouvez acc\\u00e9der \\u00e0 ce site pour Tous les v\\u00e9hicules \\u00e0 partir de l'ann\\u00e9e 2000 ont la m\\u00eame.<\\\/p>\\n<\\\/div>\\n<p><a href=\\\"https:\\\/\\\/findcargps.com\\\/wp-content\\\/uploads\\\/sites\\\/4\\\/2022\\\/03\\\/Possible-locations-of-OBD2-port.png\\\"><img src=\\\"https:\\\/\\\/findcargps.com\\\/wp-content\\\/uploads\\\/sites\\\/4\\\/2022\\\/03\\\/Possible-locations-of-OBD2-port-300x169.png\\\" alt=\\\"\\\" width=\\\"300\\\" height=\\\"169\\\"><\\\/a><\\\/p>\\n<div>\\n<h5 style=\\\"font-family: var( --e-global-typography-f68401c-font-family ), Sans-serif; font-weight: var( --e-global-typography-f68401c-font-weight ); line-height: var( --e-global-typography-f68401c-line-height ); font-size: var( --e-global-typography-f68401c-font-size ); letter-spacing: var( --e-global-typography-f68401c-letter-spacing ); word-spacing: var( --e-global-typography-f68401c-word-spacing );\\\">4c.- Uniquement les dispositifs \\\"Tracker\\\" connect\\u00e9s \\u00e0 la batterie du v\\u00e9hicule<\\\/h5>\\n<p>Installez l'appareil \\u00e0 c\\u00f4t\\u00e9 de la batterie du v\\u00e9hicule en suivant les instructions d\\u00e9taill\\u00e9es fournies avec le GPS. Branchez les fiches sur les p\\u00f4les positifs et n\\u00e9gatifs selon le sch\\u00e9ma de couleurs fourni,  <\\\/p>\\n<\\\/div>\\n<h4>5 - Profitez de votre GPS !  <\\\/h4>\\n<p><span style=\\\"color: var( --e-global-color-text ); font-family: var( --e-global-typography-text-font-family ), Sans-serif; font-size: var( --e-global-typography-text-font-size ); font-weight: var( --e-global-typography-text-font-weight );\\\">Le processus d'activation de l'appareil sur les r\\u00e9seaux mobiles de votre pays ne prend g\\u00e9n\\u00e9ralement pas plus de 20 \\u00e0 30 minutes, mais dans certains cas, en fonction des r\\u00e9seaux mobiles et du pays, il peut prendre jusqu'\\u00e0 2 heures. Ne vous inqui\\u00e9tez pas.<\\\/span><span style=\\\"color: var( --e-global-color-text ); font-family: var( --e-global-typography-text-font-family ), Sans-serif; font-size: var( --e-global-typography-text-font-size ); font-weight: var( --e-global-typography-text-font-weight );\\\"> Pour acc\\u00e9l\\u00e9rer le processus, il est pratique que le v\\u00e9hicule se trouve \\u00e0 l'ext\\u00e9rieur de tout b\\u00e2timent. Jusqu'\\u00e0 ce que le premier emplacement soit obtenu, \\\"en attente du signal GPS\\\" s'affichera sur l'application.<\\\/span><\\\/p>\\n<p><span style=\\\"color: var( --e-global-color-text ); font-family: var( --e-global-typography-text-font-family ), Sans-serif; font-size: var( --e-global-typography-text-font-size ); font-weight: var( --e-global-typography-text-font-weight );\\\"> <\\\/span><\\\/p>\\n<p><span style=\\\"color: var( --e-global-color-text ); font-family: var( --e-global-typography-text-font-family ), Sans-serif; font-size: var( --e-global-typography-text-font-size ); font-weight: var( --e-global-typography-text-font-weight );\\\">Des instructions compl\\u00e8tes sur l'utilisation du dispositif GPS sont disponibles <a href=\\\"https:\\\/\\\/findcargps.com\\\/fr\\\/mode-emploi\\\/\\\">ici<\\\/a>.<\\\/span><\\\/p>\\n<p><span style=\\\"color: var( --e-global-color-text ); font-family: var( --e-global-typography-text-font-family ), Sans-serif; font-size: var( --e-global-typography-text-font-size ); font-weight: var( --e-global-typography-text-font-weight );\\\"> <\\\/span><\\\/p>\\n\"},\"elements\":[],\"widgetType\":\"text-editor\"}],\"isInner\":false}],\"isInner\":false},{\"id\":\"32500746\",\"elType\":\"section\",\"settings\":{\"margin\":{\"unit\":\"px\",\"top\":\"50\",\"right\":0,\"bottom\":\"-150\",\"left\":0,\"isLinked\":false},\"padding_tablet\":{\"unit\":\"px\",\"top\":\"0\",\"right\":\"30\",\"bottom\":\"0\",\"left\":\"30\",\"isLinked\":false},\"padding_mobile\":{\"unit\":\"px\",\"top\":\"0\",\"right\":\"20\",\"bottom\":\"0\",\"left\":\"20\",\"isLinked\":false},\"z_index\":5,\"animation\":\"fadeInUp\"},\"elements\":[{\"id\":\"64d5b37\",\"elType\":\"column\",\"settings\":{\"_column_size\":100,\"_inline_size\":null,\"background_background\":\"classic\",\"border_border\":\"solid\",\"border_width\":{\"unit\":\"px\",\"top\":\"0\",\"right\":\"0\",\"bottom\":\"0\",\"left\":\"0\",\"isLinked\":false},\"border_radius\":{\"unit\":\"px\",\"top\":\"30\",\"right\":\"0\",\"bottom\":\"30\",\"left\":\"0\",\"isLinked\":false},\"padding\":{\"unit\":\"px\",\"top\":\"50\",\"right\":\"50\",\"bottom\":\"50\",\"left\":\"50\",\"isLinked\":true},\"padding_mobile\":{\"unit\":\"px\",\"top\":\"50\",\"right\":\"30\",\"bottom\":\"50\",\"left\":\"30\",\"isLinked\":false},\"__globals__\":{\"background_color\":\"\"},\"background_color\":\"#34343400\"},\"elements\":[{\"id\":\"257f5820\",\"elType\":\"widget\",\"settings\":{\"image\":{\"id\":6611,\"url\":\"https:\\\/\\\/findcargps.com\\\/wp-content\\\/uploads\\\/sites\\\/4\\\/2022\\\/08\\\/Asset-1-1.png\"},\"align\":\"left\",\"width\":{\"unit\":\"%\",\"size\":17,\"sizes\":[]},\"width_tablet\":{\"unit\":\"%\",\"size\":20,\"sizes\":[]},\"width_mobile\":{\"unit\":\"%\",\"size\":37,\"sizes\":[]},\"_animation\":\"fadeIn\",\"_animation_delay\":400,\"_position\":\"absolute\",\"_offset_x\":{\"size\":-0.648,\"unit\":\"%\"},\"_offset_x_tablet\":{\"unit\":\"%\",\"size\":-4,\"sizes\":[]},\"_offset_x_mobile\":{\"unit\":\"%\",\"size\":-6,\"sizes\":[]},\"_offset_y\":{\"size\":-90,\"unit\":\"px\"},\"_offset_y_tablet\":{\"unit\":\"%\",\"size\":-15,\"sizes\":[]},\"_offset_y_mobile\":{\"unit\":\"%\",\"size\":\"\",\"sizes\":[]},\"image_border_radius\":{\"unit\":\"px\",\"top\":\"0\",\"right\":\"0\",\"bottom\":\"0\",\"left\":\"0\",\"isLinked\":false},\"caption\":\"\"},\"elements\":[],\"widgetType\":\"image\"},{\"id\":\"c24198e\",\"elType\":\"widget\",\"settings\":{\"image\":{\"id\":6618,\"url\":\"https:\\\/\\\/findcargps.com\\\/wp-content\\\/uploads\\\/sites\\\/4\\\/2022\\\/08\\\/Asset-2-1-1.png\"},\"align\":\"right\",\"width\":{\"unit\":\"%\",\"size\":7,\"sizes\":[]},\"width_tablet\":{\"unit\":\"%\",\"size\":9,\"sizes\":[]},\"width_mobile\":{\"unit\":\"%\",\"size\":18,\"sizes\":[]},\"_animation\":\"fadeIn\",\"_animation_delay\":600,\"_position\":\"absolute\",\"_offset_x\":{\"size\":2.462,\"unit\":\"%\"},\"_offset_x_tablet\":{\"unit\":\"%\",\"size\":3,\"sizes\":[]},\"_offset_x_mobile\":{\"unit\":\"%\",\"size\":4,\"sizes\":[]},\"_offset_y\":{\"size\":-7.502,\"unit\":\"%\"},\"_offset_y_tablet\":{\"unit\":\"%\",\"size\":80,\"sizes\":[]},\"_offset_y_mobile\":{\"unit\":\"%\",\"size\":86,\"sizes\":[]},\"image_border_radius\":{\"unit\":\"px\",\"top\":\"0\",\"right\":\"0\",\"bottom\":\"0\",\"left\":\"0\",\"isLinked\":false},\"caption\":\"\"},\"elements\":[],\"widgetType\":\"image\"}],\"isInner\":false}],\"isInner\":false}]","_elementor_page_settings":null,"_elementor_conditions":[]},"class_list":["post-14723","page","type-page","status-publish","hentry"],"yoast_head":"<!-- This site is optimized with the Yoast SEO plugin v27.4 - https:\/\/yoast.com\/product\/yoast-seo-wordpress\/ -->\n<title>Promo 3 mois gratuits - Mode d&#039;emploi - findCarGPS.com<\/title>\n<meta name=\"robots\" content=\"noindex, follow\" \/>\n<meta property=\"og:locale\" content=\"fr_FR\" \/>\n<meta property=\"og:type\" content=\"article\" \/>\n<meta property=\"og:title\" content=\"Promo 3 mois gratuits - Mode d&#039;emploi - findCarGPS.com\" \/>\n<meta property=\"og:description\" content=\"Instructions de promotion 3 mois gratuits Les \u00e9tapes \u00e0 suivre pour configurer l&rsquo;appareil avec 3 mois gratuits sont les suivantes : 1- S&rsquo;inscrire sur cette page Nous avons besoin de vous : votre adresse \u00e9lectronique, votre mot de passe, votre pr\u00e9nom, votre nom et votre pays ID ou IMEI de votre appareil GPS findCar, qui [&hellip;]\" \/>\n<meta property=\"og:url\" content=\"https:\/\/findcargps.com\/fr\/promo-3-mois-gratuits-mode-demploi\/\" \/>\n<meta property=\"og:site_name\" content=\"findCarGPS.com\" \/>\n<meta property=\"article:modified_time\" content=\"2024-03-01T18:02:01+00:00\" \/>\n<meta property=\"og:image\" content=\"https:\/\/findcargps.com\/wp-content\/uploads\/sites\/4\/2022\/03\/Possible-locations-of-OBD2-port-300x169.png\" \/>\n<meta name=\"twitter:card\" content=\"summary_large_image\" \/>\n<meta name=\"twitter:label1\" content=\"Dur\u00e9e de lecture estim\u00e9e\" \/>\n\t<meta name=\"twitter:data1\" content=\"2 minutes\" \/>\n<script type=\"application\/ld+json\" class=\"yoast-schema-graph\">{\"@context\":\"https:\\\/\\\/schema.org\",\"@graph\":[{\"@type\":\"WebPage\",\"@id\":\"https:\\\/\\\/findcargps.com\\\/fr\\\/promo-3-mois-gratuits-mode-demploi\\\/\",\"url\":\"https:\\\/\\\/findcargps.com\\\/fr\\\/promo-3-mois-gratuits-mode-demploi\\\/\",\"name\":\"Promo 3 mois gratuits - Mode d'emploi - findCarGPS.com\",\"isPartOf\":{\"@id\":\"https:\\\/\\\/findcargps.com\\\/fr\\\/#website\"},\"primaryImageOfPage\":{\"@id\":\"https:\\\/\\\/findcargps.com\\\/fr\\\/promo-3-mois-gratuits-mode-demploi\\\/#primaryimage\"},\"image\":{\"@id\":\"https:\\\/\\\/findcargps.com\\\/fr\\\/promo-3-mois-gratuits-mode-demploi\\\/#primaryimage\"},\"thumbnailUrl\":\"https:\\\/\\\/findcargps.com\\\/wp-content\\\/uploads\\\/sites\\\/4\\\/2022\\\/03\\\/Possible-locations-of-OBD2-port-300x169.png\",\"datePublished\":\"2023-03-21T17:18:10+00:00\",\"dateModified\":\"2024-03-01T18:02:01+00:00\",\"breadcrumb\":{\"@id\":\"https:\\\/\\\/findcargps.com\\\/fr\\\/promo-3-mois-gratuits-mode-demploi\\\/#breadcrumb\"},\"inLanguage\":\"fr-FR\",\"potentialAction\":[{\"@type\":\"ReadAction\",\"target\":[\"https:\\\/\\\/findcargps.com\\\/fr\\\/promo-3-mois-gratuits-mode-demploi\\\/\"]}]},{\"@type\":\"ImageObject\",\"inLanguage\":\"fr-FR\",\"@id\":\"https:\\\/\\\/findcargps.com\\\/fr\\\/promo-3-mois-gratuits-mode-demploi\\\/#primaryimage\",\"url\":\"https:\\\/\\\/findcargps.com\\\/wp-content\\\/uploads\\\/sites\\\/4\\\/2022\\\/03\\\/Possible-locations-of-OBD2-port-300x169.png\",\"contentUrl\":\"https:\\\/\\\/findcargps.com\\\/wp-content\\\/uploads\\\/sites\\\/4\\\/2022\\\/03\\\/Possible-locations-of-OBD2-port-300x169.png\"},{\"@type\":\"BreadcrumbList\",\"@id\":\"https:\\\/\\\/findcargps.com\\\/fr\\\/promo-3-mois-gratuits-mode-demploi\\\/#breadcrumb\",\"itemListElement\":[{\"@type\":\"ListItem\",\"position\":1,\"name\":\"Portada\",\"item\":\"https:\\\/\\\/findcargps.com\\\/fr\\\/\"},{\"@type\":\"ListItem\",\"position\":2,\"name\":\"Promo 3 mois gratuits &#8211; Mode d&#8217;emploi\"}]},{\"@type\":\"WebSite\",\"@id\":\"https:\\\/\\\/findcargps.com\\\/fr\\\/#website\",\"url\":\"https:\\\/\\\/findcargps.com\\\/fr\\\/\",\"name\":\"findCarGPS.com\",\"description\":\"Localizadores GPS para coches\",\"publisher\":{\"@id\":\"https:\\\/\\\/findcargps.com\\\/fr\\\/#organization\"},\"potentialAction\":[{\"@type\":\"SearchAction\",\"target\":{\"@type\":\"EntryPoint\",\"urlTemplate\":\"https:\\\/\\\/findcargps.com\\\/fr\\\/?s={search_term_string}\"},\"query-input\":{\"@type\":\"PropertyValueSpecification\",\"valueRequired\":true,\"valueName\":\"search_term_string\"}}],\"inLanguage\":\"fr-FR\"},{\"@type\":\"Organization\",\"@id\":\"https:\\\/\\\/findcargps.com\\\/fr\\\/#organization\",\"name\":\"findCarGPS\",\"url\":\"https:\\\/\\\/findcargps.com\\\/fr\\\/\",\"logo\":{\"@type\":\"ImageObject\",\"inLanguage\":\"fr-FR\",\"@id\":\"https:\\\/\\\/findcargps.com\\\/fr\\\/#\\\/schema\\\/logo\\\/image\\\/\",\"url\":\"https:\\\/\\\/findcargps.com\\\/wp-content\\\/uploads\\\/sites\\\/4\\\/2020\\\/12\\\/2.png\",\"contentUrl\":\"https:\\\/\\\/findcargps.com\\\/wp-content\\\/uploads\\\/sites\\\/4\\\/2020\\\/12\\\/2.png\",\"width\":2000,\"height\":1995,\"caption\":\"findCarGPS\"},\"image\":{\"@id\":\"https:\\\/\\\/findcargps.com\\\/fr\\\/#\\\/schema\\\/logo\\\/image\\\/\"}}]}<\/script>\n<!-- \/ Yoast SEO plugin. -->","yoast_head_json":{"title":"Promo 3 mois gratuits - Mode d'emploi - findCarGPS.com","robots":{"index":"noindex","follow":"follow"},"og_locale":"fr_FR","og_type":"article","og_title":"Promo 3 mois gratuits - Mode d'emploi - findCarGPS.com","og_description":"Instructions de promotion 3 mois gratuits Les \u00e9tapes \u00e0 suivre pour configurer l&rsquo;appareil avec 3 mois gratuits sont les suivantes : 1- S&rsquo;inscrire sur cette page Nous avons besoin de vous : votre adresse \u00e9lectronique, votre mot de passe, votre pr\u00e9nom, votre nom et votre pays ID ou IMEI de votre appareil GPS findCar, qui [&hellip;]","og_url":"https:\/\/findcargps.com\/fr\/promo-3-mois-gratuits-mode-demploi\/","og_site_name":"findCarGPS.com","article_modified_time":"2024-03-01T18:02:01+00:00","og_image":[{"url":"https:\/\/findcargps.com\/wp-content\/uploads\/sites\/4\/2022\/03\/Possible-locations-of-OBD2-port-300x169.png","type":"","width":"","height":""}],"twitter_card":"summary_large_image","twitter_misc":{"Dur\u00e9e de lecture estim\u00e9e":"2 minutes"},"schema":{"@context":"https:\/\/schema.org","@graph":[{"@type":"WebPage","@id":"https:\/\/findcargps.com\/fr\/promo-3-mois-gratuits-mode-demploi\/","url":"https:\/\/findcargps.com\/fr\/promo-3-mois-gratuits-mode-demploi\/","name":"Promo 3 mois gratuits - Mode d'emploi - findCarGPS.com","isPartOf":{"@id":"https:\/\/findcargps.com\/fr\/#website"},"primaryImageOfPage":{"@id":"https:\/\/findcargps.com\/fr\/promo-3-mois-gratuits-mode-demploi\/#primaryimage"},"image":{"@id":"https:\/\/findcargps.com\/fr\/promo-3-mois-gratuits-mode-demploi\/#primaryimage"},"thumbnailUrl":"https:\/\/findcargps.com\/wp-content\/uploads\/sites\/4\/2022\/03\/Possible-locations-of-OBD2-port-300x169.png","datePublished":"2023-03-21T17:18:10+00:00","dateModified":"2024-03-01T18:02:01+00:00","breadcrumb":{"@id":"https:\/\/findcargps.com\/fr\/promo-3-mois-gratuits-mode-demploi\/#breadcrumb"},"inLanguage":"fr-FR","potentialAction":[{"@type":"ReadAction","target":["https:\/\/findcargps.com\/fr\/promo-3-mois-gratuits-mode-demploi\/"]}]},{"@type":"ImageObject","inLanguage":"fr-FR","@id":"https:\/\/findcargps.com\/fr\/promo-3-mois-gratuits-mode-demploi\/#primaryimage","url":"https:\/\/findcargps.com\/wp-content\/uploads\/sites\/4\/2022\/03\/Possible-locations-of-OBD2-port-300x169.png","contentUrl":"https:\/\/findcargps.com\/wp-content\/uploads\/sites\/4\/2022\/03\/Possible-locations-of-OBD2-port-300x169.png"},{"@type":"BreadcrumbList","@id":"https:\/\/findcargps.com\/fr\/promo-3-mois-gratuits-mode-demploi\/#breadcrumb","itemListElement":[{"@type":"ListItem","position":1,"name":"Portada","item":"https:\/\/findcargps.com\/fr\/"},{"@type":"ListItem","position":2,"name":"Promo 3 mois gratuits &#8211; Mode d&#8217;emploi"}]},{"@type":"WebSite","@id":"https:\/\/findcargps.com\/fr\/#website","url":"https:\/\/findcargps.com\/fr\/","name":"findCarGPS.com","description":"Localizadores GPS para coches","publisher":{"@id":"https:\/\/findcargps.com\/fr\/#organization"},"potentialAction":[{"@type":"SearchAction","target":{"@type":"EntryPoint","urlTemplate":"https:\/\/findcargps.com\/fr\/?s={search_term_string}"},"query-input":{"@type":"PropertyValueSpecification","valueRequired":true,"valueName":"search_term_string"}}],"inLanguage":"fr-FR"},{"@type":"Organization","@id":"https:\/\/findcargps.com\/fr\/#organization","name":"findCarGPS","url":"https:\/\/findcargps.com\/fr\/","logo":{"@type":"ImageObject","inLanguage":"fr-FR","@id":"https:\/\/findcargps.com\/fr\/#\/schema\/logo\/image\/","url":"https:\/\/findcargps.com\/wp-content\/uploads\/sites\/4\/2020\/12\/2.png","contentUrl":"https:\/\/findcargps.com\/wp-content\/uploads\/sites\/4\/2020\/12\/2.png","width":2000,"height":1995,"caption":"findCarGPS"},"image":{"@id":"https:\/\/findcargps.com\/fr\/#\/schema\/logo\/image\/"}}]}},"_links":{"self":[{"href":"https:\/\/findcargps.com\/fr\/wp-json\/wp\/v2\/pages\/14723","targetHints":{"allow":["GET"]}}],"collection":[{"href":"https:\/\/findcargps.com\/fr\/wp-json\/wp\/v2\/pages"}],"about":[{"href":"https:\/\/findcargps.com\/fr\/wp-json\/wp\/v2\/types\/page"}],"author":[{"embeddable":true,"href":"https:\/\/findcargps.com\/fr\/wp-json\/wp\/v2\/users\/1"}],"replies":[{"embeddable":true,"href":"https:\/\/findcargps.com\/fr\/wp-json\/wp\/v2\/comments?post=14723"}],"version-history":[{"count":6,"href":"https:\/\/findcargps.com\/fr\/wp-json\/wp\/v2\/pages\/14723\/revisions"}],"predecessor-version":[{"id":41034,"href":"https:\/\/findcargps.com\/fr\/wp-json\/wp\/v2\/pages\/14723\/revisions\/41034"}],"wp:attachment":[{"href":"https:\/\/findcargps.com\/fr\/wp-json\/wp\/v2\/media?parent=14723"}],"curies":[{"name":"wp","href":"https:\/\/api.w.org\/{rel}","templated":true}]}}