{"id":4388,"date":"2020-12-09T20:45:18","date_gmt":"2020-12-09T19:45:18","guid":{"rendered":"https:\/\/findcargps.com\/gps-locator-for-cars\/"},"modified":"2022-02-22T13:09:34","modified_gmt":"2022-02-22T12:09:34","slug":"gps-locator-for-cars","status":"publish","type":"page","link":"https:\/\/findcargps.com\/en\/gps-locator-for-cars\/","title":{"rendered":"GPS locator for cars"},"content":{"rendered":"\n<h1><strong>findCar GPS<\/strong> car locator<\/h1>\n<p>The findCar GPS locators for cars allow you to know the location of your vehicle at any time, as well as view the history of routes, locations, stops and much more! They are the best way to have the complete peace of mind of always having your car located.<\/p>\n<p>You will be able to know its location through its GPS location system, and it will also provide you with a large amount of additional information such as its routes and stops, historical locations on maps, live location and much more. With OBD finCar GPS locators for cars you will always have the peace of mind of knowing where and how you are.<\/p>\n<p>The findCar GPS locators for cars are also very easy to install, they come fully preconfigured. You only have to connect them to the OBD2 connector of your car (99% of cars have it, even if you&#8217;ve never seen it!). The OBD connector is usually in the area under the steering wheel, so the locator is hidden.<\/p>\n\t<h2>Having your car located at all times is very easy!<\/h2>\n<p>We have designed findCar OBD GPS Locator for cars so that it can be used easily by anyone. Installation is extremely simple, it comes preconfigured at the factory and the app is designed with the aim of being very intuitive. You will be able to see in real time the movements of your car, see history, receive alerts if you leave the marked area, and much more!<\/p>\n<h3>\n\t\tfindcar obd gps features\n\t<\/h3>\n\t\t\t\t<img fetchpriority=\"high\" decoding=\"async\" src=\"https:\/\/findpetgps.com\/wp-content\/uploads\/2020\/11\/entrega-urgente.png\" alt=\"entrega-urgente\" itemprop=\"image\" height=\"512\" width=\"512\" title=\"entrega-urgente\" onerror=\"this.style.display='none'\">\n<h4>\n\t\tenv\u00edos gratuitos\n\t<\/h4>\n\t<p>envios gratuitos en toda Europa continental<\/p>\n\t\t\t\t<img decoding=\"async\" src=\"https:\/\/findpetgps.com\/wp-content\/uploads\/2020\/11\/garantia-1.png\" alt=\"garantia (1)\" itemprop=\"image\" height=\"512\" width=\"512\" title=\"garantia (1)\" onerror=\"this.style.display='none'\">\n<h4>\n\t\t2 a\u00f1os de garant\u00eda\n\t<\/h4>\n\t<p>2 a\u00f1os de garant\u00eda v\u00e1lida en toda Europa<\/p>\n\t\t\t\t<img decoding=\"async\" src=\"https:\/\/findpetgps.com\/wp-content\/uploads\/2020\/11\/devolucion-de-dinero-1.png\" alt=\"reembolso\" itemprop=\"image\" height=\"512\" width=\"512\" title=\"devolucion-de-dinero (1)\" onerror=\"this.style.display='none'\">\n<h4>\n\t\tdevoluciones\n\t<\/h4>\n\t<p>dispones de 20 d\u00edas para devolver el producto sin explicaciones<\/p>\n\t\t\t\t<img loading=\"lazy\" decoding=\"async\" src=\"https:\/\/findpetgps.com\/wp-content\/uploads\/2020\/11\/pago-seguro.png\" alt=\"pago-seguro\" itemprop=\"image\" height=\"512\" width=\"512\" title=\"pago-seguro\" onerror=\"this.style.display='none'\">\n<h4>\n\t\tpago seguro\n\t<\/h4>\n\t<p>pasarela de pagos segura VISA, maestro, mastercard<\/p>\n","protected":false},"excerpt":{"rendered":"","protected":false},"author":1,"featured_media":0,"parent":0,"menu_order":0,"comment_status":"closed","ping_status":"closed","template":"","meta":{"footnotes":"","_elementor_edit_mode":"","_elementor_template_type":"","_elementor_data":"","_elementor_page_settings":null,"_elementor_conditions":[]},"class_list":["post-4388","page","type-page","status-publish","hentry"],"yoast_head":"<!-- This site is optimized with the Yoast SEO plugin v27.4 - https:\/\/yoast.com\/product\/yoast-seo-wordpress\/ -->\n<title>FindCarGPS - GPS Locator for Cars!<\/title>\n<meta name=\"description\" content=\"GPS locator - Obtains the best traceur gps voiture \u00e0 des prix accessible, Nous fournissons the best localiser gps of voiture sans installation, contact us.\" \/>\n<meta name=\"robots\" content=\"index, follow, max-snippet:-1, max-image-preview:large, max-video-preview:-1\" \/>\n<link rel=\"canonical\" href=\"https:\/\/findcargps.com\/en\/gps-locator-for-cars\/\" \/>\n<meta property=\"og:locale\" content=\"en_US\" \/>\n<meta property=\"og:type\" content=\"article\" \/>\n<meta property=\"og:title\" content=\"FindCarGPS - GPS Locator for Cars!\" \/>\n<meta property=\"og:description\" content=\"GPS locator - Obtains the best traceur gps voiture \u00e0 des prix accessible, Nous fournissons the best localiser gps of voiture sans installation, contact us.\" \/>\n<meta property=\"og:url\" content=\"https:\/\/findcargps.com\/en\/gps-locator-for-cars\/\" \/>\n<meta property=\"og:site_name\" content=\"findCarGPS.com\" \/>\n<meta property=\"article:modified_time\" content=\"2022-02-22T12:09:34+00:00\" \/>\n<meta property=\"og:image\" content=\"https:\/\/findpetgps.com\/wp-content\/uploads\/2020\/11\/entrega-urgente.png\" \/>\n<meta name=\"twitter:card\" content=\"summary_large_image\" \/>\n<meta name=\"twitter:label1\" content=\"Est. reading time\" \/>\n\t<meta name=\"twitter:data1\" content=\"3 minutes\" \/>\n<script type=\"application\/ld+json\" class=\"yoast-schema-graph\">{\"@context\":\"https:\\\/\\\/schema.org\",\"@graph\":[{\"@type\":\"WebPage\",\"@id\":\"https:\\\/\\\/findcargps.com\\\/en\\\/gps-locator-for-cars\\\/\",\"url\":\"https:\\\/\\\/findcargps.com\\\/en\\\/gps-locator-for-cars\\\/\",\"name\":\"FindCarGPS - GPS Locator for Cars!\",\"isPartOf\":{\"@id\":\"https:\\\/\\\/findcargps.com\\\/en\\\/#website\"},\"primaryImageOfPage\":{\"@id\":\"https:\\\/\\\/findcargps.com\\\/en\\\/gps-locator-for-cars\\\/#primaryimage\"},\"image\":{\"@id\":\"https:\\\/\\\/findcargps.com\\\/en\\\/gps-locator-for-cars\\\/#primaryimage\"},\"thumbnailUrl\":\"https:\\\/\\\/findpetgps.com\\\/wp-content\\\/uploads\\\/2020\\\/11\\\/entrega-urgente.png\",\"datePublished\":\"2020-12-09T19:45:18+00:00\",\"dateModified\":\"2022-02-22T12:09:34+00:00\",\"description\":\"GPS locator - Obtains the best traceur gps voiture \u00e0 des prix accessible, Nous fournissons the best localiser gps of voiture sans installation, contact us.\",\"breadcrumb\":{\"@id\":\"https:\\\/\\\/findcargps.com\\\/en\\\/gps-locator-for-cars\\\/#breadcrumb\"},\"inLanguage\":\"en-US\",\"potentialAction\":[{\"@type\":\"ReadAction\",\"target\":[\"https:\\\/\\\/findcargps.com\\\/en\\\/gps-locator-for-cars\\\/\"]}]},{\"@type\":\"ImageObject\",\"inLanguage\":\"en-US\",\"@id\":\"https:\\\/\\\/findcargps.com\\\/en\\\/gps-locator-for-cars\\\/#primaryimage\",\"url\":\"https:\\\/\\\/findpetgps.com\\\/wp-content\\\/uploads\\\/2020\\\/11\\\/entrega-urgente.png\",\"contentUrl\":\"https:\\\/\\\/findpetgps.com\\\/wp-content\\\/uploads\\\/2020\\\/11\\\/entrega-urgente.png\"},{\"@type\":\"BreadcrumbList\",\"@id\":\"https:\\\/\\\/findcargps.com\\\/en\\\/gps-locator-for-cars\\\/#breadcrumb\",\"itemListElement\":[{\"@type\":\"ListItem\",\"position\":1,\"name\":\"Portada\",\"item\":\"https:\\\/\\\/findcargps.com\\\/en\\\/\"},{\"@type\":\"ListItem\",\"position\":2,\"name\":\"GPS locator for cars\"}]},{\"@type\":\"WebSite\",\"@id\":\"https:\\\/\\\/findcargps.com\\\/en\\\/#website\",\"url\":\"https:\\\/\\\/findcargps.com\\\/en\\\/\",\"name\":\"findCarGPS.com\",\"description\":\"Localizadores GPS para coches\",\"publisher\":{\"@id\":\"https:\\\/\\\/findcargps.com\\\/en\\\/#organization\"},\"potentialAction\":[{\"@type\":\"SearchAction\",\"target\":{\"@type\":\"EntryPoint\",\"urlTemplate\":\"https:\\\/\\\/findcargps.com\\\/en\\\/?s={search_term_string}\"},\"query-input\":{\"@type\":\"PropertyValueSpecification\",\"valueRequired\":true,\"valueName\":\"search_term_string\"}}],\"inLanguage\":\"en-US\"},{\"@type\":\"Organization\",\"@id\":\"https:\\\/\\\/findcargps.com\\\/en\\\/#organization\",\"name\":\"findCarGPS\",\"url\":\"https:\\\/\\\/findcargps.com\\\/en\\\/\",\"logo\":{\"@type\":\"ImageObject\",\"inLanguage\":\"en-US\",\"@id\":\"https:\\\/\\\/findcargps.com\\\/en\\\/#\\\/schema\\\/logo\\\/image\\\/\",\"url\":\"https:\\\/\\\/findcargps.com\\\/wp-content\\\/uploads\\\/sites\\\/4\\\/2020\\\/12\\\/2.png\",\"contentUrl\":\"https:\\\/\\\/findcargps.com\\\/wp-content\\\/uploads\\\/sites\\\/4\\\/2020\\\/12\\\/2.png\",\"width\":2000,\"height\":1995,\"caption\":\"findCarGPS\"},\"image\":{\"@id\":\"https:\\\/\\\/findcargps.com\\\/en\\\/#\\\/schema\\\/logo\\\/image\\\/\"}}]}<\/script>\n<!-- \/ Yoast SEO plugin. -->","yoast_head_json":{"title":"FindCarGPS - GPS Locator for Cars!","description":"GPS locator - Obtains the best traceur gps voiture \u00e0 des prix accessible, Nous fournissons the best localiser gps of voiture sans installation, contact us.","robots":{"index":"index","follow":"follow","max-snippet":"max-snippet:-1","max-image-preview":"max-image-preview:large","max-video-preview":"max-video-preview:-1"},"canonical":"https:\/\/findcargps.com\/en\/gps-locator-for-cars\/","og_locale":"en_US","og_type":"article","og_title":"FindCarGPS - GPS Locator for Cars!","og_description":"GPS locator - Obtains the best traceur gps voiture \u00e0 des prix accessible, Nous fournissons the best localiser gps of voiture sans installation, contact us.","og_url":"https:\/\/findcargps.com\/en\/gps-locator-for-cars\/","og_site_name":"findCarGPS.com","article_modified_time":"2022-02-22T12:09:34+00:00","og_image":[{"url":"https:\/\/findpetgps.com\/wp-content\/uploads\/2020\/11\/entrega-urgente.png","type":"","width":"","height":""}],"twitter_card":"summary_large_image","twitter_misc":{"Est. reading time":"3 minutes"},"schema":{"@context":"https:\/\/schema.org","@graph":[{"@type":"WebPage","@id":"https:\/\/findcargps.com\/en\/gps-locator-for-cars\/","url":"https:\/\/findcargps.com\/en\/gps-locator-for-cars\/","name":"FindCarGPS - GPS Locator for Cars!","isPartOf":{"@id":"https:\/\/findcargps.com\/en\/#website"},"primaryImageOfPage":{"@id":"https:\/\/findcargps.com\/en\/gps-locator-for-cars\/#primaryimage"},"image":{"@id":"https:\/\/findcargps.com\/en\/gps-locator-for-cars\/#primaryimage"},"thumbnailUrl":"https:\/\/findpetgps.com\/wp-content\/uploads\/2020\/11\/entrega-urgente.png","datePublished":"2020-12-09T19:45:18+00:00","dateModified":"2022-02-22T12:09:34+00:00","description":"GPS locator - Obtains the best traceur gps voiture \u00e0 des prix accessible, Nous fournissons the best localiser gps of voiture sans installation, contact us.","breadcrumb":{"@id":"https:\/\/findcargps.com\/en\/gps-locator-for-cars\/#breadcrumb"},"inLanguage":"en-US","potentialAction":[{"@type":"ReadAction","target":["https:\/\/findcargps.com\/en\/gps-locator-for-cars\/"]}]},{"@type":"ImageObject","inLanguage":"en-US","@id":"https:\/\/findcargps.com\/en\/gps-locator-for-cars\/#primaryimage","url":"https:\/\/findpetgps.com\/wp-content\/uploads\/2020\/11\/entrega-urgente.png","contentUrl":"https:\/\/findpetgps.com\/wp-content\/uploads\/2020\/11\/entrega-urgente.png"},{"@type":"BreadcrumbList","@id":"https:\/\/findcargps.com\/en\/gps-locator-for-cars\/#breadcrumb","itemListElement":[{"@type":"ListItem","position":1,"name":"Portada","item":"https:\/\/findcargps.com\/en\/"},{"@type":"ListItem","position":2,"name":"GPS locator for cars"}]},{"@type":"WebSite","@id":"https:\/\/findcargps.com\/en\/#website","url":"https:\/\/findcargps.com\/en\/","name":"findCarGPS.com","description":"Localizadores GPS para coches","publisher":{"@id":"https:\/\/findcargps.com\/en\/#organization"},"potentialAction":[{"@type":"SearchAction","target":{"@type":"EntryPoint","urlTemplate":"https:\/\/findcargps.com\/en\/?s={search_term_string}"},"query-input":{"@type":"PropertyValueSpecification","valueRequired":true,"valueName":"search_term_string"}}],"inLanguage":"en-US"},{"@type":"Organization","@id":"https:\/\/findcargps.com\/en\/#organization","name":"findCarGPS","url":"https:\/\/findcargps.com\/en\/","logo":{"@type":"ImageObject","inLanguage":"en-US","@id":"https:\/\/findcargps.com\/en\/#\/schema\/logo\/image\/","url":"https:\/\/findcargps.com\/wp-content\/uploads\/sites\/4\/2020\/12\/2.png","contentUrl":"https:\/\/findcargps.com\/wp-content\/uploads\/sites\/4\/2020\/12\/2.png","width":2000,"height":1995,"caption":"findCarGPS"},"image":{"@id":"https:\/\/findcargps.com\/en\/#\/schema\/logo\/image\/"}}]}},"_links":{"self":[{"href":"https:\/\/findcargps.com\/en\/wp-json\/wp\/v2\/pages\/4388","targetHints":{"allow":["GET"]}}],"collection":[{"href":"https:\/\/findcargps.com\/en\/wp-json\/wp\/v2\/pages"}],"about":[{"href":"https:\/\/findcargps.com\/en\/wp-json\/wp\/v2\/types\/page"}],"author":[{"embeddable":true,"href":"https:\/\/findcargps.com\/en\/wp-json\/wp\/v2\/users\/1"}],"replies":[{"embeddable":true,"href":"https:\/\/findcargps.com\/en\/wp-json\/wp\/v2\/comments?post=4388"}],"version-history":[{"count":3,"href":"https:\/\/findcargps.com\/en\/wp-json\/wp\/v2\/pages\/4388\/revisions"}],"predecessor-version":[{"id":5132,"href":"https:\/\/findcargps.com\/en\/wp-json\/wp\/v2\/pages\/4388\/revisions\/5132"}],"wp:attachment":[{"href":"https:\/\/findcargps.com\/en\/wp-json\/wp\/v2\/media?parent=4388"}],"curies":[{"name":"wp","href":"https:\/\/api.w.org\/{rel}","templated":true}]}}