{"id":4257,"date":"2020-12-09T19:11:48","date_gmt":"2020-12-09T18:11:48","guid":{"rendered":"https:\/\/findcargps.com\/my-account\/"},"modified":"2026-03-16T23:27:18","modified_gmt":"2026-03-16T22:27:18","slug":"my-account","status":"publish","type":"page","link":"https:\/\/findcargps.com\/en\/my-account\/","title":{"rendered":"My account"},"content":{"rendered":"\t\t<div data-elementor-type=\"wp-page\" data-elementor-id=\"4257\" class=\"elementor elementor-4257 elementor-7\" data-elementor-post-type=\"page\">\n\t\t\t\t\t\t<section class=\"elementor-section elementor-top-section elementor-element elementor-element-52bfb1f elementor-section-height-min-height elementor-section-boxed elementor-section-height-default elementor-section-items-middle\" data-id=\"52bfb1f\" data-element_type=\"section\" data-e-type=\"section\" data-settings=\"{&quot;background_background&quot;:&quot;classic&quot;}\">\n\t\t\t\t\t\t\t<div class=\"elementor-background-overlay\"><\/div>\n\t\t\t\t\t\t\t<div class=\"elementor-container elementor-column-gap-default\">\n\t\t\t\t\t<div class=\"elementor-column elementor-col-100 elementor-top-column elementor-element elementor-element-f368393\" data-id=\"f368393\" data-element_type=\"column\" data-e-type=\"column\">\n\t\t\t<div class=\"elementor-widget-wrap elementor-element-populated\">\n\t\t\t\t\t\t<div class=\"elementor-element elementor-element-98648c7 de_scroll_animation_no elementor-invisible elementor-widget elementor-widget-heading\" data-id=\"98648c7\" data-element_type=\"widget\" data-e-type=\"widget\" data-settings=\"{&quot;_animation&quot;:&quot;fadeInUp&quot;}\" data-widget_type=\"heading.default\">\n\t\t\t\t<div class=\"elementor-widget-container\">\n\t\t\t\t\t<h2 class=\"elementor-heading-title elementor-size-default\">my account<\/h2>\t\t\t\t<\/div>\n\t\t\t\t<\/div>\n\t\t\t\t\t<\/div>\n\t\t<\/div>\n\t\t\t\t\t<\/div>\n\t\t<\/section>\n\t\t\t\t<section class=\"elementor-section elementor-top-section elementor-element elementor-element-0c3735a elementor-section-boxed elementor-section-height-default elementor-section-height-default\" data-id=\"0c3735a\" data-element_type=\"section\" data-e-type=\"section\">\n\t\t\t\t\t\t<div class=\"elementor-container elementor-column-gap-default\">\n\t\t\t\t\t<div class=\"elementor-column elementor-col-100 elementor-top-column elementor-element elementor-element-60593bb\" data-id=\"60593bb\" data-element_type=\"column\" data-e-type=\"column\">\n\t\t\t<div class=\"elementor-widget-wrap elementor-element-populated\">\n\t\t\t\t\t\t<div class=\"elementor-element elementor-element-f98d1d7 e-my-account-tabs-horizontal de_scroll_animation_no elementor-widget elementor-widget-woocommerce-my-account\" data-id=\"f98d1d7\" data-element_type=\"widget\" data-e-type=\"widget\" data-widget_type=\"woocommerce-my-account.default\">\n\t\t\t\t<div class=\"elementor-widget-container\">\n\t\t\t\t\t<div class=\"e-my-account-tab e-my-account-tab__ \">\t\t\t<div class=\"woocommerce\"><\/div>\t\t<\/div>\n\t\t\t\t\t\t<\/div>\n\t\t\t\t<\/div>\n\t\t\t\t\t<\/div>\n\t\t<\/div>\n\t\t\t\t\t<\/div>\n\t\t<\/section>\n\t\t\t\t<\/div>\n\t\t","protected":false},"excerpt":{"rendered":"<p>my account Suscripciones Orders M\u00e9todos de pago Account Details Addresses Web App Access A\u00f1adir suscripci\u00f3n Comunicaci\u00f3n Exit Suscripciones Orders M\u00e9todos de pago Account Details Addresses Web App Access A\u00f1adir suscripci\u00f3n Comunicaci\u00f3n Exit Suscripciones Orders M\u00e9todos de pago Account Details Addresses Web App Access A\u00f1adir suscripci\u00f3n Comunicaci\u00f3n Exit Suscripciones Orders M\u00e9todos de pago Account Details Addresses [&hellip;]<\/p>\n","protected":false},"author":1,"featured_media":0,"parent":0,"menu_order":0,"comment_status":"closed","ping_status":"closed","template":"elementor_header_footer","meta":{"footnotes":"","_elementor_edit_mode":"builder","_elementor_template_type":"wp-page","_elementor_data":"[{\"id\":\"52bfb1f\",\"elType\":\"section\",\"settings\":{\"height\":\"min-height\",\"custom_height\":{\"unit\":\"vh\",\"size\":12,\"sizes\":[]},\"custom_height_tablet\":{\"unit\":\"vh\",\"size\":\"\",\"sizes\":[]},\"custom_height_mobile\":{\"unit\":\"vh\",\"size\":\"\",\"sizes\":[]},\"background_background\":\"classic\",\"background_image\":{\"id\":6954,\"url\":\"http:\\\/\\\/findcargps.com\\\/wp-content\\\/uploads\\\/sites\\\/4\\\/2022\\\/08\\\/first-test-drive-handsome-young-man-ready-to-make-3M2XTNU.jpg\"},\"background_position\":\"center center\",\"background_size\":\"cover\",\"background_overlay_background\":\"classic\",\"background_overlay_color\":\"#000000\",\"__globals__\":{\"background_overlay_color\":\"\"},\"margin\":{\"unit\":\"px\",\"top\":\"0\",\"right\":0,\"bottom\":\"0\",\"left\":0,\"isLinked\":true}},\"elements\":[{\"id\":\"f368393\",\"elType\":\"column\",\"settings\":{\"_column_size\":100,\"_inline_size\":null,\"padding\":{\"unit\":\"px\",\"top\":\"0\",\"right\":\"0\",\"bottom\":\"0\",\"left\":\"0\",\"isLinked\":false}},\"elements\":[{\"id\":\"98648c7\",\"elType\":\"widget\",\"settings\":{\"title\":\"my account\",\"align\":\"center\",\"title_color\":\"#FFFFFF\",\"_margin\":{\"unit\":\"px\",\"top\":\"0\",\"right\":\"0\",\"bottom\":\"-10\",\"left\":\"0\",\"isLinked\":false},\"_animation\":\"fadeInUp\",\"__globals__\":{\"typography_typography\":\"globals\\\/typography?id=primary\"}},\"elements\":[],\"widgetType\":\"heading\"}],\"isInner\":false}],\"isInner\":false},{\"id\":\"0c3735a\",\"elType\":\"section\",\"settings\":{\"margin\":{\"unit\":\"px\",\"top\":\"0\",\"right\":0,\"bottom\":\"0\",\"left\":0,\"isLinked\":true}},\"elements\":[{\"id\":\"60593bb\",\"elType\":\"column\",\"settings\":{\"_column_size\":100,\"_inline_size\":null},\"elements\":[{\"id\":\"f98d1d7\",\"elType\":\"widget\",\"settings\":{\"tabs\":[{\"field_key\":\"dashboard\",\"field_label\":\"Dashboard\",\"tab_name\":\"Desk\",\"_id\":\"51844d1\"},{\"field_key\":\"orders\",\"field_label\":\"Orders\",\"tab_name\":\"Orders\",\"_id\":\"15a6eb7\"},{\"field_key\":\"downloads\",\"field_label\":\"Downloads\",\"tab_name\":\"Downloads\",\"_id\":\"a53d05c\"},{\"field_key\":\"edit-address\",\"field_label\":\"Addresses\",\"tab_name\":\"Addresses\",\"_id\":\"63df0fa\"},{\"field_key\":\"edit-account\",\"field_label\":\"Account Details\",\"tab_name\":\"Account Details\",\"_id\":\"7228336\"},{\"field_key\":\"customer-logout\",\"field_label\":\"Logout\",\"tab_name\":\"Exit\",\"_id\":\"bd1d5b5\"}],\"_margin\":{\"unit\":\"px\",\"top\":\"50\",\"right\":\"10\",\"bottom\":\"50\",\"left\":\"10\",\"isLinked\":false},\"tabs_alignment\":\"center\",\"tabs_hover_color\":\"#EC7E30\",\"tabs_active_color\":\"#EC7E30\",\"sections_border_type\":\"solid\",\"typography_section_titles_color\":\"#EC7E30\",\"section_titles_typography_typography\":\"custom\",\"section_titles_typography_font_family\":\"DM Sans\",\"section_titles_typography_font_size\":{\"unit\":\"px\",\"size\":21,\"sizes\":[]},\"section_titles_typography_font_size_tablet\":{\"unit\":\"px\",\"size\":20,\"sizes\":[]},\"section_titles_typography_font_size_mobile\":{\"unit\":\"px\",\"size\":19,\"sizes\":[]},\"section_titles_typography_font_weight\":\"600\",\"section_titles_typography_line_height\":{\"unit\":\"em\",\"size\":1.2,\"sizes\":[]},\"section_titles_typography_text_shadow_text_shadow_type\":\"yes\",\"checkboxes_color\":\"#EC7E30\",\"payment_methods_radio_buttons_color\":\"#EC7E30\",\"links_normal_color\":\"#EC7E30\",\"links_hover_color\":\"#272727\",\"forms_columns_gap\":{\"unit\":\"px\",\"size\":0,\"sizes\":[],\"px\":0},\"forms_label_typography_typography\":\"custom\",\"forms_label_typography_font_family\":\"DM Sans\",\"forms_label_typography_font_size\":{\"unit\":\"px\",\"size\":15,\"sizes\":[]},\"forms_label_typography_font_size_tablet\":{\"unit\":\"px\",\"size\":14,\"sizes\":[]},\"forms_label_typography_font_size_mobile\":{\"unit\":\"px\",\"size\":14,\"sizes\":[]},\"forms_label_typography_font_weight\":\"600\",\"forms_label_typography_line_height\":{\"unit\":\"em\",\"size\":\"\",\"sizes\":[]},\"forms_label_typography_word_spacing\":{\"unit\":\"em\",\"size\":\"\",\"sizes\":[]},\"forms_field_typography_typography\":\"custom\",\"forms_field_typography_font_family\":\"DM Mono\",\"forms_field_typography_font_size\":{\"unit\":\"px\",\"size\":14,\"sizes\":[]},\"forms_field_typography_font_size_tablet\":{\"unit\":\"px\",\"size\":12,\"sizes\":[]},\"forms_field_typography_font_size_mobile\":{\"unit\":\"px\",\"size\":12,\"sizes\":[]},\"forms_field_typography_font_weight\":\"400\",\"forms_field_typography_line_height\":{\"unit\":\"em\",\"size\":2,\"sizes\":[]},\"forms_field_typography_line_height_tablet\":{\"unit\":\"px\",\"size\":\"\",\"sizes\":[]},\"forms_field_typography_line_height_mobile\":{\"unit\":\"px\",\"size\":\"\",\"sizes\":[]},\"forms_buttons_background_background\":\"classic\",\"forms_buttons_hover_background_background\":\"classic\",\"tables_links_normal_color\":\"#EC7E30\",\"tables_button_hover_background_background\":\"classic\",\"__globals__\":{\"tabs_hover_color\":\"globals\\\/colors?id=accent\",\"tabs_active_color\":\"globals\\\/colors?id=accent\",\"typography_section_titles_color\":\"globals\\\/colors?id=accent\",\"links_normal_color\":\"globals\\\/colors?id=accent\",\"checkboxes_color\":\"globals\\\/colors?id=accent\",\"tables_links_normal_color\":\"globals\\\/colors?id=accent\",\"section_titles_typography_typography\":\"globals\\\/typography?id=secondary\",\"payment_methods_radio_buttons_color\":\"globals\\\/colors?id=accent\",\"links_hover_color\":\"globals\\\/colors?id=primary\",\"forms_label_typography_typography\":\"globals\\\/typography?id=31d8c5d\",\"forms_field_typography_typography\":\"\",\"forms_buttons_background_color\":\"globals\\\/colors?id=accent\",\"forms_buttons_hover_background_color\":\"globals\\\/colors?id=text\",\"tables_button_border_color\":\"globals\\\/colors?id=accent\",\"tables_button_hover_background_color\":\"globals\\\/colors?id=c9114aa\"},\"tabs_content_spacing_mobile\":{\"unit\":\"px\",\"size\":0,\"sizes\":[]},\"tabs_position\":\"center\",\"tabs_layout\":\"horizontal\",\"_margin_tablet\":{\"unit\":\"px\",\"top\":\"20\",\"right\":\"0\",\"bottom\":\"20\",\"left\":\"0\",\"isLinked\":false},\"_margin_mobile\":{\"unit\":\"px\",\"top\":\"10\",\"right\":\"0\",\"bottom\":\"10\",\"left\":\"0\",\"isLinked\":false},\"tabs_content_spacing\":{\"unit\":\"px\",\"size\":0,\"sizes\":[]},\"tabs_alignment_mobile\":\"center\",\"sections_border_radius\":{\"unit\":\"px\",\"top\":\"0\",\"right\":\"0\",\"bottom\":\"0\",\"left\":\"0\",\"isLinked\":true},\"sections_padding\":{\"unit\":\"px\",\"top\":\"10\",\"right\":\"0\",\"bottom\":\"10\",\"left\":\"0\",\"isLinked\":false},\"sections_padding_tablet\":{\"unit\":\"px\",\"top\":\"15\",\"right\":\"0\",\"bottom\":\"15\",\"left\":\"0\",\"isLinked\":false},\"sections_padding_mobile\":{\"unit\":\"px\",\"top\":\"10\",\"right\":\"0\",\"bottom\":\"10\",\"left\":\"0\",\"isLinked\":false},\"custom_css\":\".woocommerce-MyAccount-content {padding-top:20px !important;}\",\"_padding\":{\"unit\":\"px\",\"top\":\"0\",\"right\":\"0\",\"bottom\":\"0\",\"left\":\"0\",\"isLinked\":true},\"_element_custom_width\":{\"unit\":\"%\",\"size\":0,\"sizes\":[]}},\"elements\":[],\"widgetType\":\"woocommerce-my-account\"}],\"isInner\":false}],\"isInner\":false}]","_elementor_page_settings":[],"_elementor_conditions":[]},"class_list":["post-4257","page","type-page","status-publish","hentry"],"yoast_head":"<!-- This site is optimized with the Yoast SEO plugin v27.1.1 - https:\/\/yoast.com\/product\/yoast-seo-wordpress\/ -->\n<title>My account - findCarGPS.com<\/title>\n<meta name=\"robots\" content=\"index, follow, max-snippet:-1, max-image-preview:large, max-video-preview:-1\" \/>\n<link rel=\"canonical\" href=\"https:\/\/findcargps.com\/en\/my-account\/\" \/>\n<meta property=\"og:locale\" content=\"en_US\" \/>\n<meta property=\"og:type\" content=\"article\" \/>\n<meta property=\"og:title\" content=\"My account - findCarGPS.com\" \/>\n<meta property=\"og:description\" content=\"my account Suscripciones Orders M\u00e9todos de pago Account Details Addresses Web App Access A\u00f1adir suscripci\u00f3n Comunicaci\u00f3n Exit Suscripciones Orders M\u00e9todos de pago Account Details Addresses Web App Access A\u00f1adir suscripci\u00f3n Comunicaci\u00f3n Exit Suscripciones Orders M\u00e9todos de pago Account Details Addresses Web App Access A\u00f1adir suscripci\u00f3n Comunicaci\u00f3n Exit Suscripciones Orders M\u00e9todos de pago Account Details Addresses [&hellip;]\" \/>\n<meta property=\"og:url\" content=\"https:\/\/findcargps.com\/en\/my-account\/\" \/>\n<meta property=\"og:site_name\" content=\"findCarGPS.com\" \/>\n<meta property=\"article:modified_time\" content=\"2026-03-16T22:27:18+00:00\" \/>\n<meta name=\"twitter:card\" content=\"summary_large_image\" \/>\n<meta name=\"twitter:label1\" content=\"Est. reading time\" \/>\n\t<meta name=\"twitter:data1\" content=\"1 minute\" \/>\n<script type=\"application\/ld+json\" class=\"yoast-schema-graph\">{\"@context\":\"https:\/\/schema.org\",\"@graph\":[{\"@type\":\"WebPage\",\"@id\":\"https:\/\/findcargps.com\/en\/my-account\/\",\"url\":\"https:\/\/findcargps.com\/en\/my-account\/\",\"name\":\"My account - findCarGPS.com\",\"isPartOf\":{\"@id\":\"https:\/\/findcargps.com\/en\/#website\"},\"datePublished\":\"2020-12-09T18:11:48+00:00\",\"dateModified\":\"2026-03-16T22:27:18+00:00\",\"breadcrumb\":{\"@id\":\"https:\/\/findcargps.com\/en\/my-account\/#breadcrumb\"},\"inLanguage\":\"en-US\",\"potentialAction\":[{\"@type\":\"ReadAction\",\"target\":[\"https:\/\/findcargps.com\/en\/my-account\/\"]}]},{\"@type\":\"BreadcrumbList\",\"@id\":\"https:\/\/findcargps.com\/en\/my-account\/#breadcrumb\",\"itemListElement\":[{\"@type\":\"ListItem\",\"position\":1,\"name\":\"Portada\",\"item\":\"https:\/\/findcargps.com\/en\/\"},{\"@type\":\"ListItem\",\"position\":2,\"name\":\"My account\"}]},{\"@type\":\"WebSite\",\"@id\":\"https:\/\/findcargps.com\/en\/#website\",\"url\":\"https:\/\/findcargps.com\/en\/\",\"name\":\"findCarGPS.com\",\"description\":\"Localizadores GPS para coches\",\"publisher\":{\"@id\":\"https:\/\/findcargps.com\/en\/#organization\"},\"potentialAction\":[{\"@type\":\"SearchAction\",\"target\":{\"@type\":\"EntryPoint\",\"urlTemplate\":\"https:\/\/findcargps.com\/en\/?s={search_term_string}\"},\"query-input\":{\"@type\":\"PropertyValueSpecification\",\"valueRequired\":true,\"valueName\":\"search_term_string\"}}],\"inLanguage\":\"en-US\"},{\"@type\":\"Organization\",\"@id\":\"https:\/\/findcargps.com\/en\/#organization\",\"name\":\"findCarGPS\",\"url\":\"https:\/\/findcargps.com\/en\/\",\"logo\":{\"@type\":\"ImageObject\",\"inLanguage\":\"en-US\",\"@id\":\"https:\/\/findcargps.com\/en\/#\/schema\/logo\/image\/\",\"url\":\"https:\/\/findcargps.com\/wp-content\/uploads\/sites\/4\/2020\/12\/2.png\",\"contentUrl\":\"https:\/\/findcargps.com\/wp-content\/uploads\/sites\/4\/2020\/12\/2.png\",\"width\":2000,\"height\":1995,\"caption\":\"findCarGPS\"},\"image\":{\"@id\":\"https:\/\/findcargps.com\/en\/#\/schema\/logo\/image\/\"}}]}<\/script>\n<!-- \/ Yoast SEO plugin. -->","yoast_head_json":{"title":"My account - findCarGPS.com","robots":{"index":"index","follow":"follow","max-snippet":"max-snippet:-1","max-image-preview":"max-image-preview:large","max-video-preview":"max-video-preview:-1"},"canonical":"https:\/\/findcargps.com\/en\/my-account\/","og_locale":"en_US","og_type":"article","og_title":"My account - findCarGPS.com","og_description":"my account Suscripciones Orders M\u00e9todos de pago Account Details Addresses Web App Access A\u00f1adir suscripci\u00f3n Comunicaci\u00f3n Exit Suscripciones Orders M\u00e9todos de pago Account Details Addresses Web App Access A\u00f1adir suscripci\u00f3n Comunicaci\u00f3n Exit Suscripciones Orders M\u00e9todos de pago Account Details Addresses Web App Access A\u00f1adir suscripci\u00f3n Comunicaci\u00f3n Exit Suscripciones Orders M\u00e9todos de pago Account Details Addresses [&hellip;]","og_url":"https:\/\/findcargps.com\/en\/my-account\/","og_site_name":"findCarGPS.com","article_modified_time":"2026-03-16T22:27:18+00:00","twitter_card":"summary_large_image","twitter_misc":{"Est. reading time":"1 minute"},"schema":{"@context":"https:\/\/schema.org","@graph":[{"@type":"WebPage","@id":"https:\/\/findcargps.com\/en\/my-account\/","url":"https:\/\/findcargps.com\/en\/my-account\/","name":"My account - findCarGPS.com","isPartOf":{"@id":"https:\/\/findcargps.com\/en\/#website"},"datePublished":"2020-12-09T18:11:48+00:00","dateModified":"2026-03-16T22:27:18+00:00","breadcrumb":{"@id":"https:\/\/findcargps.com\/en\/my-account\/#breadcrumb"},"inLanguage":"en-US","potentialAction":[{"@type":"ReadAction","target":["https:\/\/findcargps.com\/en\/my-account\/"]}]},{"@type":"BreadcrumbList","@id":"https:\/\/findcargps.com\/en\/my-account\/#breadcrumb","itemListElement":[{"@type":"ListItem","position":1,"name":"Portada","item":"https:\/\/findcargps.com\/en\/"},{"@type":"ListItem","position":2,"name":"My account"}]},{"@type":"WebSite","@id":"https:\/\/findcargps.com\/en\/#website","url":"https:\/\/findcargps.com\/en\/","name":"findCarGPS.com","description":"Localizadores GPS para coches","publisher":{"@id":"https:\/\/findcargps.com\/en\/#organization"},"potentialAction":[{"@type":"SearchAction","target":{"@type":"EntryPoint","urlTemplate":"https:\/\/findcargps.com\/en\/?s={search_term_string}"},"query-input":{"@type":"PropertyValueSpecification","valueRequired":true,"valueName":"search_term_string"}}],"inLanguage":"en-US"},{"@type":"Organization","@id":"https:\/\/findcargps.com\/en\/#organization","name":"findCarGPS","url":"https:\/\/findcargps.com\/en\/","logo":{"@type":"ImageObject","inLanguage":"en-US","@id":"https:\/\/findcargps.com\/en\/#\/schema\/logo\/image\/","url":"https:\/\/findcargps.com\/wp-content\/uploads\/sites\/4\/2020\/12\/2.png","contentUrl":"https:\/\/findcargps.com\/wp-content\/uploads\/sites\/4\/2020\/12\/2.png","width":2000,"height":1995,"caption":"findCarGPS"},"image":{"@id":"https:\/\/findcargps.com\/en\/#\/schema\/logo\/image\/"}}]}},"_links":{"self":[{"href":"https:\/\/findcargps.com\/en\/wp-json\/wp\/v2\/pages\/4257","targetHints":{"allow":["GET"]}}],"collection":[{"href":"https:\/\/findcargps.com\/en\/wp-json\/wp\/v2\/pages"}],"about":[{"href":"https:\/\/findcargps.com\/en\/wp-json\/wp\/v2\/types\/page"}],"author":[{"embeddable":true,"href":"https:\/\/findcargps.com\/en\/wp-json\/wp\/v2\/users\/1"}],"replies":[{"embeddable":true,"href":"https:\/\/findcargps.com\/en\/wp-json\/wp\/v2\/comments?post=4257"}],"version-history":[{"count":13,"href":"https:\/\/findcargps.com\/en\/wp-json\/wp\/v2\/pages\/4257\/revisions"}],"predecessor-version":[{"id":107130,"href":"https:\/\/findcargps.com\/en\/wp-json\/wp\/v2\/pages\/4257\/revisions\/107130"}],"wp:attachment":[{"href":"https:\/\/findcargps.com\/en\/wp-json\/wp\/v2\/media?parent=4257"}],"curies":[{"name":"wp","href":"https:\/\/api.w.org\/{rel}","templated":true}]}}