{"id":75001,"date":"2025-04-04T11:30:28","date_gmt":"2025-04-04T09:30:28","guid":{"rendered":"https:\/\/findcargps.com\/producto\/findcar-tracker\/"},"modified":"2025-12-29T14:01:14","modified_gmt":"2025-12-29T13:01:14","slug":"findcar-tracker","status":"publish","type":"product","link":"https:\/\/findcargps.com\/de\/produkt\/findcar-tracker\/","title":{"rendered":"findCar Tracker"},"content":{"rendered":"","protected":false},"excerpt":{"rendered":"<h4 id=\"title\" class=\"a-size-large a-spacing-none\"><span id=\"productTitle\" class=\"a-size-large product-title-word-break\">GPS Auto, Motorrad und LKW-Tracker mit direktem Batterieanschluss und integrierter SIM-Karte, Tracker mit App, Diebstahlsicherung, Geofence und Geschwindigkeits\u00fcberschreitung, flexibles Abonnement<\/span><\/h4>\n<ul class=\"a-unordered-list a-vertical a-spacing-mini\">\n<li class=\"a-spacing-mini\"><span class=\"a-list-item\">ECHTZEIT-TRACKING: Mit dem FindCar GPS-Tracker k\u00f6nnen Sie den Standort Ihres Fahrzeugs in Echtzeit \u00fcber die mobile App verfolgen. Ideal f\u00fcr Autos, Motorr\u00e4der, Transporter oder Flotten. Stabile und effiziente Verbindung f\u00fcr kontinuierliche \u00dcberwachung. <\/span><\/li>\n<li class=\"a-spacing-mini\"><span class=\"a-list-item\">DIREKTER ANSCHLUSS AN DIE BATTERIE DES FAHRZEUGS: Schnelle und dauerhafte Installation durch direkten Anschluss des Ger\u00e4ts an die Batterie (9-36V). Gew\u00e4hrleistet eine konstante \u00dcberwachung ohne Nachladen, ideal f\u00fcr Sicherheit und Langzeit\u00fcberwachung. <\/span><\/li>\n<li class=\"a-spacing-mini\"><span class=\"a-list-item\">INTEGRIERTE SIM UND AUTOMATISCHE KONFIGURATION: Inklusive gebrauchsfertiger integrierter M2M SIM-Karte. Keine Konfiguration oder zus\u00e4tzliches Zubeh\u00f6r erforderlich. Schlie\u00dfen Sie sie einfach an und starten Sie die Ortung in wenigen Minuten \u00fcber die FindCar App. <\/span><\/li>\n<li class=\"a-spacing-mini\"><span class=\"a-list-item\">INTELLIGENTE ALARME UND SICHERE GEOLOKATION: Erhalten Sie sofortige Warnungen bei Geschwindigkeits\u00fcberschreitungen, unbefugten Bewegungen oder Abkopplung. Richtet sichere Zonen (Geofencing) ein, um die Ein- und Ausfahrt von Fahrzeugen in Echtzeit zu kontrollieren. <\/span><\/li>\n<li class=\"a-spacing-mini\"><span class=\"a-list-item\">Erschwingliche Abonnements und mehrsprachige Unterst\u00fctzung: Flexible Tarife ab 3,99 \u20ac\/Monat (monatlich, viertelj\u00e4hrlich oder j\u00e4hrlich). Technische Unterst\u00fctzung per WhatsApp in mehreren Sprachen mit 24\/7 Aufmerksamkeit. Unser Team bietet pers\u00f6nliche Hilfe bei der Konfiguration und Nutzung. <\/span><\/li>\n<\/ul>\n","protected":false},"featured_media":99363,"template":"","meta":{"_elementor_edit_mode":"","_elementor_template_type":"product-post","_elementor_data":"[{\"id\":\"59b7fe37\",\"elType\":\"section\",\"settings\":{\"content_width\":{\"unit\":\"px\",\"size\":1200,\"sizes\":[]}},\"elements\":[{\"id\":\"71bbd85c\",\"elType\":\"column\",\"settings\":{\"_column_size\":100},\"elements\":[{\"id\":\"9d3c6dd\",\"elType\":\"widget\",\"settings\":{\"editor\":\"<p>findCar Tracker GPS-Tracker f\\u00fcr Autos<\\\/p><ul><li>GPS-Ortung mit weltweiter Abdeckung<\\\/li><li>F\\u00fcr Privatwagen, Vermietung und Flotten<\\\/li><li>Keine Installation, nur Plug and Play<\\\/li><li>erfordert eine einfache Installation durch Anschluss an die Fahrzeugbatterie<\\\/li><li>vollst\\u00e4ndig konfiguriert ausgeliefert<\\\/li><li>Versteckt im Motorraum, K\\u00fchlergrill oder Armaturenbrett<\\\/li><li>Enth\\u00e4lt einen eigenen Akku zur \\u00dcberwachung von 1-2 Stunden nach dem Parken<\\\/li><li>Eigene App f\\u00fcr Android und IOS intuitiv und einfach zu bedienen<\\\/li><li>Web-Zugang<\\\/li><li>Aufprallalarm<\\\/li><li>Trennungsalarm<\\\/li><li>\\u00dcberdrehzahlalarm<\\\/li><li>Geofence-Funktion<\\\/li><li>Konfigurierbare Zeit zwischen Positionen<\\\/li><li><a href=\\\"http:\\\/\\\/findcargps.findpetgps.com\\\/planes-suscripcion\\\/\\\" target=\\\"_blank\\\" rel=\\\"noopener noreferrer\\\">Abonnement<\\\/a> erforderlich, ab 3,99 \\u20ac\\\/Monat (einschlie\\u00dflich Datenverkehr)<\\\/li><\\\/ul>\"},\"elements\":[],\"widgetType\":\"text-editor\"}],\"isInner\":false}],\"isInner\":false}]","_elementor_page_settings":[],"_elementor_conditions":[]},"product_brand":[101],"product_cat":[55],"product_tag":[],"class_list":{"0":"post-75001","1":"product","2":"type-product","3":"status-publish","4":"has-post-thumbnail","6":"product_brand-findcar","7":"product_cat-gps-fahrzeuge","9":"first","10":"instock","11":"sale","12":"taxable","13":"shipping-taxable","14":"purchasable","15":"product-type-simple"},"bundled_by":[],"bundle_stock_status":"instock","bundle_stock_quantity":null,"bundle_virtual":false,"bundle_layout":"","bundle_add_to_cart_form_location":"","bundle_editable_in_cart":false,"bundle_sold_individually_context":"","bundle_item_grouping":"","bundle_min_size":"","bundle_max_size":"","bundle_price":[],"bundled_items":[],"bundle_sell_ids":[],"exclude_global_add_ons":[],"addons":[],"yoast_head":"<!-- This site is optimized with the Yoast SEO plugin v27.4 - https:\/\/yoast.com\/product\/yoast-seo-wordpress\/ -->\n<title>findCar Tracker - findCarGPS.com<\/title>\n<meta name=\"description\" content=\"findCar Tracker - GPS Auto-, Motorrad- und LKW-Tracker mit direktem Batterieanschluss und integrierter SIM-Karte, Tracker mit App, Diebstahlsicherung, Geofence und Geschwindigkeits\u00fcberschreitung, flexibles Abonnement\" \/>\n<meta name=\"robots\" content=\"index, follow, max-snippet:-1, max-image-preview:large, max-video-preview:-1\" \/>\n<link rel=\"canonical\" href=\"https:\/\/findcargps.com\/de\/produkt\/findcar-tracker\/\" \/>\n<meta property=\"og:locale\" content=\"de_DE\" \/>\n<meta property=\"og:type\" content=\"article\" \/>\n<meta property=\"og:title\" content=\"findCar Tracker - findCarGPS.com\" \/>\n<meta property=\"og:description\" content=\"findCar Tracker - GPS Auto-, Motorrad- und LKW-Tracker mit direktem Batterieanschluss und integrierter SIM-Karte, Tracker mit App, Diebstahlsicherung, Geofence und Geschwindigkeits\u00fcberschreitung, flexibles Abonnement\" \/>\n<meta property=\"og:url\" content=\"https:\/\/findcargps.com\/de\/produkt\/findcar-tracker\/\" \/>\n<meta property=\"og:site_name\" content=\"findCarGPS.com\" \/>\n<meta property=\"article:modified_time\" content=\"2025-12-29T13:01:14+00:00\" \/>\n<meta property=\"og:image\" content=\"http:\/\/findcargps.com\/wp-content\/uploads\/sites\/4\/2025\/04\/FindCarGPS-01-1.png\" \/>\n\t<meta property=\"og:image:width\" content=\"1080\" \/>\n\t<meta property=\"og:image:height\" content=\"1080\" \/>\n\t<meta property=\"og:image:type\" content=\"image\/png\" \/>\n<meta name=\"twitter:card\" content=\"summary_large_image\" \/>\n<meta name=\"twitter:label1\" content=\"Gesch\u00e4tzte Lesezeit\" \/>\n\t<meta name=\"twitter:data1\" content=\"1\u00a0Minute\" \/>\n<script type=\"application\/ld+json\" class=\"yoast-schema-graph\">{\"@context\":\"https:\\\/\\\/schema.org\",\"@graph\":[{\"@type\":\"WebPage\",\"@id\":\"https:\\\/\\\/findcargps.com\\\/de\\\/produkt\\\/findcar-tracker\\\/\",\"url\":\"https:\\\/\\\/findcargps.com\\\/de\\\/produkt\\\/findcar-tracker\\\/\",\"name\":\"findCar Tracker - findCarGPS.com\",\"isPartOf\":{\"@id\":\"https:\\\/\\\/findcargps.com\\\/de\\\/#website\"},\"primaryImageOfPage\":{\"@id\":\"https:\\\/\\\/findcargps.com\\\/de\\\/produkt\\\/findcar-tracker\\\/#primaryimage\"},\"image\":{\"@id\":\"https:\\\/\\\/findcargps.com\\\/de\\\/produkt\\\/findcar-tracker\\\/#primaryimage\"},\"thumbnailUrl\":\"https:\\\/\\\/findcargps.com\\\/wp-content\\\/uploads\\\/sites\\\/4\\\/2025\\\/04\\\/FindCarGPS-01-1.png\",\"datePublished\":\"2025-04-04T09:30:28+00:00\",\"dateModified\":\"2025-12-29T13:01:14+00:00\",\"description\":\"findCar Tracker - GPS Auto-, Motorrad- und LKW-Tracker mit direktem Batterieanschluss und integrierter SIM-Karte, Tracker mit App, Diebstahlsicherung, Geofence und Geschwindigkeits\u00fcberschreitung, flexibles Abonnement\",\"breadcrumb\":{\"@id\":\"https:\\\/\\\/findcargps.com\\\/de\\\/produkt\\\/findcar-tracker\\\/#breadcrumb\"},\"inLanguage\":\"de\",\"potentialAction\":[{\"@type\":\"ReadAction\",\"target\":[\"https:\\\/\\\/findcargps.com\\\/de\\\/produkt\\\/findcar-tracker\\\/\"]}]},{\"@type\":\"ImageObject\",\"inLanguage\":\"de\",\"@id\":\"https:\\\/\\\/findcargps.com\\\/de\\\/produkt\\\/findcar-tracker\\\/#primaryimage\",\"url\":\"https:\\\/\\\/findcargps.com\\\/wp-content\\\/uploads\\\/sites\\\/4\\\/2025\\\/04\\\/FindCarGPS-01-1.png\",\"contentUrl\":\"https:\\\/\\\/findcargps.com\\\/wp-content\\\/uploads\\\/sites\\\/4\\\/2025\\\/04\\\/FindCarGPS-01-1.png\",\"width\":1080,\"height\":1080},{\"@type\":\"BreadcrumbList\",\"@id\":\"https:\\\/\\\/findcargps.com\\\/de\\\/produkt\\\/findcar-tracker\\\/#breadcrumb\",\"itemListElement\":[{\"@type\":\"ListItem\",\"position\":1,\"name\":\"Portada\",\"item\":\"https:\\\/\\\/findcargps.com\\\/de\\\/\"},{\"@type\":\"ListItem\",\"position\":2,\"name\":\"Gesch\u00e4ft\",\"item\":\"https:\\\/\\\/findcargps.com\\\/de\\\/geschaeft\\\/\"},{\"@type\":\"ListItem\",\"position\":3,\"name\":\"findCar Tracker\"}]},{\"@type\":\"WebSite\",\"@id\":\"https:\\\/\\\/findcargps.com\\\/de\\\/#website\",\"url\":\"https:\\\/\\\/findcargps.com\\\/de\\\/\",\"name\":\"findCarGPS.com\",\"description\":\"Localizadores GPS para coches\",\"publisher\":{\"@id\":\"https:\\\/\\\/findcargps.com\\\/de\\\/#organization\"},\"potentialAction\":[{\"@type\":\"SearchAction\",\"target\":{\"@type\":\"EntryPoint\",\"urlTemplate\":\"https:\\\/\\\/findcargps.com\\\/de\\\/?s={search_term_string}\"},\"query-input\":{\"@type\":\"PropertyValueSpecification\",\"valueRequired\":true,\"valueName\":\"search_term_string\"}}],\"inLanguage\":\"de\"},{\"@type\":\"Organization\",\"@id\":\"https:\\\/\\\/findcargps.com\\\/de\\\/#organization\",\"name\":\"findCarGPS\",\"url\":\"https:\\\/\\\/findcargps.com\\\/de\\\/\",\"logo\":{\"@type\":\"ImageObject\",\"inLanguage\":\"de\",\"@id\":\"https:\\\/\\\/findcargps.com\\\/de\\\/#\\\/schema\\\/logo\\\/image\\\/\",\"url\":\"https:\\\/\\\/findcargps.com\\\/wp-content\\\/uploads\\\/sites\\\/4\\\/2020\\\/12\\\/2.png\",\"contentUrl\":\"https:\\\/\\\/findcargps.com\\\/wp-content\\\/uploads\\\/sites\\\/4\\\/2020\\\/12\\\/2.png\",\"width\":2000,\"height\":1995,\"caption\":\"findCarGPS\"},\"image\":{\"@id\":\"https:\\\/\\\/findcargps.com\\\/de\\\/#\\\/schema\\\/logo\\\/image\\\/\"}}]}<\/script>\n<!-- \/ Yoast SEO plugin. -->","yoast_head_json":{"title":"findCar Tracker - findCarGPS.com","description":"findCar Tracker - GPS Auto-, Motorrad- und LKW-Tracker mit direktem Batterieanschluss und integrierter SIM-Karte, Tracker mit App, Diebstahlsicherung, Geofence und Geschwindigkeits\u00fcberschreitung, flexibles Abonnement","robots":{"index":"index","follow":"follow","max-snippet":"max-snippet:-1","max-image-preview":"max-image-preview:large","max-video-preview":"max-video-preview:-1"},"canonical":"https:\/\/findcargps.com\/de\/produkt\/findcar-tracker\/","og_locale":"de_DE","og_type":"article","og_title":"findCar Tracker - findCarGPS.com","og_description":"findCar Tracker - GPS Auto-, Motorrad- und LKW-Tracker mit direktem Batterieanschluss und integrierter SIM-Karte, Tracker mit App, Diebstahlsicherung, Geofence und Geschwindigkeits\u00fcberschreitung, flexibles Abonnement","og_url":"https:\/\/findcargps.com\/de\/produkt\/findcar-tracker\/","og_site_name":"findCarGPS.com","article_modified_time":"2025-12-29T13:01:14+00:00","og_image":[{"width":1080,"height":1080,"url":"http:\/\/findcargps.com\/wp-content\/uploads\/sites\/4\/2025\/04\/FindCarGPS-01-1.png","type":"image\/png"}],"twitter_card":"summary_large_image","twitter_misc":{"Gesch\u00e4tzte Lesezeit":"1\u00a0Minute"},"schema":{"@context":"https:\/\/schema.org","@graph":[{"@type":"WebPage","@id":"https:\/\/findcargps.com\/de\/produkt\/findcar-tracker\/","url":"https:\/\/findcargps.com\/de\/produkt\/findcar-tracker\/","name":"findCar Tracker - findCarGPS.com","isPartOf":{"@id":"https:\/\/findcargps.com\/de\/#website"},"primaryImageOfPage":{"@id":"https:\/\/findcargps.com\/de\/produkt\/findcar-tracker\/#primaryimage"},"image":{"@id":"https:\/\/findcargps.com\/de\/produkt\/findcar-tracker\/#primaryimage"},"thumbnailUrl":"https:\/\/findcargps.com\/wp-content\/uploads\/sites\/4\/2025\/04\/FindCarGPS-01-1.png","datePublished":"2025-04-04T09:30:28+00:00","dateModified":"2025-12-29T13:01:14+00:00","description":"findCar Tracker - GPS Auto-, Motorrad- und LKW-Tracker mit direktem Batterieanschluss und integrierter SIM-Karte, Tracker mit App, Diebstahlsicherung, Geofence und Geschwindigkeits\u00fcberschreitung, flexibles Abonnement","breadcrumb":{"@id":"https:\/\/findcargps.com\/de\/produkt\/findcar-tracker\/#breadcrumb"},"inLanguage":"de","potentialAction":[{"@type":"ReadAction","target":["https:\/\/findcargps.com\/de\/produkt\/findcar-tracker\/"]}]},{"@type":"ImageObject","inLanguage":"de","@id":"https:\/\/findcargps.com\/de\/produkt\/findcar-tracker\/#primaryimage","url":"https:\/\/findcargps.com\/wp-content\/uploads\/sites\/4\/2025\/04\/FindCarGPS-01-1.png","contentUrl":"https:\/\/findcargps.com\/wp-content\/uploads\/sites\/4\/2025\/04\/FindCarGPS-01-1.png","width":1080,"height":1080},{"@type":"BreadcrumbList","@id":"https:\/\/findcargps.com\/de\/produkt\/findcar-tracker\/#breadcrumb","itemListElement":[{"@type":"ListItem","position":1,"name":"Portada","item":"https:\/\/findcargps.com\/de\/"},{"@type":"ListItem","position":2,"name":"Gesch\u00e4ft","item":"https:\/\/findcargps.com\/de\/geschaeft\/"},{"@type":"ListItem","position":3,"name":"findCar Tracker"}]},{"@type":"WebSite","@id":"https:\/\/findcargps.com\/de\/#website","url":"https:\/\/findcargps.com\/de\/","name":"findCarGPS.com","description":"Localizadores GPS para coches","publisher":{"@id":"https:\/\/findcargps.com\/de\/#organization"},"potentialAction":[{"@type":"SearchAction","target":{"@type":"EntryPoint","urlTemplate":"https:\/\/findcargps.com\/de\/?s={search_term_string}"},"query-input":{"@type":"PropertyValueSpecification","valueRequired":true,"valueName":"search_term_string"}}],"inLanguage":"de"},{"@type":"Organization","@id":"https:\/\/findcargps.com\/de\/#organization","name":"findCarGPS","url":"https:\/\/findcargps.com\/de\/","logo":{"@type":"ImageObject","inLanguage":"de","@id":"https:\/\/findcargps.com\/de\/#\/schema\/logo\/image\/","url":"https:\/\/findcargps.com\/wp-content\/uploads\/sites\/4\/2020\/12\/2.png","contentUrl":"https:\/\/findcargps.com\/wp-content\/uploads\/sites\/4\/2020\/12\/2.png","width":2000,"height":1995,"caption":"findCarGPS"},"image":{"@id":"https:\/\/findcargps.com\/de\/#\/schema\/logo\/image\/"}}]}},"_links":{"self":[{"href":"https:\/\/findcargps.com\/de\/wp-json\/wp\/v2\/product\/75001","targetHints":{"allow":["GET"]}}],"collection":[{"href":"https:\/\/findcargps.com\/de\/wp-json\/wp\/v2\/product"}],"about":[{"href":"https:\/\/findcargps.com\/de\/wp-json\/wp\/v2\/types\/product"}],"version-history":[{"count":7,"href":"https:\/\/findcargps.com\/de\/wp-json\/wp\/v2\/product\/75001\/revisions"}],"predecessor-version":[{"id":99641,"href":"https:\/\/findcargps.com\/de\/wp-json\/wp\/v2\/product\/75001\/revisions\/99641"}],"wp:featuredmedia":[{"embeddable":true,"href":"https:\/\/findcargps.com\/de\/wp-json\/wp\/v2\/media\/99363"}],"wp:attachment":[{"href":"https:\/\/findcargps.com\/de\/wp-json\/wp\/v2\/media?parent=75001"}],"wp:term":[{"taxonomy":"product_brand","embeddable":true,"href":"https:\/\/findcargps.com\/de\/wp-json\/wp\/v2\/product_brand?post=75001"},{"taxonomy":"product_cat","embeddable":true,"href":"https:\/\/findcargps.com\/de\/wp-json\/wp\/v2\/product_cat?post=75001"},{"taxonomy":"product_tag","embeddable":true,"href":"https:\/\/findcargps.com\/de\/wp-json\/wp\/v2\/product_tag?post=75001"}],"curies":[{"name":"wp","href":"https:\/\/api.w.org\/{rel}","templated":true}]}}