{"id":4392,"date":"2020-12-09T20:46:09","date_gmt":"2020-12-09T19:46:09","guid":{"rendered":"https:\/\/findcargps.com\/gps-ortung-fuer-autos\/"},"modified":"2022-02-22T13:14:11","modified_gmt":"2022-02-22T12:14:11","slug":"gps-ortung-fuer-autos","status":"publish","type":"page","link":"https:\/\/findcargps.com\/de\/gps-ortung-fuer-autos\/","title":{"rendered":"GPS-Ortung f\u00fcr Autos"},"content":{"rendered":"\n<h1><strong>findCar GPS<\/strong> Autolokalisierung<\/h1>\n<p>Mit den findCar GPS-Ortungsger\u00e4ten f\u00fcr Autos k\u00f6nnen Sie jederzeit den Standort Ihres Fahrzeugs ermitteln und den Verlauf von Routen, Standorten, Haltestellen und vielem mehr anzeigen! Sie sind der beste Weg, um die Gewissheit zu haben, Ihr Auto immer zu haben.<\/p>\n<p>Sie k\u00f6nnen den Standort \u00fcber das GPS-Ortungssystem ermitteln und erhalten zahlreiche zus\u00e4tzliche Informationen wie Routen und Haltestellen, historische Standorte auf Karten, Live-Standort und vieles mehr. Mit OBD finCar GPS-Ortungsger\u00e4ten f\u00fcr Autos haben Sie immer die Gewissheit, zu wissen, wo und wie Sie sich befinden.<\/p>\n<p>Die findCar GPS-Ortungsger\u00e4te f\u00fcr Autos sind ebenfalls sehr einfach zu installieren und vollst\u00e4ndig vorkonfiguriert. Sie m\u00fcssen sie nur an den OBD2-Anschluss Ihres Autos anschlie\u00dfen (99% der Autos haben ihn, auch wenn Sie ihn noch nie gesehen haben!). Der OBD-Anschluss befindet sich normalerweise im Bereich unter dem Lenkrad, sodass der Locator verborgen ist.<\/p>\n\t<h2>Es ist sehr einfach, Ihr Auto jederzeit zu finden!<\/h2>\n<p>Wir haben den findCar OBD GPS Locator f\u00fcr Autos so konzipiert, dass er von jedem problemlos verwendet werden kann. Die Installation ist extrem einfach, wird werkseitig vorkonfiguriert geliefert und die App wurde mit dem Ziel entwickelt, sehr intuitiv zu sein. Sie k\u00f6nnen in Echtzeit die Bewegungen Ihres Autos sehen, den Verlauf anzeigen, Benachrichtigungen erhalten, wenn Sie den markierten Bereich verlassen, und vieles mehr!<\/p>\n<h3>\n\t\tfindcar obd gps Funktionen\n\t<\/h3>\n\t\t\t\t<img fetchpriority=\"high\" decoding=\"async\" src=\"https:\/\/findpetgps.com\/wp-content\/uploads\/2020\/11\/entrega-urgente.png\" alt=\"entrega-urgente\" itemprop=\"image\" height=\"512\" width=\"512\" title=\"entrega-urgente\" onerror=\"this.style.display='none'\">\n<h4>\n\t\tenv\u00edos gratuitos\n\t<\/h4>\n\t<p>envios gratuitos en toda Europa continental<\/p>\n\t\t\t\t<img decoding=\"async\" src=\"https:\/\/findpetgps.com\/wp-content\/uploads\/2020\/11\/garantia-1.png\" alt=\"garantia (1)\" itemprop=\"image\" height=\"512\" width=\"512\" title=\"garantia (1)\" onerror=\"this.style.display='none'\">\n<h4>\n\t\t2 a\u00f1os de garant\u00eda\n\t<\/h4>\n\t<p>2 a\u00f1os de garant\u00eda v\u00e1lida en toda Europa<\/p>\n\t\t\t\t<img decoding=\"async\" src=\"https:\/\/findpetgps.com\/wp-content\/uploads\/2020\/11\/devolucion-de-dinero-1.png\" alt=\"reembolso\" itemprop=\"image\" height=\"512\" width=\"512\" title=\"devolucion-de-dinero (1)\" onerror=\"this.style.display='none'\">\n<h4>\n\t\tdevoluciones\n\t<\/h4>\n\t<p>dispones de 20 d\u00edas para devolver el producto sin explicaciones<\/p>\n\t\t\t\t<img loading=\"lazy\" decoding=\"async\" src=\"https:\/\/findpetgps.com\/wp-content\/uploads\/2020\/11\/pago-seguro.png\" alt=\"pago-seguro\" itemprop=\"image\" height=\"512\" width=\"512\" title=\"pago-seguro\" onerror=\"this.style.display='none'\">\n<h4>\n\t\tpago seguro\n\t<\/h4>\n\t<p>pasarela de pagos segura VISA, maestro, mastercard<\/p>\n","protected":false},"excerpt":{"rendered":"","protected":false},"author":1,"featured_media":0,"parent":0,"menu_order":0,"comment_status":"closed","ping_status":"closed","template":"","meta":{"footnotes":"","_elementor_edit_mode":"","_elementor_template_type":"","_elementor_data":"","_elementor_page_settings":null,"_elementor_conditions":[]},"class_list":["post-4392","page","type-page","status-publish","hentry"],"yoast_head":"<!-- This site is optimized with the Yoast SEO plugin v27.4 - https:\/\/yoast.com\/product\/yoast-seo-wordpress\/ -->\n<title>FindCarGPS - GPS-Ortung f\u00fcr Autos!<\/title>\n<meta name=\"description\" content=\"GPS-Ortung - Erh\u00e4lt die besten Traceur GPS Voiture \u00e0 des Prix zug\u00e4nglich, Nous Fournissons die besten Localiser GPS von Voiture Sans Installation, kontaktieren Sie uns.\" \/>\n<meta name=\"robots\" content=\"index, follow, max-snippet:-1, max-image-preview:large, max-video-preview:-1\" \/>\n<link rel=\"canonical\" href=\"https:\/\/findcargps.com\/de\/gps-ortung-fuer-autos\/\" \/>\n<meta property=\"og:locale\" content=\"de_DE\" \/>\n<meta property=\"og:type\" content=\"article\" \/>\n<meta property=\"og:title\" content=\"FindCarGPS - GPS-Ortung f\u00fcr Autos!\" \/>\n<meta property=\"og:description\" content=\"GPS-Ortung - Erh\u00e4lt die besten Traceur GPS Voiture \u00e0 des Prix zug\u00e4nglich, Nous Fournissons die besten Localiser GPS von Voiture Sans Installation, kontaktieren Sie uns.\" \/>\n<meta property=\"og:url\" content=\"https:\/\/findcargps.com\/de\/gps-ortung-fuer-autos\/\" \/>\n<meta property=\"og:site_name\" content=\"findCarGPS.com\" \/>\n<meta property=\"article:modified_time\" content=\"2022-02-22T12:14:11+00:00\" \/>\n<meta property=\"og:image\" content=\"https:\/\/findpetgps.com\/wp-content\/uploads\/2020\/11\/entrega-urgente.png\" \/>\n<meta name=\"twitter:card\" content=\"summary_large_image\" \/>\n<meta name=\"twitter:label1\" content=\"Gesch\u00e4tzte Lesezeit\" \/>\n\t<meta name=\"twitter:data1\" content=\"3\u00a0Minuten\" \/>\n<script type=\"application\/ld+json\" class=\"yoast-schema-graph\">{\"@context\":\"https:\\\/\\\/schema.org\",\"@graph\":[{\"@type\":\"WebPage\",\"@id\":\"https:\\\/\\\/findcargps.com\\\/de\\\/gps-ortung-fuer-autos\\\/\",\"url\":\"https:\\\/\\\/findcargps.com\\\/de\\\/gps-ortung-fuer-autos\\\/\",\"name\":\"FindCarGPS - GPS-Ortung f\u00fcr Autos!\",\"isPartOf\":{\"@id\":\"https:\\\/\\\/findcargps.com\\\/de\\\/#website\"},\"primaryImageOfPage\":{\"@id\":\"https:\\\/\\\/findcargps.com\\\/de\\\/gps-ortung-fuer-autos\\\/#primaryimage\"},\"image\":{\"@id\":\"https:\\\/\\\/findcargps.com\\\/de\\\/gps-ortung-fuer-autos\\\/#primaryimage\"},\"thumbnailUrl\":\"https:\\\/\\\/findpetgps.com\\\/wp-content\\\/uploads\\\/2020\\\/11\\\/entrega-urgente.png\",\"datePublished\":\"2020-12-09T19:46:09+00:00\",\"dateModified\":\"2022-02-22T12:14:11+00:00\",\"description\":\"GPS-Ortung - Erh\u00e4lt die besten Traceur GPS Voiture \u00e0 des Prix zug\u00e4nglich, Nous Fournissons die besten Localiser GPS von Voiture Sans Installation, kontaktieren Sie uns.\",\"breadcrumb\":{\"@id\":\"https:\\\/\\\/findcargps.com\\\/de\\\/gps-ortung-fuer-autos\\\/#breadcrumb\"},\"inLanguage\":\"de\",\"potentialAction\":[{\"@type\":\"ReadAction\",\"target\":[\"https:\\\/\\\/findcargps.com\\\/de\\\/gps-ortung-fuer-autos\\\/\"]}]},{\"@type\":\"ImageObject\",\"inLanguage\":\"de\",\"@id\":\"https:\\\/\\\/findcargps.com\\\/de\\\/gps-ortung-fuer-autos\\\/#primaryimage\",\"url\":\"https:\\\/\\\/findpetgps.com\\\/wp-content\\\/uploads\\\/2020\\\/11\\\/entrega-urgente.png\",\"contentUrl\":\"https:\\\/\\\/findpetgps.com\\\/wp-content\\\/uploads\\\/2020\\\/11\\\/entrega-urgente.png\"},{\"@type\":\"BreadcrumbList\",\"@id\":\"https:\\\/\\\/findcargps.com\\\/de\\\/gps-ortung-fuer-autos\\\/#breadcrumb\",\"itemListElement\":[{\"@type\":\"ListItem\",\"position\":1,\"name\":\"Portada\",\"item\":\"https:\\\/\\\/findcargps.com\\\/de\\\/\"},{\"@type\":\"ListItem\",\"position\":2,\"name\":\"GPS-Ortung f\u00fcr Autos\"}]},{\"@type\":\"WebSite\",\"@id\":\"https:\\\/\\\/findcargps.com\\\/de\\\/#website\",\"url\":\"https:\\\/\\\/findcargps.com\\\/de\\\/\",\"name\":\"findCarGPS.com\",\"description\":\"Localizadores GPS para coches\",\"publisher\":{\"@id\":\"https:\\\/\\\/findcargps.com\\\/de\\\/#organization\"},\"potentialAction\":[{\"@type\":\"SearchAction\",\"target\":{\"@type\":\"EntryPoint\",\"urlTemplate\":\"https:\\\/\\\/findcargps.com\\\/de\\\/?s={search_term_string}\"},\"query-input\":{\"@type\":\"PropertyValueSpecification\",\"valueRequired\":true,\"valueName\":\"search_term_string\"}}],\"inLanguage\":\"de\"},{\"@type\":\"Organization\",\"@id\":\"https:\\\/\\\/findcargps.com\\\/de\\\/#organization\",\"name\":\"findCarGPS\",\"url\":\"https:\\\/\\\/findcargps.com\\\/de\\\/\",\"logo\":{\"@type\":\"ImageObject\",\"inLanguage\":\"de\",\"@id\":\"https:\\\/\\\/findcargps.com\\\/de\\\/#\\\/schema\\\/logo\\\/image\\\/\",\"url\":\"https:\\\/\\\/findcargps.com\\\/wp-content\\\/uploads\\\/sites\\\/4\\\/2020\\\/12\\\/2.png\",\"contentUrl\":\"https:\\\/\\\/findcargps.com\\\/wp-content\\\/uploads\\\/sites\\\/4\\\/2020\\\/12\\\/2.png\",\"width\":2000,\"height\":1995,\"caption\":\"findCarGPS\"},\"image\":{\"@id\":\"https:\\\/\\\/findcargps.com\\\/de\\\/#\\\/schema\\\/logo\\\/image\\\/\"}}]}<\/script>\n<!-- \/ Yoast SEO plugin. -->","yoast_head_json":{"title":"FindCarGPS - GPS-Ortung f\u00fcr Autos!","description":"GPS-Ortung - Erh\u00e4lt die besten Traceur GPS Voiture \u00e0 des Prix zug\u00e4nglich, Nous Fournissons die besten Localiser GPS von Voiture Sans Installation, kontaktieren Sie uns.","robots":{"index":"index","follow":"follow","max-snippet":"max-snippet:-1","max-image-preview":"max-image-preview:large","max-video-preview":"max-video-preview:-1"},"canonical":"https:\/\/findcargps.com\/de\/gps-ortung-fuer-autos\/","og_locale":"de_DE","og_type":"article","og_title":"FindCarGPS - GPS-Ortung f\u00fcr Autos!","og_description":"GPS-Ortung - Erh\u00e4lt die besten Traceur GPS Voiture \u00e0 des Prix zug\u00e4nglich, Nous Fournissons die besten Localiser GPS von Voiture Sans Installation, kontaktieren Sie uns.","og_url":"https:\/\/findcargps.com\/de\/gps-ortung-fuer-autos\/","og_site_name":"findCarGPS.com","article_modified_time":"2022-02-22T12:14:11+00:00","og_image":[{"url":"https:\/\/findpetgps.com\/wp-content\/uploads\/2020\/11\/entrega-urgente.png","type":"","width":"","height":""}],"twitter_card":"summary_large_image","twitter_misc":{"Gesch\u00e4tzte Lesezeit":"3\u00a0Minuten"},"schema":{"@context":"https:\/\/schema.org","@graph":[{"@type":"WebPage","@id":"https:\/\/findcargps.com\/de\/gps-ortung-fuer-autos\/","url":"https:\/\/findcargps.com\/de\/gps-ortung-fuer-autos\/","name":"FindCarGPS - GPS-Ortung f\u00fcr Autos!","isPartOf":{"@id":"https:\/\/findcargps.com\/de\/#website"},"primaryImageOfPage":{"@id":"https:\/\/findcargps.com\/de\/gps-ortung-fuer-autos\/#primaryimage"},"image":{"@id":"https:\/\/findcargps.com\/de\/gps-ortung-fuer-autos\/#primaryimage"},"thumbnailUrl":"https:\/\/findpetgps.com\/wp-content\/uploads\/2020\/11\/entrega-urgente.png","datePublished":"2020-12-09T19:46:09+00:00","dateModified":"2022-02-22T12:14:11+00:00","description":"GPS-Ortung - Erh\u00e4lt die besten Traceur GPS Voiture \u00e0 des Prix zug\u00e4nglich, Nous Fournissons die besten Localiser GPS von Voiture Sans Installation, kontaktieren Sie uns.","breadcrumb":{"@id":"https:\/\/findcargps.com\/de\/gps-ortung-fuer-autos\/#breadcrumb"},"inLanguage":"de","potentialAction":[{"@type":"ReadAction","target":["https:\/\/findcargps.com\/de\/gps-ortung-fuer-autos\/"]}]},{"@type":"ImageObject","inLanguage":"de","@id":"https:\/\/findcargps.com\/de\/gps-ortung-fuer-autos\/#primaryimage","url":"https:\/\/findpetgps.com\/wp-content\/uploads\/2020\/11\/entrega-urgente.png","contentUrl":"https:\/\/findpetgps.com\/wp-content\/uploads\/2020\/11\/entrega-urgente.png"},{"@type":"BreadcrumbList","@id":"https:\/\/findcargps.com\/de\/gps-ortung-fuer-autos\/#breadcrumb","itemListElement":[{"@type":"ListItem","position":1,"name":"Portada","item":"https:\/\/findcargps.com\/de\/"},{"@type":"ListItem","position":2,"name":"GPS-Ortung f\u00fcr Autos"}]},{"@type":"WebSite","@id":"https:\/\/findcargps.com\/de\/#website","url":"https:\/\/findcargps.com\/de\/","name":"findCarGPS.com","description":"Localizadores GPS para coches","publisher":{"@id":"https:\/\/findcargps.com\/de\/#organization"},"potentialAction":[{"@type":"SearchAction","target":{"@type":"EntryPoint","urlTemplate":"https:\/\/findcargps.com\/de\/?s={search_term_string}"},"query-input":{"@type":"PropertyValueSpecification","valueRequired":true,"valueName":"search_term_string"}}],"inLanguage":"de"},{"@type":"Organization","@id":"https:\/\/findcargps.com\/de\/#organization","name":"findCarGPS","url":"https:\/\/findcargps.com\/de\/","logo":{"@type":"ImageObject","inLanguage":"de","@id":"https:\/\/findcargps.com\/de\/#\/schema\/logo\/image\/","url":"https:\/\/findcargps.com\/wp-content\/uploads\/sites\/4\/2020\/12\/2.png","contentUrl":"https:\/\/findcargps.com\/wp-content\/uploads\/sites\/4\/2020\/12\/2.png","width":2000,"height":1995,"caption":"findCarGPS"},"image":{"@id":"https:\/\/findcargps.com\/de\/#\/schema\/logo\/image\/"}}]}},"_links":{"self":[{"href":"https:\/\/findcargps.com\/de\/wp-json\/wp\/v2\/pages\/4392","targetHints":{"allow":["GET"]}}],"collection":[{"href":"https:\/\/findcargps.com\/de\/wp-json\/wp\/v2\/pages"}],"about":[{"href":"https:\/\/findcargps.com\/de\/wp-json\/wp\/v2\/types\/page"}],"author":[{"embeddable":true,"href":"https:\/\/findcargps.com\/de\/wp-json\/wp\/v2\/users\/1"}],"replies":[{"embeddable":true,"href":"https:\/\/findcargps.com\/de\/wp-json\/wp\/v2\/comments?post=4392"}],"version-history":[{"count":3,"href":"https:\/\/findcargps.com\/de\/wp-json\/wp\/v2\/pages\/4392\/revisions"}],"predecessor-version":[{"id":5138,"href":"https:\/\/findcargps.com\/de\/wp-json\/wp\/v2\/pages\/4392\/revisions\/5138"}],"wp:attachment":[{"href":"https:\/\/findcargps.com\/de\/wp-json\/wp\/v2\/media?parent=4392"}],"curies":[{"name":"wp","href":"https:\/\/api.w.org\/{rel}","templated":true}]}}