{"id":4341,"date":"2020-12-09T19:57:43","date_gmt":"2020-12-09T18:57:43","guid":{"rendered":"https:\/\/findcargps.com\/rechtliche-warnung\/datenschutz-bestimmungen\/"},"modified":"2024-08-14T17:10:07","modified_gmt":"2024-08-14T15:10:07","slug":"datenschutz-bestimmungen","status":"publish","type":"page","link":"https:\/\/findcargps.com\/de\/rechtliche-warnung\/datenschutz-bestimmungen\/","title":{"rendered":"Datenschutz-Bestimmungen"},"content":{"rendered":"\t\t<div data-elementor-type=\"wp-page\" data-elementor-id=\"4341\" class=\"elementor elementor-4341 elementor-49\" data-elementor-post-type=\"page\">\n\t\t\t\t\t\t<section class=\"elementor-section elementor-top-section elementor-element elementor-element-77366509 elementor-section-boxed elementor-section-height-default elementor-section-height-default\" data-id=\"77366509\" data-element_type=\"section\" data-e-type=\"section\">\n\t\t\t\t\t\t<div class=\"elementor-container elementor-column-gap-default\">\n\t\t\t\t\t<div class=\"elementor-column elementor-col-100 elementor-top-column elementor-element elementor-element-2a72012e\" data-id=\"2a72012e\" data-element_type=\"column\" data-e-type=\"column\">\n\t\t\t<div class=\"elementor-widget-wrap elementor-element-populated\">\n\t\t\t\t\t\t<div class=\"elementor-element elementor-element-70bd9fd0 de_scroll_animation_no elementor-widget elementor-widget-text-editor\" data-id=\"70bd9fd0\" data-element_type=\"widget\" data-e-type=\"widget\" data-widget_type=\"text-editor.default\">\n\t\t\t\t<div class=\"elementor-widget-container\">\n\t\t\t\t\t\t\t\t\t<h2>Datenschutz-Bestimmungen<\/h2>\n<p>Lesen Sie die Datenschutzbestimmungen f\u00fcr den findCar GPS-Shop, die Ger\u00e4te und Dienstleistungen.<\/p>\n<p><strong>  1. ERFASSUNG UND VERARBEITUNG VON PERS\u00d6NLICHEN DATEN.<\/strong><\/p>\n<p>Wer ist f\u00fcr die Verarbeitung Ihrer Daten verantwortlich?<\/p>\n<p>Eigent\u00fcmer und Verantwortlicher der automatisierten Datei ist findCar, Eigent\u00fcmer GPS Consulting SL mit CIF B16677783 und eingetragenem Sitz in Boadilla del Monte (Madrid, Spanien).<\/p>\n<p>Zu welchem Zweck verarbeiten wir Ihre personenbezogenen Daten?<\/p>\n<p>Bei findCar verwenden wir Ihre pers\u00f6nlichen Daten nur f\u00fcr die folgenden Zwecke:<\/p>\n<p><strong>KAUF \/ REGISTRIERUNG:<\/strong><\/p>\n<ul>\n<li>Verwalten Sie Ihre Bestellungen.<\/li>\n<li>Gew\u00e4hrleisten Sie das ordnungsgem\u00e4\u00dfe Funktionieren des Online-Shops, f\u00fcr den wir alle Ihre Fragen beantworten, Sie durch die Prozesse f\u00fchren und Sie kontaktieren k\u00f6nnen, falls beim Kauf eine Anomalie festgestellt wird.<\/li>\n<li>Gehen Sie auf die Zweifel und Anfragen ein, die Sie uns m\u00f6glicherweise senden.<\/li>\n<li>Halten Sie sich \u00fcber Angebote und Aktionen auf dem Laufenden.<\/li>\n<li>Erstellen Sie ein Profil auf unserer Website, indem Sie Ihre Basisdaten in ein Formular eingeben, damit Sie Ihre Eink\u00e4ufe personalisieren und auf alle Produkte und Werbeaktionen im Gesch\u00e4ft zugreifen k\u00f6nnen.<\/li>\n<\/ul>\n<p><strong>KONTAKT und UNTERST\u00dcTZUNG:<\/strong><\/p>\n<ul>\n<li>Reagieren Sie auf die Zweifel und Anfragen, die Sie uns senden k\u00f6nnen, und leisten Sie auf Anfrage technischen Service.<\/li>\n<\/ul>\n<p><strong>NEWSLETTER:<\/strong><\/p>\n<ul>\n<li>Senden Sie Informationen zu Neuigkeiten, Angeboten und Werbeaktionen.<\/li>\n<\/ul>\n<p>In jedem Fall k\u00f6nnen Sie beim Surfen auf unserer Website Ihre Aktionen verfolgen, um sie zu verbessern, benutzerfreundlicher und sicherer zu machen und Ihnen einen besseren Service und eine bessere Erfahrung darin zu bieten.<\/p>\n<p><strong>Was ist die Legitimit\u00e4t f\u00fcr die Verarbeitung Ihrer Daten?<\/strong><\/p>\n<p>Rechtsgrundlage f\u00fcr die Verarbeitung Ihrer Daten ist die Einwilligung zur Beantwortung der \u00fcber die Website gestellten Fragen, die die Annahme dieser Bedingungen durch den Interessenten impliziert.<\/p>\n<p><strong>An welche Empf\u00e4nger werden Ihre Daten \u00fcbermittelt?<\/strong><\/p>\n<p>Personenbezogene Daten werden nicht an Dritte weitergegeben, es sei denn, dies ist gesetzlich vorgeschrieben oder im Rahmen des oben beschriebenen Zwecks, beispielsweise an \u00f6ffentliche Verwaltungen oder andere Stellen, falls dies zur Erf\u00fcllung der Verpflichtungen der Organisation erforderlich ist.<\/p>\n<p><strong>Welche Rechte haben Sie, wenn Sie uns Ihre Daten zur Verf\u00fcgung stellen?<\/strong><\/p>\n<p>Sie haben das Recht, eine Best\u00e4tigung dar\u00fcber zu erhalten, ob findCar Sie betreffende personenbezogene Daten verarbeitet oder nicht. Sie haben auch das Recht, auf Ihre personenbezogenen Daten zuzugreifen sowie die Berichtigung ungenauer Daten zu beantragen oder gegebenenfalls deren L\u00f6schung zu beantragen, wenn die Daten unter anderem f\u00fcr die Zwecke, f\u00fcr die sie erhoben wurden, nicht mehr erforderlich sind.<\/p>\n<p>Unter bestimmten Umst\u00e4nden k\u00f6nnen Sie die Einschr\u00e4nkung der Verarbeitung Ihrer Daten beantragen. In diesem Fall werden wir diese nur zur Aus\u00fcbung oder Verteidigung von Anspr\u00fcchen aufbewahren. Aus Gr\u00fcnden, die sich auf Ihre spezielle Situation beziehen, k\u00f6nnen Sie auch der Verarbeitung Ihrer Daten widersprechen.<\/p>\n<p><span style=\"color: var( --e-global-color-text ); font-family: var( --e-global-typography-text-font-family ), Sans-serif; font-size: var( --e-global-typography-text-font-size ); font-weight: var( --e-global-typography-text-font-weight );\">Auto finden<\/span><span style=\"color: var( --e-global-color-text ); font-family: var( --e-global-typography-text-font-family ), Sans-serif; font-size: var( --e-global-typography-text-font-size ); font-weight: var( --e-global-typography-text-font-weight );\"> <\/span>die Verarbeitung der Daten einzustellen, es sei denn, es liegen zwingende berechtigte Gr\u00fcnde vor oder es geht um die Geltendmachung oder Verteidigung etwaiger Anspr\u00fcche. Denken Sie daran, dass Sie jederzeit einen Anspruch bei der Kontrollbeh\u00f6rde einreichen k\u00f6nnen.<\/p>\n<p>F\u00fcr Klarstellungen oder die Aus\u00fcbung dieser Rechte k\u00f6nnen Sie uns eine Anfrage an info@localizadorgpscoche.com senden<\/p>\n<p><strong>Wie haben wir Ihre Daten erhalten?<\/strong><\/p>\n<p>Alle vertraulichen Informationen, die \u00fcber unsere Website gesendet werden, sind verschl\u00fcsselt und daher vor Dritten gesch\u00fctzt. Das Senden dieser Informationen erfolgt \u00fcber das SSL-Sicherheitsprotokoll (Secure Socket Layer), das die von Ihnen gesendeten Informationen verschl\u00fcsselt, bevor sie uns erreichen, um sie vor Dritten zu sch\u00fctzen. In keinem Fall werden die Daten gespeichert, die die Identifizierung des Zahlungsmittels mit der Identit\u00e4t seines Eigent\u00fcmers in Beziehung setzen k\u00f6nnen.<\/p>\n<p>Die von uns verarbeiteten personenbezogenen Daten wurden direkt von Ihnen \u00fcber die verschiedenen auf der Website verf\u00fcgbaren Formulare bereitgestellt. Es werden nur die angegebenen Identifikations- und Kontaktdaten verarbeitet.<\/p>\n<hr>\n<p><strong>2. ZAHLUNGSTOR.<\/strong><\/p>\n<p>Jede Zahlung oder finanzielle Transaktion, die \u00fcber die Website erfolgt und bei der der Nutzer seine Kredit- oder Debitkartendaten angeben muss, wird \u00fcber ein Zahlungsgateway-System abgewickelt, das direkt und ausschlie\u00dflich von Stripe oder Paypal verwaltet wird (Unternehmen, mit denen findCar die Implementierung vereinbart hat). In diesem Fall ist es die Bank, die auf diese Daten zugreift und diese verarbeitet, um die geschuldeten Betr\u00e4ge tats\u00e4chlich zu bezahlen. findCar hat keinen Zugang zu diesen Daten.<\/p>\n<p><strong>WICHTIG<\/strong>: Die Kreditkartendaten werden direkt auf der sicheren Website der Bank eingegeben. findCar \u00fcbermittelt diese Daten nicht und speichert sie auch nicht auf seinen Servern.<\/p>\n<hr>\n<p><strong>3. Recht auf Zugang, Ablehnung, Berichtigung und Stornierung.<\/strong><\/p>\n<p>Benutzer, die ihre pers\u00f6nlichen Daten in die Formulare auf unserer Website eingeben, haben jederzeit das Recht, ihre Rechte auf Zugang, Widerspruch, Berichtigung und L\u00f6schung auszu\u00fcben, indem sie dies bei <a href=\"mailto:info@savefamilygps.com\">info@findcargps.com<\/a> beantragen <a href=\"mailto:info@savefamilygps.com\">, wobei<\/a> dem Antrag stets eine Kopie der NIF des Dateninhabers beizuf\u00fcgen ist. In jedem Fall verpflichtet sich gps.com, die erhobenen personenbezogenen Daten zu l\u00f6schen, wenn sie f\u00fcr die Zwecke, f\u00fcr die sie erhoben wurden, nicht mehr erforderlich oder relevant sind.<\/p>\n<hr>\n<p><strong>4.<\/strong><br \/>\u00c4NDERUNG DER PRIVACY POLICY REGULATIONS. <strong> findCar kann die Datenschutzerkl\u00e4rung jederzeit \u00e4ndern oder aktualisieren, um sie an die \u00c4nderungen der Gesetze und Verordnungen anzupassen, die diese Angelegenheit regeln und die Rechte des Nutzers sch\u00fctzen, und sie sind verbindlich, sobald sie in diesem Bereich der Website ver\u00f6ffentlicht werden.<\/strong> Wenn der Benutzer mit den \u00c4nderungen, die an der Datenschutzrichtlinie vorgenommen werden k\u00f6nnen, nicht einverstanden ist, empfehlen wir, die Nutzung dieser Website einzustellen.<\/p>\n\t\t\t\t\t\t\t\t<\/div>\n\t\t\t\t<\/div>\n\t\t\t\t\t<\/div>\n\t\t<\/div>\n\t\t\t\t\t<\/div>\n\t\t<\/section>\n\t\t\t\t<\/div>\n\t\t","protected":false},"excerpt":{"rendered":"<p>Datenschutz-Bestimmungen Lesen Sie die Datenschutzbestimmungen f\u00fcr den findCar GPS-Shop, die Ger\u00e4te und Dienstleistungen. 1. ERFASSUNG UND VERARBEITUNG VON PERS\u00d6NLICHEN DATEN. Wer ist f\u00fcr die Verarbeitung Ihrer Daten verantwortlich? Eigent\u00fcmer und Verantwortlicher der automatisierten Datei ist findCar, Eigent\u00fcmer GPS Consulting SL mit CIF B16677783 und eingetragenem Sitz in Boadilla del Monte (Madrid, Spanien). Zu welchem Zweck [&hellip;]<\/p>\n","protected":false},"author":1,"featured_media":0,"parent":4330,"menu_order":0,"comment_status":"closed","ping_status":"closed","template":"elementor_header_footer","meta":{"footnotes":"","_elementor_edit_mode":"builder","_elementor_template_type":"wp-page","_elementor_data":"[{\"id\":\"77366509\",\"elType\":\"section\",\"settings\":[],\"elements\":[{\"id\":\"2a72012e\",\"elType\":\"column\",\"settings\":{\"_column_size\":100},\"elements\":[{\"id\":\"70bd9fd0\",\"elType\":\"widget\",\"settings\":{\"editor\":\"<h2>Datenschutz-Bestimmungen<\\\/h2>\\n<p>Lesen Sie die Datenschutzbestimmungen f\\u00fcr den findCar GPS-Shop, die Ger\\u00e4te und Dienstleistungen.<\\\/p>\\n<p><strong>  1. ERFASSUNG UND VERARBEITUNG VON PERS\\u00d6NLICHEN DATEN.<\\\/strong><\\\/p>\\n<p>Wer ist f\\u00fcr die Verarbeitung Ihrer Daten verantwortlich?<\\\/p>\\n<p>Eigent\\u00fcmer und Verantwortlicher der automatisierten Datei ist findCar, Eigent\\u00fcmer GPS Consulting SL mit CIF B16677783 und eingetragenem Sitz in Boadilla del Monte (Madrid, Spanien).<\\\/p>\\n<p>Zu welchem Zweck verarbeiten wir Ihre personenbezogenen Daten?<\\\/p>\\n<p>Bei findCar verwenden wir Ihre pers\\u00f6nlichen Daten nur f\\u00fcr die folgenden Zwecke:<\\\/p>\\n<p><strong>KAUF \\\/ REGISTRIERUNG:<\\\/strong><\\\/p>\\n<ul>\\n<li>Verwalten Sie Ihre Bestellungen.<\\\/li>\\n<li>Gew\\u00e4hrleisten Sie das ordnungsgem\\u00e4\\u00dfe Funktionieren des Online-Shops, f\\u00fcr den wir alle Ihre Fragen beantworten, Sie durch die Prozesse f\\u00fchren und Sie kontaktieren k\\u00f6nnen, falls beim Kauf eine Anomalie festgestellt wird.<\\\/li>\\n<li>Gehen Sie auf die Zweifel und Anfragen ein, die Sie uns m\\u00f6glicherweise senden.<\\\/li>\\n<li>Halten Sie sich \\u00fcber Angebote und Aktionen auf dem Laufenden.<\\\/li>\\n<li>Erstellen Sie ein Profil auf unserer Website, indem Sie Ihre Basisdaten in ein Formular eingeben, damit Sie Ihre Eink\\u00e4ufe personalisieren und auf alle Produkte und Werbeaktionen im Gesch\\u00e4ft zugreifen k\\u00f6nnen.<\\\/li>\\n<\\\/ul>\\n<p><strong>KONTAKT und UNTERST\\u00dcTZUNG:<\\\/strong><\\\/p>\\n<ul>\\n<li>Reagieren Sie auf die Zweifel und Anfragen, die Sie uns senden k\\u00f6nnen, und leisten Sie auf Anfrage technischen Service.<\\\/li>\\n<\\\/ul>\\n<p><strong>NEWSLETTER:<\\\/strong><\\\/p>\\n<ul>\\n<li>Senden Sie Informationen zu Neuigkeiten, Angeboten und Werbeaktionen.<\\\/li>\\n<\\\/ul>\\n<p>In jedem Fall k\\u00f6nnen Sie beim Surfen auf unserer Website Ihre Aktionen verfolgen, um sie zu verbessern, benutzerfreundlicher und sicherer zu machen und Ihnen einen besseren Service und eine bessere Erfahrung darin zu bieten.<\\\/p>\\n<p><strong>Was ist die Legitimit\\u00e4t f\\u00fcr die Verarbeitung Ihrer Daten?<\\\/strong><\\\/p>\\n<p>Rechtsgrundlage f\\u00fcr die Verarbeitung Ihrer Daten ist die Einwilligung zur Beantwortung der \\u00fcber die Website gestellten Fragen, die die Annahme dieser Bedingungen durch den Interessenten impliziert.<\\\/p>\\n<p><strong>An welche Empf\\u00e4nger werden Ihre Daten \\u00fcbermittelt?<\\\/strong><\\\/p>\\n<p>Personenbezogene Daten werden nicht an Dritte weitergegeben, es sei denn, dies ist gesetzlich vorgeschrieben oder im Rahmen des oben beschriebenen Zwecks, beispielsweise an \\u00f6ffentliche Verwaltungen oder andere Stellen, falls dies zur Erf\\u00fcllung der Verpflichtungen der Organisation erforderlich ist.<\\\/p>\\n<p><strong>Welche Rechte haben Sie, wenn Sie uns Ihre Daten zur Verf\\u00fcgung stellen?<\\\/strong><\\\/p>\\n<p>Sie haben das Recht, eine Best\\u00e4tigung dar\\u00fcber zu erhalten, ob findCar Sie betreffende personenbezogene Daten verarbeitet oder nicht. Sie haben auch das Recht, auf Ihre personenbezogenen Daten zuzugreifen sowie die Berichtigung ungenauer Daten zu beantragen oder gegebenenfalls deren L\\u00f6schung zu beantragen, wenn die Daten unter anderem f\\u00fcr die Zwecke, f\\u00fcr die sie erhoben wurden, nicht mehr erforderlich sind.<\\\/p>\\n<p>Unter bestimmten Umst\\u00e4nden k\\u00f6nnen Sie die Einschr\\u00e4nkung der Verarbeitung Ihrer Daten beantragen. In diesem Fall werden wir diese nur zur Aus\\u00fcbung oder Verteidigung von Anspr\\u00fcchen aufbewahren. Aus Gr\\u00fcnden, die sich auf Ihre spezielle Situation beziehen, k\\u00f6nnen Sie auch der Verarbeitung Ihrer Daten widersprechen.<\\\/p>\\n<p><span style=\\\"color: var( --e-global-color-text ); font-family: var( --e-global-typography-text-font-family ), Sans-serif; font-size: var( --e-global-typography-text-font-size ); font-weight: var( --e-global-typography-text-font-weight );\\\">Auto finden<\\\/span><span style=\\\"color: var( --e-global-color-text ); font-family: var( --e-global-typography-text-font-family ), Sans-serif; font-size: var( --e-global-typography-text-font-size ); font-weight: var( --e-global-typography-text-font-weight );\\\"> <\\\/span>die Verarbeitung der Daten einzustellen, es sei denn, es liegen zwingende berechtigte Gr\\u00fcnde vor oder es geht um die Geltendmachung oder Verteidigung etwaiger Anspr\\u00fcche. Denken Sie daran, dass Sie jederzeit einen Anspruch bei der Kontrollbeh\\u00f6rde einreichen k\\u00f6nnen.<\\\/p>\\n<p>F\\u00fcr Klarstellungen oder die Aus\\u00fcbung dieser Rechte k\\u00f6nnen Sie uns eine Anfrage an info@localizadorgpscoche.com senden<\\\/p>\\n<p><strong>Wie haben wir Ihre Daten erhalten?<\\\/strong><\\\/p>\\n<p>Alle vertraulichen Informationen, die \\u00fcber unsere Website gesendet werden, sind verschl\\u00fcsselt und daher vor Dritten gesch\\u00fctzt. Das Senden dieser Informationen erfolgt \\u00fcber das SSL-Sicherheitsprotokoll (Secure Socket Layer), das die von Ihnen gesendeten Informationen verschl\\u00fcsselt, bevor sie uns erreichen, um sie vor Dritten zu sch\\u00fctzen. In keinem Fall werden die Daten gespeichert, die die Identifizierung des Zahlungsmittels mit der Identit\\u00e4t seines Eigent\\u00fcmers in Beziehung setzen k\\u00f6nnen.<\\\/p>\\n<p>Die von uns verarbeiteten personenbezogenen Daten wurden direkt von Ihnen \\u00fcber die verschiedenen auf der Website verf\\u00fcgbaren Formulare bereitgestellt. Es werden nur die angegebenen Identifikations- und Kontaktdaten verarbeitet.<\\\/p>\\n<hr>\\n<p><strong>2. ZAHLUNGSTOR.<\\\/strong><\\\/p>\\n<p>Jede Zahlung oder finanzielle Transaktion, die \\u00fcber die Website erfolgt und bei der der Nutzer seine Kredit- oder Debitkartendaten angeben muss, wird \\u00fcber ein Zahlungsgateway-System abgewickelt, das direkt und ausschlie\\u00dflich von Stripe oder Paypal verwaltet wird (Unternehmen, mit denen findCar die Implementierung vereinbart hat). In diesem Fall ist es die Bank, die auf diese Daten zugreift und diese verarbeitet, um die geschuldeten Betr\\u00e4ge tats\\u00e4chlich zu bezahlen. findCar hat keinen Zugang zu diesen Daten.<\\\/p>\\n<p><strong>WICHTIG<\\\/strong>: Die Kreditkartendaten werden direkt auf der sicheren Website der Bank eingegeben. findCar \\u00fcbermittelt diese Daten nicht und speichert sie auch nicht auf seinen Servern.<\\\/p>\\n<hr>\\n<p><strong>3. Recht auf Zugang, Ablehnung, Berichtigung und Stornierung.<\\\/strong><\\\/p>\\n<p>Benutzer, die ihre pers\\u00f6nlichen Daten in die Formulare auf unserer Website eingeben, haben jederzeit das Recht, ihre Rechte auf Zugang, Widerspruch, Berichtigung und L\\u00f6schung auszu\\u00fcben, indem sie dies bei <a href=\\\"mailto:info@savefamilygps.com\\\">info@findcargps.com<\\\/a> beantragen <a href=\\\"mailto:info@savefamilygps.com\\\">, wobei<\\\/a> dem Antrag stets eine Kopie der NIF des Dateninhabers beizuf\\u00fcgen ist. In jedem Fall verpflichtet sich gps.com, die erhobenen personenbezogenen Daten zu l\\u00f6schen, wenn sie f\\u00fcr die Zwecke, f\\u00fcr die sie erhoben wurden, nicht mehr erforderlich oder relevant sind.<\\\/p>\\n<hr>\\n<p><strong>4.<\\\/strong><br \\\/>\\u00c4NDERUNG DER PRIVACY POLICY REGULATIONS. <strong> findCar kann die Datenschutzerkl\\u00e4rung jederzeit \\u00e4ndern oder aktualisieren, um sie an die \\u00c4nderungen der Gesetze und Verordnungen anzupassen, die diese Angelegenheit regeln und die Rechte des Nutzers sch\\u00fctzen, und sie sind verbindlich, sobald sie in diesem Bereich der Website ver\\u00f6ffentlicht werden.<\\\/strong> Wenn der Benutzer mit den \\u00c4nderungen, die an der Datenschutzrichtlinie vorgenommen werden k\\u00f6nnen, nicht einverstanden ist, empfehlen wir, die Nutzung dieser Website einzustellen.<\\\/p>\\n\"},\"elements\":[],\"widgetType\":\"text-editor\"}],\"isInner\":false}],\"isInner\":false}]","_elementor_page_settings":null,"_elementor_conditions":[]},"class_list":["post-4341","page","type-page","status-publish","hentry"],"yoast_head":"<!-- This site is optimized with the Yoast SEO plugin v27.4 - https:\/\/yoast.com\/product\/yoast-seo-wordpress\/ -->\n<title>Datenschutz-Bestimmungen - findCarGPS.com<\/title>\n<meta name=\"robots\" content=\"index, follow, max-snippet:-1, max-image-preview:large, max-video-preview:-1\" \/>\n<link rel=\"canonical\" href=\"https:\/\/findcargps.com\/de\/rechtliche-warnung\/datenschutz-bestimmungen\/\" \/>\n<meta property=\"og:locale\" content=\"de_DE\" \/>\n<meta property=\"og:type\" content=\"article\" \/>\n<meta property=\"og:title\" content=\"Datenschutz-Bestimmungen - findCarGPS.com\" \/>\n<meta property=\"og:description\" content=\"Datenschutz-Bestimmungen Lesen Sie die Datenschutzbestimmungen f\u00fcr den findCar GPS-Shop, die Ger\u00e4te und Dienstleistungen. 1. ERFASSUNG UND VERARBEITUNG VON PERS\u00d6NLICHEN DATEN. Wer ist f\u00fcr die Verarbeitung Ihrer Daten verantwortlich? Eigent\u00fcmer und Verantwortlicher der automatisierten Datei ist findCar, Eigent\u00fcmer GPS Consulting SL mit CIF B16677783 und eingetragenem Sitz in Boadilla del Monte (Madrid, Spanien). Zu welchem Zweck [&hellip;]\" \/>\n<meta property=\"og:url\" content=\"https:\/\/findcargps.com\/de\/rechtliche-warnung\/datenschutz-bestimmungen\/\" \/>\n<meta property=\"og:site_name\" content=\"findCarGPS.com\" \/>\n<meta property=\"article:modified_time\" content=\"2024-08-14T15:10:07+00:00\" \/>\n<meta name=\"twitter:card\" content=\"summary_large_image\" \/>\n<meta name=\"twitter:label1\" content=\"Gesch\u00e4tzte Lesezeit\" \/>\n\t<meta name=\"twitter:data1\" content=\"4\u00a0Minuten\" \/>\n<script type=\"application\/ld+json\" class=\"yoast-schema-graph\">{\"@context\":\"https:\\\/\\\/schema.org\",\"@graph\":[{\"@type\":\"WebPage\",\"@id\":\"https:\\\/\\\/findcargps.com\\\/de\\\/rechtliche-warnung\\\/datenschutz-bestimmungen\\\/\",\"url\":\"https:\\\/\\\/findcargps.com\\\/de\\\/rechtliche-warnung\\\/datenschutz-bestimmungen\\\/\",\"name\":\"Datenschutz-Bestimmungen - findCarGPS.com\",\"isPartOf\":{\"@id\":\"https:\\\/\\\/findcargps.com\\\/de\\\/#website\"},\"datePublished\":\"2020-12-09T18:57:43+00:00\",\"dateModified\":\"2024-08-14T15:10:07+00:00\",\"breadcrumb\":{\"@id\":\"https:\\\/\\\/findcargps.com\\\/de\\\/rechtliche-warnung\\\/datenschutz-bestimmungen\\\/#breadcrumb\"},\"inLanguage\":\"de\",\"potentialAction\":[{\"@type\":\"ReadAction\",\"target\":[\"https:\\\/\\\/findcargps.com\\\/de\\\/rechtliche-warnung\\\/datenschutz-bestimmungen\\\/\"]}]},{\"@type\":\"BreadcrumbList\",\"@id\":\"https:\\\/\\\/findcargps.com\\\/de\\\/rechtliche-warnung\\\/datenschutz-bestimmungen\\\/#breadcrumb\",\"itemListElement\":[{\"@type\":\"ListItem\",\"position\":1,\"name\":\"Portada\",\"item\":\"https:\\\/\\\/findcargps.com\\\/de\\\/\"},{\"@type\":\"ListItem\",\"position\":2,\"name\":\"Rechtliche Warnung\",\"item\":\"https:\\\/\\\/findcargps.com\\\/de\\\/rechtliche-warnung\\\/\"},{\"@type\":\"ListItem\",\"position\":3,\"name\":\"Datenschutz-Bestimmungen\"}]},{\"@type\":\"WebSite\",\"@id\":\"https:\\\/\\\/findcargps.com\\\/de\\\/#website\",\"url\":\"https:\\\/\\\/findcargps.com\\\/de\\\/\",\"name\":\"findCarGPS.com\",\"description\":\"Localizadores GPS para coches\",\"publisher\":{\"@id\":\"https:\\\/\\\/findcargps.com\\\/de\\\/#organization\"},\"potentialAction\":[{\"@type\":\"SearchAction\",\"target\":{\"@type\":\"EntryPoint\",\"urlTemplate\":\"https:\\\/\\\/findcargps.com\\\/de\\\/?s={search_term_string}\"},\"query-input\":{\"@type\":\"PropertyValueSpecification\",\"valueRequired\":true,\"valueName\":\"search_term_string\"}}],\"inLanguage\":\"de\"},{\"@type\":\"Organization\",\"@id\":\"https:\\\/\\\/findcargps.com\\\/de\\\/#organization\",\"name\":\"findCarGPS\",\"url\":\"https:\\\/\\\/findcargps.com\\\/de\\\/\",\"logo\":{\"@type\":\"ImageObject\",\"inLanguage\":\"de\",\"@id\":\"https:\\\/\\\/findcargps.com\\\/de\\\/#\\\/schema\\\/logo\\\/image\\\/\",\"url\":\"https:\\\/\\\/findcargps.com\\\/wp-content\\\/uploads\\\/sites\\\/4\\\/2020\\\/12\\\/2.png\",\"contentUrl\":\"https:\\\/\\\/findcargps.com\\\/wp-content\\\/uploads\\\/sites\\\/4\\\/2020\\\/12\\\/2.png\",\"width\":2000,\"height\":1995,\"caption\":\"findCarGPS\"},\"image\":{\"@id\":\"https:\\\/\\\/findcargps.com\\\/de\\\/#\\\/schema\\\/logo\\\/image\\\/\"}}]}<\/script>\n<!-- \/ Yoast SEO plugin. -->","yoast_head_json":{"title":"Datenschutz-Bestimmungen - findCarGPS.com","robots":{"index":"index","follow":"follow","max-snippet":"max-snippet:-1","max-image-preview":"max-image-preview:large","max-video-preview":"max-video-preview:-1"},"canonical":"https:\/\/findcargps.com\/de\/rechtliche-warnung\/datenschutz-bestimmungen\/","og_locale":"de_DE","og_type":"article","og_title":"Datenschutz-Bestimmungen - findCarGPS.com","og_description":"Datenschutz-Bestimmungen Lesen Sie die Datenschutzbestimmungen f\u00fcr den findCar GPS-Shop, die Ger\u00e4te und Dienstleistungen. 1. ERFASSUNG UND VERARBEITUNG VON PERS\u00d6NLICHEN DATEN. Wer ist f\u00fcr die Verarbeitung Ihrer Daten verantwortlich? Eigent\u00fcmer und Verantwortlicher der automatisierten Datei ist findCar, Eigent\u00fcmer GPS Consulting SL mit CIF B16677783 und eingetragenem Sitz in Boadilla del Monte (Madrid, Spanien). Zu welchem Zweck [&hellip;]","og_url":"https:\/\/findcargps.com\/de\/rechtliche-warnung\/datenschutz-bestimmungen\/","og_site_name":"findCarGPS.com","article_modified_time":"2024-08-14T15:10:07+00:00","twitter_card":"summary_large_image","twitter_misc":{"Gesch\u00e4tzte Lesezeit":"4\u00a0Minuten"},"schema":{"@context":"https:\/\/schema.org","@graph":[{"@type":"WebPage","@id":"https:\/\/findcargps.com\/de\/rechtliche-warnung\/datenschutz-bestimmungen\/","url":"https:\/\/findcargps.com\/de\/rechtliche-warnung\/datenschutz-bestimmungen\/","name":"Datenschutz-Bestimmungen - findCarGPS.com","isPartOf":{"@id":"https:\/\/findcargps.com\/de\/#website"},"datePublished":"2020-12-09T18:57:43+00:00","dateModified":"2024-08-14T15:10:07+00:00","breadcrumb":{"@id":"https:\/\/findcargps.com\/de\/rechtliche-warnung\/datenschutz-bestimmungen\/#breadcrumb"},"inLanguage":"de","potentialAction":[{"@type":"ReadAction","target":["https:\/\/findcargps.com\/de\/rechtliche-warnung\/datenschutz-bestimmungen\/"]}]},{"@type":"BreadcrumbList","@id":"https:\/\/findcargps.com\/de\/rechtliche-warnung\/datenschutz-bestimmungen\/#breadcrumb","itemListElement":[{"@type":"ListItem","position":1,"name":"Portada","item":"https:\/\/findcargps.com\/de\/"},{"@type":"ListItem","position":2,"name":"Rechtliche Warnung","item":"https:\/\/findcargps.com\/de\/rechtliche-warnung\/"},{"@type":"ListItem","position":3,"name":"Datenschutz-Bestimmungen"}]},{"@type":"WebSite","@id":"https:\/\/findcargps.com\/de\/#website","url":"https:\/\/findcargps.com\/de\/","name":"findCarGPS.com","description":"Localizadores GPS para coches","publisher":{"@id":"https:\/\/findcargps.com\/de\/#organization"},"potentialAction":[{"@type":"SearchAction","target":{"@type":"EntryPoint","urlTemplate":"https:\/\/findcargps.com\/de\/?s={search_term_string}"},"query-input":{"@type":"PropertyValueSpecification","valueRequired":true,"valueName":"search_term_string"}}],"inLanguage":"de"},{"@type":"Organization","@id":"https:\/\/findcargps.com\/de\/#organization","name":"findCarGPS","url":"https:\/\/findcargps.com\/de\/","logo":{"@type":"ImageObject","inLanguage":"de","@id":"https:\/\/findcargps.com\/de\/#\/schema\/logo\/image\/","url":"https:\/\/findcargps.com\/wp-content\/uploads\/sites\/4\/2020\/12\/2.png","contentUrl":"https:\/\/findcargps.com\/wp-content\/uploads\/sites\/4\/2020\/12\/2.png","width":2000,"height":1995,"caption":"findCarGPS"},"image":{"@id":"https:\/\/findcargps.com\/de\/#\/schema\/logo\/image\/"}}]}},"_links":{"self":[{"href":"https:\/\/findcargps.com\/de\/wp-json\/wp\/v2\/pages\/4341","targetHints":{"allow":["GET"]}}],"collection":[{"href":"https:\/\/findcargps.com\/de\/wp-json\/wp\/v2\/pages"}],"about":[{"href":"https:\/\/findcargps.com\/de\/wp-json\/wp\/v2\/types\/page"}],"author":[{"embeddable":true,"href":"https:\/\/findcargps.com\/de\/wp-json\/wp\/v2\/users\/1"}],"replies":[{"embeddable":true,"href":"https:\/\/findcargps.com\/de\/wp-json\/wp\/v2\/comments?post=4341"}],"version-history":[{"count":7,"href":"https:\/\/findcargps.com\/de\/wp-json\/wp\/v2\/pages\/4341\/revisions"}],"predecessor-version":[{"id":54941,"href":"https:\/\/findcargps.com\/de\/wp-json\/wp\/v2\/pages\/4341\/revisions\/54941"}],"up":[{"embeddable":true,"href":"https:\/\/findcargps.com\/de\/wp-json\/wp\/v2\/pages\/4330"}],"wp:attachment":[{"href":"https:\/\/findcargps.com\/de\/wp-json\/wp\/v2\/media?parent=4341"}],"curies":[{"name":"wp","href":"https:\/\/api.w.org\/{rel}","templated":true}]}}