{"id":4330,"date":"2020-12-09T19:48:56","date_gmt":"2020-12-09T18:48:56","guid":{"rendered":"https:\/\/findcargps.com\/rechtliche-warnung\/"},"modified":"2024-08-15T09:59:25","modified_gmt":"2024-08-15T07:59:25","slug":"rechtliche-warnung","status":"publish","type":"page","link":"https:\/\/findcargps.com\/de\/rechtliche-warnung\/","title":{"rendered":"Rechtliche Warnung"},"content":{"rendered":"\t\t<div data-elementor-type=\"wp-page\" data-elementor-id=\"4330\" class=\"elementor elementor-4330 elementor-30\" data-elementor-post-type=\"page\">\n\t\t\t\t\t\t<section class=\"elementor-section elementor-top-section elementor-element elementor-element-52a0b8d6 elementor-section-boxed elementor-section-height-default elementor-section-height-default\" data-id=\"52a0b8d6\" data-element_type=\"section\" data-e-type=\"section\">\n\t\t\t\t\t\t<div class=\"elementor-container elementor-column-gap-default\">\n\t\t\t\t\t<div class=\"elementor-column elementor-col-100 elementor-top-column elementor-element elementor-element-5fd139b5\" data-id=\"5fd139b5\" data-element_type=\"column\" data-e-type=\"column\">\n\t\t\t<div class=\"elementor-widget-wrap elementor-element-populated\">\n\t\t\t\t\t\t<div class=\"elementor-element elementor-element-4f2c7434 de_scroll_animation_no elementor-widget elementor-widget-text-editor\" data-id=\"4f2c7434\" data-element_type=\"widget\" data-e-type=\"widget\" data-widget_type=\"text-editor.default\">\n\t\t\t\t<div class=\"elementor-widget-container\">\n\t\t\t\t\t\t\t\t\t<h2>Rechtliche Warnung<\/h2>\n<h6 id=\"h-1-condiciones-de-uso\">1. Nutzungsbedingungen.<\/h6>\n<p>Die oben genannten Bedingungen gelten f\u00fcr alle Transaktionen, die auf findcargpps.com, im Folgenden findCar genannt, get\u00e4tigt werden.<\/p>\n<p>findCar bietet seinen Kunden mit dieser Website einen Service. Bitte lesen Sie die Verkaufsbedingungen f\u00fcr unsere Website. Die Nutzung von findCar durch den Kunden stellt eine Vereinbarung mit den folgenden Allgemeinen Gesch\u00e4ftsbedingungen und Verkaufsbedingungen dar. Wenn Sie diesen Bedingungen nicht zustimmen, verwenden Sie die Website bitte nicht.<\/p>\n<p>findCar kann diese Verkaufsbedingungen und allgemeinen Gesch\u00e4ftsbedingungen ganz oder teilweise \u00e4ndern oder aktualisieren, wobei m\u00f6gliche \u00c4nderungen der aktuellen Gesetze und Vorschriften ber\u00fccksichtigt werden. Die neuen Verkaufsbedingungen gelten ab dem Datum ihrer Ver\u00f6ffentlichung auf der findCar-Website. Wir empfehlen, diese Allgemeinen Gesch\u00e4ftsbedingungen regelm\u00e4\u00dfig zu \u00fcberpr\u00fcfen. Wenn Sie mit den vorgenommenen \u00c4nderungen nicht einverstanden sind, verwenden Sie die Website bitte nicht.<\/p>\n<h6 id=\"h-2-contenido-de-la-p-gina-web\">2. Inhalt der Website.<\/h6>\n<p>findCar ist stets bem\u00fcht, dass seine Inhalte \u00fcberpr\u00fcft werden und keine falschen Informationen enthalten. Im Falle eines Fehlers dieser Art, den wir nicht kontrollieren k\u00f6nnen, werden wir ihn unverz\u00fcglich korrigieren.<\/p>\n<p>Wir behalten uns das Recht vor, Fehler, Auslassungen oder Ungenauigkeiten zu korrigieren und Informationen jederzeit ohne vorherige Ank\u00fcndigung zu \u00e4ndern oder zu aktualisieren. Wir behalten uns das Recht vor, das kommerzielle Angebot unserer Website nach eigenem Ermessen zu \u00e4ndern. Diese \u00c4nderungen wirken sich in keinem Fall auf die bereits get\u00e4tigten K\u00e4ufe aus.<\/p>\n<p>findCar kann nicht f\u00fcr die Nutzung des Webs oder seiner Inhalte durch jeden Benutzer verantwortlich gemacht werden, der die geltenden Gesetze und Vorschriften nicht einh\u00e4lt. Der Benutzer ist allein und ausschlie\u00dflich verantwortlich f\u00fcr die Weitergabe falscher, falscher oder verwandter Informationen und Daten an Dritte (falls diese diesbez\u00fcglich keine Einwilligung erteilt haben) sowie f\u00fcr deren fehlerhafte Verwendung.<\/p>\n<p>findCars hat sich bem\u00fcht, die Farben der im Web angezeigten Produkte so genau wie m\u00f6glich anzuzeigen. In jedem Fall h\u00e4ngen die Farben, die der Benutzer sieht, auch von dem verwendeten Monitor ab. Daher kann findCar die Genauigkeit der Farbe, die der Monitor anzeigt, nicht garantieren.<\/p>\n<h6 id=\"h-3-derechos-de-propiedad-intelectual\">3. Rechte an geistigem Eigentum.<\/h6>\n<p>Der Benutzer erkennt an und r\u00e4umt ein, dass alle Urheberrechte, Designs, Fotos, einschlie\u00dflich Bildrechte, Grafiken, T\u00f6ne, Musik, Video, Audio, Text, Marken und alle anderen Inhalte sowie geistige und materielle Rechte Die hier beschriebenen Inhalte sind durch das Urheberrecht und andere geistige Eigentumsrechte von findCar und anderen Rechteinhabern gesch\u00fctzt.<\/p>\n<p>Diese Website ist f\u00fcr den pers\u00f6nlichen und nicht kommerziellen Gebrauch des Benutzers bestimmt. Es ist verboten, Inhalte, Produkte oder Dienstleistungen auf dieser Website zu kopieren, zu \u00e4ndern, zu verteilen, zu \u00fcbertragen, zu ver\u00f6ffentlichen oder kommerziell zu nutzen.<\/p>\n<h6 id=\"h-4-comentarios-de-usuarios\">4. Benutzerkommentare.<\/h6>\n<p>Alle Kommentare, Ideen, Meinungen, Kritiken etc. Das Angebot von findCar muss Eigentum des Unternehmens bleiben. Die Verwendung solcher Kommentare, Meinungen und anderer Informationen durch FindCar sollte in keiner Weise f\u00fcr kommerzielle oder andere Zwecke eingeschr\u00e4nkt werden.<\/p>\n<p>Der Benutzer erkl\u00e4rt sich damit einverstanden, keine Kommentare abzugeben, die die Rechte Dritter verletzen k\u00f6nnten. Der Benutzer erkl\u00e4rt sich auch damit einverstanden, keine Kommentare abzugeben, die obsz\u00f6ne, illegale oder missbr\u00e4uchliche Konnotationen enthalten k\u00f6nnen. Der Benutzer ist allein verantwortlich f\u00fcr den Inhalt der Kommentare.<\/p>\n<h6 id=\"h-5-enlaces-con-otros-sitios-web\">5. Links zu anderen Websites.<\/h6>\n<p>findCar kann auf der Website Links zu Websites von Dritten einf\u00fcgen. findCar \u00fcberpr\u00fcft nicht alle Websites Dritter und f\u00fchrt keine Kontrollen \u00fcber sie durch, daher kann findCar in keiner Weise f\u00fcr den Inhalt dieser Websites oder f\u00fcr die Ma\u00dfnahmen, die sie in Bezug auf den Datenschutz oder die Datenverarbeitung der personenbezogenen Daten des Benutzers ergreifen, verantwortlich gemacht werden .<\/p>\n<h6 id=\"h-6-enlaces-con-findpetgps-com\">6. Links mit findCar<\/h6>\n<p>Falls Sie daran interessiert sind, einen Link zu dieser Website zu aktivieren, kontaktieren Sie bitte GPS findCar per E-Mail: info@findcargps.com.<\/p>\n<h6 id=\"h-7-legislaci-n-aplicable-y-jurisdicci-n-competente\">7. Anwendbares Recht und zust\u00e4ndige Gerichtsbarkeit.<\/h6>\n<p>Mit findCar get\u00e4tigte K\u00e4ufe unterliegen spanischem Recht. Die Parteien unterbreiten nach eigenem Ermessen die L\u00f6sung von Konflikten und den Verzicht auf eine andere Zust\u00e4ndigkeit den Gerichten des Wohnsitzes des Nutzers.<\/p>\n<h6 id=\"h-8-uso-de-cookies\">8. Verwendung von Cookies.<\/h6>\n<p>Diese Website verwendet Cookies. Wenn Sie m\u00f6chten, k\u00f6nnen Sie die Verarbeitung von Daten oder Informationen ablehnen, indem Sie die Verwendung von Cookies \u00fcber die entsprechende Konfiguration Ihres Internetbrowsers ablehnen. Beachten Sie jedoch, dass Sie in diesem Fall m\u00f6glicherweise nicht alle verwenden k\u00f6nnen die Funktionalit\u00e4t dieser Website.<\/p>\n\t\t\t\t\t\t\t\t<\/div>\n\t\t\t\t<\/div>\n\t\t\t\t\t<\/div>\n\t\t<\/div>\n\t\t\t\t\t<\/div>\n\t\t<\/section>\n\t\t\t\t<\/div>\n\t\t","protected":false},"excerpt":{"rendered":"<p>Rechtliche Warnung 1. Nutzungsbedingungen. Die oben genannten Bedingungen gelten f\u00fcr alle Transaktionen, die auf findcargpps.com, im Folgenden findCar genannt, get\u00e4tigt werden. findCar bietet seinen Kunden mit dieser Website einen Service. Bitte lesen Sie die Verkaufsbedingungen f\u00fcr unsere Website. Die Nutzung von findCar durch den Kunden stellt eine Vereinbarung mit den folgenden Allgemeinen Gesch\u00e4ftsbedingungen und Verkaufsbedingungen [&hellip;]<\/p>\n","protected":false},"author":1,"featured_media":0,"parent":0,"menu_order":0,"comment_status":"closed","ping_status":"closed","template":"elementor_header_footer","meta":{"footnotes":"","_elementor_edit_mode":"builder","_elementor_template_type":"wp-page","_elementor_data":"[{\"id\":\"52a0b8d6\",\"elType\":\"section\",\"settings\":[],\"elements\":[{\"id\":\"5fd139b5\",\"elType\":\"column\",\"settings\":{\"_column_size\":100},\"elements\":[{\"id\":\"4f2c7434\",\"elType\":\"widget\",\"settings\":{\"editor\":\"<h2>Rechtliche Warnung<\\\/h2>\\n<h6 id=\\\"h-1-condiciones-de-uso\\\">1. Nutzungsbedingungen.<\\\/h6>\\n<p>Die oben genannten Bedingungen gelten f\\u00fcr alle Transaktionen, die auf findcargpps.com, im Folgenden findCar genannt, get\\u00e4tigt werden.<\\\/p>\\n<p>findCar bietet seinen Kunden mit dieser Website einen Service. Bitte lesen Sie die Verkaufsbedingungen f\\u00fcr unsere Website. Die Nutzung von findCar durch den Kunden stellt eine Vereinbarung mit den folgenden Allgemeinen Gesch\\u00e4ftsbedingungen und Verkaufsbedingungen dar. Wenn Sie diesen Bedingungen nicht zustimmen, verwenden Sie die Website bitte nicht.<\\\/p>\\n<p>findCar kann diese Verkaufsbedingungen und allgemeinen Gesch\\u00e4ftsbedingungen ganz oder teilweise \\u00e4ndern oder aktualisieren, wobei m\\u00f6gliche \\u00c4nderungen der aktuellen Gesetze und Vorschriften ber\\u00fccksichtigt werden. Die neuen Verkaufsbedingungen gelten ab dem Datum ihrer Ver\\u00f6ffentlichung auf der findCar-Website. Wir empfehlen, diese Allgemeinen Gesch\\u00e4ftsbedingungen regelm\\u00e4\\u00dfig zu \\u00fcberpr\\u00fcfen. Wenn Sie mit den vorgenommenen \\u00c4nderungen nicht einverstanden sind, verwenden Sie die Website bitte nicht.<\\\/p>\\n<h6 id=\\\"h-2-contenido-de-la-p-gina-web\\\">2. Inhalt der Website.<\\\/h6>\\n<p>findCar ist stets bem\\u00fcht, dass seine Inhalte \\u00fcberpr\\u00fcft werden und keine falschen Informationen enthalten. Im Falle eines Fehlers dieser Art, den wir nicht kontrollieren k\\u00f6nnen, werden wir ihn unverz\\u00fcglich korrigieren.<\\\/p>\\n<p>Wir behalten uns das Recht vor, Fehler, Auslassungen oder Ungenauigkeiten zu korrigieren und Informationen jederzeit ohne vorherige Ank\\u00fcndigung zu \\u00e4ndern oder zu aktualisieren. Wir behalten uns das Recht vor, das kommerzielle Angebot unserer Website nach eigenem Ermessen zu \\u00e4ndern. Diese \\u00c4nderungen wirken sich in keinem Fall auf die bereits get\\u00e4tigten K\\u00e4ufe aus.<\\\/p>\\n<p>findCar kann nicht f\\u00fcr die Nutzung des Webs oder seiner Inhalte durch jeden Benutzer verantwortlich gemacht werden, der die geltenden Gesetze und Vorschriften nicht einh\\u00e4lt. Der Benutzer ist allein und ausschlie\\u00dflich verantwortlich f\\u00fcr die Weitergabe falscher, falscher oder verwandter Informationen und Daten an Dritte (falls diese diesbez\\u00fcglich keine Einwilligung erteilt haben) sowie f\\u00fcr deren fehlerhafte Verwendung.<\\\/p>\\n<p>findCars hat sich bem\\u00fcht, die Farben der im Web angezeigten Produkte so genau wie m\\u00f6glich anzuzeigen. In jedem Fall h\\u00e4ngen die Farben, die der Benutzer sieht, auch von dem verwendeten Monitor ab. Daher kann findCar die Genauigkeit der Farbe, die der Monitor anzeigt, nicht garantieren.<\\\/p>\\n<h6 id=\\\"h-3-derechos-de-propiedad-intelectual\\\">3. Rechte an geistigem Eigentum.<\\\/h6>\\n<p>Der Benutzer erkennt an und r\\u00e4umt ein, dass alle Urheberrechte, Designs, Fotos, einschlie\\u00dflich Bildrechte, Grafiken, T\\u00f6ne, Musik, Video, Audio, Text, Marken und alle anderen Inhalte sowie geistige und materielle Rechte Die hier beschriebenen Inhalte sind durch das Urheberrecht und andere geistige Eigentumsrechte von findCar und anderen Rechteinhabern gesch\\u00fctzt.<\\\/p>\\n<p>Diese Website ist f\\u00fcr den pers\\u00f6nlichen und nicht kommerziellen Gebrauch des Benutzers bestimmt. Es ist verboten, Inhalte, Produkte oder Dienstleistungen auf dieser Website zu kopieren, zu \\u00e4ndern, zu verteilen, zu \\u00fcbertragen, zu ver\\u00f6ffentlichen oder kommerziell zu nutzen.<\\\/p>\\n<h6 id=\\\"h-4-comentarios-de-usuarios\\\">4. Benutzerkommentare.<\\\/h6>\\n<p>Alle Kommentare, Ideen, Meinungen, Kritiken etc. Das Angebot von findCar muss Eigentum des Unternehmens bleiben. Die Verwendung solcher Kommentare, Meinungen und anderer Informationen durch FindCar sollte in keiner Weise f\\u00fcr kommerzielle oder andere Zwecke eingeschr\\u00e4nkt werden.<\\\/p>\\n<p>Der Benutzer erkl\\u00e4rt sich damit einverstanden, keine Kommentare abzugeben, die die Rechte Dritter verletzen k\\u00f6nnten. Der Benutzer erkl\\u00e4rt sich auch damit einverstanden, keine Kommentare abzugeben, die obsz\\u00f6ne, illegale oder missbr\\u00e4uchliche Konnotationen enthalten k\\u00f6nnen. Der Benutzer ist allein verantwortlich f\\u00fcr den Inhalt der Kommentare.<\\\/p>\\n<h6 id=\\\"h-5-enlaces-con-otros-sitios-web\\\">5. Links zu anderen Websites.<\\\/h6>\\n<p>findCar kann auf der Website Links zu Websites von Dritten einf\\u00fcgen. findCar \\u00fcberpr\\u00fcft nicht alle Websites Dritter und f\\u00fchrt keine Kontrollen \\u00fcber sie durch, daher kann findCar in keiner Weise f\\u00fcr den Inhalt dieser Websites oder f\\u00fcr die Ma\\u00dfnahmen, die sie in Bezug auf den Datenschutz oder die Datenverarbeitung der personenbezogenen Daten des Benutzers ergreifen, verantwortlich gemacht werden .<\\\/p>\\n<h6 id=\\\"h-6-enlaces-con-findpetgps-com\\\">6. Links mit findCar<\\\/h6>\\n<p>Falls Sie daran interessiert sind, einen Link zu dieser Website zu aktivieren, kontaktieren Sie bitte GPS findCar per E-Mail: info@findcargps.com.<\\\/p>\\n<h6 id=\\\"h-7-legislaci-n-aplicable-y-jurisdicci-n-competente\\\">7. Anwendbares Recht und zust\\u00e4ndige Gerichtsbarkeit.<\\\/h6>\\n<p>Mit findCar get\\u00e4tigte K\\u00e4ufe unterliegen spanischem Recht. Die Parteien unterbreiten nach eigenem Ermessen die L\\u00f6sung von Konflikten und den Verzicht auf eine andere Zust\\u00e4ndigkeit den Gerichten des Wohnsitzes des Nutzers.<\\\/p>\\n<h6 id=\\\"h-8-uso-de-cookies\\\">8. Verwendung von Cookies.<\\\/h6>\\n<p>Diese Website verwendet Cookies. Wenn Sie m\\u00f6chten, k\\u00f6nnen Sie die Verarbeitung von Daten oder Informationen ablehnen, indem Sie die Verwendung von Cookies \\u00fcber die entsprechende Konfiguration Ihres Internetbrowsers ablehnen. Beachten Sie jedoch, dass Sie in diesem Fall m\\u00f6glicherweise nicht alle verwenden k\\u00f6nnen die Funktionalit\\u00e4t dieser Website.<\\\/p>\\n\"},\"elements\":[],\"widgetType\":\"text-editor\"}],\"isInner\":false}],\"isInner\":false}]","_elementor_page_settings":null,"_elementor_conditions":[]},"class_list":["post-4330","page","type-page","status-publish","hentry"],"yoast_head":"<!-- This site is optimized with the Yoast SEO plugin v27.4 - https:\/\/yoast.com\/product\/yoast-seo-wordpress\/ -->\n<title>Rechtliche Warnung - findCarGPS.com<\/title>\n<meta name=\"robots\" content=\"index, follow, max-snippet:-1, max-image-preview:large, max-video-preview:-1\" \/>\n<link rel=\"canonical\" href=\"https:\/\/findcargps.com\/de\/rechtliche-warnung\/\" \/>\n<meta property=\"og:locale\" content=\"de_DE\" \/>\n<meta property=\"og:type\" content=\"article\" \/>\n<meta property=\"og:title\" content=\"Rechtliche Warnung - findCarGPS.com\" \/>\n<meta property=\"og:description\" content=\"Rechtliche Warnung 1. Nutzungsbedingungen. Die oben genannten Bedingungen gelten f\u00fcr alle Transaktionen, die auf findcargpps.com, im Folgenden findCar genannt, get\u00e4tigt werden. findCar bietet seinen Kunden mit dieser Website einen Service. Bitte lesen Sie die Verkaufsbedingungen f\u00fcr unsere Website. Die Nutzung von findCar durch den Kunden stellt eine Vereinbarung mit den folgenden Allgemeinen Gesch\u00e4ftsbedingungen und Verkaufsbedingungen [&hellip;]\" \/>\n<meta property=\"og:url\" content=\"https:\/\/findcargps.com\/de\/rechtliche-warnung\/\" \/>\n<meta property=\"og:site_name\" content=\"findCarGPS.com\" \/>\n<meta property=\"article:modified_time\" content=\"2024-08-15T07:59:25+00:00\" \/>\n<meta name=\"twitter:card\" content=\"summary_large_image\" \/>\n<meta name=\"twitter:label1\" content=\"Gesch\u00e4tzte Lesezeit\" \/>\n\t<meta name=\"twitter:data1\" content=\"4\u00a0Minuten\" \/>\n<script type=\"application\/ld+json\" class=\"yoast-schema-graph\">{\"@context\":\"https:\\\/\\\/schema.org\",\"@graph\":[{\"@type\":\"WebPage\",\"@id\":\"https:\\\/\\\/findcargps.com\\\/de\\\/rechtliche-warnung\\\/\",\"url\":\"https:\\\/\\\/findcargps.com\\\/de\\\/rechtliche-warnung\\\/\",\"name\":\"Rechtliche Warnung - findCarGPS.com\",\"isPartOf\":{\"@id\":\"https:\\\/\\\/findcargps.com\\\/de\\\/#website\"},\"datePublished\":\"2020-12-09T18:48:56+00:00\",\"dateModified\":\"2024-08-15T07:59:25+00:00\",\"breadcrumb\":{\"@id\":\"https:\\\/\\\/findcargps.com\\\/de\\\/rechtliche-warnung\\\/#breadcrumb\"},\"inLanguage\":\"de\",\"potentialAction\":[{\"@type\":\"ReadAction\",\"target\":[\"https:\\\/\\\/findcargps.com\\\/de\\\/rechtliche-warnung\\\/\"]}]},{\"@type\":\"BreadcrumbList\",\"@id\":\"https:\\\/\\\/findcargps.com\\\/de\\\/rechtliche-warnung\\\/#breadcrumb\",\"itemListElement\":[{\"@type\":\"ListItem\",\"position\":1,\"name\":\"Portada\",\"item\":\"https:\\\/\\\/findcargps.com\\\/de\\\/\"},{\"@type\":\"ListItem\",\"position\":2,\"name\":\"Rechtliche Warnung\"}]},{\"@type\":\"WebSite\",\"@id\":\"https:\\\/\\\/findcargps.com\\\/de\\\/#website\",\"url\":\"https:\\\/\\\/findcargps.com\\\/de\\\/\",\"name\":\"findCarGPS.com\",\"description\":\"Localizadores GPS para coches\",\"publisher\":{\"@id\":\"https:\\\/\\\/findcargps.com\\\/de\\\/#organization\"},\"potentialAction\":[{\"@type\":\"SearchAction\",\"target\":{\"@type\":\"EntryPoint\",\"urlTemplate\":\"https:\\\/\\\/findcargps.com\\\/de\\\/?s={search_term_string}\"},\"query-input\":{\"@type\":\"PropertyValueSpecification\",\"valueRequired\":true,\"valueName\":\"search_term_string\"}}],\"inLanguage\":\"de\"},{\"@type\":\"Organization\",\"@id\":\"https:\\\/\\\/findcargps.com\\\/de\\\/#organization\",\"name\":\"findCarGPS\",\"url\":\"https:\\\/\\\/findcargps.com\\\/de\\\/\",\"logo\":{\"@type\":\"ImageObject\",\"inLanguage\":\"de\",\"@id\":\"https:\\\/\\\/findcargps.com\\\/de\\\/#\\\/schema\\\/logo\\\/image\\\/\",\"url\":\"https:\\\/\\\/findcargps.com\\\/wp-content\\\/uploads\\\/sites\\\/4\\\/2020\\\/12\\\/2.png\",\"contentUrl\":\"https:\\\/\\\/findcargps.com\\\/wp-content\\\/uploads\\\/sites\\\/4\\\/2020\\\/12\\\/2.png\",\"width\":2000,\"height\":1995,\"caption\":\"findCarGPS\"},\"image\":{\"@id\":\"https:\\\/\\\/findcargps.com\\\/de\\\/#\\\/schema\\\/logo\\\/image\\\/\"}}]}<\/script>\n<!-- \/ Yoast SEO plugin. -->","yoast_head_json":{"title":"Rechtliche Warnung - findCarGPS.com","robots":{"index":"index","follow":"follow","max-snippet":"max-snippet:-1","max-image-preview":"max-image-preview:large","max-video-preview":"max-video-preview:-1"},"canonical":"https:\/\/findcargps.com\/de\/rechtliche-warnung\/","og_locale":"de_DE","og_type":"article","og_title":"Rechtliche Warnung - findCarGPS.com","og_description":"Rechtliche Warnung 1. Nutzungsbedingungen. Die oben genannten Bedingungen gelten f\u00fcr alle Transaktionen, die auf findcargpps.com, im Folgenden findCar genannt, get\u00e4tigt werden. findCar bietet seinen Kunden mit dieser Website einen Service. Bitte lesen Sie die Verkaufsbedingungen f\u00fcr unsere Website. Die Nutzung von findCar durch den Kunden stellt eine Vereinbarung mit den folgenden Allgemeinen Gesch\u00e4ftsbedingungen und Verkaufsbedingungen [&hellip;]","og_url":"https:\/\/findcargps.com\/de\/rechtliche-warnung\/","og_site_name":"findCarGPS.com","article_modified_time":"2024-08-15T07:59:25+00:00","twitter_card":"summary_large_image","twitter_misc":{"Gesch\u00e4tzte Lesezeit":"4\u00a0Minuten"},"schema":{"@context":"https:\/\/schema.org","@graph":[{"@type":"WebPage","@id":"https:\/\/findcargps.com\/de\/rechtliche-warnung\/","url":"https:\/\/findcargps.com\/de\/rechtliche-warnung\/","name":"Rechtliche Warnung - findCarGPS.com","isPartOf":{"@id":"https:\/\/findcargps.com\/de\/#website"},"datePublished":"2020-12-09T18:48:56+00:00","dateModified":"2024-08-15T07:59:25+00:00","breadcrumb":{"@id":"https:\/\/findcargps.com\/de\/rechtliche-warnung\/#breadcrumb"},"inLanguage":"de","potentialAction":[{"@type":"ReadAction","target":["https:\/\/findcargps.com\/de\/rechtliche-warnung\/"]}]},{"@type":"BreadcrumbList","@id":"https:\/\/findcargps.com\/de\/rechtliche-warnung\/#breadcrumb","itemListElement":[{"@type":"ListItem","position":1,"name":"Portada","item":"https:\/\/findcargps.com\/de\/"},{"@type":"ListItem","position":2,"name":"Rechtliche Warnung"}]},{"@type":"WebSite","@id":"https:\/\/findcargps.com\/de\/#website","url":"https:\/\/findcargps.com\/de\/","name":"findCarGPS.com","description":"Localizadores GPS para coches","publisher":{"@id":"https:\/\/findcargps.com\/de\/#organization"},"potentialAction":[{"@type":"SearchAction","target":{"@type":"EntryPoint","urlTemplate":"https:\/\/findcargps.com\/de\/?s={search_term_string}"},"query-input":{"@type":"PropertyValueSpecification","valueRequired":true,"valueName":"search_term_string"}}],"inLanguage":"de"},{"@type":"Organization","@id":"https:\/\/findcargps.com\/de\/#organization","name":"findCarGPS","url":"https:\/\/findcargps.com\/de\/","logo":{"@type":"ImageObject","inLanguage":"de","@id":"https:\/\/findcargps.com\/de\/#\/schema\/logo\/image\/","url":"https:\/\/findcargps.com\/wp-content\/uploads\/sites\/4\/2020\/12\/2.png","contentUrl":"https:\/\/findcargps.com\/wp-content\/uploads\/sites\/4\/2020\/12\/2.png","width":2000,"height":1995,"caption":"findCarGPS"},"image":{"@id":"https:\/\/findcargps.com\/de\/#\/schema\/logo\/image\/"}}]}},"_links":{"self":[{"href":"https:\/\/findcargps.com\/de\/wp-json\/wp\/v2\/pages\/4330","targetHints":{"allow":["GET"]}}],"collection":[{"href":"https:\/\/findcargps.com\/de\/wp-json\/wp\/v2\/pages"}],"about":[{"href":"https:\/\/findcargps.com\/de\/wp-json\/wp\/v2\/types\/page"}],"author":[{"embeddable":true,"href":"https:\/\/findcargps.com\/de\/wp-json\/wp\/v2\/users\/1"}],"replies":[{"embeddable":true,"href":"https:\/\/findcargps.com\/de\/wp-json\/wp\/v2\/comments?post=4330"}],"version-history":[{"count":9,"href":"https:\/\/findcargps.com\/de\/wp-json\/wp\/v2\/pages\/4330\/revisions"}],"predecessor-version":[{"id":54991,"href":"https:\/\/findcargps.com\/de\/wp-json\/wp\/v2\/pages\/4330\/revisions\/54991"}],"wp:attachment":[{"href":"https:\/\/findcargps.com\/de\/wp-json\/wp\/v2\/media?parent=4330"}],"curies":[{"name":"wp","href":"https:\/\/api.w.org\/{rel}","templated":true}]}}