{"id":14717,"date":"2023-03-21T18:16:13","date_gmt":"2023-03-21T17:16:13","guid":{"rendered":"https:\/\/findcargps.com\/promo-3-monate-kostenlos-gebrauchsanweisung\/"},"modified":"2024-03-01T19:02:02","modified_gmt":"2024-03-01T18:02:02","slug":"promo-3-monate-kostenlos-gebrauchsanweisung","status":"publish","type":"page","link":"https:\/\/findcargps.com\/de\/promo-3-monate-kostenlos-gebrauchsanweisung\/","title":{"rendered":"Promo 3 Monate kostenlos &#8211; Gebrauchsanweisung"},"content":{"rendered":"<h2>F\u00f6rderhinweise 3 Monate kostenlos<\/h2>\n<p>Sie m\u00fcssen folgende Schritte ausf\u00fchren, um das Ger\u00e4t mit 3 kostenlosen Monaten einzurichten:<\/p>\n<h4>1- Registrieren Sie sich auf <a href=\"https:\/\/findcargps.com\/carrito\/?add-to-cart=11&amp;variation_id=13&amp;attribute_pa_periodo=trimestral&amp;coupon_code=promo3dwh\" target=\"_blank\" rel=\"noopener\">dieser Seite<\/a><\/h4>\n<p>Wir m\u00fcssen von Ihnen h\u00f6ren:  <\/p>\n<ul>\n<li>Ihre E-Mail-Adresse, Ihr Passwort, Ihren Vor- und Nachnamen und Ihr Land<\/li>\n<li>ID oder IMEI Ihres findCar GPS-Ger\u00e4ts, die Sie normalerweise auf einem Etikett auf der R\u00fcckseite des Ger\u00e4ts finden. Auf diese Weise stellen wir sicher, dass Ihr Ger\u00e4t aktiviert wird und nicht ein anderes.<\/li>\n<\/ul>\n<p>Sie m\u00fcssen die Bedingungen der Website akzeptieren und auf die Schaltfl\u00e4che &#8222;ABONNIEREN&#8220; klicken, damit Sie den GPS-Service 3 Monate lang kostenlos nutzen k\u00f6nnen. <\/p>\n<p>Sie werden bei keiner Zahlungsart nach Ihren Kartendaten gefragt. Wenn Sie den Dienst nach Ablauf der drei Monate verl\u00e4ngern m\u00f6chten, k\u00f6nnen Sie dies problemlos tun.<\/p>\n<h4>Laden Sie die <a href=\"https:\/\/findcargps.com\/download\/\" target=\"_blank\" rel=\"noopener\">&#8222;findCar&#8220;-App<\/a> unter <a href=\"https:\/\/findcargps.com\/download\/\" target=\"_blank\" rel=\"noopener\">diesem<\/a> Link herunter und installieren Sie sie auf Ihrem Android- oder iOS-Handy.<\/h4>\n<h4>3.- Zugang zur App<\/h4>\n<p>Klicken Sie in der App, nachdem Sie sich mit Ihrem Benutzernamen und Passwort angemeldet haben, beim ersten Mal auf &#8222;Ger\u00e4t hinzuf\u00fcgen&#8220;.<\/p>\n<p>Geben Sie die angeforderten Daten ein, wobei die ID erneut abgefragt wird. Die App kann den Barcode lesen, um Ihnen die Arbeit zu erleichtern.<\/p>\n<h5>4a &#8211; Nur batteriebetriebene BX-Ger\u00e4te<\/h5>\n<p>Schalten Sie das Ger\u00e4t mit dem Netzschalter oder durch Dr\u00fccken der Netztaste f\u00fcr 3 Sekunden (je nach Modell) ein, bis die blauen und orangefarbenen Lichter zu blinken beginnen.<\/p>\n<h5>4b &#8211; nur OBD-Ger\u00e4te<\/h5>\n<p>Stecken Sie das Ger\u00e4t in den OBD-Anschluss Ihres Fahrzeugs. Es ist normalerweise unter dem Lenkrad oder an einer der unten gezeigten Stellen versteckt. Wenn Sie ihn nicht finden k\u00f6nnen, sehen Sie im Handbuch Ihres Fahrzeugs nach oder suchen Sie die Position des . Sie k\u00f6nnen auf diese Website zugreifen f\u00fcr Alle Fahrzeuge ab dem Jahr 2000 haben das gleiche.<\/p>\n<p><a href=\"https:\/\/findcargps.com\/wp-content\/uploads\/sites\/4\/2022\/03\/Possible-locations-of-OBD2-port-300x169.png\"><img fetchpriority=\"high\" decoding=\"async\" src=\"https:\/\/findcargps.com\/wp-content\/uploads\/sites\/4\/2022\/03\/Possible-locations-of-OBD2-port-300x169.png\" alt=\"\" width=\"300\" height=\"169\"><\/a><\/p>\n<h5 style=\"font-family: var( --e-global-typography-f68401c-font-family ), Sans-serif; font-weight: var( --e-global-typography-f68401c-font-weight ); line-height: var( --e-global-typography-f68401c-line-height ); font-size: var( --e-global-typography-f68401c-font-size ); letter-spacing: var( --e-global-typography-f68401c-letter-spacing ); word-spacing: var( --e-global-typography-f68401c-word-spacing );\">4c. &#8211; Nur &#8222;Tracker&#8220;-Ger\u00e4te, die an die Fahrzeugbatterie angeschlossen sind<\/h5>\n<p>Installieren Sie das Ger\u00e4t in der N\u00e4he der Fahrzeugbatterie und folgen Sie dabei den detaillierten Anweisungen, die dem GPS beiliegen. Verbinden Sie die Stecker mit den Plus- und Minuspolen entsprechend der vorgesehenen Farbgebung,  <\/p>\n<h4>5. viel Spa\u00df mit Ihrem GPS!  <\/h4>\n<p>Die Aktivierung des Ger\u00e4ts in den Mobilfunknetzen Ihres Landes dauert in der Regel nicht l\u00e4nger als 20-30 Minuten, kann aber in manchen F\u00e4llen, je nach Mobilfunknetz und Land, bis zu 2 Stunden dauern. Mach dir keine Sorgen. Um den Vorgang zu beschleunigen, ist es zweckm\u00e4\u00dfig, dass sich das Fahrzeug au\u00dferhalb eines Geb\u00e4udes befindet. Bis zum Erhalt des ersten Standorts wird in der App \u201eWarten auf GPS-Signal\u201c angezeigt.<\/p>\n<\/p>\n<p>Eine vollst\u00e4ndige Anleitung zur Verwendung des GPS-Ger\u00e4ts finden Sie <a href=\"https:\/\/findcargps.com\/instrucciones\/\">hier<\/a><\/p>\n<\/p>\n<p>\t\t\t\t\t\t\t\t\t\t\t\t\t<img decoding=\"async\" width=\"800\" height=\"664\" src=\"https:\/\/findcargps.com\/wp-content\/uploads\/sites\/4\/2022\/08\/Asset-1-1.png\" alt=\"\" srcset=\"https:\/\/findcargps.com\/wp-content\/uploads\/sites\/4\/2022\/08\/Asset-1-1.png 940w, https:\/\/findcargps.com\/wp-content\/uploads\/sites\/4\/2022\/08\/Asset-1-1-300x249.png 300w, https:\/\/findcargps.com\/wp-content\/uploads\/sites\/4\/2022\/08\/Asset-1-1-768x637.png 768w, https:\/\/findcargps.com\/wp-content\/uploads\/sites\/4\/2022\/08\/Asset-1-1-160x133.png 160w, https:\/\/findcargps.com\/wp-content\/uploads\/sites\/4\/2022\/08\/Asset-1-1-220x183.png 220w, https:\/\/findcargps.com\/wp-content\/uploads\/sites\/4\/2022\/08\/Asset-1-1-640x531.png 640w, https:\/\/findcargps.com\/wp-content\/uploads\/sites\/4\/2022\/08\/Asset-1-1-600x498.png 600w\" sizes=\"(max-width: 800px) 100vw, 800px\"><br \/>\n\t\t\t\t\t\t\t\t\t\t\t\t\t<img decoding=\"async\" width=\"257\" height=\"313\" src=\"https:\/\/findcargps.com\/wp-content\/uploads\/sites\/4\/2022\/08\/Asset-2-1-1.png\" alt=\"\" srcset=\"https:\/\/findcargps.com\/wp-content\/uploads\/sites\/4\/2022\/08\/Asset-2-1-1.png 257w, https:\/\/findcargps.com\/wp-content\/uploads\/sites\/4\/2022\/08\/Asset-2-1-1-246x300.png 246w, https:\/\/findcargps.com\/wp-content\/uploads\/sites\/4\/2022\/08\/Asset-2-1-1-160x195.png 160w, https:\/\/findcargps.com\/wp-content\/uploads\/sites\/4\/2022\/08\/Asset-2-1-1-220x268.png 220w\" sizes=\"(max-width: 257px) 100vw, 257px\"><\/p>\n","protected":false},"excerpt":{"rendered":"<p>F\u00f6rderhinweise 3 Monate kostenlos Sie m\u00fcssen folgende Schritte ausf\u00fchren, um das Ger\u00e4t mit 3 kostenlosen Monaten einzurichten: 1- Registrieren Sie sich auf dieser Seite Wir m\u00fcssen von Ihnen h\u00f6ren: Ihre E-Mail-Adresse, Ihr Passwort, Ihren Vor- und Nachnamen und Ihr Land ID oder IMEI Ihres findCar GPS-Ger\u00e4ts, die Sie normalerweise auf einem Etikett auf der R\u00fcckseite [&hellip;]<\/p>\n","protected":false},"author":1,"featured_media":0,"parent":0,"menu_order":0,"comment_status":"closed","ping_status":"closed","template":"elementor_header_footer","meta":{"footnotes":"","_elementor_edit_mode":"","_elementor_template_type":"wp-page","_elementor_data":"[{\"id\":\"55e1d9f7\",\"elType\":\"section\",\"settings\":[],\"elements\":[{\"id\":\"71f873bf\",\"elType\":\"column\",\"settings\":{\"_column_size\":100},\"elements\":[{\"id\":\"d0b4fc9\",\"elType\":\"widget\",\"settings\":{\"editor\":\"<h2>F\\u00f6rderhinweise 3 Monate kostenlos<\\\/h2>\\n<p>Sie m\\u00fcssen folgende Schritte ausf\\u00fchren, um das Ger\\u00e4t mit 3 kostenlosen Monaten einzurichten:<\\\/p>\\n<h4>1- Registrieren Sie sich auf <a href=\\\"https:\\\/\\\/findcargps.com\\\/de\\\/wagen\\\/?add-to-cart=11&variation_id=13&attribute_pa_periodo=trimestral&coupon_code=promo3dwh\\\" target=\\\"_blank\\\" rel=\\\"noopener\\\">dieser Seite<\\\/a><\\\/h4>\\n<p>Wir m\\u00fcssen von Ihnen h\\u00f6ren:  <\\\/p>\\n<ul>\\n<li>Ihre E-Mail-Adresse, Ihr Passwort, Ihren Vor- und Nachnamen und Ihr Land<\\\/li>\\n<li>ID oder IMEI Ihres findCar GPS-Ger\\u00e4ts,  <span style=\\\"color: var( --e-global-color-text ); font-family: var( --e-global-typography-text-font-family ), Sans-serif; font-size: var( --e-global-typography-text-font-size ); font-weight: var( --e-global-typography-text-font-weight );\\\">die sich normalerweise auf einem Etikett auf der R\\u00fcckseite des Ger\\u00e4ts befindet. Auf diese Weise stellen wir sicher, dass Ihr Ger\\u00e4t aktiviert wird und nicht ein anderes.<\\\/span><\\\/li>\\n<\\\/ul>\\n<p>Sie m\\u00fcssen die Bedingungen der Website akzeptieren und auf die Schaltfl\\u00e4che \\\"ABONNIEREN\\\" klicken, <span style=\\\"color: var( --e-global-color-text ); font-family: var( --e-global-typography-text-font-family ), Sans-serif; font-size: var( --e-global-typography-text-font-size ); font-weight: var( --e-global-typography-text-font-weight );\\\"> damit Sie den GPS-Service 3 Monate lang kostenlos <\\\/span> nutzen k\\u00f6nnen.  <\\\/p>\\n<p><span style=\\\"color: var( --e-global-color-text ); font-family: var( --e-global-typography-text-font-family ), Sans-serif; font-size: var( --e-global-typography-text-font-size ); font-weight: var( --e-global-typography-text-font-weight );\\\">Sie werden bei keiner Zahlungsart nach Ihren Kartendaten gefragt. Wenn Sie den Dienst nach Ablauf der drei Monate verl\\u00e4ngern m\\u00f6chten, k\\u00f6nnen Sie dies problemlos tun.<\\\/span><\\\/p>\\n<h4>Laden Sie die <a href=\\\"https:\\\/\\\/findcargps.com\\\/download\\\/\\\" target=\\\"_blank\\\" rel=\\\"noopener\\\">\\\"findCar\\\"-App<\\\/a> unter <a href=\\\"https:\\\/\\\/findcargps.com\\\/download\\\/\\\" target=\\\"_blank\\\" rel=\\\"noopener\\\">diesem<\\\/a> Link herunter und installieren Sie sie auf Ihrem Android- oder iOS-Handy.<\\\/h4>\\n<h4>3.- Zugang zur App<\\\/h4>\\n<p>Klicken Sie in der App, nachdem Sie sich mit Ihrem Benutzernamen und Passwort angemeldet haben, beim ersten Mal auf \\\"Ger\\u00e4t hinzuf\\u00fcgen\\\".<\\\/p>\\n<p>Geben Sie die angeforderten Daten ein, wobei die ID erneut abgefragt wird. Die App kann den Barcode lesen, um Ihnen die Arbeit zu erleichtern.<\\\/p>\\n<h5>4a - Nur batteriebetriebene BX-Ger\\u00e4te<\\\/h5>\\n<p>Schalten Sie das Ger\\u00e4t mit dem Netzschalter oder durch Dr\\u00fccken der Netztaste f\\u00fcr 3 Sekunden (je nach Modell) ein, bis die blauen und orangefarbenen Lichter zu blinken beginnen.<\\\/p>\\n<div>\\n<h5>4b - nur OBD-Ger\\u00e4te<\\\/h5>\\n<p>Stecken Sie das Ger\\u00e4t in den OBD-Anschluss Ihres Fahrzeugs. Es ist normalerweise unter dem Lenkrad oder an einer der unten gezeigten Stellen versteckt. Wenn Sie ihn nicht finden k\\u00f6nnen, sehen Sie im Handbuch Ihres Fahrzeugs nach oder suchen Sie die Position des . Sie k\\u00f6nnen auf diese Website zugreifen f\\u00fcr Alle Fahrzeuge ab dem Jahr 2000 haben das gleiche.<\\\/p>\\n<\\\/div>\\n<p><a href=\\\"https:\\\/\\\/findcargps.com\\\/wp-content\\\/uploads\\\/sites\\\/4\\\/2022\\\/03\\\/Possible-locations-of-OBD2-port.png\\\"><img src=\\\"https:\\\/\\\/findcargps.com\\\/wp-content\\\/uploads\\\/sites\\\/4\\\/2022\\\/03\\\/Possible-locations-of-OBD2-port-300x169.png\\\" alt=\\\"\\\" width=\\\"300\\\" height=\\\"169\\\"><\\\/a><\\\/p>\\n<div>\\n<h5 style=\\\"font-family: var( --e-global-typography-f68401c-font-family ), Sans-serif; font-weight: var( --e-global-typography-f68401c-font-weight ); line-height: var( --e-global-typography-f68401c-line-height ); font-size: var( --e-global-typography-f68401c-font-size ); letter-spacing: var( --e-global-typography-f68401c-letter-spacing ); word-spacing: var( --e-global-typography-f68401c-word-spacing );\\\">4c. - Nur \\\"Tracker\\\"-Ger\\u00e4te, die an die Fahrzeugbatterie angeschlossen sind<\\\/h5>\\n<p>Installieren Sie das Ger\\u00e4t in der N\\u00e4he der Fahrzeugbatterie und folgen Sie dabei den detaillierten Anweisungen, die dem GPS beiliegen. Verbinden Sie die Stecker mit den Plus- und Minuspolen entsprechend der vorgesehenen Farbgebung,  <\\\/p>\\n<\\\/div>\\n<h4>5. viel Spa\\u00df mit Ihrem GPS!  <\\\/h4>\\n<p><span style=\\\"color: var( --e-global-color-text ); font-family: var( --e-global-typography-text-font-family ), Sans-serif; font-size: var( --e-global-typography-text-font-size ); font-weight: var( --e-global-typography-text-font-weight );\\\">Die Aktivierung des Ger\\u00e4ts in den Mobilfunknetzen Ihres Landes dauert in der Regel nicht l\\u00e4nger als 20-30 Minuten, kann aber in manchen F\\u00e4llen, je nach Mobilfunknetz und Land, bis zu 2 Stunden dauern. Mach dir keine Sorgen.<\\\/span><span style=\\\"color: var( --e-global-color-text ); font-family: var( --e-global-typography-text-font-family ), Sans-serif; font-size: var( --e-global-typography-text-font-size ); font-weight: var( --e-global-typography-text-font-weight );\\\"> Um den Vorgang zu beschleunigen, ist es zweckm\\u00e4\\u00dfig, dass sich das Fahrzeug au\\u00dferhalb eines Geb\\u00e4udes befindet. Bis zum Erhalt des ersten Standorts wird in der App \\u201eWarten auf GPS-Signal\\u201c angezeigt.<\\\/span><\\\/p>\\n<p><span style=\\\"color: var( --e-global-color-text ); font-family: var( --e-global-typography-text-font-family ), Sans-serif; font-size: var( --e-global-typography-text-font-size ); font-weight: var( --e-global-typography-text-font-weight );\\\"> <\\\/span><\\\/p>\\n<p><span style=\\\"color: var( --e-global-color-text ); font-family: var( --e-global-typography-text-font-family ), Sans-serif; font-size: var( --e-global-typography-text-font-size ); font-weight: var( --e-global-typography-text-font-weight );\\\">Eine vollst\\u00e4ndige Anleitung zur Verwendung des GPS-Ger\\u00e4ts finden Sie <a href=\\\"https:\\\/\\\/findcargps.com\\\/de\\\/gebrauchsanweisung\\\/\\\">hier<\\\/a><\\\/span><\\\/p>\\n<p><span style=\\\"color: var( --e-global-color-text ); font-family: var( --e-global-typography-text-font-family ), Sans-serif; font-size: var( --e-global-typography-text-font-size ); font-weight: var( --e-global-typography-text-font-weight );\\\"> <\\\/span><\\\/p>\\n\"},\"elements\":[],\"widgetType\":\"text-editor\"}],\"isInner\":false}],\"isInner\":false},{\"id\":\"32500746\",\"elType\":\"section\",\"settings\":{\"margin\":{\"unit\":\"px\",\"top\":\"50\",\"right\":0,\"bottom\":\"-150\",\"left\":0,\"isLinked\":false},\"padding_tablet\":{\"unit\":\"px\",\"top\":\"0\",\"right\":\"30\",\"bottom\":\"0\",\"left\":\"30\",\"isLinked\":false},\"padding_mobile\":{\"unit\":\"px\",\"top\":\"0\",\"right\":\"20\",\"bottom\":\"0\",\"left\":\"20\",\"isLinked\":false},\"z_index\":5,\"animation\":\"fadeInUp\"},\"elements\":[{\"id\":\"64d5b37\",\"elType\":\"column\",\"settings\":{\"_column_size\":100,\"_inline_size\":null,\"background_background\":\"classic\",\"border_border\":\"solid\",\"border_width\":{\"unit\":\"px\",\"top\":\"0\",\"right\":\"0\",\"bottom\":\"0\",\"left\":\"0\",\"isLinked\":false},\"border_radius\":{\"unit\":\"px\",\"top\":\"30\",\"right\":\"0\",\"bottom\":\"30\",\"left\":\"0\",\"isLinked\":false},\"padding\":{\"unit\":\"px\",\"top\":\"50\",\"right\":\"50\",\"bottom\":\"50\",\"left\":\"50\",\"isLinked\":true},\"padding_mobile\":{\"unit\":\"px\",\"top\":\"50\",\"right\":\"30\",\"bottom\":\"50\",\"left\":\"30\",\"isLinked\":false},\"__globals__\":{\"background_color\":\"\"},\"background_color\":\"#34343400\"},\"elements\":[{\"id\":\"257f5820\",\"elType\":\"widget\",\"settings\":{\"image\":{\"id\":6612,\"url\":\"https:\\\/\\\/findcargps.com\\\/wp-content\\\/uploads\\\/sites\\\/4\\\/2022\\\/08\\\/Asset-1-1.png\"},\"align\":\"left\",\"width\":{\"unit\":\"%\",\"size\":17,\"sizes\":[]},\"width_tablet\":{\"unit\":\"%\",\"size\":20,\"sizes\":[]},\"width_mobile\":{\"unit\":\"%\",\"size\":37,\"sizes\":[]},\"_animation\":\"fadeIn\",\"_animation_delay\":400,\"_position\":\"absolute\",\"_offset_x\":{\"size\":-0.648,\"unit\":\"%\"},\"_offset_x_tablet\":{\"unit\":\"%\",\"size\":-4,\"sizes\":[]},\"_offset_x_mobile\":{\"unit\":\"%\",\"size\":-6,\"sizes\":[]},\"_offset_y\":{\"size\":-90,\"unit\":\"px\"},\"_offset_y_tablet\":{\"unit\":\"%\",\"size\":-15,\"sizes\":[]},\"_offset_y_mobile\":{\"unit\":\"%\",\"size\":\"\",\"sizes\":[]},\"image_border_radius\":{\"unit\":\"px\",\"top\":\"0\",\"right\":\"0\",\"bottom\":\"0\",\"left\":\"0\",\"isLinked\":false},\"caption\":\"\"},\"elements\":[],\"widgetType\":\"image\"},{\"id\":\"c24198e\",\"elType\":\"widget\",\"settings\":{\"image\":{\"id\":6619,\"url\":\"https:\\\/\\\/findcargps.com\\\/wp-content\\\/uploads\\\/sites\\\/4\\\/2022\\\/08\\\/Asset-2-1-1.png\"},\"align\":\"right\",\"width\":{\"unit\":\"%\",\"size\":7,\"sizes\":[]},\"width_tablet\":{\"unit\":\"%\",\"size\":9,\"sizes\":[]},\"width_mobile\":{\"unit\":\"%\",\"size\":18,\"sizes\":[]},\"_animation\":\"fadeIn\",\"_animation_delay\":600,\"_position\":\"absolute\",\"_offset_x\":{\"size\":2.462,\"unit\":\"%\"},\"_offset_x_tablet\":{\"unit\":\"%\",\"size\":3,\"sizes\":[]},\"_offset_x_mobile\":{\"unit\":\"%\",\"size\":4,\"sizes\":[]},\"_offset_y\":{\"size\":-7.502,\"unit\":\"%\"},\"_offset_y_tablet\":{\"unit\":\"%\",\"size\":80,\"sizes\":[]},\"_offset_y_mobile\":{\"unit\":\"%\",\"size\":86,\"sizes\":[]},\"image_border_radius\":{\"unit\":\"px\",\"top\":\"0\",\"right\":\"0\",\"bottom\":\"0\",\"left\":\"0\",\"isLinked\":false},\"caption\":\"\"},\"elements\":[],\"widgetType\":\"image\"}],\"isInner\":false}],\"isInner\":false}]","_elementor_page_settings":null,"_elementor_conditions":[]},"class_list":["post-14717","page","type-page","status-publish","hentry"],"yoast_head":"<!-- This site is optimized with the Yoast SEO plugin v27.1.1 - https:\/\/yoast.com\/product\/yoast-seo-wordpress\/ -->\n<title>Promo 3 Monate kostenlos - Gebrauchsanweisung - findCarGPS.com<\/title>\n<meta name=\"robots\" content=\"noindex, follow\" \/>\n<meta property=\"og:locale\" content=\"de_DE\" \/>\n<meta property=\"og:type\" content=\"article\" \/>\n<meta property=\"og:title\" content=\"Promo 3 Monate kostenlos - Gebrauchsanweisung - findCarGPS.com\" \/>\n<meta property=\"og:description\" content=\"F\u00f6rderhinweise 3 Monate kostenlos Sie m\u00fcssen folgende Schritte ausf\u00fchren, um das Ger\u00e4t mit 3 kostenlosen Monaten einzurichten: 1- Registrieren Sie sich auf dieser Seite Wir m\u00fcssen von Ihnen h\u00f6ren: Ihre E-Mail-Adresse, Ihr Passwort, Ihren Vor- und Nachnamen und Ihr Land ID oder IMEI Ihres findCar GPS-Ger\u00e4ts, die Sie normalerweise auf einem Etikett auf der R\u00fcckseite [&hellip;]\" \/>\n<meta property=\"og:url\" content=\"https:\/\/findcargps.com\/de\/promo-3-monate-kostenlos-gebrauchsanweisung\/\" \/>\n<meta property=\"og:site_name\" content=\"findCarGPS.com\" \/>\n<meta property=\"article:modified_time\" content=\"2024-03-01T18:02:02+00:00\" \/>\n<meta property=\"og:image\" content=\"https:\/\/findcargps.com\/wp-content\/uploads\/sites\/4\/2022\/03\/Possible-locations-of-OBD2-port-300x169.png\" \/>\n<meta name=\"twitter:card\" content=\"summary_large_image\" \/>\n<meta name=\"twitter:label1\" content=\"Gesch\u00e4tzte Lesezeit\" \/>\n\t<meta name=\"twitter:data1\" content=\"3\u00a0Minuten\" \/>\n<script type=\"application\/ld+json\" class=\"yoast-schema-graph\">{\"@context\":\"https:\/\/schema.org\",\"@graph\":[{\"@type\":\"WebPage\",\"@id\":\"https:\/\/findcargps.com\/de\/promo-3-monate-kostenlos-gebrauchsanweisung\/\",\"url\":\"https:\/\/findcargps.com\/de\/promo-3-monate-kostenlos-gebrauchsanweisung\/\",\"name\":\"Promo 3 Monate kostenlos - Gebrauchsanweisung - findCarGPS.com\",\"isPartOf\":{\"@id\":\"https:\/\/findcargps.com\/de\/#website\"},\"primaryImageOfPage\":{\"@id\":\"https:\/\/findcargps.com\/de\/promo-3-monate-kostenlos-gebrauchsanweisung\/#primaryimage\"},\"image\":{\"@id\":\"https:\/\/findcargps.com\/de\/promo-3-monate-kostenlos-gebrauchsanweisung\/#primaryimage\"},\"thumbnailUrl\":\"https:\/\/findcargps.com\/wp-content\/uploads\/sites\/4\/2022\/03\/Possible-locations-of-OBD2-port-300x169.png\",\"datePublished\":\"2023-03-21T17:16:13+00:00\",\"dateModified\":\"2024-03-01T18:02:02+00:00\",\"breadcrumb\":{\"@id\":\"https:\/\/findcargps.com\/de\/promo-3-monate-kostenlos-gebrauchsanweisung\/#breadcrumb\"},\"inLanguage\":\"de\",\"potentialAction\":[{\"@type\":\"ReadAction\",\"target\":[\"https:\/\/findcargps.com\/de\/promo-3-monate-kostenlos-gebrauchsanweisung\/\"]}]},{\"@type\":\"ImageObject\",\"inLanguage\":\"de\",\"@id\":\"https:\/\/findcargps.com\/de\/promo-3-monate-kostenlos-gebrauchsanweisung\/#primaryimage\",\"url\":\"https:\/\/findcargps.com\/wp-content\/uploads\/sites\/4\/2022\/03\/Possible-locations-of-OBD2-port-300x169.png\",\"contentUrl\":\"https:\/\/findcargps.com\/wp-content\/uploads\/sites\/4\/2022\/03\/Possible-locations-of-OBD2-port-300x169.png\"},{\"@type\":\"BreadcrumbList\",\"@id\":\"https:\/\/findcargps.com\/de\/promo-3-monate-kostenlos-gebrauchsanweisung\/#breadcrumb\",\"itemListElement\":[{\"@type\":\"ListItem\",\"position\":1,\"name\":\"Portada\",\"item\":\"https:\/\/findcargps.com\/de\/\"},{\"@type\":\"ListItem\",\"position\":2,\"name\":\"Promo 3 Monate kostenlos &#8211; Gebrauchsanweisung\"}]},{\"@type\":\"WebSite\",\"@id\":\"https:\/\/findcargps.com\/de\/#website\",\"url\":\"https:\/\/findcargps.com\/de\/\",\"name\":\"findCarGPS.com\",\"description\":\"Localizadores GPS para coches\",\"publisher\":{\"@id\":\"https:\/\/findcargps.com\/de\/#organization\"},\"potentialAction\":[{\"@type\":\"SearchAction\",\"target\":{\"@type\":\"EntryPoint\",\"urlTemplate\":\"https:\/\/findcargps.com\/de\/?s={search_term_string}\"},\"query-input\":{\"@type\":\"PropertyValueSpecification\",\"valueRequired\":true,\"valueName\":\"search_term_string\"}}],\"inLanguage\":\"de\"},{\"@type\":\"Organization\",\"@id\":\"https:\/\/findcargps.com\/de\/#organization\",\"name\":\"findCarGPS\",\"url\":\"https:\/\/findcargps.com\/de\/\",\"logo\":{\"@type\":\"ImageObject\",\"inLanguage\":\"de\",\"@id\":\"https:\/\/findcargps.com\/de\/#\/schema\/logo\/image\/\",\"url\":\"https:\/\/findcargps.com\/wp-content\/uploads\/sites\/4\/2020\/12\/2.png\",\"contentUrl\":\"https:\/\/findcargps.com\/wp-content\/uploads\/sites\/4\/2020\/12\/2.png\",\"width\":2000,\"height\":1995,\"caption\":\"findCarGPS\"},\"image\":{\"@id\":\"https:\/\/findcargps.com\/de\/#\/schema\/logo\/image\/\"}}]}<\/script>\n<!-- \/ Yoast SEO plugin. -->","yoast_head_json":{"title":"Promo 3 Monate kostenlos - Gebrauchsanweisung - findCarGPS.com","robots":{"index":"noindex","follow":"follow"},"og_locale":"de_DE","og_type":"article","og_title":"Promo 3 Monate kostenlos - Gebrauchsanweisung - findCarGPS.com","og_description":"F\u00f6rderhinweise 3 Monate kostenlos Sie m\u00fcssen folgende Schritte ausf\u00fchren, um das Ger\u00e4t mit 3 kostenlosen Monaten einzurichten: 1- Registrieren Sie sich auf dieser Seite Wir m\u00fcssen von Ihnen h\u00f6ren: Ihre E-Mail-Adresse, Ihr Passwort, Ihren Vor- und Nachnamen und Ihr Land ID oder IMEI Ihres findCar GPS-Ger\u00e4ts, die Sie normalerweise auf einem Etikett auf der R\u00fcckseite [&hellip;]","og_url":"https:\/\/findcargps.com\/de\/promo-3-monate-kostenlos-gebrauchsanweisung\/","og_site_name":"findCarGPS.com","article_modified_time":"2024-03-01T18:02:02+00:00","og_image":[{"url":"https:\/\/findcargps.com\/wp-content\/uploads\/sites\/4\/2022\/03\/Possible-locations-of-OBD2-port-300x169.png","type":"","width":"","height":""}],"twitter_card":"summary_large_image","twitter_misc":{"Gesch\u00e4tzte Lesezeit":"3\u00a0Minuten"},"schema":{"@context":"https:\/\/schema.org","@graph":[{"@type":"WebPage","@id":"https:\/\/findcargps.com\/de\/promo-3-monate-kostenlos-gebrauchsanweisung\/","url":"https:\/\/findcargps.com\/de\/promo-3-monate-kostenlos-gebrauchsanweisung\/","name":"Promo 3 Monate kostenlos - Gebrauchsanweisung - findCarGPS.com","isPartOf":{"@id":"https:\/\/findcargps.com\/de\/#website"},"primaryImageOfPage":{"@id":"https:\/\/findcargps.com\/de\/promo-3-monate-kostenlos-gebrauchsanweisung\/#primaryimage"},"image":{"@id":"https:\/\/findcargps.com\/de\/promo-3-monate-kostenlos-gebrauchsanweisung\/#primaryimage"},"thumbnailUrl":"https:\/\/findcargps.com\/wp-content\/uploads\/sites\/4\/2022\/03\/Possible-locations-of-OBD2-port-300x169.png","datePublished":"2023-03-21T17:16:13+00:00","dateModified":"2024-03-01T18:02:02+00:00","breadcrumb":{"@id":"https:\/\/findcargps.com\/de\/promo-3-monate-kostenlos-gebrauchsanweisung\/#breadcrumb"},"inLanguage":"de","potentialAction":[{"@type":"ReadAction","target":["https:\/\/findcargps.com\/de\/promo-3-monate-kostenlos-gebrauchsanweisung\/"]}]},{"@type":"ImageObject","inLanguage":"de","@id":"https:\/\/findcargps.com\/de\/promo-3-monate-kostenlos-gebrauchsanweisung\/#primaryimage","url":"https:\/\/findcargps.com\/wp-content\/uploads\/sites\/4\/2022\/03\/Possible-locations-of-OBD2-port-300x169.png","contentUrl":"https:\/\/findcargps.com\/wp-content\/uploads\/sites\/4\/2022\/03\/Possible-locations-of-OBD2-port-300x169.png"},{"@type":"BreadcrumbList","@id":"https:\/\/findcargps.com\/de\/promo-3-monate-kostenlos-gebrauchsanweisung\/#breadcrumb","itemListElement":[{"@type":"ListItem","position":1,"name":"Portada","item":"https:\/\/findcargps.com\/de\/"},{"@type":"ListItem","position":2,"name":"Promo 3 Monate kostenlos &#8211; Gebrauchsanweisung"}]},{"@type":"WebSite","@id":"https:\/\/findcargps.com\/de\/#website","url":"https:\/\/findcargps.com\/de\/","name":"findCarGPS.com","description":"Localizadores GPS para coches","publisher":{"@id":"https:\/\/findcargps.com\/de\/#organization"},"potentialAction":[{"@type":"SearchAction","target":{"@type":"EntryPoint","urlTemplate":"https:\/\/findcargps.com\/de\/?s={search_term_string}"},"query-input":{"@type":"PropertyValueSpecification","valueRequired":true,"valueName":"search_term_string"}}],"inLanguage":"de"},{"@type":"Organization","@id":"https:\/\/findcargps.com\/de\/#organization","name":"findCarGPS","url":"https:\/\/findcargps.com\/de\/","logo":{"@type":"ImageObject","inLanguage":"de","@id":"https:\/\/findcargps.com\/de\/#\/schema\/logo\/image\/","url":"https:\/\/findcargps.com\/wp-content\/uploads\/sites\/4\/2020\/12\/2.png","contentUrl":"https:\/\/findcargps.com\/wp-content\/uploads\/sites\/4\/2020\/12\/2.png","width":2000,"height":1995,"caption":"findCarGPS"},"image":{"@id":"https:\/\/findcargps.com\/de\/#\/schema\/logo\/image\/"}}]}},"_links":{"self":[{"href":"https:\/\/findcargps.com\/de\/wp-json\/wp\/v2\/pages\/14717","targetHints":{"allow":["GET"]}}],"collection":[{"href":"https:\/\/findcargps.com\/de\/wp-json\/wp\/v2\/pages"}],"about":[{"href":"https:\/\/findcargps.com\/de\/wp-json\/wp\/v2\/types\/page"}],"author":[{"embeddable":true,"href":"https:\/\/findcargps.com\/de\/wp-json\/wp\/v2\/users\/1"}],"replies":[{"embeddable":true,"href":"https:\/\/findcargps.com\/de\/wp-json\/wp\/v2\/comments?post=14717"}],"version-history":[{"count":12,"href":"https:\/\/findcargps.com\/de\/wp-json\/wp\/v2\/pages\/14717\/revisions"}],"predecessor-version":[{"id":41035,"href":"https:\/\/findcargps.com\/de\/wp-json\/wp\/v2\/pages\/14717\/revisions\/41035"}],"wp:attachment":[{"href":"https:\/\/findcargps.com\/de\/wp-json\/wp\/v2\/media?parent=14717"}],"curies":[{"name":"wp","href":"https:\/\/api.w.org\/{rel}","templated":true}]}}